  {"id":78866,"date":"2024-08-29T20:30:32","date_gmt":"2024-08-29T20:30:32","guid":{"rendered":"https:\/\/oglethorpe.edu\/educacion-sobre-el-alcohol-y-otras-drogas\/"},"modified":"2024-09-13T02:06:01","modified_gmt":"2024-09-13T02:06:01","slug":"educacion-sobre-el-alcohol-y-otras-drogas","status":"publish","type":"page","link":"https:\/\/oglethorpe.edu\/es\/vida-estudiantil\/servicios-de-apoyo\/bienestar-estudiantil\/servicios-sanitarios\/educacion-sobre-el-alcohol-y-otras-drogas\/","title":{"rendered":"Educaci\u00f3n sobre el alcohol y otras drogas"},"content":{"rendered":"\t\t<div data-elementor-type=\"wp-page\" data-elementor-id=\"78866\" class=\"elementor elementor-78866 elementor-78395\" data-elementor-post-type=\"page\">\n\t\t\t\t\t\t<section data-particle_enable=\"false\" data-particle-mobile-disabled=\"false\" class=\"elementor-section elementor-top-section elementor-element elementor-element-3b7081b2 elementor-section-full_width elementor-section-height-default elementor-section-height-default\" data-id=\"3b7081b2\" data-element_type=\"section\" data-e-type=\"section\" data-settings=\"{&quot;background_background&quot;:&quot;classic&quot;}\">\n\t\t\t\t\t\t\t<div class=\"elementor-background-overlay\"><\/div>\n\t\t\t\t\t\t\t<div class=\"elementor-container elementor-column-gap-default\">\n\t\t\t\t\t<div class=\"elementor-column elementor-col-100 elementor-top-column elementor-element elementor-element-254b3ab5\" data-id=\"254b3ab5\" data-element_type=\"column\" data-e-type=\"column\">\n\t\t\t<div class=\"elementor-widget-wrap elementor-element-populated\">\n\t\t\t\t\t\t<section data-particle_enable=\"false\" data-particle-mobile-disabled=\"false\" class=\"elementor-section elementor-inner-section elementor-element elementor-element-156f6d5b elementor-section-boxed elementor-section-height-default elementor-section-height-default\" data-id=\"156f6d5b\" data-element_type=\"section\" data-e-type=\"section\" data-settings=\"{&quot;background_background&quot;:&quot;classic&quot;}\">\n\t\t\t\t\t\t<div class=\"elementor-container elementor-column-gap-default\">\n\t\t\t\t\t<div class=\"elementor-column elementor-col-100 elementor-inner-column elementor-element elementor-element-ee19af1\" data-id=\"ee19af1\" data-element_type=\"column\" data-e-type=\"column\">\n\t\t\t<div class=\"elementor-widget-wrap elementor-element-populated\">\n\t\t\t\t\t\t<div class=\"elementor-element elementor-element-1127edf6 banner_heading_new elementor-widget elementor-widget-heading\" data-id=\"1127edf6\" data-element_type=\"widget\" data-e-type=\"widget\" data-widget_type=\"heading.default\">\n\t\t\t\t<div class=\"elementor-widget-container\">\n\t\t\t\t\t<h1 class=\"elementor-heading-title elementor-size-default\">Educaci\u00f3n sobre el alcohol y otras drogas<\/h1>\t\t\t\t<\/div>\n\t\t\t\t<\/div>\n\t\t\t\t\t<\/div>\n\t\t<\/div>\n\t\t\t\t\t<\/div>\n\t\t<\/section>\n\t\t\t\t\t<\/div>\n\t\t<\/div>\n\t\t\t\t\t<\/div>\n\t\t<\/section>\n\t\t\t\t<section data-particle_enable=\"false\" data-particle-mobile-disabled=\"false\" class=\"elementor-section elementor-top-section elementor-element elementor-element-c04d82f elementor-section-boxed elementor-section-height-default elementor-section-height-default\" data-id=\"c04d82f\" data-element_type=\"section\" data-e-type=\"section\">\n\t\t\t\t\t\t<div class=\"elementor-container elementor-column-gap-default\">\n\t\t\t\t\t<div class=\"elementor-column elementor-col-100 elementor-top-column elementor-element elementor-element-815f9cf\" data-id=\"815f9cf\" data-element_type=\"column\" data-e-type=\"column\">\n\t\t\t<div class=\"elementor-widget-wrap elementor-element-populated\">\n\t\t\t\t\t\t<section data-particle_enable=\"false\" data-particle-mobile-disabled=\"false\" class=\"elementor-section elementor-inner-section elementor-element elementor-element-e792556 elementor-section-boxed elementor-section-height-default elementor-section-height-default\" data-id=\"e792556\" data-element_type=\"section\" data-e-type=\"section\">\n\t\t\t\t\t\t<div class=\"elementor-container elementor-column-gap-default\">\n\t\t\t\t\t<div class=\"elementor-column elementor-col-100 elementor-inner-column elementor-element elementor-element-181bfa2\" data-id=\"181bfa2\" data-element_type=\"column\" data-e-type=\"column\">\n\t\t\t<div class=\"elementor-widget-wrap elementor-element-populated\">\n\t\t\t\t\t\t<div class=\"elementor-element elementor-element-8d10646 elementor-widget__width-auto elementor-widget elementor-widget-shortcode\" data-id=\"8d10646\" data-element_type=\"widget\" data-e-type=\"widget\" data-widget_type=\"shortcode.default\">\n\t\t\t\t<div class=\"elementor-widget-container\">\n\t\t\t\t\t\t\t<div class=\"elementor-shortcode\"><nav aria-label=\"breadcrumbs\">\n            <div class=\"breadcrumb-container theme1\">\n                <ol>\n                                    <\/ol>\n            <\/div>\n        <\/nav>    <script type=\"application\/ld+json\">\n        {\n            \"@context\": \"http:\/\/schema.org\",\n            \"@type\": \"BreadcrumbList\",\n            \"itemListElement\": [\n                            ]\n        }\n    <\/script>\n   \n    <script>\n            <\/script>\n<\/div>\n\t\t\t\t\t\t<\/div>\n\t\t\t\t<\/div>\n\t\t\t\t\t<\/div>\n\t\t<\/div>\n\t\t\t\t\t<\/div>\n\t\t<\/section>\n\t\t\t\t\t<\/div>\n\t\t<\/div>\n\t\t\t\t\t<\/div>\n\t\t<\/section>\n\t\t\t\t<section data-particle_enable=\"false\" data-particle-mobile-disabled=\"false\" class=\"elementor-section elementor-top-section elementor-element elementor-element-e7fd455 elementor-section-boxed elementor-section-height-default elementor-section-height-default\" data-id=\"e7fd455\" data-element_type=\"section\" data-e-type=\"section\">\n\t\t\t\t\t\t<div class=\"elementor-container elementor-column-gap-default\">\n\t\t\t\t\t<div class=\"elementor-column elementor-col-100 elementor-top-column elementor-element elementor-element-c99b0cf\" data-id=\"c99b0cf\" data-element_type=\"column\" data-e-type=\"column\">\n\t\t\t<div class=\"elementor-widget-wrap elementor-element-populated\">\n\t\t\t\t\t\t<div class=\"elementor-element elementor-element-1abf0a6 elementor-widget elementor-widget-text-editor\" data-id=\"1abf0a6\" data-element_type=\"widget\" data-e-type=\"widget\" data-widget_type=\"text-editor.default\">\n\t\t\t\t<div class=\"elementor-widget-container\">\n\t\t\t\t\t\t\t\t\t<p>Obt\u00e9n m\u00e1s informaci\u00f3n sobre <a href=\"https:\/\/bulletin.oglethorpe.edu\/12-campus-life\/12-2-campus-life-policies-procedures-requirements\/12-2-11-alcohol-drug-policy\/\">la Pol\u00edtica sobre Alcohol y Otras Drogas de la Universidad de ºÚÁÏ³Ô¹ÏÍø<\/a> en el <em>Bolet\u00edn.<\/em><\/p>\n<h2>Recursos educativos sobre el alcohol y otras drogas<\/h2>\n<ul>\n<li><a href=\"http:\/\/www.samhsa.gov\/\"><a href=\"http:\/\/www.samhsa.gov\/\">Administraci\u00f3n de Servicios de Salud Mental y Abuso de Sustancias (SAMHSA)<\/a><\/a><\/li>\n<li><a href=\"http:\/\/www.drugabuse.gov\/\"><a href=\"http:\/\/www.drugabuse.gov\/\">Instituto Nacional sobre el Abuso de Drogas (NIDA)<\/a><\/a><\/li>\n<li><a href=\"https:\/\/www.collegedrinkingprevention.gov\/statistics\/consequences\"><a href=\"https:\/\/www.collegedrinkingprevention.gov\/statistics\/consequences\">Prevenci\u00f3n del consumo de alcohol en la universidad<\/a><\/a><\/li>\n<li><a href=\"http:\/\/www.acde.org\/\"><a href=\"http:\/\/www.acde.org\/\">Consejo Americano para la Educaci\u00f3n sobre Drogas (ACDE)<\/a><\/a><\/li>\n<li><a href=\"https:\/\/startyourrecovery.org\/\"><a href=\"https:\/\/startyourrecovery.org\/\">Consigue apoyo para ti o para otra persona (startyourrecovery.org)<\/a><\/a><\/li>\n<li><a href=\"http:\/\/www.niaaa.nih.gov\/\"><a href=\"http:\/\/www.niaaa.nih.gov\/\">Instituto Nacional sobre el Abuso del Alcohol y el Alcoholismo (NIAAA)<\/a><\/a><\/li>\n<li><a href=\"http:\/\/www.higheredcenter.org\/\"><a href=\"http:\/\/www.higheredcenter.org\/\">Centro de Ense\u00f1anza Superior<\/a><\/a><\/li>\n<li><a href=\"https:\/\/www.drugrehab.com\/guides\/campus\/\"><a href=\"https:\/\/www.drugrehab.com\/guides\/campus\/\">Informaci\u00f3n \u00fatil sobre el consumo de alcohol y drogas en el campus (DrugRehab.com)<\/a><\/a><\/li>\n<\/ul>\n\t\t\t\t\t\t\t\t<\/div>\n\t\t\t\t<\/div>\n\t\t\t\t\t<\/div>\n\t\t<\/div>\n\t\t\t\t\t<\/div>\n\t\t<\/section>\n\t\t\t\t<\/div>\n\t\t","protected":false},"excerpt":{"rendered":"<p>Educaci\u00f3n sobre el alcohol y otras drogas Obt\u00e9n m\u00e1s informaci\u00f3n sobre la Pol\u00edtica sobre Alcohol y Otras Drogas de la [&hellip;]<\/p>\n","protected":false},"author":4,"featured_media":0,"parent":79043,"menu_order":0,"comment_status":"closed","ping_status":"closed","template":"","meta":{"_acf_changed":false,"site-sidebar-layout":"no-sidebar","site-content-layout":"","ast-site-content-layout":"full-width-container","site-content-style":"default","site-sidebar-style":"default","ast-global-header-display":"","ast-banner-title-visibility":"","ast-main-header-display":"","ast-hfb-above-header-display":"","ast-hfb-below-header-display":"","ast-hfb-mobile-header-display":"","site-post-title":"disabled","ast-breadcrumbs-content":"","ast-featured-img":"disabled","footer-sml-layout":"","theme-transparent-header-meta":"","adv-header-id-meta":"","stick-header-meta":"","header-above-stick-meta":"","header-main-stick-meta":"","header-below-stick-meta":"","astra-migrate-meta-layouts":"default","ast-page-background-enabled":"default","ast-page-background-meta":{"desktop":{"background-color":"var(--ast-global-color-4)","background-image":"","background-repeat":"repeat","background-position":"center center","background-size":"auto","background-attachment":"scroll","background-type":"","background-media":"","overlay-type":"","overlay-color":"","overlay-opacity":"","overlay-gradient":""},"tablet":{"background-color":"","background-image":"","background-repeat":"repeat","background-position":"center center","background-size":"auto","background-attachment":"scroll","background-type":"","background-media":"","overlay-type":"","overlay-color":"","overlay-opacity":"","overlay-gradient":""},"mobile":{"background-color":"","background-image":"","background-repeat":"repeat","background-position":"center center","background-size":"auto","background-attachment":"scroll","background-type":"","background-media":"","overlay-type":"","overlay-color":"","overlay-opacity":"","overlay-gradient":""}},"ast-content-background-meta":{"desktop":{"background-color":"var(--ast-global-color-5)","background-image":"","background-repeat":"repeat","background-position":"center center","background-size":"auto","background-attachment":"scroll","background-type":"","background-media":"","overlay-type":"","overlay-color":"","overlay-opacity":"","overlay-gradient":""},"tablet":{"background-color":"var(--ast-global-color-5)","background-image":"","background-repeat":"repeat","background-position":"center center","background-size":"auto","background-attachment":"scroll","background-type":"","background-media":"","overlay-type":"","overlay-color":"","overlay-opacity":"","overlay-gradient":""},"mobile":{"background-color":"var(--ast-global-color-5)","background-image":"","background-repeat":"repeat","background-position":"center center","background-size":"auto","background-attachment":"scroll","background-type":"","background-media":"","overlay-type":"","overlay-color":"","overlay-opacity":"","overlay-gradient":""}},"footnotes":""},"page_page-category":[],"page_page-tag":[],"offered_as":[],"program_tags":[],"programtypes_page":[],"class_list":["post-78866","page","type-page","status-publish","hentry"],"acf":[],"yoast_head":"<!-- This site is optimized with the Yoast SEO Premium plugin v27.2 (Yoast SEO v27.2) - https:\/\/yoast.com\/product\/yoast-seo-premium-wordpress\/ -->\n<title>Educaci\u00f3n sobre el alcohol y otras drogas - ºÚÁÏ³Ô¹ÏÍø<\/title>\n<meta name=\"description\" content=\"La educaci\u00f3n sobre el alcohol y otras drogas es importante para nuestra comunidad y queremos que nuestros alumnos tengan acceso a toda la informaci\u00f3n que necesiten.\" \/>\n<meta name=\"robots\" content=\"index, follow, max-snippet:-1, max-image-preview:large, max-video-preview:-1\" \/>\n<link rel=\"canonical\" href=\"https:\/\/oglethorpe.edu\/es\/vida-estudiantil\/servicios-de-apoyo\/bienestar-estudiantil\/servicios-sanitarios\/educacion-sobre-el-alcohol-y-otras-drogas\/\" \/>\n<meta property=\"og:locale\" content=\"es_ES\" \/>\n<meta property=\"og:type\" content=\"article\" \/>\n<meta property=\"og:title\" content=\"Educaci\u00f3n sobre el alcohol y otras drogas\" \/>\n<meta property=\"og:description\" content=\"La educaci\u00f3n sobre el alcohol y otras drogas es importante para nuestra comunidad y queremos que nuestros alumnos tengan acceso a toda la informaci\u00f3n que necesiten.\" \/>\n<meta property=\"og:url\" content=\"https:\/\/oglethorpe.edu\/es\/vida-estudiantil\/servicios-de-apoyo\/bienestar-estudiantil\/servicios-sanitarios\/educacion-sobre-el-alcohol-y-otras-drogas\/\" \/>\n<meta property=\"og:site_name\" content=\"ºÚÁÏ³Ô¹ÏÍø\" \/>\n<meta property=\"article:publisher\" content=\"https:\/\/www.facebook.com\/oglethorpeuniversity\" \/>\n<meta property=\"article:modified_time\" content=\"2024-09-13T02:06:01+00:00\" \/>\n<meta name=\"twitter:card\" content=\"summary_large_image\" \/>\n<meta name=\"twitter:label1\" content=\"Tiempo de lectura\" \/>\n\t<meta name=\"twitter:data1\" content=\"1 minuto\" \/>\n<script type=\"application\/ld+json\" class=\"yoast-schema-graph\">{\"@context\":\"https:\/\/schema.org\",\"@graph\":[{\"@type\":\"WebPage\",\"@id\":\"https:\/\/oglethorpe.edu\/es\/vida-estudiantil\/servicios-de-apoyo\/bienestar-estudiantil\/servicios-sanitarios\/educacion-sobre-el-alcohol-y-otras-drogas\/\",\"url\":\"https:\/\/oglethorpe.edu\/es\/vida-estudiantil\/servicios-de-apoyo\/bienestar-estudiantil\/servicios-sanitarios\/educacion-sobre-el-alcohol-y-otras-drogas\/\",\"name\":\"Educaci\u00f3n sobre el alcohol y otras drogas - ºÚÁÏ³Ô¹ÏÍø\",\"isPartOf\":{\"@id\":\"https:\/\/oglethorpe.edu\/es\/#website\"},\"datePublished\":\"2024-08-29T20:30:32+00:00\",\"dateModified\":\"2024-09-13T02:06:01+00:00\",\"description\":\"La educaci\u00f3n sobre el alcohol y otras drogas es importante para nuestra comunidad y queremos que nuestros alumnos tengan acceso a toda la informaci\u00f3n que necesiten.\",\"breadcrumb\":{\"@id\":\"https:\/\/oglethorpe.edu\/es\/vida-estudiantil\/servicios-de-apoyo\/bienestar-estudiantil\/servicios-sanitarios\/educacion-sobre-el-alcohol-y-otras-drogas\/#breadcrumb\"},\"inLanguage\":\"es\",\"potentialAction\":[{\"@type\":\"ReadAction\",\"target\":[\"https:\/\/oglethorpe.edu\/es\/vida-estudiantil\/servicios-de-apoyo\/bienestar-estudiantil\/servicios-sanitarios\/educacion-sobre-el-alcohol-y-otras-drogas\/\"]}]},{\"@type\":\"BreadcrumbList\",\"@id\":\"https:\/\/oglethorpe.edu\/es\/vida-estudiantil\/servicios-de-apoyo\/bienestar-estudiantil\/servicios-sanitarios\/educacion-sobre-el-alcohol-y-otras-drogas\/#breadcrumb\",\"itemListElement\":[{\"@type\":\"ListItem\",\"position\":1,\"name\":\"Home\",\"item\":\"https:\/\/oglethorpe.edu\/es\/\"},{\"@type\":\"ListItem\",\"position\":2,\"name\":\"Vida estudiantil\",\"item\":\"https:\/\/oglethorpe.edu\/es\/life\/\"},{\"@type\":\"ListItem\",\"position\":3,\"name\":\"Servicios de Apoyo\",\"item\":\"https:\/\/oglethorpe.edu\/es\/life\/support\/\"},{\"@type\":\"ListItem\",\"position\":4,\"name\":\"Bienestar estudiantil\",\"item\":\"https:\/\/oglethorpe.edu\/es\/life\/support\/wellness\/\"},{\"@type\":\"ListItem\",\"position\":5,\"name\":\"Servicios sanitarios\",\"item\":\"https:\/\/oglethorpe.edu\/es\/life\/support\/wellness\/health-services\/\"},{\"@type\":\"ListItem\",\"position\":6,\"name\":\"Educaci\u00f3n sobre el alcohol y otras drogas\"}]},{\"@type\":\"WebSite\",\"@id\":\"https:\/\/oglethorpe.edu\/es\/#website\",\"url\":\"https:\/\/oglethorpe.edu\/es\/\",\"name\":\"ºÚÁÏ³Ô¹ÏÍø\",\"description\":\"\",\"publisher\":{\"@id\":\"https:\/\/oglethorpe.edu\/es\/#organization\"},\"potentialAction\":[{\"@type\":\"SearchAction\",\"target\":{\"@type\":\"EntryPoint\",\"urlTemplate\":\"https:\/\/oglethorpe.edu\/es\/?s={search_term_string}\"},\"query-input\":{\"@type\":\"PropertyValueSpecification\",\"valueRequired\":true,\"valueName\":\"search_term_string\"}}],\"inLanguage\":\"es\"},{\"@type\":\"Organization\",\"@id\":\"https:\/\/oglethorpe.edu\/es\/#organization\",\"name\":\"ºÚÁÏ³Ô¹ÏÍø\",\"url\":\"https:\/\/oglethorpe.edu\/es\/\",\"logo\":{\"@type\":\"ImageObject\",\"inLanguage\":\"es\",\"@id\":\"https:\/\/oglethorpe.edu\/es\/#\/schema\/logo\/image\/\",\"url\":\"https:\/\/oglethorpe.edu\/wp-content\/uploads\/2024\/02\/oglethorpe-full-logo-new-1-1.png\",\"contentUrl\":\"https:\/\/oglethorpe.edu\/wp-content\/uploads\/2024\/02\/oglethorpe-full-logo-new-1-1.png\",\"width\":1112,\"height\":492,\"caption\":\"ºÚÁÏ³Ô¹ÏÍø\"},\"image\":{\"@id\":\"https:\/\/oglethorpe.edu\/es\/#\/schema\/logo\/image\/\"},\"sameAs\":[\"https:\/\/www.facebook.com\/oglethorpeuniversity\",\"https:\/\/instagram.com\/oglethorpeuniv\/\",\"https:\/\/www.linkedin.com\/edu\/school?id=18180&trk=tyah&trkInfo=clickedVerticalschoolclickedEntityId18180idx3-1-12tarId1438180301152tasoglethorpe\"]}]}<\/script>\n<!-- \/ Yoast SEO Premium plugin. -->","yoast_head_json":{"title":"Educaci\u00f3n sobre el alcohol y otras drogas - ºÚÁÏ³Ô¹ÏÍø","description":"La educaci\u00f3n sobre el alcohol y otras drogas es importante para nuestra comunidad y queremos que nuestros alumnos tengan acceso a toda la informaci\u00f3n que necesiten.","robots":{"index":"index","follow":"follow","max-snippet":"max-snippet:-1","max-image-preview":"max-image-preview:large","max-video-preview":"max-video-preview:-1"},"canonical":"https:\/\/oglethorpe.edu\/es\/vida-estudiantil\/servicios-de-apoyo\/bienestar-estudiantil\/servicios-sanitarios\/educacion-sobre-el-alcohol-y-otras-drogas\/","og_locale":"es_ES","og_type":"article","og_title":"Educaci\u00f3n sobre el alcohol y otras drogas","og_description":"La educaci\u00f3n sobre el alcohol y otras drogas es importante para nuestra comunidad y queremos que nuestros alumnos tengan acceso a toda la informaci\u00f3n que necesiten.","og_url":"https:\/\/oglethorpe.edu\/es\/vida-estudiantil\/servicios-de-apoyo\/bienestar-estudiantil\/servicios-sanitarios\/educacion-sobre-el-alcohol-y-otras-drogas\/","og_site_name":"ºÚÁÏ³Ô¹ÏÍø","article_publisher":"https:\/\/www.facebook.com\/oglethorpeuniversity","article_modified_time":"2024-09-13T02:06:01+00:00","twitter_card":"summary_large_image","twitter_misc":{"Tiempo de lectura":"1 minuto"},"schema":{"@context":"https:\/\/schema.org","@graph":[{"@type":"WebPage","@id":"https:\/\/oglethorpe.edu\/es\/vida-estudiantil\/servicios-de-apoyo\/bienestar-estudiantil\/servicios-sanitarios\/educacion-sobre-el-alcohol-y-otras-drogas\/","url":"https:\/\/oglethorpe.edu\/es\/vida-estudiantil\/servicios-de-apoyo\/bienestar-estudiantil\/servicios-sanitarios\/educacion-sobre-el-alcohol-y-otras-drogas\/","name":"Educaci\u00f3n sobre el alcohol y otras drogas - ºÚÁÏ³Ô¹ÏÍø","isPartOf":{"@id":"https:\/\/oglethorpe.edu\/es\/#website"},"datePublished":"2024-08-29T20:30:32+00:00","dateModified":"2024-09-13T02:06:01+00:00","description":"La educaci\u00f3n sobre el alcohol y otras drogas es importante para nuestra comunidad y queremos que nuestros alumnos tengan acceso a toda la informaci\u00f3n que necesiten.","breadcrumb":{"@id":"https:\/\/oglethorpe.edu\/es\/vida-estudiantil\/servicios-de-apoyo\/bienestar-estudiantil\/servicios-sanitarios\/educacion-sobre-el-alcohol-y-otras-drogas\/#breadcrumb"},"inLanguage":"es","potentialAction":[{"@type":"ReadAction","target":["https:\/\/oglethorpe.edu\/es\/vida-estudiantil\/servicios-de-apoyo\/bienestar-estudiantil\/servicios-sanitarios\/educacion-sobre-el-alcohol-y-otras-drogas\/"]}]},{"@type":"BreadcrumbList","@id":"https:\/\/oglethorpe.edu\/es\/vida-estudiantil\/servicios-de-apoyo\/bienestar-estudiantil\/servicios-sanitarios\/educacion-sobre-el-alcohol-y-otras-drogas\/#breadcrumb","itemListElement":[{"@type":"ListItem","position":1,"name":"Home","item":"https:\/\/oglethorpe.edu\/es\/"},{"@type":"ListItem","position":2,"name":"Vida estudiantil","item":"https:\/\/oglethorpe.edu\/es\/life\/"},{"@type":"ListItem","position":3,"name":"Servicios de Apoyo","item":"https:\/\/oglethorpe.edu\/es\/life\/support\/"},{"@type":"ListItem","position":4,"name":"Bienestar estudiantil","item":"https:\/\/oglethorpe.edu\/es\/life\/support\/wellness\/"},{"@type":"ListItem","position":5,"name":"Servicios sanitarios","item":"https:\/\/oglethorpe.edu\/es\/life\/support\/wellness\/health-services\/"},{"@type":"ListItem","position":6,"name":"Educaci\u00f3n sobre el alcohol y otras drogas"}]},{"@type":"WebSite","@id":"https:\/\/oglethorpe.edu\/es\/#website","url":"https:\/\/oglethorpe.edu\/es\/","name":"ºÚÁÏ³Ô¹ÏÍø","description":"","publisher":{"@id":"https:\/\/oglethorpe.edu\/es\/#organization"},"potentialAction":[{"@type":"SearchAction","target":{"@type":"EntryPoint","urlTemplate":"https:\/\/oglethorpe.edu\/es\/?s={search_term_string}"},"query-input":{"@type":"PropertyValueSpecification","valueRequired":true,"valueName":"search_term_string"}}],"inLanguage":"es"},{"@type":"Organization","@id":"https:\/\/oglethorpe.edu\/es\/#organization","name":"ºÚÁÏ³Ô¹ÏÍø","url":"https:\/\/oglethorpe.edu\/es\/","logo":{"@type":"ImageObject","inLanguage":"es","@id":"https:\/\/oglethorpe.edu\/es\/#\/schema\/logo\/image\/","url":"https:\/\/oglethorpe.edu\/wp-content\/uploads\/2024\/02\/oglethorpe-full-logo-new-1-1.png","contentUrl":"https:\/\/oglethorpe.edu\/wp-content\/uploads\/2024\/02\/oglethorpe-full-logo-new-1-1.png","width":1112,"height":492,"caption":"ºÚÁÏ³Ô¹ÏÍø"},"image":{"@id":"https:\/\/oglethorpe.edu\/es\/#\/schema\/logo\/image\/"},"sameAs":["https:\/\/www.facebook.com\/oglethorpeuniversity","https:\/\/instagram.com\/oglethorpeuniv\/","https:\/\/www.linkedin.com\/edu\/school?id=18180&trk=tyah&trkInfo=clickedVerticalschoolclickedEntityId18180idx3-1-12tarId1438180301152tasoglethorpe"]}]}},"_links":{"self":[{"href":"https:\/\/oglethorpe.edu\/es\/wp-json\/wp\/v2\/pages\/78866","targetHints":{"allow":["GET"]}}],"collection":[{"href":"https:\/\/oglethorpe.edu\/es\/wp-json\/wp\/v2\/pages"}],"about":[{"href":"https:\/\/oglethorpe.edu\/es\/wp-json\/wp\/v2\/types\/page"}],"author":[{"embeddable":true,"href":"https:\/\/oglethorpe.edu\/es\/wp-json\/wp\/v2\/users\/4"}],"replies":[{"embeddable":true,"href":"https:\/\/oglethorpe.edu\/es\/wp-json\/wp\/v2\/comments?post=78866"}],"version-history":[{"count":0,"href":"https:\/\/oglethorpe.edu\/es\/wp-json\/wp\/v2\/pages\/78866\/revisions"}],"up":[{"embeddable":true,"href":"https:\/\/oglethorpe.edu\/es\/wp-json\/wp\/v2\/pages\/79043"}],"wp:attachment":[{"href":"https:\/\/oglethorpe.edu\/es\/wp-json\/wp\/v2\/media?parent=78866"}],"wp:term":[{"taxonomy":"page_page-category","embeddable":true,"href":"https:\/\/oglethorpe.edu\/es\/wp-json\/wp\/v2\/page_page-category?post=78866"},{"taxonomy":"page_page-tag","embeddable":true,"href":"https:\/\/oglethorpe.edu\/es\/wp-json\/wp\/v2\/page_page-tag?post=78866"},{"taxonomy":"offered_as","embeddable":true,"href":"https:\/\/oglethorpe.edu\/es\/wp-json\/wp\/v2\/offered_as?post=78866"},{"taxonomy":"program_tags","embeddable":true,"href":"https:\/\/oglethorpe.edu\/es\/wp-json\/wp\/v2\/program_tags?post=78866"},{"taxonomy":"programtypes_page","embeddable":true,"href":"https:\/\/oglethorpe.edu\/es\/wp-json\/wp\/v2\/programtypes_page?post=78866"}],"curies":[{"name":"wp","href":"https:\/\/api.w.org\/{rel}","templated":true}]}}