  {"id":78875,"date":"2024-08-29T20:22:25","date_gmt":"2024-08-29T20:22:25","guid":{"rendered":"https:\/\/oglethorpe.edu\/politica-del-tabaco\/"},"modified":"2024-11-27T18:39:48","modified_gmt":"2024-11-27T18:39:48","slug":"politica-del-tabaco","status":"publish","type":"page","link":"https:\/\/oglethorpe.edu\/es\/vida-estudiantil\/servicios-de-apoyo\/bienestar-estudiantil\/servicios-sanitarios\/politica-del-tabaco\/","title":{"rendered":"Pol\u00edtica del tabaco"},"content":{"rendered":"\t\t<div data-elementor-type=\"wp-page\" data-elementor-id=\"78875\" class=\"elementor elementor-78875 elementor-78390\" data-elementor-post-type=\"page\">\n\t\t\t\t\t\t<section data-particle_enable=\"false\" data-particle-mobile-disabled=\"false\" class=\"elementor-section elementor-top-section elementor-element elementor-element-3b7081b2 elementor-section-full_width elementor-section-height-default elementor-section-height-default\" data-id=\"3b7081b2\" data-element_type=\"section\" data-e-type=\"section\" data-settings=\"{&quot;background_background&quot;:&quot;classic&quot;}\">\n\t\t\t\t\t\t\t<div class=\"elementor-background-overlay\"><\/div>\n\t\t\t\t\t\t\t<div class=\"elementor-container elementor-column-gap-default\">\n\t\t\t\t\t<div class=\"elementor-column elementor-col-100 elementor-top-column elementor-element elementor-element-254b3ab5\" data-id=\"254b3ab5\" data-element_type=\"column\" data-e-type=\"column\">\n\t\t\t<div class=\"elementor-widget-wrap elementor-element-populated\">\n\t\t\t\t\t\t<section data-particle_enable=\"false\" data-particle-mobile-disabled=\"false\" class=\"elementor-section elementor-inner-section elementor-element elementor-element-156f6d5b elementor-section-boxed elementor-section-height-default elementor-section-height-default\" data-id=\"156f6d5b\" data-element_type=\"section\" data-e-type=\"section\" data-settings=\"{&quot;background_background&quot;:&quot;classic&quot;}\">\n\t\t\t\t\t\t<div class=\"elementor-container elementor-column-gap-default\">\n\t\t\t\t\t<div class=\"elementor-column elementor-col-100 elementor-inner-column elementor-element elementor-element-ee19af1\" data-id=\"ee19af1\" data-element_type=\"column\" data-e-type=\"column\">\n\t\t\t<div class=\"elementor-widget-wrap elementor-element-populated\">\n\t\t\t\t\t\t<div class=\"elementor-element elementor-element-1127edf6 banner_heading_new elementor-widget elementor-widget-heading\" data-id=\"1127edf6\" data-element_type=\"widget\" data-e-type=\"widget\" data-widget_type=\"heading.default\">\n\t\t\t\t<div class=\"elementor-widget-container\">\n\t\t\t\t\t<h1 class=\"elementor-heading-title elementor-size-default\">Pol\u00edtica del tabaco<\/h1>\t\t\t\t<\/div>\n\t\t\t\t<\/div>\n\t\t\t\t\t<\/div>\n\t\t<\/div>\n\t\t\t\t\t<\/div>\n\t\t<\/section>\n\t\t\t\t\t<\/div>\n\t\t<\/div>\n\t\t\t\t\t<\/div>\n\t\t<\/section>\n\t\t\t\t<section data-particle_enable=\"false\" data-particle-mobile-disabled=\"false\" class=\"elementor-section elementor-top-section elementor-element elementor-element-c04d82f elementor-section-boxed elementor-section-height-default elementor-section-height-default\" data-id=\"c04d82f\" data-element_type=\"section\" data-e-type=\"section\">\n\t\t\t\t\t\t<div class=\"elementor-container elementor-column-gap-default\">\n\t\t\t\t\t<div class=\"elementor-column elementor-col-100 elementor-top-column elementor-element elementor-element-815f9cf\" data-id=\"815f9cf\" data-element_type=\"column\" data-e-type=\"column\">\n\t\t\t<div class=\"elementor-widget-wrap elementor-element-populated\">\n\t\t\t\t\t\t<section data-particle_enable=\"false\" data-particle-mobile-disabled=\"false\" class=\"elementor-section elementor-inner-section elementor-element elementor-element-e792556 elementor-section-boxed elementor-section-height-default elementor-section-height-default\" data-id=\"e792556\" data-element_type=\"section\" data-e-type=\"section\">\n\t\t\t\t\t\t<div class=\"elementor-container elementor-column-gap-default\">\n\t\t\t\t\t<div class=\"elementor-column elementor-col-100 elementor-inner-column elementor-element elementor-element-181bfa2\" data-id=\"181bfa2\" data-element_type=\"column\" data-e-type=\"column\">\n\t\t\t<div class=\"elementor-widget-wrap elementor-element-populated\">\n\t\t\t\t\t\t<div class=\"elementor-element elementor-element-8d10646 elementor-widget__width-auto elementor-widget elementor-widget-shortcode\" data-id=\"8d10646\" data-element_type=\"widget\" data-e-type=\"widget\" data-widget_type=\"shortcode.default\">\n\t\t\t\t<div class=\"elementor-widget-container\">\n\t\t\t\t\t\t\t<div class=\"elementor-shortcode\"><nav aria-label=\"breadcrumbs\">\n            <div class=\"breadcrumb-container theme1\">\n                <ol>\n                                    <\/ol>\n            <\/div>\n        <\/nav>    <script type=\"application\/ld+json\">\n        {\n            \"@context\": \"http:\/\/schema.org\",\n            \"@type\": \"BreadcrumbList\",\n            \"itemListElement\": [\n                            ]\n        }\n    <\/script>\n   \n    <script>\n            <\/script>\n<\/div>\n\t\t\t\t\t\t<\/div>\n\t\t\t\t<\/div>\n\t\t\t\t\t<\/div>\n\t\t<\/div>\n\t\t\t\t\t<\/div>\n\t\t<\/section>\n\t\t\t\t\t<\/div>\n\t\t<\/div>\n\t\t\t\t\t<\/div>\n\t\t<\/section>\n\t\t\t\t<section data-particle_enable=\"false\" data-particle-mobile-disabled=\"false\" class=\"elementor-section elementor-top-section elementor-element elementor-element-e7fd455 elementor-section-boxed elementor-section-height-default elementor-section-height-default\" data-id=\"e7fd455\" data-element_type=\"section\" data-e-type=\"section\">\n\t\t\t\t\t\t<div class=\"elementor-container elementor-column-gap-default\">\n\t\t\t\t\t<div class=\"elementor-column elementor-col-100 elementor-top-column elementor-element elementor-element-c99b0cf\" data-id=\"c99b0cf\" data-element_type=\"column\" data-e-type=\"column\">\n\t\t\t<div class=\"elementor-widget-wrap elementor-element-populated\">\n\t\t\t\t\t\t<div class=\"elementor-element elementor-element-1abf0a6 elementor-widget elementor-widget-text-editor\" data-id=\"1abf0a6\" data-element_type=\"widget\" data-e-type=\"widget\" data-widget_type=\"text-editor.default\">\n\t\t\t\t<div class=\"elementor-widget-container\">\n\t\t\t\t\t\t\t\t\t<p>Conociendo los peligros del consumo de tabaco para consumidores y transe\u00fantes, el campus de la Universidad de ºÚÁÏ³Ô¹ÏÍø aspira a ser un campus Libre de Tabaco. <strong>El consumo de tabaco est\u00e1 restringido a ocho puestos de tabaco repartidos por el campus. <\/strong>Esta pol\u00edtica se aplica a todos los estudiantes, profesores, personal y visitantes. Los productos de tabaco se definen como cigarrillos, cigarrillos electr\u00f3nicos, vaporizadores, puros, pipas, cigarritos, bidis, narguiles, todas las formas de tabaco sin humo y cualquier otro dispositivo para fumar que simule el consumo de tabaco.<\/p><p><img fetchpriority=\"high\" decoding=\"async\" class=\"alignnone size-full wp-image-79919\" src=\"https:\/\/oglethorpe.edu\/wp-content\/uploads\/2024\/10\/Tobacco-Station-Map-scaled.jpg\" alt=\"Tobacco station map\" width=\"2065\" height=\"2560\" srcset=\"https:\/\/oglethorpe.edu\/wp-content\/uploads\/2024\/10\/Tobacco-Station-Map-scaled.jpg 2065w, https:\/\/oglethorpe.edu\/wp-content\/uploads\/2024\/10\/Tobacco-Station-Map-242x300.jpg 242w, https:\/\/oglethorpe.edu\/wp-content\/uploads\/2024\/10\/Tobacco-Station-Map-826x1024.jpg 826w, https:\/\/oglethorpe.edu\/wp-content\/uploads\/2024\/10\/Tobacco-Station-Map-768x952.jpg 768w, https:\/\/oglethorpe.edu\/wp-content\/uploads\/2024\/10\/Tobacco-Station-Map-1239x1536.jpg 1239w, https:\/\/oglethorpe.edu\/wp-content\/uploads\/2024\/10\/Tobacco-Station-Map-1652x2048.jpg 1652w\" sizes=\"(max-width: 2065px) 100vw, 2065px\" \/><\/p><p><a href=\"https:\/\/oglethorpe.edu\/wp-content\/uploads\/2024\/10\/Tobacco-Station-Map.pdf\">Descarga una versi\u00f3n PDF del mapa.<\/a><\/p><p>La Pol\u00edtica de Ausencia de Tabaco de ºÚÁÏ³Ô¹ÏÍø proh\u00edbe los productos del tabaco dentro y en las propiedades de la universidad y\/o arrendadas.<br \/>Esto incluye:<\/p><ul style=\"text-align: left\"><li>Todos los edificios e instalaciones interiores<\/li><li>Todos los espacios exteriores y terrenos, y en veh\u00edculos propiedad del campus, alquilados o arrendados<\/li><li>Todas las residencias universitarias y casas griegas. Esto incluye las habitaciones de los estudiantes y los espacios p\u00fablicos (vest\u00edbulos, pasillos, salones, zonas de recreo, ventanas).<\/li><li>Todos los eventos deportivos y p\u00fablicos patrocinados.<\/li><li><span style=\"text-decoration: underline\"><a href=\"https:\/\/bulletin.oglethorpe.edu\/12-campus-life\/12-2-campus-life-policies-procedures-requirements\/12-2-7-tobacco-smoking-policy\/\">Consulta la pol\u00edtica de tabaco y tabaco de la universidad en el Bolet\u00edn de la Universidad<\/a><\/span><\/li><\/ul><p><strong>Normativa adicional:<\/strong><\/p><ul style=\"text-align: left\"><li>Est\u00e1 prohibida la venta y\/o distribuci\u00f3n gratuita de productos del tabaco en el campus.<\/li><li>Se proh\u00edbe la promoci\u00f3n, comercializaci\u00f3n o publicidad del tabaco en el campus y en las publicaciones universitarias.<\/li><li>Est\u00e1 prohibido el patrocinio o la financiaci\u00f3n de organizaciones o actividades del campus por parte de empresas tabacaleras.<\/li><\/ul><p><strong>Ejecuci\u00f3n:<\/strong><\/p><ul><li>Se ruega a los invitados y visitantes que respeten nuestra pol\u00edtica.<\/li><li>La aplicaci\u00f3n efectiva es un esfuerzo de todo el campus, y un solo departamento no puede llevar a cabo esta tarea por s\u00ed solo.<\/li><li>Si no te sientes c\u00f3modo pidi\u00e9ndole a alguien que cumpla la pol\u00edtica, ponte en contacto con la Seguridad del Campus llamando al 404-504-1998.<\/li><li>Los infractores ser\u00e1n registrados en nuestro sistema de conducta. La primera infracci\u00f3n conlleva una multa de 50$ pagadera a la universidad o a la Sociedad Americana contra el C\u00e1ncer. La segunda infracci\u00f3n es una multa de 50$ y 10 horas de restituci\u00f3n. La tercera infracci\u00f3n es de 100$ y posible suspensi\u00f3n del alojamiento en el campus.<\/li><\/ul><p style=\"text-align: left\"><strong>Respira Libre. Elige Liberarte del Tabaco. <\/strong><\/p>\t\t\t\t\t\t\t\t<\/div>\n\t\t\t\t<\/div>\n\t\t\t\t\t<\/div>\n\t\t<\/div>\n\t\t\t\t\t<\/div>\n\t\t<\/section>\n\t\t\t\t<\/div>\n\t\t","protected":false},"excerpt":{"rendered":"<p>Pol\u00edtica del tabaco Conociendo los peligros del consumo de tabaco para consumidores y transe\u00fantes, el campus de la Universidad de [&hellip;]<\/p>\n","protected":false},"author":4,"featured_media":0,"parent":79043,"menu_order":0,"comment_status":"closed","ping_status":"closed","template":"","meta":{"_acf_changed":false,"site-sidebar-layout":"no-sidebar","site-content-layout":"","ast-site-content-layout":"full-width-container","site-content-style":"default","site-sidebar-style":"default","ast-global-header-display":"","ast-banner-title-visibility":"","ast-main-header-display":"","ast-hfb-above-header-display":"","ast-hfb-below-header-display":"","ast-hfb-mobile-header-display":"","site-post-title":"disabled","ast-breadcrumbs-content":"","ast-featured-img":"disabled","footer-sml-layout":"","theme-transparent-header-meta":"","adv-header-id-meta":"","stick-header-meta":"","header-above-stick-meta":"","header-main-stick-meta":"","header-below-stick-meta":"","astra-migrate-meta-layouts":"default","ast-page-background-enabled":"default","ast-page-background-meta":{"desktop":{"background-color":"var(--ast-global-color-4)","background-image":"","background-repeat":"repeat","background-position":"center center","background-size":"auto","background-attachment":"scroll","background-type":"","background-media":"","overlay-type":"","overlay-color":"","overlay-opacity":"","overlay-gradient":""},"tablet":{"background-color":"","background-image":"","background-repeat":"repeat","background-position":"center center","background-size":"auto","background-attachment":"scroll","background-type":"","background-media":"","overlay-type":"","overlay-color":"","overlay-opacity":"","overlay-gradient":""},"mobile":{"background-color":"","background-image":"","background-repeat":"repeat","background-position":"center center","background-size":"auto","background-attachment":"scroll","background-type":"","background-media":"","overlay-type":"","overlay-color":"","overlay-opacity":"","overlay-gradient":""}},"ast-content-background-meta":{"desktop":{"background-color":"var(--ast-global-color-5)","background-image":"","background-repeat":"repeat","background-position":"center center","background-size":"auto","background-attachment":"scroll","background-type":"","background-media":"","overlay-type":"","overlay-color":"","overlay-opacity":"","overlay-gradient":""},"tablet":{"background-color":"var(--ast-global-color-5)","background-image":"","background-repeat":"repeat","background-position":"center center","background-size":"auto","background-attachment":"scroll","background-type":"","background-media":"","overlay-type":"","overlay-color":"","overlay-opacity":"","overlay-gradient":""},"mobile":{"background-color":"var(--ast-global-color-5)","background-image":"","background-repeat":"repeat","background-position":"center center","background-size":"auto","background-attachment":"scroll","background-type":"","background-media":"","overlay-type":"","overlay-color":"","overlay-opacity":"","overlay-gradient":""}},"footnotes":""},"page_page-category":[],"page_page-tag":[],"offered_as":[],"program_tags":[],"programtypes_page":[],"class_list":["post-78875","page","type-page","status-publish","hentry"],"acf":[],"yoast_head":"<!-- This site is optimized with the Yoast SEO Premium plugin v27.2 (Yoast SEO v27.2) - https:\/\/yoast.com\/product\/yoast-seo-premium-wordpress\/ -->\n<title>Pol\u00edtica del tabaco - ºÚÁÏ³Ô¹ÏÍø<\/title>\n<meta name=\"description\" content=\"Conociendo los peligros del consumo de tabaco para consumidores y transe\u00fantes, el campus de la Universidad de ºÚÁÏ³Ô¹ÏÍø aspira a ser un campus Libre de Tabaco.\" \/>\n<meta name=\"robots\" content=\"index, follow, max-snippet:-1, max-image-preview:large, max-video-preview:-1\" \/>\n<link rel=\"canonical\" href=\"https:\/\/oglethorpe.edu\/es\/vida-estudiantil\/servicios-de-apoyo\/bienestar-estudiantil\/servicios-sanitarios\/politica-del-tabaco\/\" \/>\n<meta property=\"og:locale\" content=\"es_ES\" \/>\n<meta property=\"og:type\" content=\"article\" \/>\n<meta property=\"og:title\" content=\"Pol\u00edtica del tabaco\" \/>\n<meta property=\"og:description\" content=\"Conociendo los peligros del consumo de tabaco para consumidores y transe\u00fantes, el campus de la Universidad de ºÚÁÏ³Ô¹ÏÍø aspira a ser un campus Libre de Tabaco.\" \/>\n<meta property=\"og:url\" content=\"https:\/\/oglethorpe.edu\/es\/vida-estudiantil\/servicios-de-apoyo\/bienestar-estudiantil\/servicios-sanitarios\/politica-del-tabaco\/\" \/>\n<meta property=\"og:site_name\" content=\"ºÚÁÏ³Ô¹ÏÍø\" \/>\n<meta property=\"article:publisher\" content=\"https:\/\/www.facebook.com\/oglethorpeuniversity\" \/>\n<meta property=\"article:modified_time\" content=\"2024-11-27T18:39:48+00:00\" \/>\n<meta property=\"og:image\" content=\"https:\/\/oglethorpe.edu\/wp-content\/uploads\/2024\/10\/Tobacco-Station-Map-scaled.jpg\" \/>\n\t<meta property=\"og:image:width\" content=\"2065\" \/>\n\t<meta property=\"og:image:height\" content=\"2560\" \/>\n\t<meta property=\"og:image:type\" content=\"image\/jpeg\" \/>\n<meta name=\"twitter:card\" content=\"summary_large_image\" \/>\n<meta name=\"twitter:label1\" content=\"Tiempo de lectura\" \/>\n\t<meta name=\"twitter:data1\" content=\"2 minutos\" \/>\n<script type=\"application\/ld+json\" class=\"yoast-schema-graph\">{\"@context\":\"https:\/\/schema.org\",\"@graph\":[{\"@type\":\"WebPage\",\"@id\":\"https:\/\/oglethorpe.edu\/es\/vida-estudiantil\/servicios-de-apoyo\/bienestar-estudiantil\/servicios-sanitarios\/politica-del-tabaco\/\",\"url\":\"https:\/\/oglethorpe.edu\/es\/vida-estudiantil\/servicios-de-apoyo\/bienestar-estudiantil\/servicios-sanitarios\/politica-del-tabaco\/\",\"name\":\"Pol\u00edtica del tabaco - ºÚÁÏ³Ô¹ÏÍø\",\"isPartOf\":{\"@id\":\"https:\/\/oglethorpe.edu\/es\/#website\"},\"primaryImageOfPage\":{\"@id\":\"https:\/\/oglethorpe.edu\/es\/vida-estudiantil\/servicios-de-apoyo\/bienestar-estudiantil\/servicios-sanitarios\/politica-del-tabaco\/#primaryimage\"},\"image\":{\"@id\":\"https:\/\/oglethorpe.edu\/es\/vida-estudiantil\/servicios-de-apoyo\/bienestar-estudiantil\/servicios-sanitarios\/politica-del-tabaco\/#primaryimage\"},\"thumbnailUrl\":\"https:\/\/oglethorpe.edu\/wp-content\/uploads\/2024\/10\/Tobacco-Station-Map-scaled.jpg\",\"datePublished\":\"2024-08-29T20:22:25+00:00\",\"dateModified\":\"2024-11-27T18:39:48+00:00\",\"description\":\"Conociendo los peligros del consumo de tabaco para consumidores y transe\u00fantes, el campus de la Universidad de ºÚÁÏ³Ô¹ÏÍø aspira a ser un campus Libre de Tabaco.\",\"breadcrumb\":{\"@id\":\"https:\/\/oglethorpe.edu\/es\/vida-estudiantil\/servicios-de-apoyo\/bienestar-estudiantil\/servicios-sanitarios\/politica-del-tabaco\/#breadcrumb\"},\"inLanguage\":\"es\",\"potentialAction\":[{\"@type\":\"ReadAction\",\"target\":[\"https:\/\/oglethorpe.edu\/es\/vida-estudiantil\/servicios-de-apoyo\/bienestar-estudiantil\/servicios-sanitarios\/politica-del-tabaco\/\"]}]},{\"@type\":\"ImageObject\",\"inLanguage\":\"es\",\"@id\":\"https:\/\/oglethorpe.edu\/es\/vida-estudiantil\/servicios-de-apoyo\/bienestar-estudiantil\/servicios-sanitarios\/politica-del-tabaco\/#primaryimage\",\"url\":\"https:\/\/oglethorpe.edu\/wp-content\/uploads\/2024\/10\/Tobacco-Station-Map-scaled.jpg\",\"contentUrl\":\"https:\/\/oglethorpe.edu\/wp-content\/uploads\/2024\/10\/Tobacco-Station-Map-scaled.jpg\"},{\"@type\":\"BreadcrumbList\",\"@id\":\"https:\/\/oglethorpe.edu\/es\/vida-estudiantil\/servicios-de-apoyo\/bienestar-estudiantil\/servicios-sanitarios\/politica-del-tabaco\/#breadcrumb\",\"itemListElement\":[{\"@type\":\"ListItem\",\"position\":1,\"name\":\"Home\",\"item\":\"https:\/\/oglethorpe.edu\/es\/\"},{\"@type\":\"ListItem\",\"position\":2,\"name\":\"Vida estudiantil\",\"item\":\"https:\/\/oglethorpe.edu\/es\/life\/\"},{\"@type\":\"ListItem\",\"position\":3,\"name\":\"Servicios de Apoyo\",\"item\":\"https:\/\/oglethorpe.edu\/es\/life\/support\/\"},{\"@type\":\"ListItem\",\"position\":4,\"name\":\"Bienestar estudiantil\",\"item\":\"https:\/\/oglethorpe.edu\/es\/life\/support\/wellness\/\"},{\"@type\":\"ListItem\",\"position\":5,\"name\":\"Servicios sanitarios\",\"item\":\"https:\/\/oglethorpe.edu\/es\/life\/support\/wellness\/health-services\/\"},{\"@type\":\"ListItem\",\"position\":6,\"name\":\"Pol\u00edtica del tabaco\"}]},{\"@type\":\"WebSite\",\"@id\":\"https:\/\/oglethorpe.edu\/es\/#website\",\"url\":\"https:\/\/oglethorpe.edu\/es\/\",\"name\":\"ºÚÁÏ³Ô¹ÏÍø\",\"description\":\"\",\"publisher\":{\"@id\":\"https:\/\/oglethorpe.edu\/es\/#organization\"},\"potentialAction\":[{\"@type\":\"SearchAction\",\"target\":{\"@type\":\"EntryPoint\",\"urlTemplate\":\"https:\/\/oglethorpe.edu\/es\/?s={search_term_string}\"},\"query-input\":{\"@type\":\"PropertyValueSpecification\",\"valueRequired\":true,\"valueName\":\"search_term_string\"}}],\"inLanguage\":\"es\"},{\"@type\":\"Organization\",\"@id\":\"https:\/\/oglethorpe.edu\/es\/#organization\",\"name\":\"ºÚÁÏ³Ô¹ÏÍø\",\"url\":\"https:\/\/oglethorpe.edu\/es\/\",\"logo\":{\"@type\":\"ImageObject\",\"inLanguage\":\"es\",\"@id\":\"https:\/\/oglethorpe.edu\/es\/#\/schema\/logo\/image\/\",\"url\":\"https:\/\/oglethorpe.edu\/wp-content\/uploads\/2024\/02\/oglethorpe-full-logo-new-1-1.png\",\"contentUrl\":\"https:\/\/oglethorpe.edu\/wp-content\/uploads\/2024\/02\/oglethorpe-full-logo-new-1-1.png\",\"width\":1112,\"height\":492,\"caption\":\"ºÚÁÏ³Ô¹ÏÍø\"},\"image\":{\"@id\":\"https:\/\/oglethorpe.edu\/es\/#\/schema\/logo\/image\/\"},\"sameAs\":[\"https:\/\/www.facebook.com\/oglethorpeuniversity\",\"https:\/\/instagram.com\/oglethorpeuniv\/\",\"https:\/\/www.linkedin.com\/edu\/school?id=18180&trk=tyah&trkInfo=clickedVerticalschoolclickedEntityId18180idx3-1-12tarId1438180301152tasoglethorpe\"]}]}<\/script>\n<!-- \/ Yoast SEO Premium plugin. -->","yoast_head_json":{"title":"Pol\u00edtica del tabaco - ºÚÁÏ³Ô¹ÏÍø","description":"Conociendo los peligros del consumo de tabaco para consumidores y transe\u00fantes, el campus de la Universidad de ºÚÁÏ³Ô¹ÏÍø aspira a ser un campus Libre de Tabaco.","robots":{"index":"index","follow":"follow","max-snippet":"max-snippet:-1","max-image-preview":"max-image-preview:large","max-video-preview":"max-video-preview:-1"},"canonical":"https:\/\/oglethorpe.edu\/es\/vida-estudiantil\/servicios-de-apoyo\/bienestar-estudiantil\/servicios-sanitarios\/politica-del-tabaco\/","og_locale":"es_ES","og_type":"article","og_title":"Pol\u00edtica del tabaco","og_description":"Conociendo los peligros del consumo de tabaco para consumidores y transe\u00fantes, el campus de la Universidad de ºÚÁÏ³Ô¹ÏÍø aspira a ser un campus Libre de Tabaco.","og_url":"https:\/\/oglethorpe.edu\/es\/vida-estudiantil\/servicios-de-apoyo\/bienestar-estudiantil\/servicios-sanitarios\/politica-del-tabaco\/","og_site_name":"ºÚÁÏ³Ô¹ÏÍø","article_publisher":"https:\/\/www.facebook.com\/oglethorpeuniversity","article_modified_time":"2024-11-27T18:39:48+00:00","og_image":[{"width":2065,"height":2560,"url":"https:\/\/oglethorpe.edu\/wp-content\/uploads\/2024\/10\/Tobacco-Station-Map-scaled.jpg","type":"image\/jpeg"}],"twitter_card":"summary_large_image","twitter_misc":{"Tiempo de lectura":"2 minutos"},"schema":{"@context":"https:\/\/schema.org","@graph":[{"@type":"WebPage","@id":"https:\/\/oglethorpe.edu\/es\/vida-estudiantil\/servicios-de-apoyo\/bienestar-estudiantil\/servicios-sanitarios\/politica-del-tabaco\/","url":"https:\/\/oglethorpe.edu\/es\/vida-estudiantil\/servicios-de-apoyo\/bienestar-estudiantil\/servicios-sanitarios\/politica-del-tabaco\/","name":"Pol\u00edtica del tabaco - ºÚÁÏ³Ô¹ÏÍø","isPartOf":{"@id":"https:\/\/oglethorpe.edu\/es\/#website"},"primaryImageOfPage":{"@id":"https:\/\/oglethorpe.edu\/es\/vida-estudiantil\/servicios-de-apoyo\/bienestar-estudiantil\/servicios-sanitarios\/politica-del-tabaco\/#primaryimage"},"image":{"@id":"https:\/\/oglethorpe.edu\/es\/vida-estudiantil\/servicios-de-apoyo\/bienestar-estudiantil\/servicios-sanitarios\/politica-del-tabaco\/#primaryimage"},"thumbnailUrl":"https:\/\/oglethorpe.edu\/wp-content\/uploads\/2024\/10\/Tobacco-Station-Map-scaled.jpg","datePublished":"2024-08-29T20:22:25+00:00","dateModified":"2024-11-27T18:39:48+00:00","description":"Conociendo los peligros del consumo de tabaco para consumidores y transe\u00fantes, el campus de la Universidad de ºÚÁÏ³Ô¹ÏÍø aspira a ser un campus Libre de Tabaco.","breadcrumb":{"@id":"https:\/\/oglethorpe.edu\/es\/vida-estudiantil\/servicios-de-apoyo\/bienestar-estudiantil\/servicios-sanitarios\/politica-del-tabaco\/#breadcrumb"},"inLanguage":"es","potentialAction":[{"@type":"ReadAction","target":["https:\/\/oglethorpe.edu\/es\/vida-estudiantil\/servicios-de-apoyo\/bienestar-estudiantil\/servicios-sanitarios\/politica-del-tabaco\/"]}]},{"@type":"ImageObject","inLanguage":"es","@id":"https:\/\/oglethorpe.edu\/es\/vida-estudiantil\/servicios-de-apoyo\/bienestar-estudiantil\/servicios-sanitarios\/politica-del-tabaco\/#primaryimage","url":"https:\/\/oglethorpe.edu\/wp-content\/uploads\/2024\/10\/Tobacco-Station-Map-scaled.jpg","contentUrl":"https:\/\/oglethorpe.edu\/wp-content\/uploads\/2024\/10\/Tobacco-Station-Map-scaled.jpg"},{"@type":"BreadcrumbList","@id":"https:\/\/oglethorpe.edu\/es\/vida-estudiantil\/servicios-de-apoyo\/bienestar-estudiantil\/servicios-sanitarios\/politica-del-tabaco\/#breadcrumb","itemListElement":[{"@type":"ListItem","position":1,"name":"Home","item":"https:\/\/oglethorpe.edu\/es\/"},{"@type":"ListItem","position":2,"name":"Vida estudiantil","item":"https:\/\/oglethorpe.edu\/es\/life\/"},{"@type":"ListItem","position":3,"name":"Servicios de Apoyo","item":"https:\/\/oglethorpe.edu\/es\/life\/support\/"},{"@type":"ListItem","position":4,"name":"Bienestar estudiantil","item":"https:\/\/oglethorpe.edu\/es\/life\/support\/wellness\/"},{"@type":"ListItem","position":5,"name":"Servicios sanitarios","item":"https:\/\/oglethorpe.edu\/es\/life\/support\/wellness\/health-services\/"},{"@type":"ListItem","position":6,"name":"Pol\u00edtica del tabaco"}]},{"@type":"WebSite","@id":"https:\/\/oglethorpe.edu\/es\/#website","url":"https:\/\/oglethorpe.edu\/es\/","name":"ºÚÁÏ³Ô¹ÏÍø","description":"","publisher":{"@id":"https:\/\/oglethorpe.edu\/es\/#organization"},"potentialAction":[{"@type":"SearchAction","target":{"@type":"EntryPoint","urlTemplate":"https:\/\/oglethorpe.edu\/es\/?s={search_term_string}"},"query-input":{"@type":"PropertyValueSpecification","valueRequired":true,"valueName":"search_term_string"}}],"inLanguage":"es"},{"@type":"Organization","@id":"https:\/\/oglethorpe.edu\/es\/#organization","name":"ºÚÁÏ³Ô¹ÏÍø","url":"https:\/\/oglethorpe.edu\/es\/","logo":{"@type":"ImageObject","inLanguage":"es","@id":"https:\/\/oglethorpe.edu\/es\/#\/schema\/logo\/image\/","url":"https:\/\/oglethorpe.edu\/wp-content\/uploads\/2024\/02\/oglethorpe-full-logo-new-1-1.png","contentUrl":"https:\/\/oglethorpe.edu\/wp-content\/uploads\/2024\/02\/oglethorpe-full-logo-new-1-1.png","width":1112,"height":492,"caption":"ºÚÁÏ³Ô¹ÏÍø"},"image":{"@id":"https:\/\/oglethorpe.edu\/es\/#\/schema\/logo\/image\/"},"sameAs":["https:\/\/www.facebook.com\/oglethorpeuniversity","https:\/\/instagram.com\/oglethorpeuniv\/","https:\/\/www.linkedin.com\/edu\/school?id=18180&trk=tyah&trkInfo=clickedVerticalschoolclickedEntityId18180idx3-1-12tarId1438180301152tasoglethorpe"]}]}},"_links":{"self":[{"href":"https:\/\/oglethorpe.edu\/es\/wp-json\/wp\/v2\/pages\/78875","targetHints":{"allow":["GET"]}}],"collection":[{"href":"https:\/\/oglethorpe.edu\/es\/wp-json\/wp\/v2\/pages"}],"about":[{"href":"https:\/\/oglethorpe.edu\/es\/wp-json\/wp\/v2\/types\/page"}],"author":[{"embeddable":true,"href":"https:\/\/oglethorpe.edu\/es\/wp-json\/wp\/v2\/users\/4"}],"replies":[{"embeddable":true,"href":"https:\/\/oglethorpe.edu\/es\/wp-json\/wp\/v2\/comments?post=78875"}],"version-history":[{"count":0,"href":"https:\/\/oglethorpe.edu\/es\/wp-json\/wp\/v2\/pages\/78875\/revisions"}],"up":[{"embeddable":true,"href":"https:\/\/oglethorpe.edu\/es\/wp-json\/wp\/v2\/pages\/79043"}],"wp:attachment":[{"href":"https:\/\/oglethorpe.edu\/es\/wp-json\/wp\/v2\/media?parent=78875"}],"wp:term":[{"taxonomy":"page_page-category","embeddable":true,"href":"https:\/\/oglethorpe.edu\/es\/wp-json\/wp\/v2\/page_page-category?post=78875"},{"taxonomy":"page_page-tag","embeddable":true,"href":"https:\/\/oglethorpe.edu\/es\/wp-json\/wp\/v2\/page_page-tag?post=78875"},{"taxonomy":"offered_as","embeddable":true,"href":"https:\/\/oglethorpe.edu\/es\/wp-json\/wp\/v2\/offered_as?post=78875"},{"taxonomy":"program_tags","embeddable":true,"href":"https:\/\/oglethorpe.edu\/es\/wp-json\/wp\/v2\/program_tags?post=78875"},{"taxonomy":"programtypes_page","embeddable":true,"href":"https:\/\/oglethorpe.edu\/es\/wp-json\/wp\/v2\/programtypes_page?post=78875"}],"curies":[{"name":"wp","href":"https:\/\/api.w.org\/{rel}","templated":true}]}}