  {"id":78877,"date":"2024-09-04T16:15:04","date_gmt":"2024-09-04T16:15:04","guid":{"rendered":"https:\/\/oglethorpe.edu\/marketing-y-comunicacion\/promociona-tu-evento-en-el-campus\/"},"modified":"2025-07-14T16:27:51","modified_gmt":"2025-07-14T16:27:51","slug":"promociona-tu-evento-en-el-campus","status":"publish","type":"page","link":"https:\/\/oglethorpe.edu\/es\/acerca-de-la-universidad-de-oglethorpe\/oficinas-y-departamentos\/marketing-y-comunicacion\/promociona-tu-evento-en-el-campus\/","title":{"rendered":"Promociona tu evento en el campus"},"content":{"rendered":"\t\t<div data-elementor-type=\"wp-page\" data-elementor-id=\"78877\" class=\"elementor elementor-78877 elementor-78532\" data-elementor-post-type=\"page\">\n\t\t\t\t\t\t<section data-particle_enable=\"false\" data-particle-mobile-disabled=\"false\" class=\"elementor-section elementor-top-section elementor-element elementor-element-69fb9bec elementor-section-full_width elementor-section-height-default elementor-section-height-default\" data-id=\"69fb9bec\" data-element_type=\"section\" data-e-type=\"section\" data-settings=\"{&quot;background_background&quot;:&quot;classic&quot;}\">\n\t\t\t\t\t\t\t<div class=\"elementor-background-overlay\"><\/div>\n\t\t\t\t\t\t\t<div class=\"elementor-container elementor-column-gap-default\">\n\t\t\t\t\t<div class=\"elementor-column elementor-col-100 elementor-top-column elementor-element elementor-element-30dbfa53\" data-id=\"30dbfa53\" data-element_type=\"column\" data-e-type=\"column\">\n\t\t\t<div class=\"elementor-widget-wrap elementor-element-populated\">\n\t\t\t\t\t\t<section data-particle_enable=\"false\" data-particle-mobile-disabled=\"false\" class=\"elementor-section elementor-inner-section elementor-element elementor-element-2e09eea elementor-section-boxed elementor-section-height-default elementor-section-height-default\" data-id=\"2e09eea\" data-element_type=\"section\" data-e-type=\"section\" data-settings=\"{&quot;background_background&quot;:&quot;classic&quot;}\">\n\t\t\t\t\t\t<div class=\"elementor-container elementor-column-gap-default\">\n\t\t\t\t\t<div class=\"elementor-column elementor-col-100 elementor-inner-column elementor-element elementor-element-57916f0d\" data-id=\"57916f0d\" data-element_type=\"column\" data-e-type=\"column\">\n\t\t\t<div class=\"elementor-widget-wrap elementor-element-populated\">\n\t\t\t\t\t\t<div class=\"elementor-element elementor-element-5d07ff35 banner_heading_new elementor-widget elementor-widget-heading\" data-id=\"5d07ff35\" data-element_type=\"widget\" data-e-type=\"widget\" data-widget_type=\"heading.default\">\n\t\t\t\t<div class=\"elementor-widget-container\">\n\t\t\t\t\t<h1 class=\"elementor-heading-title elementor-size-default\">Pomociona los eventos de tu campus<\/h1>\t\t\t\t<\/div>\n\t\t\t\t<\/div>\n\t\t\t\t\t<\/div>\n\t\t<\/div>\n\t\t\t\t\t<\/div>\n\t\t<\/section>\n\t\t\t\t\t<\/div>\n\t\t<\/div>\n\t\t\t\t\t<\/div>\n\t\t<\/section>\n\t\t\t\t<section data-particle_enable=\"false\" data-particle-mobile-disabled=\"false\" class=\"elementor-section elementor-top-section elementor-element elementor-element-a5ed1f3 elementor-section-boxed elementor-section-height-default elementor-section-height-default\" data-id=\"a5ed1f3\" data-element_type=\"section\" data-e-type=\"section\">\n\t\t\t\t\t\t<div class=\"elementor-container elementor-column-gap-default\">\n\t\t\t\t\t<div class=\"elementor-column elementor-col-100 elementor-top-column elementor-element elementor-element-d4e4a38\" data-id=\"d4e4a38\" data-element_type=\"column\" data-e-type=\"column\">\n\t\t\t<div class=\"elementor-widget-wrap elementor-element-populated\">\n\t\t\t\t\t\t<div class=\"elementor-element elementor-element-10f8780 elementor-widget elementor-widget-shortcode\" data-id=\"10f8780\" data-element_type=\"widget\" data-e-type=\"widget\" data-widget_type=\"shortcode.default\">\n\t\t\t\t<div class=\"elementor-widget-container\">\n\t\t\t\t\t\t\t<div class=\"elementor-shortcode\"><nav aria-label=\"breadcrumbs\">\n            <div class=\"breadcrumb-container theme1\">\n                <ol>\n                                    <\/ol>\n            <\/div>\n        <\/nav>    <script type=\"application\/ld+json\">\n        {\n            \"@context\": \"http:\/\/schema.org\",\n            \"@type\": \"BreadcrumbList\",\n            \"itemListElement\": [\n                            ]\n        }\n    <\/script>\n   \n    <script>\n            <\/script>\n<\/div>\n\t\t\t\t\t\t<\/div>\n\t\t\t\t<\/div>\n\t\t\t\t\t<\/div>\n\t\t<\/div>\n\t\t\t\t\t<\/div>\n\t\t<\/section>\n\t\t\t\t<section data-particle_enable=\"false\" data-particle-mobile-disabled=\"false\" class=\"elementor-section elementor-top-section elementor-element elementor-element-c2235fd elementor-section-boxed elementor-section-height-default elementor-section-height-default\" data-id=\"c2235fd\" data-element_type=\"section\" data-e-type=\"section\">\n\t\t\t\t\t\t<div class=\"elementor-container elementor-column-gap-default\">\n\t\t\t\t\t<div class=\"elementor-column elementor-col-100 elementor-top-column elementor-element elementor-element-56ee2aa\" data-id=\"56ee2aa\" data-element_type=\"column\" data-e-type=\"column\">\n\t\t\t<div class=\"elementor-widget-wrap elementor-element-populated\">\n\t\t\t\t\t\t<div class=\"elementor-element elementor-element-2e694f3 elementor-widget elementor-widget-text-editor\" data-id=\"2e694f3\" data-element_type=\"widget\" data-e-type=\"widget\" data-widget_type=\"text-editor.default\">\n\t\t\t\t<div class=\"elementor-widget-container\">\n\t\t\t\t\t\t\t\t\t<h2>Promociona en Internet<\/h2><ul><li>Env\u00eda tus eventos en <a href=\"https:\/\/connect.oglethorpe.edu\/events\" target=\"_blank\" rel=\"noopener\">OUConnect<\/a> para que se incluyan en el calendario online de ºÚÁÏ³Ô¹ÏÍø. Esto garantiza que tu evento se incluir\u00e1 en el correo electr\u00f3nico semanal de eventos \u00abEsta semana en ºÚÁÏ³Ô¹ÏÍø\u00bb y se promocionar\u00e1 en las cuentas sociales oficiales de ºÚÁÏ³Ô¹ÏÍø, si procede. \u00bfNecesitas ayuda? Los estudiantes pueden ponerse en contacto con <a href=\"mailto:aradosta@oglethorpe.edu\">Ansley Radosta<\/a>. Profesores\/personal, ponte en contacto con <a href=\"mailto:gvutter@oglethorpe.edu\">Grant Utter<\/a>. <em>Nota: Las reservas de espacios para eventos y las solicitudes de catering deben completarse a trav\u00e9s de<a href=\"https:\/\/25live.collegenet.com\/pro\/oglethorpe#!\/home\/dash\" target=\"_blank\" rel=\"noopener\"> 25 Live<\/a>, gestionado por Eventos Universitarios.<\/em><\/li><li>Consulta el <a href=\"https:\/\/oglethorpe.edu\/es\/marketing-y-comunicacion\/redes-sociales\/\" target=\"_blank\" rel=\"noopener noreferrer\">directorio de medios sociales de la OU<\/a>. Cuando promociones tu acto en las redes sociales, etiqueta a los grupos del campus implicados o a aquellos que puedan estar interesados en tu evento (incluida la cuenta de la Universidad de ºÚÁÏ³Ô¹ÏÍø).<\/li><li>\u00bfTiene tu evento una historia interesante detr\u00e1s? Env\u00eda un correo electr\u00f3nico a <a href=\"mailto:universitycommunications@oglethorpe.edu\">Marketing y Comunicaciones<\/a> con suficiente antelaci\u00f3n y prop\u00f3n tu idea para que la tengamos en cuenta para nuestras <a href=\"https:\/\/oglethorpe.edu\/es\/noticias\/\" target=\"_blank\" rel=\"noopener noreferrer\">Noticias.<\/a><\/li><\/ul><h2>Corre la voz en el campus<\/h2><ul><li>Anuncia tu evento en <strong>las pantallas de TV del TLCC<\/strong> enviando material gr\u00e1fico a <a href=\"mailto:universitycommunications@oglethorpe.edu\">universitycommunications@oglethorpe.edu.<\/a> <strong>El quiosco y las taquillas para viajeros son los \u00fanicos espacios aprobados para folletos f\u00edsicos en el TLCC. <\/strong>(Consejo de dise\u00f1o: la configuraci\u00f3n de pantalla panor\u00e1mica de Power Point crear\u00e1 una diapositiva con las dimensiones correctas para las pantallas de TV. S\u00f3lo tienes que guardarla como .jpg para poder enviarla al formulario).<\/li><li><strong>Cuelga una pancarta<\/strong> en el TLCC durante un m\u00e1ximo de 3 d\u00edas laborables. Las pancartas no pueden exceder el tama\u00f1o de una s\u00e1bana doble y <strong>deben ser aprobadas<\/strong> por un miembro de la oficina de Vida en el Campus, situada en el Student Commons.<\/li><li><strong>Considera la posibilidad de poner una mesa<\/strong> durante el almuerzo y la cena en TLCC. <a href=\"https:\/\/25live.collegenet.com\/pro\/oglethorpe\">Env\u00eda tu solicitud para reservar una mesa<\/a>.<\/li><li>Imprime y <strong>cuelga carteles en los tablones de anuncios<\/strong> del campus.<ul><li>\u00bfUsas el logotipo de la OU?<a href=\"https:\/\/oglethorpe.edu\/es\/marketing-y-comunicacion\/recursos-y-media-kit\/\"> Revisa las normas de la marca ºÚÁÏ³Ô¹ÏÍø y descarga los archivos del logotipo<\/a>.<\/li><li>\u00a1<a href=\"https:\/\/www.canva.com\/\" target=\"_blank\" rel=\"noopener\">Canva<\/a> es un gran recurso de dise\u00f1o en l\u00ednea!<\/li><li>O consigue una recomendaci\u00f3n de un dise\u00f1ador gr\u00e1fico profesional que haya realizado trabajos oficiales para la Universidad de ºÚÁÏ³Ô¹ÏÍø. Env\u00eda un correo electr\u00f3nico a <a href=\"mailto:universitycommunications@oglethorpe.edu\">Marketing y Comunicaciones<\/a> para obtener m\u00e1s informaci\u00f3n. Prep\u00e1rate para gastar entre 100 y 200 d\u00f3lares en el dise\u00f1o de un cartel.<\/li><li>Si quieres carteles de 11&#215;17 impresos profesionalmente, nuestra imprenta preferida es <a href=\"http:\/\/www.trinitypress.com\/companyinfo\/departments.html\">Trinity Press<\/a>, con la que puedes ponerte en contacto en <a href=\"mailto:sales@trinitypress.com\">sales@trinitypress.com. <\/a>Tendr\u00e1s que pagar unos $40 por 50 carteles.<\/li><li>Cuelga tus carteles en los tablones de anuncios de casi todos los edificios del campus. <strong>Nota<\/strong>: Los folletos o carteles pegados con cinta adhesiva en puertas o ventanas de cualquier lugar del campus ser\u00e1n retirados.<\/li><li>Lleva copias de tus folletos a Student Commons, y se distribuir\u00e1n a los AR para que los coloquen en las residencias.<\/li><\/ul><\/li><\/ul><h3>\u00bfTu evento est\u00e1 abierto al p\u00fablico en general?<\/h3><ul><li>Si tu evento est\u00e1 abierto al p\u00fablico, genera inter\u00e9s trabajando con Comunicaciones de la Universidad para presentarlo a <strong>los calendarios gratuitos de actos de los medios de comunicaci\u00f3n locales<\/strong>, como Access Atlanta. Si est\u00e1s interesado, ponte en contacto con <a href=\"mailto:universitycommunications@oglethorpe.edu\">Marketing y Comunicaciones<\/a>, ya que trabajamos a menudo con estos calendarios y podemos ayudarte. Aseg\u00farate de ponerte en contacto con nosotros al menos 2-3 semanas antes de tu acto.<\/li><\/ul>\t\t\t\t\t\t\t\t<\/div>\n\t\t\t\t<\/div>\n\t\t\t\t<section data-particle_enable=\"false\" data-particle-mobile-disabled=\"false\" class=\"elementor-section elementor-inner-section elementor-element elementor-element-23172d9 elementor-section-boxed elementor-section-height-default elementor-section-height-default\" data-id=\"23172d9\" data-element_type=\"section\" data-e-type=\"section\">\n\t\t\t\t\t\t<div class=\"elementor-container elementor-column-gap-default\">\n\t\t\t\t\t<div class=\"elementor-column elementor-col-50 elementor-inner-column elementor-element elementor-element-97121c2\" data-id=\"97121c2\" data-element_type=\"column\" data-e-type=\"column\">\n\t\t\t<div class=\"elementor-widget-wrap elementor-element-populated\">\n\t\t\t\t\t\t<div class=\"elementor-element elementor-element-116319d elementor-widget elementor-widget-text-editor\" data-id=\"116319d\" data-element_type=\"widget\" data-e-type=\"widget\" data-widget_type=\"text-editor.default\">\n\t\t\t\t<div class=\"elementor-widget-container\">\n\t\t\t\t\t\t\t\t\t<h4>\u00bfPreguntas sobre la promoci\u00f3n de tu evento?<\/h4>\n<p><a href=\"https:\/\/forms.office.com\/r\/1rNqvfDqw8\" target=\"_blank\" rel=\"noopener\">Contacta con Marketing y Comunicaciones.<\/a><\/p>\n\t\t\t\t\t\t\t\t<\/div>\n\t\t\t\t<\/div>\n\t\t\t\t\t<\/div>\n\t\t<\/div>\n\t\t\t\t<div class=\"elementor-column elementor-col-50 elementor-inner-column elementor-element elementor-element-83b7b05\" data-id=\"83b7b05\" data-element_type=\"column\" data-e-type=\"column\">\n\t\t\t<div class=\"elementor-widget-wrap elementor-element-populated\">\n\t\t\t\t\t\t<div class=\"elementor-element elementor-element-c0fffc0 elementor-widget elementor-widget-text-editor\" data-id=\"c0fffc0\" data-element_type=\"widget\" data-e-type=\"widget\" data-widget_type=\"text-editor.default\">\n\t\t\t\t<div class=\"elementor-widget-container\">\n\t\t\t\t\t\t\t\t\t<h4>\u00bfTienes preguntas sobre c\u00f3mo organizar un evento en el campus?  <\/h4>\n<p><a href=\"mailto:specialevents@oglethorpe.edu\">Contacta con Eventos Universitarios.<\/a><\/p>\t\t\t\t\t\t\t\t<\/div>\n\t\t\t\t<\/div>\n\t\t\t\t\t<\/div>\n\t\t<\/div>\n\t\t\t\t\t<\/div>\n\t\t<\/section>\n\t\t\t\t\t<\/div>\n\t\t<\/div>\n\t\t\t\t\t<\/div>\n\t\t<\/section>\n\t\t\t\t<\/div>\n\t\t","protected":false},"excerpt":{"rendered":"<p>Pomociona los eventos de tu campus Promociona en Internet Env\u00eda tus eventos en OUConnect para que se incluyan en el [&hellip;]<\/p>\n","protected":false},"author":4,"featured_media":0,"parent":78871,"menu_order":0,"comment_status":"closed","ping_status":"closed","template":"","meta":{"_acf_changed":false,"site-sidebar-layout":"no-sidebar","site-content-layout":"","ast-site-content-layout":"full-width-container","site-content-style":"default","site-sidebar-style":"default","ast-global-header-display":"","ast-banner-title-visibility":"","ast-main-header-display":"","ast-hfb-above-header-display":"","ast-hfb-below-header-display":"","ast-hfb-mobile-header-display":"","site-post-title":"disabled","ast-breadcrumbs-content":"","ast-featured-img":"disabled","footer-sml-layout":"","theme-transparent-header-meta":"","adv-header-id-meta":"","stick-header-meta":"","header-above-stick-meta":"","header-main-stick-meta":"","header-below-stick-meta":"","astra-migrate-meta-layouts":"default","ast-page-background-enabled":"default","ast-page-background-meta":{"desktop":{"background-color":"var(--ast-global-color-4)","background-image":"","background-repeat":"repeat","background-position":"center center","background-size":"auto","background-attachment":"scroll","background-type":"","background-media":"","overlay-type":"","overlay-color":"","overlay-opacity":"","overlay-gradient":""},"tablet":{"background-color":"","background-image":"","background-repeat":"repeat","background-position":"center center","background-size":"auto","background-attachment":"scroll","background-type":"","background-media":"","overlay-type":"","overlay-color":"","overlay-opacity":"","overlay-gradient":""},"mobile":{"background-color":"","background-image":"","background-repeat":"repeat","background-position":"center center","background-size":"auto","background-attachment":"scroll","background-type":"","background-media":"","overlay-type":"","overlay-color":"","overlay-opacity":"","overlay-gradient":""}},"ast-content-background-meta":{"desktop":{"background-color":"var(--ast-global-color-5)","background-image":"","background-repeat":"repeat","background-position":"center center","background-size":"auto","background-attachment":"scroll","background-type":"","background-media":"","overlay-type":"","overlay-color":"","overlay-opacity":"","overlay-gradient":""},"tablet":{"background-color":"var(--ast-global-color-5)","background-image":"","background-repeat":"repeat","background-position":"center center","background-size":"auto","background-attachment":"scroll","background-type":"","background-media":"","overlay-type":"","overlay-color":"","overlay-opacity":"","overlay-gradient":""},"mobile":{"background-color":"var(--ast-global-color-5)","background-image":"","background-repeat":"repeat","background-position":"center center","background-size":"auto","background-attachment":"scroll","background-type":"","background-media":"","overlay-type":"","overlay-color":"","overlay-opacity":"","overlay-gradient":""}},"footnotes":""},"page_page-category":[],"page_page-tag":[],"offered_as":[],"program_tags":[],"programtypes_page":[],"class_list":["post-78877","page","type-page","status-publish","hentry"],"acf":[],"yoast_head":"<!-- This site is optimized with the Yoast SEO Premium plugin v27.2 (Yoast SEO v27.2) - https:\/\/yoast.com\/product\/yoast-seo-premium-wordpress\/ -->\n<title>Promociona tu evento en el campus - ºÚÁÏ³Ô¹ÏÍø<\/title>\n<meta name=\"description\" content=\"\u00bfBuscas recursos e ideas para promocionar tu acto en el campus? Te ofrecemos estos consejos y contactos.\" \/>\n<meta name=\"robots\" content=\"index, follow, max-snippet:-1, max-image-preview:large, max-video-preview:-1\" \/>\n<link rel=\"canonical\" href=\"https:\/\/oglethorpe.edu\/es\/acerca-de-la-universidad-de-oglethorpe\/oficinas-y-departamentos\/marketing-y-comunicacion\/promociona-tu-evento-en-el-campus\/\" \/>\n<meta property=\"og:locale\" content=\"es_ES\" \/>\n<meta property=\"og:type\" content=\"article\" \/>\n<meta property=\"og:title\" content=\"Promociona tu evento en el campus\" \/>\n<meta property=\"og:description\" content=\"\u00bfBuscas recursos e ideas para promocionar tu acto en el campus? Te ofrecemos estos consejos y contactos.\" \/>\n<meta property=\"og:url\" content=\"https:\/\/oglethorpe.edu\/es\/acerca-de-la-universidad-de-oglethorpe\/oficinas-y-departamentos\/marketing-y-comunicacion\/promociona-tu-evento-en-el-campus\/\" \/>\n<meta property=\"og:site_name\" content=\"ºÚÁÏ³Ô¹ÏÍø\" \/>\n<meta property=\"article:publisher\" content=\"https:\/\/www.facebook.com\/oglethorpeuniversity\" \/>\n<meta property=\"article:modified_time\" content=\"2025-07-14T16:27:51+00:00\" \/>\n<meta name=\"twitter:card\" content=\"summary_large_image\" \/>\n<meta name=\"twitter:label1\" content=\"Tiempo de lectura\" \/>\n\t<meta name=\"twitter:data1\" content=\"3 minutos\" \/>\n<script type=\"application\/ld+json\" class=\"yoast-schema-graph\">{\"@context\":\"https:\/\/schema.org\",\"@graph\":[{\"@type\":\"WebPage\",\"@id\":\"https:\/\/oglethorpe.edu\/es\/acerca-de-la-universidad-de-oglethorpe\/oficinas-y-departamentos\/marketing-y-comunicacion\/promociona-tu-evento-en-el-campus\/\",\"url\":\"https:\/\/oglethorpe.edu\/es\/acerca-de-la-universidad-de-oglethorpe\/oficinas-y-departamentos\/marketing-y-comunicacion\/promociona-tu-evento-en-el-campus\/\",\"name\":\"Promociona tu evento en el campus - ºÚÁÏ³Ô¹ÏÍø\",\"isPartOf\":{\"@id\":\"https:\/\/oglethorpe.edu\/es\/#website\"},\"datePublished\":\"2024-09-04T16:15:04+00:00\",\"dateModified\":\"2025-07-14T16:27:51+00:00\",\"description\":\"\u00bfBuscas recursos e ideas para promocionar tu acto en el campus? Te ofrecemos estos consejos y contactos.\",\"breadcrumb\":{\"@id\":\"https:\/\/oglethorpe.edu\/es\/acerca-de-la-universidad-de-oglethorpe\/oficinas-y-departamentos\/marketing-y-comunicacion\/promociona-tu-evento-en-el-campus\/#breadcrumb\"},\"inLanguage\":\"es\",\"potentialAction\":[{\"@type\":\"ReadAction\",\"target\":[\"https:\/\/oglethorpe.edu\/es\/acerca-de-la-universidad-de-oglethorpe\/oficinas-y-departamentos\/marketing-y-comunicacion\/promociona-tu-evento-en-el-campus\/\"]}]},{\"@type\":\"BreadcrumbList\",\"@id\":\"https:\/\/oglethorpe.edu\/es\/acerca-de-la-universidad-de-oglethorpe\/oficinas-y-departamentos\/marketing-y-comunicacion\/promociona-tu-evento-en-el-campus\/#breadcrumb\",\"itemListElement\":[{\"@type\":\"ListItem\",\"position\":1,\"name\":\"Home\",\"item\":\"https:\/\/oglethorpe.edu\/es\/\"},{\"@type\":\"ListItem\",\"position\":2,\"name\":\"Acerca de la Universidad de ºÚÁÏ³Ô¹ÏÍø\",\"item\":\"https:\/\/oglethorpe.edu\/es\/about\/\"},{\"@type\":\"ListItem\",\"position\":3,\"name\":\"Oficinas y Departamentos\",\"item\":\"https:\/\/oglethorpe.edu\/es\/about\/offices-departments\/\"},{\"@type\":\"ListItem\",\"position\":4,\"name\":\"Marketing y Comunicaci\u00f3n\",\"item\":\"https:\/\/oglethorpe.edu\/es\/about\/offices-departments\/marketing-and-communications\/\"},{\"@type\":\"ListItem\",\"position\":5,\"name\":\"Promociona tu evento en el campus\"}]},{\"@type\":\"WebSite\",\"@id\":\"https:\/\/oglethorpe.edu\/es\/#website\",\"url\":\"https:\/\/oglethorpe.edu\/es\/\",\"name\":\"ºÚÁÏ³Ô¹ÏÍø\",\"description\":\"\",\"publisher\":{\"@id\":\"https:\/\/oglethorpe.edu\/es\/#organization\"},\"potentialAction\":[{\"@type\":\"SearchAction\",\"target\":{\"@type\":\"EntryPoint\",\"urlTemplate\":\"https:\/\/oglethorpe.edu\/es\/?s={search_term_string}\"},\"query-input\":{\"@type\":\"PropertyValueSpecification\",\"valueRequired\":true,\"valueName\":\"search_term_string\"}}],\"inLanguage\":\"es\"},{\"@type\":\"Organization\",\"@id\":\"https:\/\/oglethorpe.edu\/es\/#organization\",\"name\":\"ºÚÁÏ³Ô¹ÏÍø\",\"url\":\"https:\/\/oglethorpe.edu\/es\/\",\"logo\":{\"@type\":\"ImageObject\",\"inLanguage\":\"es\",\"@id\":\"https:\/\/oglethorpe.edu\/es\/#\/schema\/logo\/image\/\",\"url\":\"https:\/\/oglethorpe.edu\/wp-content\/uploads\/2024\/02\/oglethorpe-full-logo-new-1-1.png\",\"contentUrl\":\"https:\/\/oglethorpe.edu\/wp-content\/uploads\/2024\/02\/oglethorpe-full-logo-new-1-1.png\",\"width\":1112,\"height\":492,\"caption\":\"ºÚÁÏ³Ô¹ÏÍø\"},\"image\":{\"@id\":\"https:\/\/oglethorpe.edu\/es\/#\/schema\/logo\/image\/\"},\"sameAs\":[\"https:\/\/www.facebook.com\/oglethorpeuniversity\",\"https:\/\/instagram.com\/oglethorpeuniv\/\",\"https:\/\/www.linkedin.com\/edu\/school?id=18180&trk=tyah&trkInfo=clickedVerticalschoolclickedEntityId18180idx3-1-12tarId1438180301152tasoglethorpe\"]}]}<\/script>\n<!-- \/ Yoast SEO Premium plugin. -->","yoast_head_json":{"title":"Promociona tu evento en el campus - ºÚÁÏ³Ô¹ÏÍø","description":"\u00bfBuscas recursos e ideas para promocionar tu acto en el campus? Te ofrecemos estos consejos y contactos.","robots":{"index":"index","follow":"follow","max-snippet":"max-snippet:-1","max-image-preview":"max-image-preview:large","max-video-preview":"max-video-preview:-1"},"canonical":"https:\/\/oglethorpe.edu\/es\/acerca-de-la-universidad-de-oglethorpe\/oficinas-y-departamentos\/marketing-y-comunicacion\/promociona-tu-evento-en-el-campus\/","og_locale":"es_ES","og_type":"article","og_title":"Promociona tu evento en el campus","og_description":"\u00bfBuscas recursos e ideas para promocionar tu acto en el campus? Te ofrecemos estos consejos y contactos.","og_url":"https:\/\/oglethorpe.edu\/es\/acerca-de-la-universidad-de-oglethorpe\/oficinas-y-departamentos\/marketing-y-comunicacion\/promociona-tu-evento-en-el-campus\/","og_site_name":"ºÚÁÏ³Ô¹ÏÍø","article_publisher":"https:\/\/www.facebook.com\/oglethorpeuniversity","article_modified_time":"2025-07-14T16:27:51+00:00","twitter_card":"summary_large_image","twitter_misc":{"Tiempo de lectura":"3 minutos"},"schema":{"@context":"https:\/\/schema.org","@graph":[{"@type":"WebPage","@id":"https:\/\/oglethorpe.edu\/es\/acerca-de-la-universidad-de-oglethorpe\/oficinas-y-departamentos\/marketing-y-comunicacion\/promociona-tu-evento-en-el-campus\/","url":"https:\/\/oglethorpe.edu\/es\/acerca-de-la-universidad-de-oglethorpe\/oficinas-y-departamentos\/marketing-y-comunicacion\/promociona-tu-evento-en-el-campus\/","name":"Promociona tu evento en el campus - ºÚÁÏ³Ô¹ÏÍø","isPartOf":{"@id":"https:\/\/oglethorpe.edu\/es\/#website"},"datePublished":"2024-09-04T16:15:04+00:00","dateModified":"2025-07-14T16:27:51+00:00","description":"\u00bfBuscas recursos e ideas para promocionar tu acto en el campus? Te ofrecemos estos consejos y contactos.","breadcrumb":{"@id":"https:\/\/oglethorpe.edu\/es\/acerca-de-la-universidad-de-oglethorpe\/oficinas-y-departamentos\/marketing-y-comunicacion\/promociona-tu-evento-en-el-campus\/#breadcrumb"},"inLanguage":"es","potentialAction":[{"@type":"ReadAction","target":["https:\/\/oglethorpe.edu\/es\/acerca-de-la-universidad-de-oglethorpe\/oficinas-y-departamentos\/marketing-y-comunicacion\/promociona-tu-evento-en-el-campus\/"]}]},{"@type":"BreadcrumbList","@id":"https:\/\/oglethorpe.edu\/es\/acerca-de-la-universidad-de-oglethorpe\/oficinas-y-departamentos\/marketing-y-comunicacion\/promociona-tu-evento-en-el-campus\/#breadcrumb","itemListElement":[{"@type":"ListItem","position":1,"name":"Home","item":"https:\/\/oglethorpe.edu\/es\/"},{"@type":"ListItem","position":2,"name":"Acerca de la Universidad de ºÚÁÏ³Ô¹ÏÍø","item":"https:\/\/oglethorpe.edu\/es\/about\/"},{"@type":"ListItem","position":3,"name":"Oficinas y Departamentos","item":"https:\/\/oglethorpe.edu\/es\/about\/offices-departments\/"},{"@type":"ListItem","position":4,"name":"Marketing y Comunicaci\u00f3n","item":"https:\/\/oglethorpe.edu\/es\/about\/offices-departments\/marketing-and-communications\/"},{"@type":"ListItem","position":5,"name":"Promociona tu evento en el campus"}]},{"@type":"WebSite","@id":"https:\/\/oglethorpe.edu\/es\/#website","url":"https:\/\/oglethorpe.edu\/es\/","name":"ºÚÁÏ³Ô¹ÏÍø","description":"","publisher":{"@id":"https:\/\/oglethorpe.edu\/es\/#organization"},"potentialAction":[{"@type":"SearchAction","target":{"@type":"EntryPoint","urlTemplate":"https:\/\/oglethorpe.edu\/es\/?s={search_term_string}"},"query-input":{"@type":"PropertyValueSpecification","valueRequired":true,"valueName":"search_term_string"}}],"inLanguage":"es"},{"@type":"Organization","@id":"https:\/\/oglethorpe.edu\/es\/#organization","name":"ºÚÁÏ³Ô¹ÏÍø","url":"https:\/\/oglethorpe.edu\/es\/","logo":{"@type":"ImageObject","inLanguage":"es","@id":"https:\/\/oglethorpe.edu\/es\/#\/schema\/logo\/image\/","url":"https:\/\/oglethorpe.edu\/wp-content\/uploads\/2024\/02\/oglethorpe-full-logo-new-1-1.png","contentUrl":"https:\/\/oglethorpe.edu\/wp-content\/uploads\/2024\/02\/oglethorpe-full-logo-new-1-1.png","width":1112,"height":492,"caption":"ºÚÁÏ³Ô¹ÏÍø"},"image":{"@id":"https:\/\/oglethorpe.edu\/es\/#\/schema\/logo\/image\/"},"sameAs":["https:\/\/www.facebook.com\/oglethorpeuniversity","https:\/\/instagram.com\/oglethorpeuniv\/","https:\/\/www.linkedin.com\/edu\/school?id=18180&trk=tyah&trkInfo=clickedVerticalschoolclickedEntityId18180idx3-1-12tarId1438180301152tasoglethorpe"]}]}},"_links":{"self":[{"href":"https:\/\/oglethorpe.edu\/es\/wp-json\/wp\/v2\/pages\/78877","targetHints":{"allow":["GET"]}}],"collection":[{"href":"https:\/\/oglethorpe.edu\/es\/wp-json\/wp\/v2\/pages"}],"about":[{"href":"https:\/\/oglethorpe.edu\/es\/wp-json\/wp\/v2\/types\/page"}],"author":[{"embeddable":true,"href":"https:\/\/oglethorpe.edu\/es\/wp-json\/wp\/v2\/users\/4"}],"replies":[{"embeddable":true,"href":"https:\/\/oglethorpe.edu\/es\/wp-json\/wp\/v2\/comments?post=78877"}],"version-history":[{"count":0,"href":"https:\/\/oglethorpe.edu\/es\/wp-json\/wp\/v2\/pages\/78877\/revisions"}],"up":[{"embeddable":true,"href":"https:\/\/oglethorpe.edu\/es\/wp-json\/wp\/v2\/pages\/78871"}],"wp:attachment":[{"href":"https:\/\/oglethorpe.edu\/es\/wp-json\/wp\/v2\/media?parent=78877"}],"wp:term":[{"taxonomy":"page_page-category","embeddable":true,"href":"https:\/\/oglethorpe.edu\/es\/wp-json\/wp\/v2\/page_page-category?post=78877"},{"taxonomy":"page_page-tag","embeddable":true,"href":"https:\/\/oglethorpe.edu\/es\/wp-json\/wp\/v2\/page_page-tag?post=78877"},{"taxonomy":"offered_as","embeddable":true,"href":"https:\/\/oglethorpe.edu\/es\/wp-json\/wp\/v2\/offered_as?post=78877"},{"taxonomy":"program_tags","embeddable":true,"href":"https:\/\/oglethorpe.edu\/es\/wp-json\/wp\/v2\/program_tags?post=78877"},{"taxonomy":"programtypes_page","embeddable":true,"href":"https:\/\/oglethorpe.edu\/es\/wp-json\/wp\/v2\/programtypes_page?post=78877"}],"curies":[{"name":"wp","href":"https:\/\/api.w.org\/{rel}","templated":true}]}}