  {"id":78879,"date":"2024-09-04T20:41:51","date_gmt":"2024-09-04T20:41:51","guid":{"rendered":"https:\/\/oglethorpe.edu\/politicas-e-informacion-al-consumidor\/"},"modified":"2024-12-05T17:52:56","modified_gmt":"2024-12-05T17:52:56","slug":"politicas-e-informacion-al-consumidor","status":"publish","type":"page","link":"https:\/\/oglethorpe.edu\/es\/acerca-de-la-universidad-de-oglethorpe\/politicas-e-informacion-al-consumidor\/","title":{"rendered":"Pol\u00edticas e informaci\u00f3n al consumidor"},"content":{"rendered":"\t\t<div data-elementor-type=\"wp-page\" data-elementor-id=\"78879\" class=\"elementor elementor-78879 elementor-78604\" data-elementor-post-type=\"page\">\n\t\t\t\t\t\t<section data-particle_enable=\"false\" data-particle-mobile-disabled=\"false\" class=\"elementor-section elementor-top-section elementor-element elementor-element-211b87b elementor-section-boxed elementor-section-height-default elementor-section-height-default\" data-id=\"211b87b\" data-element_type=\"section\" data-e-type=\"section\" data-settings=\"{&quot;background_background&quot;:&quot;classic&quot;}\">\n\t\t\t\t\t\t\t<div class=\"elementor-background-overlay\"><\/div>\n\t\t\t\t\t\t\t<div class=\"elementor-container elementor-column-gap-default\">\n\t\t\t\t\t<div class=\"elementor-column elementor-col-100 elementor-top-column elementor-element elementor-element-9381f17\" data-id=\"9381f17\" data-element_type=\"column\" data-e-type=\"column\">\n\t\t\t<div class=\"elementor-widget-wrap elementor-element-populated\">\n\t\t\t\t\t\t<section data-particle_enable=\"false\" data-particle-mobile-disabled=\"false\" class=\"elementor-section elementor-inner-section elementor-element elementor-element-133d6f4 elementor-section-boxed elementor-section-height-default elementor-section-height-default\" data-id=\"133d6f4\" data-element_type=\"section\" data-e-type=\"section\">\n\t\t\t\t\t\t<div class=\"elementor-container elementor-column-gap-default\">\n\t\t\t\t\t<div class=\"elementor-column elementor-col-100 elementor-inner-column elementor-element elementor-element-9bc9f23\" data-id=\"9bc9f23\" data-element_type=\"column\" data-e-type=\"column\">\n\t\t\t<div class=\"elementor-widget-wrap elementor-element-populated\">\n\t\t\t\t\t\t<div class=\"elementor-element elementor-element-477d819 elementor-widget elementor-widget-heading\" data-id=\"477d819\" data-element_type=\"widget\" data-e-type=\"widget\" data-widget_type=\"heading.default\">\n\t\t\t\t<div class=\"elementor-widget-container\">\n\t\t\t\t\t<h1 class=\"elementor-heading-title elementor-size-default\">Pol\u00edticas e informaci\u00f3n al consumidor<\/h1>\t\t\t\t<\/div>\n\t\t\t\t<\/div>\n\t\t\t\t\t<\/div>\n\t\t<\/div>\n\t\t\t\t\t<\/div>\n\t\t<\/section>\n\t\t\t\t\t<\/div>\n\t\t<\/div>\n\t\t\t\t\t<\/div>\n\t\t<\/section>\n\t\t\t\t<section data-particle_enable=\"false\" data-particle-mobile-disabled=\"false\" class=\"elementor-section elementor-top-section elementor-element elementor-element-d0610a9 elementor-section-boxed elementor-section-height-default elementor-section-height-default\" data-id=\"d0610a9\" data-element_type=\"section\" data-e-type=\"section\">\n\t\t\t\t\t\t<div class=\"elementor-container elementor-column-gap-default\">\n\t\t\t\t\t<div class=\"elementor-column elementor-col-100 elementor-top-column elementor-element elementor-element-485efee\" data-id=\"485efee\" data-element_type=\"column\" data-e-type=\"column\">\n\t\t\t<div class=\"elementor-widget-wrap elementor-element-populated\">\n\t\t\t\t\t\t<div class=\"elementor-element elementor-element-6371dca elementor-widget elementor-widget-shortcode\" data-id=\"6371dca\" data-element_type=\"widget\" data-e-type=\"widget\" data-widget_type=\"shortcode.default\">\n\t\t\t\t<div class=\"elementor-widget-container\">\n\t\t\t\t\t\t\t<div class=\"elementor-shortcode\"><nav aria-label=\"breadcrumbs\">\n            <div class=\"breadcrumb-container theme1\">\n                <ol>\n                                    <\/ol>\n            <\/div>\n        <\/nav>    <script type=\"application\/ld+json\">\n        {\n            \"@context\": \"http:\/\/schema.org\",\n            \"@type\": \"BreadcrumbList\",\n            \"itemListElement\": [\n                            ]\n        }\n    <\/script>\n   \n    <script>\n            <\/script>\n<\/div>\n\t\t\t\t\t\t<\/div>\n\t\t\t\t<\/div>\n\t\t\t\t\t<\/div>\n\t\t<\/div>\n\t\t\t\t\t<\/div>\n\t\t<\/section>\n\t\t\t\t<section data-particle_enable=\"false\" data-particle-mobile-disabled=\"false\" class=\"elementor-section elementor-top-section elementor-element elementor-element-91022b3 elementor-section-boxed elementor-section-height-default elementor-section-height-default\" data-id=\"91022b3\" data-element_type=\"section\" data-e-type=\"section\">\n\t\t\t\t\t\t<div class=\"elementor-container elementor-column-gap-default\">\n\t\t\t\t\t<div class=\"elementor-column elementor-col-100 elementor-top-column elementor-element elementor-element-8a5c018\" data-id=\"8a5c018\" data-element_type=\"column\" data-e-type=\"column\">\n\t\t\t<div class=\"elementor-widget-wrap elementor-element-populated\">\n\t\t\t\t\t\t<div class=\"elementor-element elementor-element-742b6fe elementor-widget elementor-widget-text-editor\" data-id=\"742b6fe\" data-element_type=\"widget\" data-e-type=\"widget\" data-widget_type=\"text-editor.default\">\n\t\t\t\t<div class=\"elementor-widget-container\">\n\t\t\t\t\t\t\t\t\t<h2>Divulgaciones de la Ley de Oportunidades de Educaci\u00f3n Superior de la Universidad de ºÚÁÏ³Ô¹ÏÍø<\/h2><p>Las leyes federales obligan a la Universidad de ºÚÁÏ³Ô¹ÏÍø a revelar cierta informaci\u00f3n a sus miembros, como estudiantes, empleados y padres.<\/p><ul><li><a href=\"https:\/\/hub.oglethorpe.edu\/financial-aid\/\">Aviso de disponibilidad de informaci\u00f3n institucional y de ayuda financiera<\/a><\/li><li><a href=\"https:\/\/hub.oglethorpe.edu\/financial-aid\/\">Informaci\u00f3n de contacto para asistencia en la obtenci\u00f3n de informaci\u00f3n institucional o de ayuda financiera<\/a><\/li><\/ul><h3>Informaci\u00f3n institucional general<\/h3><ul><li><a href=\"https:\/\/bulletin.oglethorpe.edu\/3-institutional-policies-procedures-requirements\/3-8-family-educational-rights-privacy-act-ferpa\/\">Privacidad de los expedientes acad\u00e9micos &#8212; Ley de Derechos Educativos y Privacidad de la Familia (FERPA) <\/a><\/li><li><a href=\"https:\/\/success.oglethorpe.edu\/accessibility-services\/\">Instalaciones y servicios para estudiantes con discapacidad <\/a><\/li><li><a href=\"https:\/\/ir.oglethorpe.edu\/ou-student-profile\/\">Diversidad e inclusi\u00f3n<\/a><\/li><li><a href=\"https:\/\/nces.ed.gov\/collegenavigator\/?q=oglethorpe&amp;s=all&amp;id=140696#enrolmt\">Estad\u00edsticas de diversidad estudiantil<\/a><\/li><li><a href=\"http:\/\/hub.oglethorpe.edu\/tuition-fees\/\">Precio de Asistencia<\/a><\/li><li><a href=\"https:\/\/oglethorpe.edu\/admission\/cost-calculator\/\">Calculadora del precio neto<\/a><\/li><li><a href=\"https:\/\/bulletin.oglethorpe.edu\/5-financial-financial-aid-information\/\">Pol\u00edticas financieras<\/a><\/li><li><a href=\"https:\/\/hub.oglethorpe.edu\/billing-payments\/withdrawals-refunds\/\">Pol\u00edtica de devoluciones<\/a><\/li><li><a href=\"https:\/\/hub.oglethorpe.edu\/billing-payments\/withdrawals-refunds\/\">Baja en el Colegio<\/a><\/li><li><a href=\"https:\/\/oglethorpe.ecampus.com\/\">Informaci\u00f3n sobre libros de texto<\/a><\/li><li><a href=\"https:\/\/oglethorpe.edu\/academics\/\">Programa educativo<\/a><\/li><li><a href=\"https:\/\/reslife.oglethorpe.edu\/\">Residencias<\/a><\/li><li><a href=\"https:\/\/oglethorpe.edu\/about\/campus-maps\/\">Edificios acad\u00e9micos<\/a><\/li><li><a href=\"https:\/\/oglethorpe.edu\/academics\/faculty\/\">Listado de profesores<\/a><\/li><li><a href=\"https:\/\/nces.ed.gov\/collegenavigator\/?q=oglethorpe&amp;s=all&amp;id=140696#general\">Estad\u00edsticas del profesorado<\/a><\/li><li><a href=\"https:\/\/oglethorpe.edu\/admission\/apply\/transfer\/\">Pol\u00edticas de transferencia de cr\u00e9ditos y acuerdos de articulaci\u00f3n<\/a><\/li><li><a href=\"https:\/\/oglethorpe.edu\/about\/mission\/\">Acreditaci\u00f3n, aprobaci\u00f3n y autorizaci\u00f3n de instituciones y programas<\/a><\/li><li><a href=\"https:\/\/bulletin.oglethorpe.edu\/3-institutional-policies-procedures-requirements\/3-5-policies-statements-pertaining-specifically-academic-enterprise\/3-5-4-united-states-copyright-law-requirements\/\">Pol\u00edticas y sanciones por infracci\u00f3n de derechos de autor<\/a><\/li><li><a href=\"https:\/\/bulletin.oglethorpe.edu\/3-institutional-policies-procedures-requirements\/3-6-policies-relating-digital-media-information-communication\/3-6-2-policy-computing-ethics-e-mail-computer-use\/\">Uso del ordenador y compartici\u00f3n de archivos<\/a><\/li><li><a href=\"https:\/\/oglethorpe.edu\/life\/things-to-do\/clubs-and-organizations\/\">Actividades estudiantiles<\/a><\/li><li><a href=\"https:\/\/oglethorpe.edu\/life\/support\/career-development\/\">Servicios de Carrera y Colocaci\u00f3n<\/a><\/li><\/ul><h3>Ayuda econ\u00f3mica al estudiante<\/h3><p>Ayuda disponible de programas federales, estatales, locales e institucionales<\/p><ul><li><a href=\"https:\/\/hub.oglethorpe.edu\/financial-aid\/types-of-aid\/\">Becas<\/a><\/li><li><a href=\"https:\/\/hub.oglethorpe.edu\/financial-aid\/types-of-aid\/\">Subvenciones<\/a><\/li><li><a href=\"https:\/\/hub.oglethorpe.edu\/financial-aid\/types-of-aid\/\">Pr\u00e9stamos<\/a><\/li><li><a href=\"https:\/\/hub.oglethorpe.edu\/financial-aid\/types-of-aid\/\">Otras formas de ayuda<\/a><\/li><li><a href=\"https:\/\/studentaid.ed.gov\/sa\/eligibility\/criminal-convictions#drug-convictions\"><b>Sanciones a la ayuda econ\u00f3mica federal para estudiantes por infracciones de la Ley de drogas<\/b><\/a><\/li><li><a href=\"https:\/\/studentloans.gov\/\">Asesoramiento de entrada y salida del pr\u00e9stamo para estudiantes prestatarios<\/a><\/li><li><a href=\"http:\/\/www.nasfaa.org\/Statement_of_Ethical_Principles\">C\u00f3digo de conducta institucional para pr\u00e9stamos educativos <\/a><\/li><li><a href=\"http:\/\/www.finaid.org\/loans\/preferredlenderlists.phtml\">Lista de prestamistas preferentes<\/a><\/li><\/ul><h3>Salud y seguridad<\/h3><ul><li><a href=\"https:\/\/oglethorpe.edu\/es\/educacion-sobre-el-alcohol-y-otras-drogas\/\">Programa de Prevenci\u00f3n del Abuso de Drogas y Alcohol<\/a><\/li><li><a href=\"https:\/\/oglethorpe.edu\/life\/support\/wellness\/health-services\/immunization-and-insurance-requirements\/\">Pol\u00edticas de vacunaci\u00f3n<\/a><\/li><li><a href=\"https:\/\/oglethorpe.edu\/life\/support\/safety\/crime-log\/\">Pol\u00edticas de seguridad del campus, estad\u00edsticas de delitos y registro de delitos<\/a><\/li><li><a href=\"https:\/\/oglethorpe.edu\/life\/support\/safety\/fire-log\/\">Pol\u00edticas de Seguridad contra Incendios, Estad\u00edsticas de Incendios y Registro de Incendios (Instalaciones de Alojamiento en el Campus)<\/a><\/li><\/ul><h3>Estadisticas de los alumnos<\/h3><ul><li><a href=\"https:\/\/nces.ed.gov\/collegenavigator\/?q=oglethorpe&amp;s=all&amp;id=140696\" target=\"_blank\" rel=\"noopener\">Tasa de retenci\u00f3n<\/a><\/li><li><a href=\"https:\/\/nces.ed.gov\/collegenavigator\/?q=oglethorpe&amp;s=all&amp;id=140696\" target=\"_blank\" rel=\"noopener\">Tasas de graduaci\u00f3n (Ley sobre el Derecho a Saber de los Alumnos)<\/a><\/li><li><a href=\"https:\/\/nces.ed.gov\/collegenavigator\/?q=oglethorpe&amp;s=all&amp;id=140696\" target=\"_blank\" rel=\"noopener\">Tasas de transferencia (Ley sobre el Derecho a Saber de los Estudiantes) <\/a><\/li><li><a href=\"https:\/\/oglethorpe.edu\/life\/support\/career-development\/\">Inserci\u00f3n laboral para licenciados<\/a><\/li><li><a href=\"https:\/\/oglethorpe.edu\/life\/support\/career-development\/\">Tasas de colocaci\u00f3n de los titulados<\/a><\/li><li><a href=\"https:\/\/oglethorpe.edu\/life\/support\/career-development\/\">Colocaci\u00f3n de titulados superiores y de formaci\u00f3n profesional<\/a><\/li><li><a href=\"https:\/\/ope.ed.gov\/athletics\/#\/\" target=\"_blank\" rel=\"noopener\">\u00cdndices de participaci\u00f3n en el programa de atletismo intercolegial y datos de apoyo financiero (Ley de Divulgaci\u00f3n de la Equidad en el Atletismo) <\/a><\/li><\/ul>\t\t\t\t\t\t\t\t<\/div>\n\t\t\t\t<\/div>\n\t\t\t\t\t<\/div>\n\t\t<\/div>\n\t\t\t\t\t<\/div>\n\t\t<\/section>\n\t\t\t\t<\/div>\n\t\t","protected":false},"excerpt":{"rendered":"<p>Pol\u00edticas e informaci\u00f3n al consumidor Divulgaciones de la Ley de Oportunidades de Educaci\u00f3n Superior de la Universidad de ºÚÁÏ³Ô¹ÏÍø Las [&hellip;]<\/p>\n","protected":false},"author":4,"featured_media":0,"parent":79054,"menu_order":0,"comment_status":"closed","ping_status":"closed","template":"","meta":{"_acf_changed":false,"site-sidebar-layout":"no-sidebar","site-content-layout":"","ast-site-content-layout":"full-width-container","site-content-style":"default","site-sidebar-style":"default","ast-global-header-display":"","ast-banner-title-visibility":"","ast-main-header-display":"","ast-hfb-above-header-display":"","ast-hfb-below-header-display":"","ast-hfb-mobile-header-display":"","site-post-title":"disabled","ast-breadcrumbs-content":"","ast-featured-img":"disabled","footer-sml-layout":"","theme-transparent-header-meta":"","adv-header-id-meta":"","stick-header-meta":"","header-above-stick-meta":"","header-main-stick-meta":"","header-below-stick-meta":"","astra-migrate-meta-layouts":"default","ast-page-background-enabled":"default","ast-page-background-meta":{"desktop":{"background-color":"var(--ast-global-color-4)","background-image":"","background-repeat":"repeat","background-position":"center center","background-size":"auto","background-attachment":"scroll","background-type":"","background-media":"","overlay-type":"","overlay-color":"","overlay-opacity":"","overlay-gradient":""},"tablet":{"background-color":"","background-image":"","background-repeat":"repeat","background-position":"center center","background-size":"auto","background-attachment":"scroll","background-type":"","background-media":"","overlay-type":"","overlay-color":"","overlay-opacity":"","overlay-gradient":""},"mobile":{"background-color":"","background-image":"","background-repeat":"repeat","background-position":"center center","background-size":"auto","background-attachment":"scroll","background-type":"","background-media":"","overlay-type":"","overlay-color":"","overlay-opacity":"","overlay-gradient":""}},"ast-content-background-meta":{"desktop":{"background-color":"var(--ast-global-color-5)","background-image":"","background-repeat":"repeat","background-position":"center center","background-size":"auto","background-attachment":"scroll","background-type":"","background-media":"","overlay-type":"","overlay-color":"","overlay-opacity":"","overlay-gradient":""},"tablet":{"background-color":"var(--ast-global-color-5)","background-image":"","background-repeat":"repeat","background-position":"center center","background-size":"auto","background-attachment":"scroll","background-type":"","background-media":"","overlay-type":"","overlay-color":"","overlay-opacity":"","overlay-gradient":""},"mobile":{"background-color":"var(--ast-global-color-5)","background-image":"","background-repeat":"repeat","background-position":"center center","background-size":"auto","background-attachment":"scroll","background-type":"","background-media":"","overlay-type":"","overlay-color":"","overlay-opacity":"","overlay-gradient":""}},"footnotes":""},"page_page-category":[],"page_page-tag":[],"offered_as":[],"program_tags":[],"programtypes_page":[],"class_list":["post-78879","page","type-page","status-publish","hentry"],"acf":[],"yoast_head":"<!-- This site is optimized with the Yoast SEO Premium plugin v27.2 (Yoast SEO v27.2) - https:\/\/yoast.com\/product\/yoast-seo-premium-wordpress\/ -->\n<title>Pol\u00edticas e informaci\u00f3n al consumidor - ºÚÁÏ³Ô¹ÏÍø<\/title>\n<meta name=\"description\" content=\"Las leyes federales obligan a la Universidad de ºÚÁÏ³Ô¹ÏÍø a revelar cierta informaci\u00f3n a sus miembros, como estudiantes, empleados y padres.\" \/>\n<meta name=\"robots\" content=\"index, follow, max-snippet:-1, max-image-preview:large, max-video-preview:-1\" \/>\n<link rel=\"canonical\" href=\"https:\/\/oglethorpe.edu\/es\/acerca-de-la-universidad-de-oglethorpe\/politicas-e-informacion-al-consumidor\/\" \/>\n<meta property=\"og:locale\" content=\"es_ES\" \/>\n<meta property=\"og:type\" content=\"article\" \/>\n<meta property=\"og:title\" content=\"Pol\u00edticas e informaci\u00f3n al consumidor\" \/>\n<meta property=\"og:description\" content=\"Las leyes federales obligan a la Universidad de ºÚÁÏ³Ô¹ÏÍø a revelar cierta informaci\u00f3n a sus miembros, como estudiantes, empleados y padres.\" \/>\n<meta property=\"og:url\" content=\"https:\/\/oglethorpe.edu\/es\/acerca-de-la-universidad-de-oglethorpe\/politicas-e-informacion-al-consumidor\/\" \/>\n<meta property=\"og:site_name\" content=\"ºÚÁÏ³Ô¹ÏÍø\" \/>\n<meta property=\"article:publisher\" content=\"https:\/\/www.facebook.com\/oglethorpeuniversity\" \/>\n<meta property=\"article:modified_time\" content=\"2024-12-05T17:52:56+00:00\" \/>\n<meta name=\"twitter:card\" content=\"summary_large_image\" \/>\n<meta name=\"twitter:label1\" content=\"Tiempo de lectura\" \/>\n\t<meta name=\"twitter:data1\" content=\"2 minutos\" \/>\n<script type=\"application\/ld+json\" class=\"yoast-schema-graph\">{\"@context\":\"https:\/\/schema.org\",\"@graph\":[{\"@type\":\"WebPage\",\"@id\":\"https:\/\/oglethorpe.edu\/es\/acerca-de-la-universidad-de-oglethorpe\/politicas-e-informacion-al-consumidor\/\",\"url\":\"https:\/\/oglethorpe.edu\/es\/acerca-de-la-universidad-de-oglethorpe\/politicas-e-informacion-al-consumidor\/\",\"name\":\"Pol\u00edticas e informaci\u00f3n al consumidor - ºÚÁÏ³Ô¹ÏÍø\",\"isPartOf\":{\"@id\":\"https:\/\/oglethorpe.edu\/es\/#website\"},\"datePublished\":\"2024-09-04T20:41:51+00:00\",\"dateModified\":\"2024-12-05T17:52:56+00:00\",\"description\":\"Las leyes federales obligan a la Universidad de ºÚÁÏ³Ô¹ÏÍø a revelar cierta informaci\u00f3n a sus miembros, como estudiantes, empleados y padres.\",\"breadcrumb\":{\"@id\":\"https:\/\/oglethorpe.edu\/es\/acerca-de-la-universidad-de-oglethorpe\/politicas-e-informacion-al-consumidor\/#breadcrumb\"},\"inLanguage\":\"es\",\"potentialAction\":[{\"@type\":\"ReadAction\",\"target\":[\"https:\/\/oglethorpe.edu\/es\/acerca-de-la-universidad-de-oglethorpe\/politicas-e-informacion-al-consumidor\/\"]}]},{\"@type\":\"BreadcrumbList\",\"@id\":\"https:\/\/oglethorpe.edu\/es\/acerca-de-la-universidad-de-oglethorpe\/politicas-e-informacion-al-consumidor\/#breadcrumb\",\"itemListElement\":[{\"@type\":\"ListItem\",\"position\":1,\"name\":\"Home\",\"item\":\"https:\/\/oglethorpe.edu\/es\/\"},{\"@type\":\"ListItem\",\"position\":2,\"name\":\"Acerca de la Universidad de ºÚÁÏ³Ô¹ÏÍø\",\"item\":\"https:\/\/oglethorpe.edu\/es\/about\/\"},{\"@type\":\"ListItem\",\"position\":3,\"name\":\"Pol\u00edticas e informaci\u00f3n al consumidor\"}]},{\"@type\":\"WebSite\",\"@id\":\"https:\/\/oglethorpe.edu\/es\/#website\",\"url\":\"https:\/\/oglethorpe.edu\/es\/\",\"name\":\"ºÚÁÏ³Ô¹ÏÍø\",\"description\":\"\",\"publisher\":{\"@id\":\"https:\/\/oglethorpe.edu\/es\/#organization\"},\"potentialAction\":[{\"@type\":\"SearchAction\",\"target\":{\"@type\":\"EntryPoint\",\"urlTemplate\":\"https:\/\/oglethorpe.edu\/es\/?s={search_term_string}\"},\"query-input\":{\"@type\":\"PropertyValueSpecification\",\"valueRequired\":true,\"valueName\":\"search_term_string\"}}],\"inLanguage\":\"es\"},{\"@type\":\"Organization\",\"@id\":\"https:\/\/oglethorpe.edu\/es\/#organization\",\"name\":\"ºÚÁÏ³Ô¹ÏÍø\",\"url\":\"https:\/\/oglethorpe.edu\/es\/\",\"logo\":{\"@type\":\"ImageObject\",\"inLanguage\":\"es\",\"@id\":\"https:\/\/oglethorpe.edu\/es\/#\/schema\/logo\/image\/\",\"url\":\"https:\/\/oglethorpe.edu\/wp-content\/uploads\/2024\/02\/oglethorpe-full-logo-new-1-1.png\",\"contentUrl\":\"https:\/\/oglethorpe.edu\/wp-content\/uploads\/2024\/02\/oglethorpe-full-logo-new-1-1.png\",\"width\":1112,\"height\":492,\"caption\":\"ºÚÁÏ³Ô¹ÏÍø\"},\"image\":{\"@id\":\"https:\/\/oglethorpe.edu\/es\/#\/schema\/logo\/image\/\"},\"sameAs\":[\"https:\/\/www.facebook.com\/oglethorpeuniversity\",\"https:\/\/instagram.com\/oglethorpeuniv\/\",\"https:\/\/www.linkedin.com\/edu\/school?id=18180&trk=tyah&trkInfo=clickedVerticalschoolclickedEntityId18180idx3-1-12tarId1438180301152tasoglethorpe\"]}]}<\/script>\n<!-- \/ Yoast SEO Premium plugin. -->","yoast_head_json":{"title":"Pol\u00edticas e informaci\u00f3n al consumidor - ºÚÁÏ³Ô¹ÏÍø","description":"Las leyes federales obligan a la Universidad de ºÚÁÏ³Ô¹ÏÍø a revelar cierta informaci\u00f3n a sus miembros, como estudiantes, empleados y padres.","robots":{"index":"index","follow":"follow","max-snippet":"max-snippet:-1","max-image-preview":"max-image-preview:large","max-video-preview":"max-video-preview:-1"},"canonical":"https:\/\/oglethorpe.edu\/es\/acerca-de-la-universidad-de-oglethorpe\/politicas-e-informacion-al-consumidor\/","og_locale":"es_ES","og_type":"article","og_title":"Pol\u00edticas e informaci\u00f3n al consumidor","og_description":"Las leyes federales obligan a la Universidad de ºÚÁÏ³Ô¹ÏÍø a revelar cierta informaci\u00f3n a sus miembros, como estudiantes, empleados y padres.","og_url":"https:\/\/oglethorpe.edu\/es\/acerca-de-la-universidad-de-oglethorpe\/politicas-e-informacion-al-consumidor\/","og_site_name":"ºÚÁÏ³Ô¹ÏÍø","article_publisher":"https:\/\/www.facebook.com\/oglethorpeuniversity","article_modified_time":"2024-12-05T17:52:56+00:00","twitter_card":"summary_large_image","twitter_misc":{"Tiempo de lectura":"2 minutos"},"schema":{"@context":"https:\/\/schema.org","@graph":[{"@type":"WebPage","@id":"https:\/\/oglethorpe.edu\/es\/acerca-de-la-universidad-de-oglethorpe\/politicas-e-informacion-al-consumidor\/","url":"https:\/\/oglethorpe.edu\/es\/acerca-de-la-universidad-de-oglethorpe\/politicas-e-informacion-al-consumidor\/","name":"Pol\u00edticas e informaci\u00f3n al consumidor - ºÚÁÏ³Ô¹ÏÍø","isPartOf":{"@id":"https:\/\/oglethorpe.edu\/es\/#website"},"datePublished":"2024-09-04T20:41:51+00:00","dateModified":"2024-12-05T17:52:56+00:00","description":"Las leyes federales obligan a la Universidad de ºÚÁÏ³Ô¹ÏÍø a revelar cierta informaci\u00f3n a sus miembros, como estudiantes, empleados y padres.","breadcrumb":{"@id":"https:\/\/oglethorpe.edu\/es\/acerca-de-la-universidad-de-oglethorpe\/politicas-e-informacion-al-consumidor\/#breadcrumb"},"inLanguage":"es","potentialAction":[{"@type":"ReadAction","target":["https:\/\/oglethorpe.edu\/es\/acerca-de-la-universidad-de-oglethorpe\/politicas-e-informacion-al-consumidor\/"]}]},{"@type":"BreadcrumbList","@id":"https:\/\/oglethorpe.edu\/es\/acerca-de-la-universidad-de-oglethorpe\/politicas-e-informacion-al-consumidor\/#breadcrumb","itemListElement":[{"@type":"ListItem","position":1,"name":"Home","item":"https:\/\/oglethorpe.edu\/es\/"},{"@type":"ListItem","position":2,"name":"Acerca de la Universidad de ºÚÁÏ³Ô¹ÏÍø","item":"https:\/\/oglethorpe.edu\/es\/about\/"},{"@type":"ListItem","position":3,"name":"Pol\u00edticas e informaci\u00f3n al consumidor"}]},{"@type":"WebSite","@id":"https:\/\/oglethorpe.edu\/es\/#website","url":"https:\/\/oglethorpe.edu\/es\/","name":"ºÚÁÏ³Ô¹ÏÍø","description":"","publisher":{"@id":"https:\/\/oglethorpe.edu\/es\/#organization"},"potentialAction":[{"@type":"SearchAction","target":{"@type":"EntryPoint","urlTemplate":"https:\/\/oglethorpe.edu\/es\/?s={search_term_string}"},"query-input":{"@type":"PropertyValueSpecification","valueRequired":true,"valueName":"search_term_string"}}],"inLanguage":"es"},{"@type":"Organization","@id":"https:\/\/oglethorpe.edu\/es\/#organization","name":"ºÚÁÏ³Ô¹ÏÍø","url":"https:\/\/oglethorpe.edu\/es\/","logo":{"@type":"ImageObject","inLanguage":"es","@id":"https:\/\/oglethorpe.edu\/es\/#\/schema\/logo\/image\/","url":"https:\/\/oglethorpe.edu\/wp-content\/uploads\/2024\/02\/oglethorpe-full-logo-new-1-1.png","contentUrl":"https:\/\/oglethorpe.edu\/wp-content\/uploads\/2024\/02\/oglethorpe-full-logo-new-1-1.png","width":1112,"height":492,"caption":"ºÚÁÏ³Ô¹ÏÍø"},"image":{"@id":"https:\/\/oglethorpe.edu\/es\/#\/schema\/logo\/image\/"},"sameAs":["https:\/\/www.facebook.com\/oglethorpeuniversity","https:\/\/instagram.com\/oglethorpeuniv\/","https:\/\/www.linkedin.com\/edu\/school?id=18180&trk=tyah&trkInfo=clickedVerticalschoolclickedEntityId18180idx3-1-12tarId1438180301152tasoglethorpe"]}]}},"_links":{"self":[{"href":"https:\/\/oglethorpe.edu\/es\/wp-json\/wp\/v2\/pages\/78879","targetHints":{"allow":["GET"]}}],"collection":[{"href":"https:\/\/oglethorpe.edu\/es\/wp-json\/wp\/v2\/pages"}],"about":[{"href":"https:\/\/oglethorpe.edu\/es\/wp-json\/wp\/v2\/types\/page"}],"author":[{"embeddable":true,"href":"https:\/\/oglethorpe.edu\/es\/wp-json\/wp\/v2\/users\/4"}],"replies":[{"embeddable":true,"href":"https:\/\/oglethorpe.edu\/es\/wp-json\/wp\/v2\/comments?post=78879"}],"version-history":[{"count":0,"href":"https:\/\/oglethorpe.edu\/es\/wp-json\/wp\/v2\/pages\/78879\/revisions"}],"up":[{"embeddable":true,"href":"https:\/\/oglethorpe.edu\/es\/wp-json\/wp\/v2\/pages\/79054"}],"wp:attachment":[{"href":"https:\/\/oglethorpe.edu\/es\/wp-json\/wp\/v2\/media?parent=78879"}],"wp:term":[{"taxonomy":"page_page-category","embeddable":true,"href":"https:\/\/oglethorpe.edu\/es\/wp-json\/wp\/v2\/page_page-category?post=78879"},{"taxonomy":"page_page-tag","embeddable":true,"href":"https:\/\/oglethorpe.edu\/es\/wp-json\/wp\/v2\/page_page-tag?post=78879"},{"taxonomy":"offered_as","embeddable":true,"href":"https:\/\/oglethorpe.edu\/es\/wp-json\/wp\/v2\/offered_as?post=78879"},{"taxonomy":"program_tags","embeddable":true,"href":"https:\/\/oglethorpe.edu\/es\/wp-json\/wp\/v2\/program_tags?post=78879"},{"taxonomy":"programtypes_page","embeddable":true,"href":"https:\/\/oglethorpe.edu\/es\/wp-json\/wp\/v2\/programtypes_page?post=78879"}],"curies":[{"name":"wp","href":"https:\/\/api.w.org\/{rel}","templated":true}]}}