  {"id":79005,"date":"2024-08-29T19:39:46","date_gmt":"2024-08-29T19:39:46","guid":{"rendered":"https:\/\/oglethorpe.edu\/proceso-de-reclamacion-de-los-estudiantes\/"},"modified":"2024-09-13T02:09:12","modified_gmt":"2024-09-13T02:09:12","slug":"proceso-de-reclamacion-de-los-estudiantes","status":"publish","type":"page","link":"https:\/\/oglethorpe.edu\/es\/academicos\/recursos-academicos\/proceso-de-reclamacion-de-los-estudiantes\/","title":{"rendered":"Proceso de reclamaci\u00f3n de los estudiantes"},"content":{"rendered":"\t\t<div data-elementor-type=\"wp-page\" data-elementor-id=\"79005\" class=\"elementor elementor-79005 elementor-78387\" data-elementor-post-type=\"page\">\n\t\t\t\t\t\t<section data-particle_enable=\"false\" data-particle-mobile-disabled=\"false\" class=\"elementor-section elementor-top-section elementor-element elementor-element-1230ea1 elementor-section-full_width elementor-section-height-default elementor-section-height-default\" data-id=\"1230ea1\" data-element_type=\"section\" data-e-type=\"section\" data-settings=\"{&quot;background_background&quot;:&quot;classic&quot;}\">\n\t\t\t\t\t\t\t<div class=\"elementor-background-overlay\"><\/div>\n\t\t\t\t\t\t\t<div class=\"elementor-container elementor-column-gap-default\">\n\t\t\t\t\t<div class=\"elementor-column elementor-col-100 elementor-top-column elementor-element elementor-element-703d22f\" data-id=\"703d22f\" data-element_type=\"column\" data-e-type=\"column\">\n\t\t\t<div class=\"elementor-widget-wrap elementor-element-populated\">\n\t\t\t\t\t\t<section data-particle_enable=\"false\" data-particle-mobile-disabled=\"false\" class=\"elementor-section elementor-inner-section elementor-element elementor-element-7afa7c3 elementor-section-boxed elementor-section-height-default elementor-section-height-default\" data-id=\"7afa7c3\" data-element_type=\"section\" data-e-type=\"section\" data-settings=\"{&quot;background_background&quot;:&quot;classic&quot;}\">\n\t\t\t\t\t\t<div class=\"elementor-container elementor-column-gap-default\">\n\t\t\t\t\t<div class=\"elementor-column elementor-col-100 elementor-inner-column elementor-element elementor-element-5af476a\" data-id=\"5af476a\" data-element_type=\"column\" data-e-type=\"column\">\n\t\t\t<div class=\"elementor-widget-wrap elementor-element-populated\">\n\t\t\t\t\t\t<div class=\"elementor-element elementor-element-61f91c8 banner_heading_new elementor-widget elementor-widget-heading\" data-id=\"61f91c8\" data-element_type=\"widget\" data-e-type=\"widget\" data-widget_type=\"heading.default\">\n\t\t\t\t<div class=\"elementor-widget-container\">\n\t\t\t\t\t<h1 class=\"elementor-heading-title elementor-size-default\">Proceso de reclamaci\u00f3n de los estudiantes<\/h1>\t\t\t\t<\/div>\n\t\t\t\t<\/div>\n\t\t\t\t\t<\/div>\n\t\t<\/div>\n\t\t\t\t\t<\/div>\n\t\t<\/section>\n\t\t\t\t\t<\/div>\n\t\t<\/div>\n\t\t\t\t\t<\/div>\n\t\t<\/section>\n\t\t\t\t<section data-particle_enable=\"false\" data-particle-mobile-disabled=\"false\" class=\"elementor-section elementor-top-section elementor-element elementor-element-c04d82f elementor-section-boxed elementor-section-height-default elementor-section-height-default\" data-id=\"c04d82f\" data-element_type=\"section\" data-e-type=\"section\">\n\t\t\t\t\t\t<div class=\"elementor-container elementor-column-gap-default\">\n\t\t\t\t\t<div class=\"elementor-column elementor-col-100 elementor-top-column elementor-element elementor-element-815f9cf\" data-id=\"815f9cf\" data-element_type=\"column\" data-e-type=\"column\">\n\t\t\t<div class=\"elementor-widget-wrap elementor-element-populated\">\n\t\t\t\t\t\t<section data-particle_enable=\"false\" data-particle-mobile-disabled=\"false\" class=\"elementor-section elementor-inner-section elementor-element elementor-element-e792556 elementor-section-boxed elementor-section-height-default elementor-section-height-default\" data-id=\"e792556\" data-element_type=\"section\" data-e-type=\"section\">\n\t\t\t\t\t\t<div class=\"elementor-container elementor-column-gap-default\">\n\t\t\t\t\t<div class=\"elementor-column elementor-col-100 elementor-inner-column elementor-element elementor-element-181bfa2\" data-id=\"181bfa2\" data-element_type=\"column\" data-e-type=\"column\">\n\t\t\t<div class=\"elementor-widget-wrap elementor-element-populated\">\n\t\t\t\t\t\t<div class=\"elementor-element elementor-element-8d10646 elementor-widget__width-auto elementor-widget elementor-widget-shortcode\" data-id=\"8d10646\" data-element_type=\"widget\" data-e-type=\"widget\" data-widget_type=\"shortcode.default\">\n\t\t\t\t<div class=\"elementor-widget-container\">\n\t\t\t\t\t\t\t<div class=\"elementor-shortcode\"><nav aria-label=\"breadcrumbs\">\n            <div class=\"breadcrumb-container theme1\">\n                <ol>\n                                    <\/ol>\n            <\/div>\n        <\/nav>    <script type=\"application\/ld+json\">\n        {\n            \"@context\": \"http:\/\/schema.org\",\n            \"@type\": \"BreadcrumbList\",\n            \"itemListElement\": [\n                            ]\n        }\n    <\/script>\n   \n    <script>\n            <\/script>\n<\/div>\n\t\t\t\t\t\t<\/div>\n\t\t\t\t<\/div>\n\t\t\t\t\t<\/div>\n\t\t<\/div>\n\t\t\t\t\t<\/div>\n\t\t<\/section>\n\t\t\t\t\t<\/div>\n\t\t<\/div>\n\t\t\t\t\t<\/div>\n\t\t<\/section>\n\t\t\t\t<section data-particle_enable=\"false\" data-particle-mobile-disabled=\"false\" class=\"elementor-section elementor-top-section elementor-element elementor-element-b918abf elementor-section-boxed elementor-section-height-default elementor-section-height-default\" data-id=\"b918abf\" data-element_type=\"section\" data-e-type=\"section\">\n\t\t\t\t\t\t<div class=\"elementor-container elementor-column-gap-default\">\n\t\t\t\t\t<div class=\"elementor-column elementor-col-100 elementor-top-column elementor-element elementor-element-80af69d\" data-id=\"80af69d\" data-element_type=\"column\" data-e-type=\"column\">\n\t\t\t<div class=\"elementor-widget-wrap elementor-element-populated\">\n\t\t\t\t\t\t<div class=\"elementor-element elementor-element-c05383f elementor-widget elementor-widget-text-editor\" data-id=\"c05383f\" data-element_type=\"widget\" data-e-type=\"widget\" data-widget_type=\"text-editor.default\">\n\t\t\t\t<div class=\"elementor-widget-container\">\n\t\t\t\t\t\t\t\t\t<p>Las instituciones de ense\u00f1anza superior que reciben financiaci\u00f3n del T\u00edtulo IV deben informar a los estudiantes actuales y futuros de las pol\u00edticas y procedimientos para presentar reclamaciones.<br \/>\nLas pol\u00edticas de ºÚÁÏ³Ô¹ÏÍø y los procedimientos correspondientes se describen en el <a href=\"https:\/\/bulletin.oglethorpe.edu\">Bolet\u00edn de la Universidad<\/a>. <\/p>\n<p>Muchas de estas pol\u00edticas contienen procedimientos espec\u00edficos e integrados para presentar reclamaciones.<br \/>\n\u00c9stos se encuentran en la secci\u00f3n <a href=\"https:\/\/bulletin.oglethorpe.edu\/3-institutional-policies-procedures-requirements\/3-9-general-policies-handling-student-complaints-appeals-requests-exception\/\">3.9 Pol\u00edticas generales para la tramitaci\u00f3n de reclamaciones, recursos y solicitudes de excepci\u00f3n de los estudiantes.<\/a> <\/p>\n<h2>Presenta una queja general<\/h2>\n<p>Algunos ejemplos son Discriminaci\u00f3n o apelaci\u00f3n ADA, queja por discriminaci\u00f3n, queja por acoso, queja por represalias, queja relacionada con FERPA y quejas o apelaciones generales&#8230; Rellena el <a href=\"https:\/\/conduct.oglethorpe.edu\/non-academic-student-complaints-appeals-form\/\">Formulario de Quejas y Recursos Generales de los Estudiantes<\/a>.<br \/>\nLas entradas del formulario se enviar\u00e1n al Director de Cumplimiento de la Oficina del Consejo Universitario. <\/p>\n<p>Seg\u00fan sea necesario, los informes acad\u00e9micos, no acad\u00e9micos o de incidentes tambi\u00e9n pueden presentarse en el <a title=\"https:\/\/conduct.oglethorpe.edu\/non-academic-student-complaints-appeals-form\/\" href=\"https:\/\/conduct.oglethorpe.edu\/non-academic-student-complaints-appeals-form\/\"><b>Formulario general de quejas y recursos de los estudiantes<\/b><\/a>.<br \/>\nSi te preocupa presentar una queja sobre un administrador que pueda estar revisando la queja en cuesti\u00f3n, no dudes en presentarla en otra oficina (indicada m\u00e1s abajo) y hacer constar tu preocupaci\u00f3n.<br \/>\nTodos los procedimientos de admisi\u00f3n y seguimiento de quejas se revisar\u00e1n sistem\u00e1ticamente para ayudar a garantizar la equidad y la imparcialidad.  <\/p>\n<h2>Presenta una queja acad\u00e9mica o no acad\u00e9mica<\/h2>\n<p>Los ejemplos incluyen, pero no se limitan a: a\u00f1adir un curso tarde, abandonarlo, darse de baja, etc.<br \/>\nRellena el <a href=\"https:\/\/hub.oglethorpe.edu\/registrar\/academic-appeal\/\">formulario de solicitud de Apelaci\u00f3n, Queja o Renuncia Acad\u00e9mica\/No Acad\u00e9mica<\/a>.<br \/>\nLas entradas del formulario se enviar\u00e1n al Provost Asociado y al Registrador.  <\/p>\n<h2>Informar de un incidente<\/h2>\n<p><a href=\"https:\/\/cm.maxient.com\/reportingform.php?ºÚÁÏ³Ô¹ÏÍøUniv\">El formulario de notificaci\u00f3n de incidentes<\/a> debe utilizarse para proporcionar informaci\u00f3n sobre supuestas infracciones de la pol\u00edtica, da\u00f1os en zonas comunes, problemas o preocupaciones a la Divisi\u00f3n de Vida en el Campus.<br \/>\nEsta informaci\u00f3n s\u00f3lo se utilizar\u00e1 para iniciar una investigaci\u00f3n o como prueba de apoyo en una investigaci\u00f3n en curso.<br \/>\nPuedes encontrar m\u00e1s informaci\u00f3n de contacto en el <a href=\"https:\/\/conduct.oglethorpe.edu\/forms\/\">sitio web de Conducta Estudiantil<\/a>.  <\/p>\n<p><em>Las conductas sexuales inapropiadas deben denunciarse inmediatamente a la Universidad, a la polic\u00eda o a ambos. <a href=\"https:\/\/conduct.oglethorpe.edu\/sexual-misconduct-policies\/\">Obt\u00e9n m\u00e1s informaci\u00f3n sobre el T\u00edtulo IX y la denuncia de mala conducta sexual aqu\u00ed<\/a>.  <\/em><\/p>\n<p><em>Ten en cuenta que las quejas, recursos y solicitudes de excepci\u00f3n de los empleados se rigen por las pol\u00edticas establecidas en el Manual del Profesorado y\/o el Manual del Empleado y, por tanto, no est\u00e1n sujetas a estos protocolos.<\/em><\/p>\n\t\t\t\t\t\t\t\t<\/div>\n\t\t\t\t<\/div>\n\t\t\t\t\t<\/div>\n\t\t<\/div>\n\t\t\t\t\t<\/div>\n\t\t<\/section>\n\t\t\t\t<\/div>\n\t\t","protected":false},"excerpt":{"rendered":"<p>Proceso de reclamaci\u00f3n de los estudiantes Las instituciones de ense\u00f1anza superior que reciben financiaci\u00f3n del T\u00edtulo IV deben informar a [&hellip;]<\/p>\n","protected":false},"author":4,"featured_media":0,"parent":79107,"menu_order":0,"comment_status":"closed","ping_status":"closed","template":"","meta":{"_acf_changed":false,"site-sidebar-layout":"no-sidebar","site-content-layout":"","ast-site-content-layout":"full-width-container","site-content-style":"default","site-sidebar-style":"default","ast-global-header-display":"","ast-banner-title-visibility":"","ast-main-header-display":"","ast-hfb-above-header-display":"","ast-hfb-below-header-display":"","ast-hfb-mobile-header-display":"","site-post-title":"disabled","ast-breadcrumbs-content":"","ast-featured-img":"disabled","footer-sml-layout":"","theme-transparent-header-meta":"","adv-header-id-meta":"","stick-header-meta":"","header-above-stick-meta":"","header-main-stick-meta":"","header-below-stick-meta":"","astra-migrate-meta-layouts":"default","ast-page-background-enabled":"default","ast-page-background-meta":{"desktop":{"background-color":"var(--ast-global-color-4)","background-image":"","background-repeat":"repeat","background-position":"center center","background-size":"auto","background-attachment":"scroll","background-type":"","background-media":"","overlay-type":"","overlay-color":"","overlay-opacity":"","overlay-gradient":""},"tablet":{"background-color":"","background-image":"","background-repeat":"repeat","background-position":"center center","background-size":"auto","background-attachment":"scroll","background-type":"","background-media":"","overlay-type":"","overlay-color":"","overlay-opacity":"","overlay-gradient":""},"mobile":{"background-color":"","background-image":"","background-repeat":"repeat","background-position":"center center","background-size":"auto","background-attachment":"scroll","background-type":"","background-media":"","overlay-type":"","overlay-color":"","overlay-opacity":"","overlay-gradient":""}},"ast-content-background-meta":{"desktop":{"background-color":"var(--ast-global-color-5)","background-image":"","background-repeat":"repeat","background-position":"center center","background-size":"auto","background-attachment":"scroll","background-type":"","background-media":"","overlay-type":"","overlay-color":"","overlay-opacity":"","overlay-gradient":""},"tablet":{"background-color":"var(--ast-global-color-5)","background-image":"","background-repeat":"repeat","background-position":"center center","background-size":"auto","background-attachment":"scroll","background-type":"","background-media":"","overlay-type":"","overlay-color":"","overlay-opacity":"","overlay-gradient":""},"mobile":{"background-color":"var(--ast-global-color-5)","background-image":"","background-repeat":"repeat","background-position":"center center","background-size":"auto","background-attachment":"scroll","background-type":"","background-media":"","overlay-type":"","overlay-color":"","overlay-opacity":"","overlay-gradient":""}},"footnotes":""},"page_page-category":[],"page_page-tag":[],"offered_as":[],"program_tags":[],"programtypes_page":[],"class_list":["post-79005","page","type-page","status-publish","hentry"],"acf":[],"yoast_head":"<!-- This site is optimized with the Yoast SEO Premium plugin v27.2 (Yoast SEO v27.2) - https:\/\/yoast.com\/product\/yoast-seo-premium-wordpress\/ -->\n<title>Proceso de reclamaci\u00f3n de los estudiantes - ºÚÁÏ³Ô¹ÏÍø<\/title>\n<meta name=\"description\" content=\"Las pol\u00edticas de ºÚÁÏ³Ô¹ÏÍø y los procedimientos correspondientes para presentar quejas se describen en el Bolet\u00edn de la Universidad.\" \/>\n<meta name=\"robots\" content=\"index, follow, max-snippet:-1, max-image-preview:large, max-video-preview:-1\" \/>\n<link rel=\"canonical\" href=\"https:\/\/oglethorpe.edu\/es\/academicos\/recursos-academicos\/proceso-de-reclamacion-de-los-estudiantes\/\" \/>\n<meta property=\"og:locale\" content=\"es_ES\" \/>\n<meta property=\"og:type\" content=\"article\" \/>\n<meta property=\"og:title\" content=\"Proceso de reclamaci\u00f3n de los estudiantes\" \/>\n<meta property=\"og:description\" content=\"Las pol\u00edticas de ºÚÁÏ³Ô¹ÏÍø y los procedimientos correspondientes para presentar quejas se describen en el Bolet\u00edn de la Universidad.\" \/>\n<meta property=\"og:url\" content=\"https:\/\/oglethorpe.edu\/es\/academicos\/recursos-academicos\/proceso-de-reclamacion-de-los-estudiantes\/\" \/>\n<meta property=\"og:site_name\" content=\"ºÚÁÏ³Ô¹ÏÍø\" \/>\n<meta property=\"article:publisher\" content=\"https:\/\/www.facebook.com\/oglethorpeuniversity\" \/>\n<meta property=\"article:modified_time\" content=\"2024-09-13T02:09:12+00:00\" \/>\n<meta name=\"twitter:card\" content=\"summary_large_image\" \/>\n<meta name=\"twitter:label1\" content=\"Tiempo de lectura\" \/>\n\t<meta name=\"twitter:data1\" content=\"2 minutos\" \/>\n<script type=\"application\/ld+json\" class=\"yoast-schema-graph\">{\"@context\":\"https:\/\/schema.org\",\"@graph\":[{\"@type\":\"WebPage\",\"@id\":\"https:\/\/oglethorpe.edu\/es\/academicos\/recursos-academicos\/proceso-de-reclamacion-de-los-estudiantes\/\",\"url\":\"https:\/\/oglethorpe.edu\/es\/academicos\/recursos-academicos\/proceso-de-reclamacion-de-los-estudiantes\/\",\"name\":\"Proceso de reclamaci\u00f3n de los estudiantes - ºÚÁÏ³Ô¹ÏÍø\",\"isPartOf\":{\"@id\":\"https:\/\/oglethorpe.edu\/es\/#website\"},\"datePublished\":\"2024-08-29T19:39:46+00:00\",\"dateModified\":\"2024-09-13T02:09:12+00:00\",\"description\":\"Las pol\u00edticas de ºÚÁÏ³Ô¹ÏÍø y los procedimientos correspondientes para presentar quejas se describen en el Bolet\u00edn de la Universidad.\",\"breadcrumb\":{\"@id\":\"https:\/\/oglethorpe.edu\/es\/academicos\/recursos-academicos\/proceso-de-reclamacion-de-los-estudiantes\/#breadcrumb\"},\"inLanguage\":\"es\",\"potentialAction\":[{\"@type\":\"ReadAction\",\"target\":[\"https:\/\/oglethorpe.edu\/es\/academicos\/recursos-academicos\/proceso-de-reclamacion-de-los-estudiantes\/\"]}]},{\"@type\":\"BreadcrumbList\",\"@id\":\"https:\/\/oglethorpe.edu\/es\/academicos\/recursos-academicos\/proceso-de-reclamacion-de-los-estudiantes\/#breadcrumb\",\"itemListElement\":[{\"@type\":\"ListItem\",\"position\":1,\"name\":\"Home\",\"item\":\"https:\/\/oglethorpe.edu\/es\/\"},{\"@type\":\"ListItem\",\"position\":2,\"name\":\"Acad\u00e9micos\",\"item\":\"https:\/\/oglethorpe.edu\/es\/academics\/\"},{\"@type\":\"ListItem\",\"position\":3,\"name\":\"Recursos acad\u00e9micos\",\"item\":\"https:\/\/oglethorpe.edu\/es\/academics\/academic-resources\/\"},{\"@type\":\"ListItem\",\"position\":4,\"name\":\"Proceso de reclamaci\u00f3n de los estudiantes\"}]},{\"@type\":\"WebSite\",\"@id\":\"https:\/\/oglethorpe.edu\/es\/#website\",\"url\":\"https:\/\/oglethorpe.edu\/es\/\",\"name\":\"ºÚÁÏ³Ô¹ÏÍø\",\"description\":\"\",\"publisher\":{\"@id\":\"https:\/\/oglethorpe.edu\/es\/#organization\"},\"potentialAction\":[{\"@type\":\"SearchAction\",\"target\":{\"@type\":\"EntryPoint\",\"urlTemplate\":\"https:\/\/oglethorpe.edu\/es\/?s={search_term_string}\"},\"query-input\":{\"@type\":\"PropertyValueSpecification\",\"valueRequired\":true,\"valueName\":\"search_term_string\"}}],\"inLanguage\":\"es\"},{\"@type\":\"Organization\",\"@id\":\"https:\/\/oglethorpe.edu\/es\/#organization\",\"name\":\"ºÚÁÏ³Ô¹ÏÍø\",\"url\":\"https:\/\/oglethorpe.edu\/es\/\",\"logo\":{\"@type\":\"ImageObject\",\"inLanguage\":\"es\",\"@id\":\"https:\/\/oglethorpe.edu\/es\/#\/schema\/logo\/image\/\",\"url\":\"https:\/\/oglethorpe.edu\/wp-content\/uploads\/2024\/02\/oglethorpe-full-logo-new-1-1.png\",\"contentUrl\":\"https:\/\/oglethorpe.edu\/wp-content\/uploads\/2024\/02\/oglethorpe-full-logo-new-1-1.png\",\"width\":1112,\"height\":492,\"caption\":\"ºÚÁÏ³Ô¹ÏÍø\"},\"image\":{\"@id\":\"https:\/\/oglethorpe.edu\/es\/#\/schema\/logo\/image\/\"},\"sameAs\":[\"https:\/\/www.facebook.com\/oglethorpeuniversity\",\"https:\/\/instagram.com\/oglethorpeuniv\/\",\"https:\/\/www.linkedin.com\/edu\/school?id=18180&trk=tyah&trkInfo=clickedVerticalschoolclickedEntityId18180idx3-1-12tarId1438180301152tasoglethorpe\"]}]}<\/script>\n<!-- \/ Yoast SEO Premium plugin. -->","yoast_head_json":{"title":"Proceso de reclamaci\u00f3n de los estudiantes - ºÚÁÏ³Ô¹ÏÍø","description":"Las pol\u00edticas de ºÚÁÏ³Ô¹ÏÍø y los procedimientos correspondientes para presentar quejas se describen en el Bolet\u00edn de la Universidad.","robots":{"index":"index","follow":"follow","max-snippet":"max-snippet:-1","max-image-preview":"max-image-preview:large","max-video-preview":"max-video-preview:-1"},"canonical":"https:\/\/oglethorpe.edu\/es\/academicos\/recursos-academicos\/proceso-de-reclamacion-de-los-estudiantes\/","og_locale":"es_ES","og_type":"article","og_title":"Proceso de reclamaci\u00f3n de los estudiantes","og_description":"Las pol\u00edticas de ºÚÁÏ³Ô¹ÏÍø y los procedimientos correspondientes para presentar quejas se describen en el Bolet\u00edn de la Universidad.","og_url":"https:\/\/oglethorpe.edu\/es\/academicos\/recursos-academicos\/proceso-de-reclamacion-de-los-estudiantes\/","og_site_name":"ºÚÁÏ³Ô¹ÏÍø","article_publisher":"https:\/\/www.facebook.com\/oglethorpeuniversity","article_modified_time":"2024-09-13T02:09:12+00:00","twitter_card":"summary_large_image","twitter_misc":{"Tiempo de lectura":"2 minutos"},"schema":{"@context":"https:\/\/schema.org","@graph":[{"@type":"WebPage","@id":"https:\/\/oglethorpe.edu\/es\/academicos\/recursos-academicos\/proceso-de-reclamacion-de-los-estudiantes\/","url":"https:\/\/oglethorpe.edu\/es\/academicos\/recursos-academicos\/proceso-de-reclamacion-de-los-estudiantes\/","name":"Proceso de reclamaci\u00f3n de los estudiantes - ºÚÁÏ³Ô¹ÏÍø","isPartOf":{"@id":"https:\/\/oglethorpe.edu\/es\/#website"},"datePublished":"2024-08-29T19:39:46+00:00","dateModified":"2024-09-13T02:09:12+00:00","description":"Las pol\u00edticas de ºÚÁÏ³Ô¹ÏÍø y los procedimientos correspondientes para presentar quejas se describen en el Bolet\u00edn de la Universidad.","breadcrumb":{"@id":"https:\/\/oglethorpe.edu\/es\/academicos\/recursos-academicos\/proceso-de-reclamacion-de-los-estudiantes\/#breadcrumb"},"inLanguage":"es","potentialAction":[{"@type":"ReadAction","target":["https:\/\/oglethorpe.edu\/es\/academicos\/recursos-academicos\/proceso-de-reclamacion-de-los-estudiantes\/"]}]},{"@type":"BreadcrumbList","@id":"https:\/\/oglethorpe.edu\/es\/academicos\/recursos-academicos\/proceso-de-reclamacion-de-los-estudiantes\/#breadcrumb","itemListElement":[{"@type":"ListItem","position":1,"name":"Home","item":"https:\/\/oglethorpe.edu\/es\/"},{"@type":"ListItem","position":2,"name":"Acad\u00e9micos","item":"https:\/\/oglethorpe.edu\/es\/academics\/"},{"@type":"ListItem","position":3,"name":"Recursos acad\u00e9micos","item":"https:\/\/oglethorpe.edu\/es\/academics\/academic-resources\/"},{"@type":"ListItem","position":4,"name":"Proceso de reclamaci\u00f3n de los estudiantes"}]},{"@type":"WebSite","@id":"https:\/\/oglethorpe.edu\/es\/#website","url":"https:\/\/oglethorpe.edu\/es\/","name":"ºÚÁÏ³Ô¹ÏÍø","description":"","publisher":{"@id":"https:\/\/oglethorpe.edu\/es\/#organization"},"potentialAction":[{"@type":"SearchAction","target":{"@type":"EntryPoint","urlTemplate":"https:\/\/oglethorpe.edu\/es\/?s={search_term_string}"},"query-input":{"@type":"PropertyValueSpecification","valueRequired":true,"valueName":"search_term_string"}}],"inLanguage":"es"},{"@type":"Organization","@id":"https:\/\/oglethorpe.edu\/es\/#organization","name":"ºÚÁÏ³Ô¹ÏÍø","url":"https:\/\/oglethorpe.edu\/es\/","logo":{"@type":"ImageObject","inLanguage":"es","@id":"https:\/\/oglethorpe.edu\/es\/#\/schema\/logo\/image\/","url":"https:\/\/oglethorpe.edu\/wp-content\/uploads\/2024\/02\/oglethorpe-full-logo-new-1-1.png","contentUrl":"https:\/\/oglethorpe.edu\/wp-content\/uploads\/2024\/02\/oglethorpe-full-logo-new-1-1.png","width":1112,"height":492,"caption":"ºÚÁÏ³Ô¹ÏÍø"},"image":{"@id":"https:\/\/oglethorpe.edu\/es\/#\/schema\/logo\/image\/"},"sameAs":["https:\/\/www.facebook.com\/oglethorpeuniversity","https:\/\/instagram.com\/oglethorpeuniv\/","https:\/\/www.linkedin.com\/edu\/school?id=18180&trk=tyah&trkInfo=clickedVerticalschoolclickedEntityId18180idx3-1-12tarId1438180301152tasoglethorpe"]}]}},"_links":{"self":[{"href":"https:\/\/oglethorpe.edu\/es\/wp-json\/wp\/v2\/pages\/79005","targetHints":{"allow":["GET"]}}],"collection":[{"href":"https:\/\/oglethorpe.edu\/es\/wp-json\/wp\/v2\/pages"}],"about":[{"href":"https:\/\/oglethorpe.edu\/es\/wp-json\/wp\/v2\/types\/page"}],"author":[{"embeddable":true,"href":"https:\/\/oglethorpe.edu\/es\/wp-json\/wp\/v2\/users\/4"}],"replies":[{"embeddable":true,"href":"https:\/\/oglethorpe.edu\/es\/wp-json\/wp\/v2\/comments?post=79005"}],"version-history":[{"count":0,"href":"https:\/\/oglethorpe.edu\/es\/wp-json\/wp\/v2\/pages\/79005\/revisions"}],"up":[{"embeddable":true,"href":"https:\/\/oglethorpe.edu\/es\/wp-json\/wp\/v2\/pages\/79107"}],"wp:attachment":[{"href":"https:\/\/oglethorpe.edu\/es\/wp-json\/wp\/v2\/media?parent=79005"}],"wp:term":[{"taxonomy":"page_page-category","embeddable":true,"href":"https:\/\/oglethorpe.edu\/es\/wp-json\/wp\/v2\/page_page-category?post=79005"},{"taxonomy":"page_page-tag","embeddable":true,"href":"https:\/\/oglethorpe.edu\/es\/wp-json\/wp\/v2\/page_page-tag?post=79005"},{"taxonomy":"offered_as","embeddable":true,"href":"https:\/\/oglethorpe.edu\/es\/wp-json\/wp\/v2\/offered_as?post=79005"},{"taxonomy":"program_tags","embeddable":true,"href":"https:\/\/oglethorpe.edu\/es\/wp-json\/wp\/v2\/program_tags?post=79005"},{"taxonomy":"programtypes_page","embeddable":true,"href":"https:\/\/oglethorpe.edu\/es\/wp-json\/wp\/v2\/programtypes_page?post=79005"}],"curies":[{"name":"wp","href":"https:\/\/api.w.org\/{rel}","templated":true}]}}