  {"id":79064,"date":"2024-08-01T17:21:31","date_gmt":"2024-08-01T17:21:31","guid":{"rendered":"https:\/\/oglethorpe.edu\/consejos-para-prevenir-la-delincuencia\/"},"modified":"2024-11-27T17:14:40","modified_gmt":"2024-11-27T17:14:40","slug":"consejos-para-prevenir-la-delincuencia","status":"publish","type":"page","link":"https:\/\/oglethorpe.edu\/es\/vida-estudiantil\/servicios-de-apoyo\/seguridad-en-el-campus\/consejos-para-prevenir-la-delincuencia\/","title":{"rendered":"Consejos para prevenir la delincuencia"},"content":{"rendered":"\t\t<div data-elementor-type=\"wp-page\" data-elementor-id=\"79064\" class=\"elementor elementor-79064 elementor-54414\" data-elementor-post-type=\"page\">\n\t\t\t\t\t\t<section data-particle_enable=\"false\" data-particle-mobile-disabled=\"false\" class=\"elementor-section elementor-top-section elementor-element elementor-element-27b3b768 elementor-section-full_width elementor-section-height-default elementor-section-height-default\" data-id=\"27b3b768\" data-element_type=\"section\" data-e-type=\"section\" data-settings=\"{&quot;background_background&quot;:&quot;classic&quot;}\">\n\t\t\t\t\t\t\t<div class=\"elementor-background-overlay\"><\/div>\n\t\t\t\t\t\t\t<div class=\"elementor-container elementor-column-gap-default\">\n\t\t\t\t\t<div class=\"elementor-column elementor-col-100 elementor-top-column elementor-element elementor-element-592c884c\" data-id=\"592c884c\" data-element_type=\"column\" data-e-type=\"column\">\n\t\t\t<div class=\"elementor-widget-wrap elementor-element-populated\">\n\t\t\t\t\t\t<section data-particle_enable=\"false\" data-particle-mobile-disabled=\"false\" class=\"elementor-section elementor-inner-section elementor-element elementor-element-fb86789 elementor-section-boxed elementor-section-height-default elementor-section-height-default\" data-id=\"fb86789\" data-element_type=\"section\" data-e-type=\"section\" data-settings=\"{&quot;background_background&quot;:&quot;classic&quot;}\">\n\t\t\t\t\t\t<div class=\"elementor-container elementor-column-gap-default\">\n\t\t\t\t\t<div class=\"elementor-column elementor-col-100 elementor-inner-column elementor-element elementor-element-34832529\" data-id=\"34832529\" data-element_type=\"column\" data-e-type=\"column\">\n\t\t\t<div class=\"elementor-widget-wrap elementor-element-populated\">\n\t\t\t\t\t\t<div class=\"elementor-element elementor-element-4cc7a5a9 banner_heading_new elementor-widget elementor-widget-heading\" data-id=\"4cc7a5a9\" data-element_type=\"widget\" data-e-type=\"widget\" data-widget_type=\"heading.default\">\n\t\t\t\t<div class=\"elementor-widget-container\">\n\t\t\t\t\t<h1 class=\"elementor-heading-title elementor-size-default\">Crime Prevention Tips<\/h1>\t\t\t\t<\/div>\n\t\t\t\t<\/div>\n\t\t\t\t\t<\/div>\n\t\t<\/div>\n\t\t\t\t\t<\/div>\n\t\t<\/section>\n\t\t\t\t\t<\/div>\n\t\t<\/div>\n\t\t\t\t\t<\/div>\n\t\t<\/section>\n\t\t\t\t<section data-particle_enable=\"false\" data-particle-mobile-disabled=\"false\" class=\"elementor-section elementor-top-section elementor-element elementor-element-c04d82f elementor-section-boxed elementor-section-height-default elementor-section-height-default\" data-id=\"c04d82f\" data-element_type=\"section\" data-e-type=\"section\">\n\t\t\t\t\t\t<div class=\"elementor-container elementor-column-gap-default\">\n\t\t\t\t\t<div class=\"elementor-column elementor-col-100 elementor-top-column elementor-element elementor-element-815f9cf\" data-id=\"815f9cf\" data-element_type=\"column\" data-e-type=\"column\">\n\t\t\t<div class=\"elementor-widget-wrap elementor-element-populated\">\n\t\t\t\t\t\t<section data-particle_enable=\"false\" data-particle-mobile-disabled=\"false\" class=\"elementor-section elementor-inner-section elementor-element elementor-element-e792556 elementor-section-boxed elementor-section-height-default elementor-section-height-default\" data-id=\"e792556\" data-element_type=\"section\" data-e-type=\"section\">\n\t\t\t\t\t\t<div class=\"elementor-container elementor-column-gap-default\">\n\t\t\t\t\t<div class=\"elementor-column elementor-col-100 elementor-inner-column elementor-element elementor-element-181bfa2\" data-id=\"181bfa2\" data-element_type=\"column\" data-e-type=\"column\">\n\t\t\t<div class=\"elementor-widget-wrap elementor-element-populated\">\n\t\t\t\t\t\t<div class=\"elementor-element elementor-element-8d10646 elementor-widget__width-auto elementor-widget elementor-widget-shortcode\" data-id=\"8d10646\" data-element_type=\"widget\" data-e-type=\"widget\" data-widget_type=\"shortcode.default\">\n\t\t\t\t<div class=\"elementor-widget-container\">\n\t\t\t\t\t\t\t<div class=\"elementor-shortcode\"><nav aria-label=\"breadcrumbs\">\n            <div class=\"breadcrumb-container theme1\">\n                <ol>\n                                    <\/ol>\n            <\/div>\n        <\/nav>    <script type=\"application\/ld+json\">\n        {\n            \"@context\": \"http:\/\/schema.org\",\n            \"@type\": \"BreadcrumbList\",\n            \"itemListElement\": [\n                            ]\n        }\n    <\/script>\n   \n    <script>\n            <\/script>\n<\/div>\n\t\t\t\t\t\t<\/div>\n\t\t\t\t<\/div>\n\t\t\t\t\t<\/div>\n\t\t<\/div>\n\t\t\t\t\t<\/div>\n\t\t<\/section>\n\t\t\t\t\t<\/div>\n\t\t<\/div>\n\t\t\t\t\t<\/div>\n\t\t<\/section>\n\t\t\t\t<section data-particle_enable=\"false\" data-particle-mobile-disabled=\"false\" class=\"elementor-section elementor-top-section elementor-element elementor-element-05a2639 elementor-section-boxed elementor-section-height-default elementor-section-height-default\" data-id=\"05a2639\" data-element_type=\"section\" data-e-type=\"section\">\n\t\t\t\t\t\t<div class=\"elementor-container elementor-column-gap-default\">\n\t\t\t\t\t<div class=\"elementor-column elementor-col-100 elementor-top-column elementor-element elementor-element-6952587\" data-id=\"6952587\" data-element_type=\"column\" data-e-type=\"column\">\n\t\t\t<div class=\"elementor-widget-wrap elementor-element-populated\">\n\t\t\t\t\t\t<div class=\"elementor-element elementor-element-40ddd79 elementor-widget elementor-widget-heading\" data-id=\"40ddd79\" data-element_type=\"widget\" data-e-type=\"widget\" data-widget_type=\"heading.default\">\n\t\t\t\t<div class=\"elementor-widget-container\">\n\t\t\t\t\t<h2 class=\"elementor-heading-title elementor-size-default\">Consejos para mantenerte seguro<\/h2>\t\t\t\t<\/div>\n\t\t\t\t<\/div>\n\t\t\t\t<div class=\"elementor-element elementor-element-186f5f2 elementor-widget elementor-widget-text-editor\" data-id=\"186f5f2\" data-element_type=\"widget\" data-e-type=\"widget\" data-widget_type=\"text-editor.default\">\n\t\t\t\t<div class=\"elementor-widget-container\">\n\t\t\t\t\t\t\t\t\t<h3>En la Residencia<\/h3><p>Va contra la pol\u00edtica de los estudiantes dejar las puertas sin cerrar durante cualquier periodo de tiempo en que no est\u00e9n presentes en la habitaci\u00f3n o apuntalar puertas exteriores abiertas. Se recomienda a los alumnos que contraten un seguro de propiedad en <a href=\"https:\/\/www.nssi.com\/\" target=\"_blank\" rel=\"noopener\">National Student Services<\/a>. Los estudiantes deben informar de todas las actividades sospechosas a su Ayudante de Residencia, a los Directores de Sala o a la Seguridad del Campus. Tienes derecho a pedir identificaci\u00f3n a cualquier agente que entre en tu espacio y se te anima a que utilices la mirilla antes de abrir la puerta; en caso de duda, llama a la seguridad del campus al 404-504-1998.<\/p><h3>En tu coche<\/h3><p>Las puertas del coche deben permanecer cerradas tanto si est\u00e1 aparcado como en movimiento. Todos los objetos de valor deben colocarse en el maletero o fuera de la vista. En caso de que te pare o se te acerque alguien desconocido en los terrenos del campus, no salgas de tu veh\u00edculo. Aparca en zonas bien iluminadas y ac\u00e9rcate siempre al coche con la llave en la mano. Si las luces de una zona de aparcamiento no funcionan, informa de ello a la Seguridad del Campus llamando al 404-504-1998.<\/p><h3>A pie<\/h3><p>Permanece en grupos de dos o m\u00e1s personas y camina siempre por zonas bien iluminadas, bien pobladas y aptas para peatones. Mantente alerta y abstente de utilizar dispositivos electr\u00f3nicos que te distraigan o de hablar por tel\u00e9fono. Informa siempre de tu marcha a tus compa\u00f1eros de habitaci\u00f3n y de suite, as\u00ed como a la garita de seguridad del campus, y deja una hora prevista de regreso, el destino y un n\u00famero de tel\u00e9fono en el que se te pueda localizar a ti y a los miembros de tu grupo.<\/p><h3>En todas las situaciones<\/h3><p>Nunca dejes entrar a extra\u00f1os en tu habitaci\u00f3n ni les permitas acceder a tus objetos personales, como el tel\u00e9fono m\u00f3vil, el bolso o la cartera. Nunca reveles informaci\u00f3n de identificaci\u00f3n personal. Avisa siempre a la seguridad del campus si alguien extra\u00f1o deambula por \u00e9l o en caso de cualquier situaci\u00f3n insegura.<\/p><h3>Fuerzas y Cuerpos de Seguridad Locales<\/h3><p>La Universidad de ºÚÁÏ³Ô¹ÏÍø mantiene\u00a0<span style=\"font-size: 16px;font-style: normal;font-weight: 400\">relaciones<\/span><span style=\"font-size: 16px;font-style: normal;font-weight: 400\">\u00a0<\/span><span style=\"font-size: 16px\">estrechas con todos los organismos policiales locales.<\/span><\/p><p>No dudes en ponerte en contacto con la Seguridad del Campus si te enfrentas a un problema y no est\u00e1s seguro de si se necesitan o no fuerzas de seguridad adicionales.<\/p><h3>RAVE<\/h3><p>Con un clic del rat\u00f3n, la <a href=\"https:\/\/www.getrave.com\/login\/oglethorpe\" target=\"_blank\" rel=\"noopener\">Alerta de Seguridad M\u00f3vil OU Alert\/Rave<\/a> puede enviar instant\u00e1neamente mensajes de texto, correos electr\u00f3nicos del campus y llamadas autom\u00e1ticas a todos los miembros de la comunidad universitaria -estudiantes, profesores y personal- en caso de emergencia. Se anima a los miembros del campus a que se inscriban en el servicio lo antes posible, pero se inscribir\u00e1n autom\u00e1ticamente en caso de que no lo hagan; es importante que todos mantengan archivada la informaci\u00f3n de contacto actualizada. Obt\u00e9n m\u00e1s <a href=\"https:\/\/oglethorpe.edu\/es\/?page_id=79059\">informaci\u00f3n<\/a> sobre RAVE junto con nuestra <a href=\"https:\/\/oglethorpe.edu\/es\/?page_id=79059\">informaci\u00f3n sobre preparaci\u00f3n para emergencias<\/a>.<\/p>\t\t\t\t\t\t\t\t<\/div>\n\t\t\t\t<\/div>\n\t\t\t\t\t<\/div>\n\t\t<\/div>\n\t\t\t\t\t<\/div>\n\t\t<\/section>\n\t\t\t\t<section data-particle_enable=\"false\" data-particle-mobile-disabled=\"false\" class=\"elementor-section elementor-top-section elementor-element elementor-element-9f45173 elementor-section-boxed elementor-section-height-default elementor-section-height-default\" data-id=\"9f45173\" data-element_type=\"section\" data-e-type=\"section\">\n\t\t\t\t\t\t<div class=\"elementor-container elementor-column-gap-default\">\n\t\t\t\t\t<div class=\"elementor-column elementor-col-100 elementor-top-column elementor-element elementor-element-a22e90b\" data-id=\"a22e90b\" data-element_type=\"column\" data-e-type=\"column\">\n\t\t\t<div class=\"elementor-widget-wrap\">\n\t\t\t\t\t\t\t<\/div>\n\t\t<\/div>\n\t\t\t\t\t<\/div>\n\t\t<\/section>\n\t\t\t\t<\/div>\n\t\t","protected":false},"excerpt":{"rendered":"<p>Crime Prevention Tips Consejos para mantenerte seguro En la Residencia Va contra la pol\u00edtica de los estudiantes dejar las puertas [&hellip;]<\/p>\n","protected":false},"author":4,"featured_media":0,"parent":79065,"menu_order":0,"comment_status":"closed","ping_status":"closed","template":"","meta":{"_acf_changed":false,"site-sidebar-layout":"no-sidebar","site-content-layout":"","ast-site-content-layout":"full-width-container","site-content-style":"default","site-sidebar-style":"default","ast-global-header-display":"","ast-banner-title-visibility":"","ast-main-header-display":"","ast-hfb-above-header-display":"","ast-hfb-below-header-display":"","ast-hfb-mobile-header-display":"","site-post-title":"disabled","ast-breadcrumbs-content":"","ast-featured-img":"disabled","footer-sml-layout":"","theme-transparent-header-meta":"","adv-header-id-meta":"","stick-header-meta":"","header-above-stick-meta":"","header-main-stick-meta":"","header-below-stick-meta":"","astra-migrate-meta-layouts":"default","ast-page-background-enabled":"default","ast-page-background-meta":{"desktop":{"background-color":"var(--ast-global-color-4)","background-image":"","background-repeat":"repeat","background-position":"center center","background-size":"auto","background-attachment":"scroll","background-type":"","background-media":"","overlay-type":"","overlay-color":"","overlay-opacity":"","overlay-gradient":""},"tablet":{"background-color":"","background-image":"","background-repeat":"repeat","background-position":"center center","background-size":"auto","background-attachment":"scroll","background-type":"","background-media":"","overlay-type":"","overlay-color":"","overlay-opacity":"","overlay-gradient":""},"mobile":{"background-color":"","background-image":"","background-repeat":"repeat","background-position":"center center","background-size":"auto","background-attachment":"scroll","background-type":"","background-media":"","overlay-type":"","overlay-color":"","overlay-opacity":"","overlay-gradient":""}},"ast-content-background-meta":{"desktop":{"background-color":"var(--ast-global-color-5)","background-image":"","background-repeat":"repeat","background-position":"center center","background-size":"auto","background-attachment":"scroll","background-type":"","background-media":"","overlay-type":"","overlay-color":"","overlay-opacity":"","overlay-gradient":""},"tablet":{"background-color":"var(--ast-global-color-5)","background-image":"","background-repeat":"repeat","background-position":"center center","background-size":"auto","background-attachment":"scroll","background-type":"","background-media":"","overlay-type":"","overlay-color":"","overlay-opacity":"","overlay-gradient":""},"mobile":{"background-color":"var(--ast-global-color-5)","background-image":"","background-repeat":"repeat","background-position":"center center","background-size":"auto","background-attachment":"scroll","background-type":"","background-media":"","overlay-type":"","overlay-color":"","overlay-opacity":"","overlay-gradient":""}},"footnotes":""},"page_page-category":[],"page_page-tag":[],"offered_as":[],"program_tags":[],"programtypes_page":[],"class_list":["post-79064","page","type-page","status-publish","hentry"],"acf":[],"yoast_head":"<!-- This site is optimized with the Yoast SEO Premium plugin v27.2 (Yoast SEO v27.2) - https:\/\/yoast.com\/product\/yoast-seo-premium-wordpress\/ -->\n<title>Consejos para prevenir la delincuencia - ºÚÁÏ³Ô¹ÏÍø<\/title>\n<meta name=\"description\" content=\"Sigue estos consejos y normas para mantenerte seguro en el campus, e informa siempre de cualquier actividad sospechosa a la Seguridad del Campus.\" \/>\n<meta name=\"robots\" content=\"index, follow, max-snippet:-1, max-image-preview:large, max-video-preview:-1\" \/>\n<link rel=\"canonical\" href=\"https:\/\/oglethorpe.edu\/es\/vida-estudiantil\/servicios-de-apoyo\/seguridad-en-el-campus\/consejos-para-prevenir-la-delincuencia\/\" \/>\n<meta property=\"og:locale\" content=\"es_ES\" \/>\n<meta property=\"og:type\" content=\"article\" \/>\n<meta property=\"og:title\" content=\"Consejos para prevenir la delincuencia\" \/>\n<meta property=\"og:description\" content=\"Sigue estos consejos y normas para mantenerte seguro en el campus, e informa siempre de cualquier actividad sospechosa a la Seguridad del Campus.\" \/>\n<meta property=\"og:url\" content=\"https:\/\/oglethorpe.edu\/es\/vida-estudiantil\/servicios-de-apoyo\/seguridad-en-el-campus\/consejos-para-prevenir-la-delincuencia\/\" \/>\n<meta property=\"og:site_name\" content=\"ºÚÁÏ³Ô¹ÏÍø\" \/>\n<meta property=\"article:publisher\" content=\"https:\/\/www.facebook.com\/oglethorpeuniversity\" \/>\n<meta property=\"article:modified_time\" content=\"2024-11-27T17:14:40+00:00\" \/>\n<meta name=\"twitter:card\" content=\"summary_large_image\" \/>\n<meta name=\"twitter:label1\" content=\"Tiempo de lectura\" \/>\n\t<meta name=\"twitter:data1\" content=\"3 minutos\" \/>\n<script type=\"application\/ld+json\" class=\"yoast-schema-graph\">{\"@context\":\"https:\/\/schema.org\",\"@graph\":[{\"@type\":\"WebPage\",\"@id\":\"https:\/\/oglethorpe.edu\/es\/vida-estudiantil\/servicios-de-apoyo\/seguridad-en-el-campus\/consejos-para-prevenir-la-delincuencia\/\",\"url\":\"https:\/\/oglethorpe.edu\/es\/vida-estudiantil\/servicios-de-apoyo\/seguridad-en-el-campus\/consejos-para-prevenir-la-delincuencia\/\",\"name\":\"Consejos para prevenir la delincuencia - ºÚÁÏ³Ô¹ÏÍø\",\"isPartOf\":{\"@id\":\"https:\/\/oglethorpe.edu\/es\/#website\"},\"datePublished\":\"2024-08-01T17:21:31+00:00\",\"dateModified\":\"2024-11-27T17:14:40+00:00\",\"description\":\"Sigue estos consejos y normas para mantenerte seguro en el campus, e informa siempre de cualquier actividad sospechosa a la Seguridad del Campus.\",\"breadcrumb\":{\"@id\":\"https:\/\/oglethorpe.edu\/es\/vida-estudiantil\/servicios-de-apoyo\/seguridad-en-el-campus\/consejos-para-prevenir-la-delincuencia\/#breadcrumb\"},\"inLanguage\":\"es\",\"potentialAction\":[{\"@type\":\"ReadAction\",\"target\":[\"https:\/\/oglethorpe.edu\/es\/vida-estudiantil\/servicios-de-apoyo\/seguridad-en-el-campus\/consejos-para-prevenir-la-delincuencia\/\"]}]},{\"@type\":\"BreadcrumbList\",\"@id\":\"https:\/\/oglethorpe.edu\/es\/vida-estudiantil\/servicios-de-apoyo\/seguridad-en-el-campus\/consejos-para-prevenir-la-delincuencia\/#breadcrumb\",\"itemListElement\":[{\"@type\":\"ListItem\",\"position\":1,\"name\":\"Home\",\"item\":\"https:\/\/oglethorpe.edu\/es\/\"},{\"@type\":\"ListItem\",\"position\":2,\"name\":\"Vida estudiantil\",\"item\":\"https:\/\/oglethorpe.edu\/es\/life\/\"},{\"@type\":\"ListItem\",\"position\":3,\"name\":\"Servicios de Apoyo\",\"item\":\"https:\/\/oglethorpe.edu\/es\/life\/support\/\"},{\"@type\":\"ListItem\",\"position\":4,\"name\":\"Seguridad en el Campus\",\"item\":\"https:\/\/oglethorpe.edu\/es\/life\/support\/safety\/\"},{\"@type\":\"ListItem\",\"position\":5,\"name\":\"Consejos para prevenir la delincuencia\"}]},{\"@type\":\"WebSite\",\"@id\":\"https:\/\/oglethorpe.edu\/es\/#website\",\"url\":\"https:\/\/oglethorpe.edu\/es\/\",\"name\":\"ºÚÁÏ³Ô¹ÏÍø\",\"description\":\"\",\"publisher\":{\"@id\":\"https:\/\/oglethorpe.edu\/es\/#organization\"},\"potentialAction\":[{\"@type\":\"SearchAction\",\"target\":{\"@type\":\"EntryPoint\",\"urlTemplate\":\"https:\/\/oglethorpe.edu\/es\/?s={search_term_string}\"},\"query-input\":{\"@type\":\"PropertyValueSpecification\",\"valueRequired\":true,\"valueName\":\"search_term_string\"}}],\"inLanguage\":\"es\"},{\"@type\":\"Organization\",\"@id\":\"https:\/\/oglethorpe.edu\/es\/#organization\",\"name\":\"ºÚÁÏ³Ô¹ÏÍø\",\"url\":\"https:\/\/oglethorpe.edu\/es\/\",\"logo\":{\"@type\":\"ImageObject\",\"inLanguage\":\"es\",\"@id\":\"https:\/\/oglethorpe.edu\/es\/#\/schema\/logo\/image\/\",\"url\":\"https:\/\/oglethorpe.edu\/wp-content\/uploads\/2024\/02\/oglethorpe-full-logo-new-1-1.png\",\"contentUrl\":\"https:\/\/oglethorpe.edu\/wp-content\/uploads\/2024\/02\/oglethorpe-full-logo-new-1-1.png\",\"width\":1112,\"height\":492,\"caption\":\"ºÚÁÏ³Ô¹ÏÍø\"},\"image\":{\"@id\":\"https:\/\/oglethorpe.edu\/es\/#\/schema\/logo\/image\/\"},\"sameAs\":[\"https:\/\/www.facebook.com\/oglethorpeuniversity\",\"https:\/\/instagram.com\/oglethorpeuniv\/\",\"https:\/\/www.linkedin.com\/edu\/school?id=18180&trk=tyah&trkInfo=clickedVerticalschoolclickedEntityId18180idx3-1-12tarId1438180301152tasoglethorpe\"]}]}<\/script>\n<!-- \/ Yoast SEO Premium plugin. -->","yoast_head_json":{"title":"Consejos para prevenir la delincuencia - ºÚÁÏ³Ô¹ÏÍø","description":"Sigue estos consejos y normas para mantenerte seguro en el campus, e informa siempre de cualquier actividad sospechosa a la Seguridad del Campus.","robots":{"index":"index","follow":"follow","max-snippet":"max-snippet:-1","max-image-preview":"max-image-preview:large","max-video-preview":"max-video-preview:-1"},"canonical":"https:\/\/oglethorpe.edu\/es\/vida-estudiantil\/servicios-de-apoyo\/seguridad-en-el-campus\/consejos-para-prevenir-la-delincuencia\/","og_locale":"es_ES","og_type":"article","og_title":"Consejos para prevenir la delincuencia","og_description":"Sigue estos consejos y normas para mantenerte seguro en el campus, e informa siempre de cualquier actividad sospechosa a la Seguridad del Campus.","og_url":"https:\/\/oglethorpe.edu\/es\/vida-estudiantil\/servicios-de-apoyo\/seguridad-en-el-campus\/consejos-para-prevenir-la-delincuencia\/","og_site_name":"ºÚÁÏ³Ô¹ÏÍø","article_publisher":"https:\/\/www.facebook.com\/oglethorpeuniversity","article_modified_time":"2024-11-27T17:14:40+00:00","twitter_card":"summary_large_image","twitter_misc":{"Tiempo de lectura":"3 minutos"},"schema":{"@context":"https:\/\/schema.org","@graph":[{"@type":"WebPage","@id":"https:\/\/oglethorpe.edu\/es\/vida-estudiantil\/servicios-de-apoyo\/seguridad-en-el-campus\/consejos-para-prevenir-la-delincuencia\/","url":"https:\/\/oglethorpe.edu\/es\/vida-estudiantil\/servicios-de-apoyo\/seguridad-en-el-campus\/consejos-para-prevenir-la-delincuencia\/","name":"Consejos para prevenir la delincuencia - ºÚÁÏ³Ô¹ÏÍø","isPartOf":{"@id":"https:\/\/oglethorpe.edu\/es\/#website"},"datePublished":"2024-08-01T17:21:31+00:00","dateModified":"2024-11-27T17:14:40+00:00","description":"Sigue estos consejos y normas para mantenerte seguro en el campus, e informa siempre de cualquier actividad sospechosa a la Seguridad del Campus.","breadcrumb":{"@id":"https:\/\/oglethorpe.edu\/es\/vida-estudiantil\/servicios-de-apoyo\/seguridad-en-el-campus\/consejos-para-prevenir-la-delincuencia\/#breadcrumb"},"inLanguage":"es","potentialAction":[{"@type":"ReadAction","target":["https:\/\/oglethorpe.edu\/es\/vida-estudiantil\/servicios-de-apoyo\/seguridad-en-el-campus\/consejos-para-prevenir-la-delincuencia\/"]}]},{"@type":"BreadcrumbList","@id":"https:\/\/oglethorpe.edu\/es\/vida-estudiantil\/servicios-de-apoyo\/seguridad-en-el-campus\/consejos-para-prevenir-la-delincuencia\/#breadcrumb","itemListElement":[{"@type":"ListItem","position":1,"name":"Home","item":"https:\/\/oglethorpe.edu\/es\/"},{"@type":"ListItem","position":2,"name":"Vida estudiantil","item":"https:\/\/oglethorpe.edu\/es\/life\/"},{"@type":"ListItem","position":3,"name":"Servicios de Apoyo","item":"https:\/\/oglethorpe.edu\/es\/life\/support\/"},{"@type":"ListItem","position":4,"name":"Seguridad en el Campus","item":"https:\/\/oglethorpe.edu\/es\/life\/support\/safety\/"},{"@type":"ListItem","position":5,"name":"Consejos para prevenir la delincuencia"}]},{"@type":"WebSite","@id":"https:\/\/oglethorpe.edu\/es\/#website","url":"https:\/\/oglethorpe.edu\/es\/","name":"ºÚÁÏ³Ô¹ÏÍø","description":"","publisher":{"@id":"https:\/\/oglethorpe.edu\/es\/#organization"},"potentialAction":[{"@type":"SearchAction","target":{"@type":"EntryPoint","urlTemplate":"https:\/\/oglethorpe.edu\/es\/?s={search_term_string}"},"query-input":{"@type":"PropertyValueSpecification","valueRequired":true,"valueName":"search_term_string"}}],"inLanguage":"es"},{"@type":"Organization","@id":"https:\/\/oglethorpe.edu\/es\/#organization","name":"ºÚÁÏ³Ô¹ÏÍø","url":"https:\/\/oglethorpe.edu\/es\/","logo":{"@type":"ImageObject","inLanguage":"es","@id":"https:\/\/oglethorpe.edu\/es\/#\/schema\/logo\/image\/","url":"https:\/\/oglethorpe.edu\/wp-content\/uploads\/2024\/02\/oglethorpe-full-logo-new-1-1.png","contentUrl":"https:\/\/oglethorpe.edu\/wp-content\/uploads\/2024\/02\/oglethorpe-full-logo-new-1-1.png","width":1112,"height":492,"caption":"ºÚÁÏ³Ô¹ÏÍø"},"image":{"@id":"https:\/\/oglethorpe.edu\/es\/#\/schema\/logo\/image\/"},"sameAs":["https:\/\/www.facebook.com\/oglethorpeuniversity","https:\/\/instagram.com\/oglethorpeuniv\/","https:\/\/www.linkedin.com\/edu\/school?id=18180&trk=tyah&trkInfo=clickedVerticalschoolclickedEntityId18180idx3-1-12tarId1438180301152tasoglethorpe"]}]}},"_links":{"self":[{"href":"https:\/\/oglethorpe.edu\/es\/wp-json\/wp\/v2\/pages\/79064","targetHints":{"allow":["GET"]}}],"collection":[{"href":"https:\/\/oglethorpe.edu\/es\/wp-json\/wp\/v2\/pages"}],"about":[{"href":"https:\/\/oglethorpe.edu\/es\/wp-json\/wp\/v2\/types\/page"}],"author":[{"embeddable":true,"href":"https:\/\/oglethorpe.edu\/es\/wp-json\/wp\/v2\/users\/4"}],"replies":[{"embeddable":true,"href":"https:\/\/oglethorpe.edu\/es\/wp-json\/wp\/v2\/comments?post=79064"}],"version-history":[{"count":0,"href":"https:\/\/oglethorpe.edu\/es\/wp-json\/wp\/v2\/pages\/79064\/revisions"}],"up":[{"embeddable":true,"href":"https:\/\/oglethorpe.edu\/es\/wp-json\/wp\/v2\/pages\/79065"}],"wp:attachment":[{"href":"https:\/\/oglethorpe.edu\/es\/wp-json\/wp\/v2\/media?parent=79064"}],"wp:term":[{"taxonomy":"page_page-category","embeddable":true,"href":"https:\/\/oglethorpe.edu\/es\/wp-json\/wp\/v2\/page_page-category?post=79064"},{"taxonomy":"page_page-tag","embeddable":true,"href":"https:\/\/oglethorpe.edu\/es\/wp-json\/wp\/v2\/page_page-tag?post=79064"},{"taxonomy":"offered_as","embeddable":true,"href":"https:\/\/oglethorpe.edu\/es\/wp-json\/wp\/v2\/offered_as?post=79064"},{"taxonomy":"program_tags","embeddable":true,"href":"https:\/\/oglethorpe.edu\/es\/wp-json\/wp\/v2\/program_tags?post=79064"},{"taxonomy":"programtypes_page","embeddable":true,"href":"https:\/\/oglethorpe.edu\/es\/wp-json\/wp\/v2\/programtypes_page?post=79064"}],"curies":[{"name":"wp","href":"https:\/\/api.w.org\/{rel}","templated":true}]}}