  {"id":79075,"date":"2024-07-01T17:15:35","date_gmt":"2024-07-01T17:15:35","guid":{"rendered":"https:\/\/oglethorpe.edu\/aplicacion-internacional\/becas-y-ayudas-economicas-para-estudiantes-internacionales\/"},"modified":"2024-11-12T17:39:04","modified_gmt":"2024-11-12T17:39:04","slug":"becas-y-ayudas-economicas-para-estudiantes-internacionales","status":"publish","type":"page","link":"https:\/\/oglethorpe.edu\/es\/admision\/como-solicitarlo\/aplicacion-internacional\/becas-y-ayudas-economicas-para-estudiantes-internacionales\/","title":{"rendered":"Becas y ayudas econ\u00f3micas para estudiantes internacionales"},"content":{"rendered":"\t\t<div data-elementor-type=\"wp-page\" data-elementor-id=\"79075\" class=\"elementor elementor-79075 elementor-42740\" data-elementor-post-type=\"page\">\n\t\t\t\t\t\t<section data-particle_enable=\"false\" data-particle-mobile-disabled=\"false\" class=\"elementor-section elementor-top-section elementor-element elementor-element-7475b2ba elementor-section-full_width elementor-section-height-default elementor-section-height-default\" data-id=\"7475b2ba\" data-element_type=\"section\" data-e-type=\"section\" data-settings=\"{&quot;background_background&quot;:&quot;classic&quot;}\">\n\t\t\t\t\t\t\t<div class=\"elementor-background-overlay\"><\/div>\n\t\t\t\t\t\t\t<div class=\"elementor-container elementor-column-gap-default\">\n\t\t\t\t\t<div class=\"elementor-column elementor-col-100 elementor-top-column elementor-element elementor-element-3d9a8ff7\" data-id=\"3d9a8ff7\" data-element_type=\"column\" data-e-type=\"column\">\n\t\t\t<div class=\"elementor-widget-wrap elementor-element-populated\">\n\t\t\t\t\t\t<section data-particle_enable=\"false\" data-particle-mobile-disabled=\"false\" class=\"elementor-section elementor-inner-section elementor-element elementor-element-628cf9e3 elementor-section-boxed elementor-section-height-default elementor-section-height-default\" data-id=\"628cf9e3\" data-element_type=\"section\" data-e-type=\"section\" data-settings=\"{&quot;background_background&quot;:&quot;classic&quot;}\">\n\t\t\t\t\t\t<div class=\"elementor-container elementor-column-gap-default\">\n\t\t\t\t\t<div class=\"elementor-column elementor-col-100 elementor-inner-column elementor-element elementor-element-119ca18\" data-id=\"119ca18\" data-element_type=\"column\" data-e-type=\"column\">\n\t\t\t<div class=\"elementor-widget-wrap elementor-element-populated\">\n\t\t\t\t\t\t<div class=\"elementor-element elementor-element-44be7385 banner_heading_new elementor-widget elementor-widget-heading\" data-id=\"44be7385\" data-element_type=\"widget\" data-e-type=\"widget\" data-widget_type=\"heading.default\">\n\t\t\t\t<div class=\"elementor-widget-container\">\n\t\t\t\t\t<h1 class=\"elementor-heading-title elementor-size-default\">Becas y financiamiento economico<\/h1>\t\t\t\t<\/div>\n\t\t\t\t<\/div>\n\t\t\t\t\t<\/div>\n\t\t<\/div>\n\t\t\t\t\t<\/div>\n\t\t<\/section>\n\t\t\t\t\t<\/div>\n\t\t<\/div>\n\t\t\t\t\t<\/div>\n\t\t<\/section>\n\t\t\t\t<section data-particle_enable=\"false\" data-particle-mobile-disabled=\"false\" class=\"elementor-section elementor-top-section elementor-element elementor-element-c04d82f elementor-section-boxed elementor-section-height-default elementor-section-height-default\" data-id=\"c04d82f\" data-element_type=\"section\" data-e-type=\"section\">\n\t\t\t\t\t\t<div class=\"elementor-container elementor-column-gap-default\">\n\t\t\t\t\t<div class=\"elementor-column elementor-col-100 elementor-top-column elementor-element elementor-element-815f9cf\" data-id=\"815f9cf\" data-element_type=\"column\" data-e-type=\"column\">\n\t\t\t<div class=\"elementor-widget-wrap elementor-element-populated\">\n\t\t\t\t\t\t<section data-particle_enable=\"false\" data-particle-mobile-disabled=\"false\" class=\"elementor-section elementor-inner-section elementor-element elementor-element-e792556 elementor-section-boxed elementor-section-height-default elementor-section-height-default\" data-id=\"e792556\" data-element_type=\"section\" data-e-type=\"section\">\n\t\t\t\t\t\t<div class=\"elementor-container elementor-column-gap-default\">\n\t\t\t\t\t<div class=\"elementor-column elementor-col-100 elementor-inner-column elementor-element elementor-element-181bfa2\" data-id=\"181bfa2\" data-element_type=\"column\" data-e-type=\"column\">\n\t\t\t<div class=\"elementor-widget-wrap elementor-element-populated\">\n\t\t\t\t\t\t<div class=\"elementor-element elementor-element-8d10646 elementor-widget__width-auto elementor-widget elementor-widget-shortcode\" data-id=\"8d10646\" data-element_type=\"widget\" data-e-type=\"widget\" data-widget_type=\"shortcode.default\">\n\t\t\t\t<div class=\"elementor-widget-container\">\n\t\t\t\t\t\t\t<div class=\"elementor-shortcode\"><nav aria-label=\"breadcrumbs\">\n            <div class=\"breadcrumb-container theme1\">\n                <ol>\n                                    <\/ol>\n            <\/div>\n        <\/nav>    <script type=\"application\/ld+json\">\n        {\n            \"@context\": \"http:\/\/schema.org\",\n            \"@type\": \"BreadcrumbList\",\n            \"itemListElement\": [\n                            ]\n        }\n    <\/script>\n   \n    <script>\n            <\/script>\n<\/div>\n\t\t\t\t\t\t<\/div>\n\t\t\t\t<\/div>\n\t\t\t\t\t<\/div>\n\t\t<\/div>\n\t\t\t\t\t<\/div>\n\t\t<\/section>\n\t\t\t\t\t<\/div>\n\t\t<\/div>\n\t\t\t\t\t<\/div>\n\t\t<\/section>\n\t\t\t\t<section data-particle_enable=\"false\" data-particle-mobile-disabled=\"false\" class=\"elementor-section elementor-top-section elementor-element elementor-element-b918abf elementor-section-boxed elementor-section-height-default elementor-section-height-default\" data-id=\"b918abf\" data-element_type=\"section\" data-e-type=\"section\">\n\t\t\t\t\t\t<div class=\"elementor-container elementor-column-gap-default\">\n\t\t\t\t\t<div class=\"elementor-column elementor-col-100 elementor-top-column elementor-element elementor-element-80af69d\" data-id=\"80af69d\" data-element_type=\"column\" data-e-type=\"column\">\n\t\t\t<div class=\"elementor-widget-wrap elementor-element-populated\">\n\t\t\t\t\t\t<div class=\"elementor-element elementor-element-b447b6c elementor-widget elementor-widget-heading\" data-id=\"b447b6c\" data-element_type=\"widget\" data-e-type=\"widget\" data-widget_type=\"heading.default\">\n\t\t\t\t<div class=\"elementor-widget-container\">\n\t\t\t\t\t<h2 class=\"elementor-heading-title elementor-size-default\">Becas y ayudas econ\u00f3micas para estudiantes internacionales<\/h2>\t\t\t\t<\/div>\n\t\t\t\t<\/div>\n\t\t\t\t<div class=\"elementor-element elementor-element-c05383f elementor-widget elementor-widget-text-editor\" data-id=\"c05383f\" data-element_type=\"widget\" data-e-type=\"widget\" data-widget_type=\"text-editor.default\">\n\t\t\t\t<div class=\"elementor-widget-container\">\n\t\t\t\t\t\t\t\t\t<p>Todos los estudiantes internacionales son evaluados autom\u00e1ticamente para recibir ayudas al m\u00e9rito de hasta 21.000 $.<br \/>Tras la admisi\u00f3n, los estudiantes pueden completar el Formulario de Ayuda Econ\u00f3mica para Estudiantes Internacionales para poder optar a ayudas adicionales basadas en las necesidades.<\/p>\t\t\t\t\t\t\t\t<\/div>\n\t\t\t\t<\/div>\n\t\t\t\t<div class=\"elementor-element elementor-element-32c9b4b elementor-widget elementor-widget-heading\" data-id=\"32c9b4b\" data-element_type=\"widget\" data-e-type=\"widget\" data-widget_type=\"heading.default\">\n\t\t\t\t<div class=\"elementor-widget-container\">\n\t\t\t\t\t<h3 class=\"elementor-heading-title elementor-size-default\">Becas internacionales<\/h3>\t\t\t\t<\/div>\n\t\t\t\t<\/div>\n\t\t\t\t<div class=\"elementor-element elementor-element-defd449 interior_link elementor-widget elementor-widget-text-editor\" data-id=\"defd449\" data-element_type=\"widget\" data-e-type=\"widget\" data-widget_type=\"text-editor.default\">\n\t\t\t\t<div class=\"elementor-widget-container\">\n\t\t\t\t\t\t\t\t\t<p>Los estudiantes internacionales pueden optar a toda la gama de <a href=\"https:\/\/hub.oglethorpe.edu\/financial-aid\/types-of-aid\/\">becas al m\u00e9rito<\/a> que ºÚÁÏ³Ô¹ÏÍø ofrece a los solicitantes de primer a\u00f1o y de traslado.<br \/>\nLos solicitantes internacionales de primer a\u00f1o que presenten toda la documentaci\u00f3n requerida antes del 15 de noviembre pueden optar a asistir al <a href=\"https:\/\/oglethorpe.edu\/es\/?page_id=79106\">Fin de Semana de Becas<\/a> anual de ºÚÁÏ³Ô¹ÏÍø, durante el cual ºÚÁÏ³Ô¹ÏÍø concede hasta diez becas de matr\u00edcula completa.<br \/>\nTodos los estudiantes admitidos son evaluados autom\u00e1ticamente para becas basadas en el m\u00e9rito a partir de 19.000 $\/a\u00f1o. Los estudiantes <a href=\"https:\/\/oglethorpe.edu\/es\/?page_id=79069\">del Bachillerato Internacional<\/a> que completen el Programa del Diploma del IB y obtengan un diploma del IB tambi\u00e9n recibir\u00e1n una beca de 1.500 $\/a\u00f1o.<br \/>\nrenovable.   <\/p>\n\t\t\t\t\t\t\t\t<\/div>\n\t\t\t\t<\/div>\n\t\t\t\t<div class=\"elementor-element elementor-element-bff6e7b elementor-widget elementor-widget-heading\" data-id=\"bff6e7b\" data-element_type=\"widget\" data-e-type=\"widget\" data-widget_type=\"heading.default\">\n\t\t\t\t<div class=\"elementor-widget-container\">\n\t\t\t\t\t<h3 class=\"elementor-heading-title elementor-size-default\"><span>Ayuda financiera internacional<\/span><\/h3>\t\t\t\t<\/div>\n\t\t\t\t<\/div>\n\t\t\t\t<div class=\"elementor-element elementor-element-6dde717 elementor-widget elementor-widget-text-editor\" data-id=\"6dde717\" data-element_type=\"widget\" data-e-type=\"widget\" data-widget_type=\"text-editor.default\">\n\t\t\t\t<div class=\"elementor-widget-container\">\n\t\t\t\t\t\t\t\t\t<p>Los estudiantes internacionales tienen derecho a que la Universidad de ºÚÁÏ³Ô¹ÏÍø considere la posibilidad de concederles ayudas econ\u00f3micas <strong>en funci\u00f3n de sus necesidades<\/strong>.<br \/>\nTras la aceptaci\u00f3n, ºÚÁÏ³Ô¹ÏÍø te proporcionar\u00e1 el Formulario de Ayuda Econ\u00f3mica para Estudiantes Internacionales, que puedes rellenar para solicitar ayuda adicional basada en las necesidades.<br \/>\nTen en cuenta que los programas de ayuda econ\u00f3mica del gobierno federal de EE.UU. no est\u00e1n disponibles para los ciudadanos no estadounidenses.  <\/p>\n\t\t\t\t\t\t\t\t<\/div>\n\t\t\t\t<\/div>\n\t\t\t\t<div class=\"elementor-element elementor-element-39c62dd elementor-widget elementor-widget-heading\" data-id=\"39c62dd\" data-element_type=\"widget\" data-e-type=\"widget\" data-widget_type=\"heading.default\">\n\t\t\t\t<div class=\"elementor-widget-container\">\n\t\t\t\t\t<h3 class=\"elementor-heading-title elementor-size-default\">Patrocinio del visado de estudiante F-1<\/h3>\t\t\t\t<\/div>\n\t\t\t\t<\/div>\n\t\t\t\t<div class=\"elementor-element elementor-element-ff95e40 elementor-widget elementor-widget-text-editor\" data-id=\"ff95e40\" data-element_type=\"widget\" data-e-type=\"widget\" data-widget_type=\"text-editor.default\">\n\t\t\t\t<div class=\"elementor-widget-container\">\n\t\t\t\t\t\t\t\t\t<p>ºÚÁÏ³Ô¹ÏÍø ofrece el patrocinio de la visa de estudiante F-1 y emitir\u00e1 un I-20 a los estudiantes tan pronto como hayan pagado un dep\u00f3sito de inscripci\u00f3n y demostrado la financiaci\u00f3n de al menos un a\u00f1o de matr\u00edcula.<br>Si eres residente permanente, o un estudiante que se identifica como DACA o indocumentado, se te considera un estudiante nacional a efectos de admisi\u00f3n y no necesitas presentar ninguna documentaci\u00f3n adicional.   <a href=\"http:\/\/oglethorpe.edu\/admission\/undergraduate-admission\/how-to-apply\/international\/f-1-visa-requirements\/\"><\/a><a href=\"http:\/\/oglethorpe.edu\/admission\/undergraduate-admission\/how-to-apply\/international\/f-1-visa-requirements\/\">M\u00e1s informaci\u00f3n sobre los visados de estudiante F-1.<\/a><\/p>\t\t\t\t\t\t\t\t<\/div>\n\t\t\t\t<\/div>\n\t\t\t\t\t<\/div>\n\t\t<\/div>\n\t\t\t\t\t<\/div>\n\t\t<\/section>\n\t\t\t\t<\/div>\n\t\t","protected":false},"excerpt":{"rendered":"<p>Becas y financiamiento economico Becas y ayudas econ\u00f3micas para estudiantes internacionales Todos los estudiantes internacionales son evaluados autom\u00e1ticamente para recibir [&hellip;]<\/p>\n","protected":false},"author":4,"featured_media":0,"parent":79073,"menu_order":0,"comment_status":"closed","ping_status":"closed","template":"","meta":{"_acf_changed":false,"site-sidebar-layout":"no-sidebar","site-content-layout":"","ast-site-content-layout":"full-width-container","site-content-style":"default","site-sidebar-style":"default","ast-global-header-display":"","ast-banner-title-visibility":"","ast-main-header-display":"","ast-hfb-above-header-display":"","ast-hfb-below-header-display":"","ast-hfb-mobile-header-display":"","site-post-title":"disabled","ast-breadcrumbs-content":"","ast-featured-img":"disabled","footer-sml-layout":"","theme-transparent-header-meta":"","adv-header-id-meta":"","stick-header-meta":"","header-above-stick-meta":"","header-main-stick-meta":"","header-below-stick-meta":"","astra-migrate-meta-layouts":"default","ast-page-background-enabled":"default","ast-page-background-meta":{"desktop":{"background-color":"var(--ast-global-color-4)","background-image":"","background-repeat":"repeat","background-position":"center center","background-size":"auto","background-attachment":"scroll","background-type":"","background-media":"","overlay-type":"","overlay-color":"","overlay-opacity":"","overlay-gradient":""},"tablet":{"background-color":"","background-image":"","background-repeat":"repeat","background-position":"center center","background-size":"auto","background-attachment":"scroll","background-type":"","background-media":"","overlay-type":"","overlay-color":"","overlay-opacity":"","overlay-gradient":""},"mobile":{"background-color":"","background-image":"","background-repeat":"repeat","background-position":"center center","background-size":"auto","background-attachment":"scroll","background-type":"","background-media":"","overlay-type":"","overlay-color":"","overlay-opacity":"","overlay-gradient":""}},"ast-content-background-meta":{"desktop":{"background-color":"var(--ast-global-color-5)","background-image":"","background-repeat":"repeat","background-position":"center center","background-size":"auto","background-attachment":"scroll","background-type":"","background-media":"","overlay-type":"","overlay-color":"","overlay-opacity":"","overlay-gradient":""},"tablet":{"background-color":"var(--ast-global-color-5)","background-image":"","background-repeat":"repeat","background-position":"center center","background-size":"auto","background-attachment":"scroll","background-type":"","background-media":"","overlay-type":"","overlay-color":"","overlay-opacity":"","overlay-gradient":""},"mobile":{"background-color":"var(--ast-global-color-5)","background-image":"","background-repeat":"repeat","background-position":"center center","background-size":"auto","background-attachment":"scroll","background-type":"","background-media":"","overlay-type":"","overlay-color":"","overlay-opacity":"","overlay-gradient":""}},"footnotes":""},"page_page-category":[],"page_page-tag":[],"offered_as":[],"program_tags":[],"programtypes_page":[],"class_list":["post-79075","page","type-page","status-publish","hentry"],"acf":[],"yoast_head":"<!-- This site is optimized with the Yoast SEO Premium plugin v27.2 (Yoast SEO v27.2) - https:\/\/yoast.com\/product\/yoast-seo-premium-wordpress\/ -->\n<title>Becas y ayudas econ\u00f3micas para estudiantes internacionales - ºÚÁÏ³Ô¹ÏÍø<\/title>\n<meta name=\"description\" content=\"Tras la admisi\u00f3n, los estudiantes pueden cumplimentar el Formulario de Ayuda Econ\u00f3mica para Estudiantes Internacionales para poder optar a ayudas adicionales basadas en las necesidades.\" \/>\n<meta name=\"robots\" content=\"index, follow, max-snippet:-1, max-image-preview:large, max-video-preview:-1\" \/>\n<link rel=\"canonical\" href=\"https:\/\/oglethorpe.edu\/es\/admision\/como-solicitarlo\/aplicacion-internacional\/becas-y-ayudas-economicas-para-estudiantes-internacionales\/\" \/>\n<meta property=\"og:locale\" content=\"es_ES\" \/>\n<meta property=\"og:type\" content=\"article\" \/>\n<meta property=\"og:title\" content=\"Becas y ayudas econ\u00f3micas para estudiantes internacionales\" \/>\n<meta property=\"og:description\" content=\"Tras la admisi\u00f3n, los estudiantes pueden cumplimentar el Formulario de Ayuda Econ\u00f3mica para Estudiantes Internacionales para poder optar a ayudas adicionales basadas en las necesidades.\" \/>\n<meta property=\"og:url\" content=\"https:\/\/oglethorpe.edu\/es\/admision\/como-solicitarlo\/aplicacion-internacional\/becas-y-ayudas-economicas-para-estudiantes-internacionales\/\" \/>\n<meta property=\"og:site_name\" content=\"ºÚÁÏ³Ô¹ÏÍø\" \/>\n<meta property=\"article:publisher\" content=\"https:\/\/www.facebook.com\/oglethorpeuniversity\" \/>\n<meta property=\"article:modified_time\" content=\"2024-11-12T17:39:04+00:00\" \/>\n<meta name=\"twitter:card\" content=\"summary_large_image\" \/>\n<meta name=\"twitter:label1\" content=\"Tiempo de lectura\" \/>\n\t<meta name=\"twitter:data1\" content=\"2 minutos\" \/>\n<script type=\"application\/ld+json\" class=\"yoast-schema-graph\">{\"@context\":\"https:\/\/schema.org\",\"@graph\":[{\"@type\":\"WebPage\",\"@id\":\"https:\/\/oglethorpe.edu\/es\/admision\/como-solicitarlo\/aplicacion-internacional\/becas-y-ayudas-economicas-para-estudiantes-internacionales\/\",\"url\":\"https:\/\/oglethorpe.edu\/es\/admision\/como-solicitarlo\/aplicacion-internacional\/becas-y-ayudas-economicas-para-estudiantes-internacionales\/\",\"name\":\"Becas y ayudas econ\u00f3micas para estudiantes internacionales - ºÚÁÏ³Ô¹ÏÍø\",\"isPartOf\":{\"@id\":\"https:\/\/oglethorpe.edu\/es\/#website\"},\"datePublished\":\"2024-07-01T17:15:35+00:00\",\"dateModified\":\"2024-11-12T17:39:04+00:00\",\"description\":\"Tras la admisi\u00f3n, los estudiantes pueden cumplimentar el Formulario de Ayuda Econ\u00f3mica para Estudiantes Internacionales para poder optar a ayudas adicionales basadas en las necesidades.\",\"breadcrumb\":{\"@id\":\"https:\/\/oglethorpe.edu\/es\/admision\/como-solicitarlo\/aplicacion-internacional\/becas-y-ayudas-economicas-para-estudiantes-internacionales\/#breadcrumb\"},\"inLanguage\":\"es\",\"potentialAction\":[{\"@type\":\"ReadAction\",\"target\":[\"https:\/\/oglethorpe.edu\/es\/admision\/como-solicitarlo\/aplicacion-internacional\/becas-y-ayudas-economicas-para-estudiantes-internacionales\/\"]}]},{\"@type\":\"BreadcrumbList\",\"@id\":\"https:\/\/oglethorpe.edu\/es\/admision\/como-solicitarlo\/aplicacion-internacional\/becas-y-ayudas-economicas-para-estudiantes-internacionales\/#breadcrumb\",\"itemListElement\":[{\"@type\":\"ListItem\",\"position\":1,\"name\":\"Home\",\"item\":\"https:\/\/oglethorpe.edu\/es\/\"},{\"@type\":\"ListItem\",\"position\":2,\"name\":\"Admisi\u00f3n\",\"item\":\"https:\/\/oglethorpe.edu\/es\/admission\/\"},{\"@type\":\"ListItem\",\"position\":3,\"name\":\"C\u00f3mo solicitarlo\",\"item\":\"https:\/\/oglethorpe.edu\/es\/admission\/apply\/\"},{\"@type\":\"ListItem\",\"position\":4,\"name\":\"Aplicaci\u00f3n Internacional\",\"item\":\"https:\/\/oglethorpe.edu\/es\/admission\/apply\/international-application\/\"},{\"@type\":\"ListItem\",\"position\":5,\"name\":\"Becas y ayudas econ\u00f3micas para estudiantes internacionales\"}]},{\"@type\":\"WebSite\",\"@id\":\"https:\/\/oglethorpe.edu\/es\/#website\",\"url\":\"https:\/\/oglethorpe.edu\/es\/\",\"name\":\"ºÚÁÏ³Ô¹ÏÍø\",\"description\":\"\",\"publisher\":{\"@id\":\"https:\/\/oglethorpe.edu\/es\/#organization\"},\"potentialAction\":[{\"@type\":\"SearchAction\",\"target\":{\"@type\":\"EntryPoint\",\"urlTemplate\":\"https:\/\/oglethorpe.edu\/es\/?s={search_term_string}\"},\"query-input\":{\"@type\":\"PropertyValueSpecification\",\"valueRequired\":true,\"valueName\":\"search_term_string\"}}],\"inLanguage\":\"es\"},{\"@type\":\"Organization\",\"@id\":\"https:\/\/oglethorpe.edu\/es\/#organization\",\"name\":\"ºÚÁÏ³Ô¹ÏÍø\",\"url\":\"https:\/\/oglethorpe.edu\/es\/\",\"logo\":{\"@type\":\"ImageObject\",\"inLanguage\":\"es\",\"@id\":\"https:\/\/oglethorpe.edu\/es\/#\/schema\/logo\/image\/\",\"url\":\"https:\/\/oglethorpe.edu\/wp-content\/uploads\/2024\/02\/oglethorpe-full-logo-new-1-1.png\",\"contentUrl\":\"https:\/\/oglethorpe.edu\/wp-content\/uploads\/2024\/02\/oglethorpe-full-logo-new-1-1.png\",\"width\":1112,\"height\":492,\"caption\":\"ºÚÁÏ³Ô¹ÏÍø\"},\"image\":{\"@id\":\"https:\/\/oglethorpe.edu\/es\/#\/schema\/logo\/image\/\"},\"sameAs\":[\"https:\/\/www.facebook.com\/oglethorpeuniversity\",\"https:\/\/instagram.com\/oglethorpeuniv\/\",\"https:\/\/www.linkedin.com\/edu\/school?id=18180&trk=tyah&trkInfo=clickedVerticalschoolclickedEntityId18180idx3-1-12tarId1438180301152tasoglethorpe\"]}]}<\/script>\n<!-- \/ Yoast SEO Premium plugin. -->","yoast_head_json":{"title":"Becas y ayudas econ\u00f3micas para estudiantes internacionales - ºÚÁÏ³Ô¹ÏÍø","description":"Tras la admisi\u00f3n, los estudiantes pueden cumplimentar el Formulario de Ayuda Econ\u00f3mica para Estudiantes Internacionales para poder optar a ayudas adicionales basadas en las necesidades.","robots":{"index":"index","follow":"follow","max-snippet":"max-snippet:-1","max-image-preview":"max-image-preview:large","max-video-preview":"max-video-preview:-1"},"canonical":"https:\/\/oglethorpe.edu\/es\/admision\/como-solicitarlo\/aplicacion-internacional\/becas-y-ayudas-economicas-para-estudiantes-internacionales\/","og_locale":"es_ES","og_type":"article","og_title":"Becas y ayudas econ\u00f3micas para estudiantes internacionales","og_description":"Tras la admisi\u00f3n, los estudiantes pueden cumplimentar el Formulario de Ayuda Econ\u00f3mica para Estudiantes Internacionales para poder optar a ayudas adicionales basadas en las necesidades.","og_url":"https:\/\/oglethorpe.edu\/es\/admision\/como-solicitarlo\/aplicacion-internacional\/becas-y-ayudas-economicas-para-estudiantes-internacionales\/","og_site_name":"ºÚÁÏ³Ô¹ÏÍø","article_publisher":"https:\/\/www.facebook.com\/oglethorpeuniversity","article_modified_time":"2024-11-12T17:39:04+00:00","twitter_card":"summary_large_image","twitter_misc":{"Tiempo de lectura":"2 minutos"},"schema":{"@context":"https:\/\/schema.org","@graph":[{"@type":"WebPage","@id":"https:\/\/oglethorpe.edu\/es\/admision\/como-solicitarlo\/aplicacion-internacional\/becas-y-ayudas-economicas-para-estudiantes-internacionales\/","url":"https:\/\/oglethorpe.edu\/es\/admision\/como-solicitarlo\/aplicacion-internacional\/becas-y-ayudas-economicas-para-estudiantes-internacionales\/","name":"Becas y ayudas econ\u00f3micas para estudiantes internacionales - ºÚÁÏ³Ô¹ÏÍø","isPartOf":{"@id":"https:\/\/oglethorpe.edu\/es\/#website"},"datePublished":"2024-07-01T17:15:35+00:00","dateModified":"2024-11-12T17:39:04+00:00","description":"Tras la admisi\u00f3n, los estudiantes pueden cumplimentar el Formulario de Ayuda Econ\u00f3mica para Estudiantes Internacionales para poder optar a ayudas adicionales basadas en las necesidades.","breadcrumb":{"@id":"https:\/\/oglethorpe.edu\/es\/admision\/como-solicitarlo\/aplicacion-internacional\/becas-y-ayudas-economicas-para-estudiantes-internacionales\/#breadcrumb"},"inLanguage":"es","potentialAction":[{"@type":"ReadAction","target":["https:\/\/oglethorpe.edu\/es\/admision\/como-solicitarlo\/aplicacion-internacional\/becas-y-ayudas-economicas-para-estudiantes-internacionales\/"]}]},{"@type":"BreadcrumbList","@id":"https:\/\/oglethorpe.edu\/es\/admision\/como-solicitarlo\/aplicacion-internacional\/becas-y-ayudas-economicas-para-estudiantes-internacionales\/#breadcrumb","itemListElement":[{"@type":"ListItem","position":1,"name":"Home","item":"https:\/\/oglethorpe.edu\/es\/"},{"@type":"ListItem","position":2,"name":"Admisi\u00f3n","item":"https:\/\/oglethorpe.edu\/es\/admission\/"},{"@type":"ListItem","position":3,"name":"C\u00f3mo solicitarlo","item":"https:\/\/oglethorpe.edu\/es\/admission\/apply\/"},{"@type":"ListItem","position":4,"name":"Aplicaci\u00f3n Internacional","item":"https:\/\/oglethorpe.edu\/es\/admission\/apply\/international-application\/"},{"@type":"ListItem","position":5,"name":"Becas y ayudas econ\u00f3micas para estudiantes internacionales"}]},{"@type":"WebSite","@id":"https:\/\/oglethorpe.edu\/es\/#website","url":"https:\/\/oglethorpe.edu\/es\/","name":"ºÚÁÏ³Ô¹ÏÍø","description":"","publisher":{"@id":"https:\/\/oglethorpe.edu\/es\/#organization"},"potentialAction":[{"@type":"SearchAction","target":{"@type":"EntryPoint","urlTemplate":"https:\/\/oglethorpe.edu\/es\/?s={search_term_string}"},"query-input":{"@type":"PropertyValueSpecification","valueRequired":true,"valueName":"search_term_string"}}],"inLanguage":"es"},{"@type":"Organization","@id":"https:\/\/oglethorpe.edu\/es\/#organization","name":"ºÚÁÏ³Ô¹ÏÍø","url":"https:\/\/oglethorpe.edu\/es\/","logo":{"@type":"ImageObject","inLanguage":"es","@id":"https:\/\/oglethorpe.edu\/es\/#\/schema\/logo\/image\/","url":"https:\/\/oglethorpe.edu\/wp-content\/uploads\/2024\/02\/oglethorpe-full-logo-new-1-1.png","contentUrl":"https:\/\/oglethorpe.edu\/wp-content\/uploads\/2024\/02\/oglethorpe-full-logo-new-1-1.png","width":1112,"height":492,"caption":"ºÚÁÏ³Ô¹ÏÍø"},"image":{"@id":"https:\/\/oglethorpe.edu\/es\/#\/schema\/logo\/image\/"},"sameAs":["https:\/\/www.facebook.com\/oglethorpeuniversity","https:\/\/instagram.com\/oglethorpeuniv\/","https:\/\/www.linkedin.com\/edu\/school?id=18180&trk=tyah&trkInfo=clickedVerticalschoolclickedEntityId18180idx3-1-12tarId1438180301152tasoglethorpe"]}]}},"_links":{"self":[{"href":"https:\/\/oglethorpe.edu\/es\/wp-json\/wp\/v2\/pages\/79075","targetHints":{"allow":["GET"]}}],"collection":[{"href":"https:\/\/oglethorpe.edu\/es\/wp-json\/wp\/v2\/pages"}],"about":[{"href":"https:\/\/oglethorpe.edu\/es\/wp-json\/wp\/v2\/types\/page"}],"author":[{"embeddable":true,"href":"https:\/\/oglethorpe.edu\/es\/wp-json\/wp\/v2\/users\/4"}],"replies":[{"embeddable":true,"href":"https:\/\/oglethorpe.edu\/es\/wp-json\/wp\/v2\/comments?post=79075"}],"version-history":[{"count":0,"href":"https:\/\/oglethorpe.edu\/es\/wp-json\/wp\/v2\/pages\/79075\/revisions"}],"up":[{"embeddable":true,"href":"https:\/\/oglethorpe.edu\/es\/wp-json\/wp\/v2\/pages\/79073"}],"wp:attachment":[{"href":"https:\/\/oglethorpe.edu\/es\/wp-json\/wp\/v2\/media?parent=79075"}],"wp:term":[{"taxonomy":"page_page-category","embeddable":true,"href":"https:\/\/oglethorpe.edu\/es\/wp-json\/wp\/v2\/page_page-category?post=79075"},{"taxonomy":"page_page-tag","embeddable":true,"href":"https:\/\/oglethorpe.edu\/es\/wp-json\/wp\/v2\/page_page-tag?post=79075"},{"taxonomy":"offered_as","embeddable":true,"href":"https:\/\/oglethorpe.edu\/es\/wp-json\/wp\/v2\/offered_as?post=79075"},{"taxonomy":"program_tags","embeddable":true,"href":"https:\/\/oglethorpe.edu\/es\/wp-json\/wp\/v2\/program_tags?post=79075"},{"taxonomy":"programtypes_page","embeddable":true,"href":"https:\/\/oglethorpe.edu\/es\/wp-json\/wp\/v2\/programtypes_page?post=79075"}],"curies":[{"name":"wp","href":"https:\/\/api.w.org\/{rel}","templated":true}]}}