  {"id":79090,"date":"2024-02-19T19:09:52","date_gmt":"2024-02-19T19:09:52","guid":{"rendered":"https:\/\/oglethorpe.edu\/acerca-de-la-universidad-de-oglethorpe\/politica-de-privacidad\/"},"modified":"2024-12-05T17:58:58","modified_gmt":"2024-12-05T17:58:58","slug":"politica-de-privacidad","status":"publish","type":"page","link":"https:\/\/oglethorpe.edu\/es\/acerca-de-la-universidad-de-oglethorpe\/politica-de-privacidad\/","title":{"rendered":"Pol\u00edtica de privacidad"},"content":{"rendered":"\t\t<div data-elementor-type=\"wp-page\" data-elementor-id=\"79090\" class=\"elementor elementor-79090 elementor-3\" data-elementor-post-type=\"page\">\n\t\t\t\t\t\t<section data-particle_enable=\"false\" data-particle-mobile-disabled=\"false\" class=\"elementor-section elementor-top-section elementor-element elementor-element-5e795869 elementor-section-boxed elementor-section-height-default elementor-section-height-default\" data-id=\"5e795869\" data-element_type=\"section\" data-e-type=\"section\">\n\t\t\t\t\t\t<div class=\"elementor-container elementor-column-gap-default\">\n\t\t\t\t\t<div class=\"elementor-column elementor-col-100 elementor-top-column elementor-element elementor-element-7def0ae9\" data-id=\"7def0ae9\" data-element_type=\"column\" data-e-type=\"column\">\n\t\t\t<div class=\"elementor-widget-wrap elementor-element-populated\">\n\t\t\t\t\t\t<div class=\"elementor-element elementor-element-d356603 elementor-widget elementor-widget-text-editor\" data-id=\"d356603\" data-element_type=\"widget\" data-e-type=\"widget\" data-widget_type=\"text-editor.default\">\n\t\t\t\t<div class=\"elementor-widget-container\">\n\t\t\t\t\t\t\t\t\t<p>La Universidad de ºÚÁÏ³Ô¹ÏÍø se compromete a proteger la privacidad y la seguridad de los visitantes de nuestro sitio web. Te invitamos a que leas nuestra Pol\u00edtica de privacidad y Condiciones de uso. El uso de nuestro sitio web requiere tu consentimiento de esta pol\u00edtica.<\/p><h2>Protecci\u00f3n de datos personales<\/h2><p>Cuando una persona hace una donaci\u00f3n, compra un producto, env\u00eda una solicitud o se pone en contacto de cualquier otro modo con la Universidad de ºÚÁÏ³Ô¹ÏÍø, podemos pedirle informaci\u00f3n personal de contacto como nombre, direcci\u00f3n y direcci\u00f3n de correo electr\u00f3nico. Esta informaci\u00f3n puede utilizarse para ponernos en contacto con usted en relaci\u00f3n a la informaci\u00f3n o servicios solicitados.<\/p><p>Ni la Universidad de ºÚÁÏ³Ô¹ÏÍø ni nuestros agentes venden a terceros la informaci\u00f3n recopilada.<\/p><p>Adem\u00e1s de la informaci\u00f3n de contacto personal, cuando una persona realiza una donaci\u00f3n o un pago a la Universidad de ºÚÁÏ³Ô¹ÏÍø, podemos pedirle informaci\u00f3n como su direcci\u00f3n de facturaci\u00f3n y el n\u00famero de tu tarjeta de cr\u00e9dito. Hemos tomado medidas para protejer tanto tu informaci\u00f3n como nuestras instalaciones f\u00edsicas. Ponemos\u00a0cuidado especial en la transmisi\u00f3n segura de tu informaci\u00f3n desde tu ordenador personal a nuestros servidores (a menos que se env\u00ede por un medio fuera de nuestro control, como el correo electr\u00f3nico). Tus datos de facturaci\u00f3n no se comparten con otras organizaciones. El n\u00famero de tu tarjeta de cr\u00e9dito no se conserva una vez autorizada y procesada la transacci\u00f3n, excepto en el caso de planes de pago o procesamiento de pagos recurrentes.<\/p><p>Puedes solicitar cambios en la informaci\u00f3n que nos has facilitado enviando una carta a:<\/p><p>Enrollment Services<br \/>ºÚÁÏ³Ô¹ÏÍø<br \/>4484 Peachtree Rd, NE<br \/>Atlanta, GA 30319<\/p><h3>Privacidad de los ni\u00f1os<\/h3><p>El sitio web de la Universidad de ºÚÁÏ³Ô¹ÏÍø no pretende recopilar informaci\u00f3n personal o financiera en l\u00ednea de ni\u00f1os menores de 13 a\u00f1os. No recopilaremos conscientemente informaci\u00f3n de contacto personal de ni\u00f1os menores de 13 a\u00f1os sin el consentimiento previo de sus padres.<\/p><p>Algunas secciones del sitio web de la Universidad de ºÚÁÏ³Ô¹ÏÍø permiten a los usuarios individuales publicar comentarios e informaci\u00f3n de contacto por su cuenta sin revisi\u00f3n previa por parte del personal de la Universidad de ºÚÁÏ³Ô¹ÏÍø. Estas \u00e1reas est\u00e1n destinadas a usuarios del sitio mayores de 13 a\u00f1os. Sin embargo, la Universidad de ºÚÁÏ³Ô¹ÏÍø se reserva el derecho a editar y\/o eliminar, sin previo aviso, cualquier informaci\u00f3n que consideremos inexacta o inapropiada.<\/p><h3>Publicidad y cookies<\/h3><p>Este sitio utiliza cookies de terceros, balizas web y tecnolog\u00edas similares para recopilar o recibir informaci\u00f3n con el fin de proporcionar servicios de medici\u00f3n y orientar los anuncios. Para obtener m\u00e1s informaci\u00f3n y\/o desuscribirte, visita <a href=\"http:\/\/www.aboutads.info\/choices\" target=\"_blank\" rel=\"noreferrer noopener\">www.aboutads.info\/choices.<\/a><\/p><h3>Enlaces a otros sitios<\/h3><p>El sitio web de la Universidad de ºÚÁÏ³Ô¹ÏÍø puede contener enlaces a otros sitios que pueden tener pol\u00edticas de privacidad diferentes. La Universidad de ºÚÁÏ³Ô¹ÏÍø no es responsable de las pr\u00e1cticas de privacidad ni del contenido de esos sitios. Te animamos a que revises las pol\u00edticas de privacidad de cualquier sitio o servicio de terceros antes de proporcionarles tu informaci\u00f3n personal. Un enlace a un sitio web de terceros no implica la aprobaci\u00f3n de dicho sitio por parte de la Universidad ºÚÁÏ³Ô¹ÏÍø.<\/p><h3>Pol\u00edtica de mensajes SMS<\/h3><ol><li style=\"list-style-type: none\">\u00a0<\/li><\/ol><ol><li style=\"list-style-type: none\"><ol><li>Objetivo:<br \/>El objetivo de esta pol\u00edtica es garantizar el cumplimiento de las normas aplicables y garantizar que se respeten los tipos de mensajes que se env\u00edan y los derechos de privacidad de los usuarios.<\/li><\/ol><\/li><\/ol><ol><li style=\"list-style-type: none\"><ol><li>Alcance:<br \/>Esta pol\u00edtica se aplica a todos los empleados de la OU con la capacidad de enviar mensajes SMS a profesores, personal, estudiantes y\/u otras personas.<\/li><\/ol><\/li><\/ol><ol><li style=\"list-style-type: none\"><ol><li>Opt-In y Opt-Out:<\/li><\/ol><\/li><\/ol><p>Opt-In: todos los mensajes SMS deben enviarse con el consentimiento previo y expreso del destinatario. El consentimiento se expresa al aceptar la opci\u00f3n de optar por participar. Los lugares para solicitar el consentimiento (opt-in) incluyen: el env\u00edo de solicitudes o documentos, los formularios que solicitan informaci\u00f3n de contacto, la programaci\u00f3n de citas y los mensajes de texto iniciales a los destinatarios que solicitan el permiso de optar por participar. Las palabras clave de opt-in incluyen START y SUBSCRIBE.<\/p><p>Opt-Out: los destinatarios deben tener una forma clara y sencilla de optar por no recibir mensajes SMS. Se respetar\u00e1n las siguientes palabras clave: STOP, CANCELAR SUSCRIPCI\u00d3N.<br \/>Confirmaci\u00f3n: Al recibir una solicitud de cancelaci\u00f3n de suscripci\u00f3n, ºÚÁÏ³Ô¹ÏÍø enviar\u00e1 un mensaje de confirmaci\u00f3n como respuesta autom\u00e1tica.<\/p><ol start=\"4\"><li style=\"list-style-type: none\">\u00a0<\/li><\/ol><ol start=\"4\"><li style=\"list-style-type: none\"><ol start=\"4\"><li>Informaci\u00f3n que recopilamos:<\/li><\/ol><\/li><\/ol><p>N\u00famero de tel\u00e9fono m\u00f3vil: recopilamos su n\u00famero de tel\u00e9fono m\u00f3vil para enviarle mensajes SMS.<\/p><p>Contenido del mensaje: podemos recopilar el contenido de los mensajes que nos env\u00eda, como respuestas a nuestros mensajes o consultas.<\/p><ol start=\"5\"><li style=\"list-style-type: none\">\u00a0<\/li><\/ol><ol start=\"5\"><li style=\"list-style-type: none\"><ol start=\"5\"><li>C\u00f3mo utilizamos su informaci\u00f3n:<\/li><\/ol><\/li><\/ol><p>Env\u00edo de mensajes SMS: utilizamos su n\u00famero de tel\u00e9fono m\u00f3vil para enviarle mensajes SMS con informaci\u00f3n relevante, actualizaciones, promociones u otro contenido pertinente.<br \/>Respuesta a consultas: podemos utilizar el contenido de sus mensajes para responder a sus preguntas, inquietudes o solicitudes.<br \/>Mejora de nuestros servicios: podemos analizar datos agregados y an\u00f3nimos para mejorar nuestros servicios de mensajer\u00eda SMS y comprender mejor las necesidades de nuestros clientes.<\/p><ol start=\"6\"><li style=\"list-style-type: none\">\u00a0<\/li><\/ol><ol start=\"6\"><li style=\"list-style-type: none\"><ol start=\"6\"><li>Supervisi\u00f3n y cumplimiento:<\/li><\/ol><\/li><\/ol><p>Lo mencionado anteriormente cumple con las pautas m\u00ednimas de cumplimiento establecidas por la Ley de Protecci\u00f3n del Consumidor Telef\u00f3nico (Telephone Consumer Protection Act, TCPA).<\/p><ol start=\"7\"><li style=\"list-style-type: none\">\u00a0<\/li><\/ol><ol start=\"7\"><li style=\"list-style-type: none\"><ol start=\"7\"><li>Privacidad y seguridad de los datos:<\/li><\/ol><\/li><\/ol><p>Implementamos medidas de seguridad adecuadas para proteger su informaci\u00f3n personal contra acceso, divulgaci\u00f3n, alteraci\u00f3n o destrucci\u00f3n no autorizados. Estas medidas pueden incluir: Encriptaci\u00f3n: utilizamos encriptaci\u00f3n para proteger la informaci\u00f3n confidencial transmitida a trav\u00e9s de las redes.<br \/>Controles de acceso: limitamos el acceso a su informaci\u00f3n personal al personal autorizado.<br \/>Auditor\u00edas de seguridad peri\u00f3dicas: realizamos auditor\u00edas de seguridad peri\u00f3dicas para identificar y abordar posibles vulnerabilidades.<\/p><ol start=\"8\"><li style=\"list-style-type: none\">\u00a0<\/li><\/ol><ol start=\"8\"><li style=\"list-style-type: none\"><ol start=\"8\"><li>Notificaciones de emergencia:<br \/>Los estudiantes, el personal y el cuerpo docente proporcionan a la Universidad de ºÚÁÏ³Ô¹ÏÍø su informaci\u00f3n de contacto para recibir alertas de emergencia y otras notificaciones sobre cierres de la Universidad de ºÚÁÏ³Ô¹ÏÍø, actualizaciones de horarios y otras comunicaciones necesarias.<\/li><\/ol><\/li><\/ol><h3>Restricciones al uso de materiales<\/h3><p>El contenido del sitio web de la Universidad de ºÚÁÏ³Ô¹ÏÍø est\u00e1 protegido por las leyes de derechos de autor y marcas registradas, y es propiedad de sus titulares. A menos que se indique lo contrario, puedes acceder a los materiales ubicados en el sitio s\u00f3lo para tu uso personal. Esto significa que puedes descargar una copia de los materiales publicados en un solo ordenador para uso dom\u00e9stico personal y no comercial, siempre que no cambies ni borres ninguna atribuci\u00f3n de autor, marca registrada, leyenda o aviso de copyright. Cuando descargas material protegido por derechos de autor, no obtienes ning\u00fan derecho de propiedad sobre dicho material.<\/p><p>No puedes modificar, copiar, publicar, mostrar, transmitir, adaptar o explotar de ning\u00fan modo el contenido del sitio. S\u00f3lo si obtienes nuestro consentimiento previo por escrito -y el de todas las dem\u00e1s entidades con intereses en la propiedad intelectual pertinente- podr\u00e1s publicar, mostrar o explotar comercialmente cualquier material del sitio. Para solicitar nuestro permiso, puedes escribir a<\/p><p>University Communications<\/p><p>ºÚÁÏ³Ô¹ÏÍø<\/p><p>4484 Peachtree Rd, NE<\/p><p>Atlanta, GA 30319<\/p><p>Si la Universidad de ºÚÁÏ³Ô¹ÏÍø (y todas las dem\u00e1s entidades con intereses en la propiedad intelectual pertinente) te conceden permiso, no puedes cambiar ni eliminar ninguna atribuci\u00f3n de autor, marca comercial, leyenda o aviso de copyright.<\/p><h4>Renuncias \/ Limitaci\u00f3n de responsabilidad<\/h4><p>LOS SERVICIOS, PRODUCTOS Y MATERIALES DE ESTE SITIO SE PROPORCIONAN \u00abTAL CUAL\u00bb Y SIN GARANT\u00cdAS DE NING\u00daN TIPO, NI EXPRESAS NI IMPL\u00cdCITAS. LA UNIVERSIDAD DE OGLETHORPE RENUNCIA A TODAS LAS GARANT\u00cdAS, EXPRESAS O IMPL\u00cdCITAS, INCLUIDAS, ENTRE OTRAS, LAS GARANT\u00cdAS IMPL\u00cdCITAS DE COMERCIABILIDAD E IDONEIDAD PARA UN FIN DETERMINADO. LA UNIVERSIDAD DE OGLETHORPE NO GARANTIZA QUE LAS FUNCIONES CONTENIDAS EN EL SITIO SEAN ININTERRUMPIDAS O EST\u00c9N LIBRES DE ERRORES, QUE LOS DEFECTOS SEAN CORREGIDOS, O QUE EL SITIO O EL SERVIDOR QUE HACE QUE EL SITIO EST\u00c9 DISPONIBLE EST\u00c9N LIBRES DE VIRUS U OTROS COMPONENTES DA\u00d1INOS.<\/p><p>LA UNIVERSIDAD DE OGLETHORPE NO GARANTIZA NI HACE DECLARACI\u00d3N ALGUNA EN RELACI\u00d3N CON EL USO O EL RESULTADO DEL USO DE LOS SERVICIOS, PRODUCTOS O MATERIALES DE ESTE SITIO EN CUANTO A SU CORRECCI\u00d3N, EXACTITUD, FIABILIDAD U OTROS ASPECTOS. ASUMES EL COSTE TOTAL DE TODO SERVICIO, REPARACI\u00d3N O CORRECCI\u00d3N NECESARIOS EN TU SISTEMA. BAJO NINGUNA CIRCUNSTANCIA, INCLUIDA LA NEGLIGENCIA PERO SIN LIMITARSE A ELLA, LA UNIVERSIDAD DE OGLETHORPE SER\u00c1 RESPONSABLE DE NING\u00daN DA\u00d1O ESPECIAL O CONSECUENTE QUE RESULTE DEL USO O DE LA INCAPACIDAD DE USAR LOS MATERIALES DEL SITIO, O DE CUALQUIER PRODUCTO O SERVICIO PROPORCIONADO DE ACUERDO CON EL SITIO, INCLUSO SI SE AVISA DE LA POSIBILIDAD DE TALES DA\u00d1OS.<\/p><h4>Cambios en esta Declaraci\u00f3n<\/h4><p>La Universidad de ºÚÁÏ³Ô¹ÏÍø se reserva el derecho a modificar sus condiciones en cualquier momento. Cuando lo hagamos, cambiaremos la fecha de \u00ab\u00faltima actualizaci\u00f3n\u00bb en la parte superior de este documento. Tu uso continuado del sitio web tras la publicaci\u00f3n de cambios en estas condiciones significar\u00e1 que aceptas dichos cambios<\/p>\t\t\t\t\t\t\t\t<\/div>\n\t\t\t\t<\/div>\n\t\t\t\t\t<\/div>\n\t\t<\/div>\n\t\t\t\t\t<\/div>\n\t\t<\/section>\n\t\t\t\t<\/div>\n\t\t","protected":false},"excerpt":{"rendered":"<p>La Universidad de ºÚÁÏ³Ô¹ÏÍø se compromete a proteger la privacidad y la seguridad de los visitantes de nuestro sitio web. [&hellip;]<\/p>\n","protected":false},"author":1,"featured_media":0,"parent":79054,"menu_order":0,"comment_status":"closed","ping_status":"closed","template":"","meta":{"_acf_changed":false,"site-sidebar-layout":"default","site-content-layout":"","ast-site-content-layout":"default","site-content-style":"default","site-sidebar-style":"default","ast-global-header-display":"","ast-banner-title-visibility":"","ast-main-header-display":"","ast-hfb-above-header-display":"","ast-hfb-below-header-display":"","ast-hfb-mobile-header-display":"","site-post-title":"","ast-breadcrumbs-content":"","ast-featured-img":"","footer-sml-layout":"","theme-transparent-header-meta":"","adv-header-id-meta":"","stick-header-meta":"","header-above-stick-meta":"","header-main-stick-meta":"","header-below-stick-meta":"","astra-migrate-meta-layouts":"default","ast-page-background-enabled":"default","ast-page-background-meta":{"desktop":{"background-color":"var(--ast-global-color-4)","background-image":"","background-repeat":"repeat","background-position":"center center","background-size":"auto","background-attachment":"scroll","background-type":"","background-media":"","overlay-type":"","overlay-color":"","overlay-opacity":"","overlay-gradient":""},"tablet":{"background-color":"","background-image":"","background-repeat":"repeat","background-position":"center center","background-size":"auto","background-attachment":"scroll","background-type":"","background-media":"","overlay-type":"","overlay-color":"","overlay-opacity":"","overlay-gradient":""},"mobile":{"background-color":"","background-image":"","background-repeat":"repeat","background-position":"center center","background-size":"auto","background-attachment":"scroll","background-type":"","background-media":"","overlay-type":"","overlay-color":"","overlay-opacity":"","overlay-gradient":""}},"ast-content-background-meta":{"desktop":{"background-color":"var(--ast-global-color-5)","background-image":"","background-repeat":"repeat","background-position":"center center","background-size":"auto","background-attachment":"scroll","background-type":"","background-media":"","overlay-type":"","overlay-color":"","overlay-opacity":"","overlay-gradient":""},"tablet":{"background-color":"var(--ast-global-color-5)","background-image":"","background-repeat":"repeat","background-position":"center center","background-size":"auto","background-attachment":"scroll","background-type":"","background-media":"","overlay-type":"","overlay-color":"","overlay-opacity":"","overlay-gradient":""},"mobile":{"background-color":"var(--ast-global-color-5)","background-image":"","background-repeat":"repeat","background-position":"center center","background-size":"auto","background-attachment":"scroll","background-type":"","background-media":"","overlay-type":"","overlay-color":"","overlay-opacity":"","overlay-gradient":""}},"footnotes":""},"page_page-category":[],"page_page-tag":[],"offered_as":[],"program_tags":[],"programtypes_page":[],"class_list":["post-79090","page","type-page","status-publish","hentry"],"acf":[],"yoast_head":"<!-- This site is optimized with the Yoast SEO Premium plugin v27.2 (Yoast SEO v27.2) - https:\/\/yoast.com\/product\/yoast-seo-premium-wordpress\/ -->\n<title>Pol\u00edtica de privacidad - ºÚÁÏ³Ô¹ÏÍø<\/title>\n<meta name=\"description\" content=\"La Universidad de ºÚÁÏ³Ô¹ÏÍø se compromete a proteger la privacidad y la seguridad de los visitantes de nuestro sitio web.\" \/>\n<meta name=\"robots\" content=\"index, follow, max-snippet:-1, max-image-preview:large, max-video-preview:-1\" \/>\n<link rel=\"canonical\" href=\"https:\/\/oglethorpe.edu\/es\/acerca-de-la-universidad-de-oglethorpe\/politica-de-privacidad\/\" \/>\n<meta property=\"og:locale\" content=\"es_ES\" \/>\n<meta property=\"og:type\" content=\"article\" \/>\n<meta property=\"og:title\" content=\"Pol\u00edtica de privacidad\" \/>\n<meta property=\"og:description\" content=\"La Universidad de ºÚÁÏ³Ô¹ÏÍø se compromete a proteger la privacidad y la seguridad de los visitantes de nuestro sitio web.\" \/>\n<meta property=\"og:url\" content=\"https:\/\/oglethorpe.edu\/es\/acerca-de-la-universidad-de-oglethorpe\/politica-de-privacidad\/\" \/>\n<meta property=\"og:site_name\" content=\"ºÚÁÏ³Ô¹ÏÍø\" \/>\n<meta property=\"article:publisher\" content=\"https:\/\/www.facebook.com\/oglethorpeuniversity\" \/>\n<meta property=\"article:modified_time\" content=\"2024-12-05T17:58:58+00:00\" \/>\n<meta name=\"twitter:card\" content=\"summary_large_image\" \/>\n<meta name=\"twitter:label1\" content=\"Tiempo de lectura\" \/>\n\t<meta name=\"twitter:data1\" content=\"7 minutos\" \/>\n<script type=\"application\/ld+json\" class=\"yoast-schema-graph\">{\"@context\":\"https:\/\/schema.org\",\"@graph\":[{\"@type\":\"WebPage\",\"@id\":\"https:\/\/oglethorpe.edu\/es\/acerca-de-la-universidad-de-oglethorpe\/politica-de-privacidad\/\",\"url\":\"https:\/\/oglethorpe.edu\/es\/acerca-de-la-universidad-de-oglethorpe\/politica-de-privacidad\/\",\"name\":\"Pol\u00edtica de privacidad - ºÚÁÏ³Ô¹ÏÍø\",\"isPartOf\":{\"@id\":\"https:\/\/oglethorpe.edu\/es\/#website\"},\"datePublished\":\"2024-02-19T19:09:52+00:00\",\"dateModified\":\"2024-12-05T17:58:58+00:00\",\"description\":\"La Universidad de ºÚÁÏ³Ô¹ÏÍø se compromete a proteger la privacidad y la seguridad de los visitantes de nuestro sitio web.\",\"breadcrumb\":{\"@id\":\"https:\/\/oglethorpe.edu\/es\/acerca-de-la-universidad-de-oglethorpe\/politica-de-privacidad\/#breadcrumb\"},\"inLanguage\":\"es\",\"potentialAction\":[{\"@type\":\"ReadAction\",\"target\":[\"https:\/\/oglethorpe.edu\/es\/acerca-de-la-universidad-de-oglethorpe\/politica-de-privacidad\/\"]}]},{\"@type\":\"BreadcrumbList\",\"@id\":\"https:\/\/oglethorpe.edu\/es\/acerca-de-la-universidad-de-oglethorpe\/politica-de-privacidad\/#breadcrumb\",\"itemListElement\":[{\"@type\":\"ListItem\",\"position\":1,\"name\":\"Home\",\"item\":\"https:\/\/oglethorpe.edu\/es\/\"},{\"@type\":\"ListItem\",\"position\":2,\"name\":\"Acerca de la Universidad de ºÚÁÏ³Ô¹ÏÍø\",\"item\":\"https:\/\/oglethorpe.edu\/es\/about\/\"},{\"@type\":\"ListItem\",\"position\":3,\"name\":\"Pol\u00edtica de privacidad\"}]},{\"@type\":\"WebSite\",\"@id\":\"https:\/\/oglethorpe.edu\/es\/#website\",\"url\":\"https:\/\/oglethorpe.edu\/es\/\",\"name\":\"ºÚÁÏ³Ô¹ÏÍø\",\"description\":\"\",\"publisher\":{\"@id\":\"https:\/\/oglethorpe.edu\/es\/#organization\"},\"potentialAction\":[{\"@type\":\"SearchAction\",\"target\":{\"@type\":\"EntryPoint\",\"urlTemplate\":\"https:\/\/oglethorpe.edu\/es\/?s={search_term_string}\"},\"query-input\":{\"@type\":\"PropertyValueSpecification\",\"valueRequired\":true,\"valueName\":\"search_term_string\"}}],\"inLanguage\":\"es\"},{\"@type\":\"Organization\",\"@id\":\"https:\/\/oglethorpe.edu\/es\/#organization\",\"name\":\"ºÚÁÏ³Ô¹ÏÍø\",\"url\":\"https:\/\/oglethorpe.edu\/es\/\",\"logo\":{\"@type\":\"ImageObject\",\"inLanguage\":\"es\",\"@id\":\"https:\/\/oglethorpe.edu\/es\/#\/schema\/logo\/image\/\",\"url\":\"https:\/\/oglethorpe.edu\/wp-content\/uploads\/2024\/02\/oglethorpe-full-logo-new-1-1.png\",\"contentUrl\":\"https:\/\/oglethorpe.edu\/wp-content\/uploads\/2024\/02\/oglethorpe-full-logo-new-1-1.png\",\"width\":1112,\"height\":492,\"caption\":\"ºÚÁÏ³Ô¹ÏÍø\"},\"image\":{\"@id\":\"https:\/\/oglethorpe.edu\/es\/#\/schema\/logo\/image\/\"},\"sameAs\":[\"https:\/\/www.facebook.com\/oglethorpeuniversity\",\"https:\/\/instagram.com\/oglethorpeuniv\/\",\"https:\/\/www.linkedin.com\/edu\/school?id=18180&trk=tyah&trkInfo=clickedVerticalschoolclickedEntityId18180idx3-1-12tarId1438180301152tasoglethorpe\"]}]}<\/script>\n<!-- \/ Yoast SEO Premium plugin. -->","yoast_head_json":{"title":"Pol\u00edtica de privacidad - ºÚÁÏ³Ô¹ÏÍø","description":"La Universidad de ºÚÁÏ³Ô¹ÏÍø se compromete a proteger la privacidad y la seguridad de los visitantes de nuestro sitio web.","robots":{"index":"index","follow":"follow","max-snippet":"max-snippet:-1","max-image-preview":"max-image-preview:large","max-video-preview":"max-video-preview:-1"},"canonical":"https:\/\/oglethorpe.edu\/es\/acerca-de-la-universidad-de-oglethorpe\/politica-de-privacidad\/","og_locale":"es_ES","og_type":"article","og_title":"Pol\u00edtica de privacidad","og_description":"La Universidad de ºÚÁÏ³Ô¹ÏÍø se compromete a proteger la privacidad y la seguridad de los visitantes de nuestro sitio web.","og_url":"https:\/\/oglethorpe.edu\/es\/acerca-de-la-universidad-de-oglethorpe\/politica-de-privacidad\/","og_site_name":"ºÚÁÏ³Ô¹ÏÍø","article_publisher":"https:\/\/www.facebook.com\/oglethorpeuniversity","article_modified_time":"2024-12-05T17:58:58+00:00","twitter_card":"summary_large_image","twitter_misc":{"Tiempo de lectura":"7 minutos"},"schema":{"@context":"https:\/\/schema.org","@graph":[{"@type":"WebPage","@id":"https:\/\/oglethorpe.edu\/es\/acerca-de-la-universidad-de-oglethorpe\/politica-de-privacidad\/","url":"https:\/\/oglethorpe.edu\/es\/acerca-de-la-universidad-de-oglethorpe\/politica-de-privacidad\/","name":"Pol\u00edtica de privacidad - ºÚÁÏ³Ô¹ÏÍø","isPartOf":{"@id":"https:\/\/oglethorpe.edu\/es\/#website"},"datePublished":"2024-02-19T19:09:52+00:00","dateModified":"2024-12-05T17:58:58+00:00","description":"La Universidad de ºÚÁÏ³Ô¹ÏÍø se compromete a proteger la privacidad y la seguridad de los visitantes de nuestro sitio web.","breadcrumb":{"@id":"https:\/\/oglethorpe.edu\/es\/acerca-de-la-universidad-de-oglethorpe\/politica-de-privacidad\/#breadcrumb"},"inLanguage":"es","potentialAction":[{"@type":"ReadAction","target":["https:\/\/oglethorpe.edu\/es\/acerca-de-la-universidad-de-oglethorpe\/politica-de-privacidad\/"]}]},{"@type":"BreadcrumbList","@id":"https:\/\/oglethorpe.edu\/es\/acerca-de-la-universidad-de-oglethorpe\/politica-de-privacidad\/#breadcrumb","itemListElement":[{"@type":"ListItem","position":1,"name":"Home","item":"https:\/\/oglethorpe.edu\/es\/"},{"@type":"ListItem","position":2,"name":"Acerca de la Universidad de ºÚÁÏ³Ô¹ÏÍø","item":"https:\/\/oglethorpe.edu\/es\/about\/"},{"@type":"ListItem","position":3,"name":"Pol\u00edtica de privacidad"}]},{"@type":"WebSite","@id":"https:\/\/oglethorpe.edu\/es\/#website","url":"https:\/\/oglethorpe.edu\/es\/","name":"ºÚÁÏ³Ô¹ÏÍø","description":"","publisher":{"@id":"https:\/\/oglethorpe.edu\/es\/#organization"},"potentialAction":[{"@type":"SearchAction","target":{"@type":"EntryPoint","urlTemplate":"https:\/\/oglethorpe.edu\/es\/?s={search_term_string}"},"query-input":{"@type":"PropertyValueSpecification","valueRequired":true,"valueName":"search_term_string"}}],"inLanguage":"es"},{"@type":"Organization","@id":"https:\/\/oglethorpe.edu\/es\/#organization","name":"ºÚÁÏ³Ô¹ÏÍø","url":"https:\/\/oglethorpe.edu\/es\/","logo":{"@type":"ImageObject","inLanguage":"es","@id":"https:\/\/oglethorpe.edu\/es\/#\/schema\/logo\/image\/","url":"https:\/\/oglethorpe.edu\/wp-content\/uploads\/2024\/02\/oglethorpe-full-logo-new-1-1.png","contentUrl":"https:\/\/oglethorpe.edu\/wp-content\/uploads\/2024\/02\/oglethorpe-full-logo-new-1-1.png","width":1112,"height":492,"caption":"ºÚÁÏ³Ô¹ÏÍø"},"image":{"@id":"https:\/\/oglethorpe.edu\/es\/#\/schema\/logo\/image\/"},"sameAs":["https:\/\/www.facebook.com\/oglethorpeuniversity","https:\/\/instagram.com\/oglethorpeuniv\/","https:\/\/www.linkedin.com\/edu\/school?id=18180&trk=tyah&trkInfo=clickedVerticalschoolclickedEntityId18180idx3-1-12tarId1438180301152tasoglethorpe"]}]}},"_links":{"self":[{"href":"https:\/\/oglethorpe.edu\/es\/wp-json\/wp\/v2\/pages\/79090","targetHints":{"allow":["GET"]}}],"collection":[{"href":"https:\/\/oglethorpe.edu\/es\/wp-json\/wp\/v2\/pages"}],"about":[{"href":"https:\/\/oglethorpe.edu\/es\/wp-json\/wp\/v2\/types\/page"}],"author":[{"embeddable":true,"href":"https:\/\/oglethorpe.edu\/es\/wp-json\/wp\/v2\/users\/1"}],"replies":[{"embeddable":true,"href":"https:\/\/oglethorpe.edu\/es\/wp-json\/wp\/v2\/comments?post=79090"}],"version-history":[{"count":0,"href":"https:\/\/oglethorpe.edu\/es\/wp-json\/wp\/v2\/pages\/79090\/revisions"}],"up":[{"embeddable":true,"href":"https:\/\/oglethorpe.edu\/es\/wp-json\/wp\/v2\/pages\/79054"}],"wp:attachment":[{"href":"https:\/\/oglethorpe.edu\/es\/wp-json\/wp\/v2\/media?parent=79090"}],"wp:term":[{"taxonomy":"page_page-category","embeddable":true,"href":"https:\/\/oglethorpe.edu\/es\/wp-json\/wp\/v2\/page_page-category?post=79090"},{"taxonomy":"page_page-tag","embeddable":true,"href":"https:\/\/oglethorpe.edu\/es\/wp-json\/wp\/v2\/page_page-tag?post=79090"},{"taxonomy":"offered_as","embeddable":true,"href":"https:\/\/oglethorpe.edu\/es\/wp-json\/wp\/v2\/offered_as?post=79090"},{"taxonomy":"program_tags","embeddable":true,"href":"https:\/\/oglethorpe.edu\/es\/wp-json\/wp\/v2\/program_tags?post=79090"},{"taxonomy":"programtypes_page","embeddable":true,"href":"https:\/\/oglethorpe.edu\/es\/wp-json\/wp\/v2\/programtypes_page?post=79090"}],"curies":[{"name":"wp","href":"https:\/\/api.w.org\/{rel}","templated":true}]}}