  {"id":79117,"date":"2024-07-19T18:53:46","date_gmt":"2024-07-19T18:53:46","guid":{"rendered":"https:\/\/oglethorpe.edu\/academicos\/el-nucleo\/historia-del-nucleo\/"},"modified":"2024-11-13T18:28:23","modified_gmt":"2024-11-13T18:28:23","slug":"historia-del-core","status":"publish","type":"page","link":"https:\/\/oglethorpe.edu\/es\/academicos\/el-core\/historia-del-core\/","title":{"rendered":"Historia del core"},"content":{"rendered":"\t\t<div data-elementor-type=\"wp-page\" data-elementor-id=\"79117\" class=\"elementor elementor-79117 elementor-43045\" data-elementor-post-type=\"page\">\n\t\t\t\t\t\t<section data-particle_enable=\"false\" data-particle-mobile-disabled=\"false\" class=\"elementor-section elementor-top-section elementor-element elementor-element-1230ea1 elementor-section-full_width elementor-section-height-default elementor-section-height-default\" data-id=\"1230ea1\" data-element_type=\"section\" data-e-type=\"section\" data-settings=\"{&quot;background_background&quot;:&quot;classic&quot;}\">\n\t\t\t\t\t\t\t<div class=\"elementor-background-overlay\"><\/div>\n\t\t\t\t\t\t\t<div class=\"elementor-container elementor-column-gap-default\">\n\t\t\t\t\t<div class=\"elementor-column elementor-col-100 elementor-top-column elementor-element elementor-element-703d22f\" data-id=\"703d22f\" data-element_type=\"column\" data-e-type=\"column\">\n\t\t\t<div class=\"elementor-widget-wrap elementor-element-populated\">\n\t\t\t\t\t\t<section data-particle_enable=\"false\" data-particle-mobile-disabled=\"false\" class=\"elementor-section elementor-inner-section elementor-element elementor-element-7afa7c3 elementor-section-boxed elementor-section-height-default elementor-section-height-default\" data-id=\"7afa7c3\" data-element_type=\"section\" data-e-type=\"section\" data-settings=\"{&quot;background_background&quot;:&quot;classic&quot;}\">\n\t\t\t\t\t\t<div class=\"elementor-container elementor-column-gap-default\">\n\t\t\t\t\t<div class=\"elementor-column elementor-col-100 elementor-inner-column elementor-element elementor-element-5af476a\" data-id=\"5af476a\" data-element_type=\"column\" data-e-type=\"column\">\n\t\t\t<div class=\"elementor-widget-wrap elementor-element-populated\">\n\t\t\t\t\t\t<div class=\"elementor-element elementor-element-61f91c8 banner_heading_new elementor-widget elementor-widget-heading\" data-id=\"61f91c8\" data-element_type=\"widget\" data-e-type=\"widget\" data-widget_type=\"heading.default\">\n\t\t\t\t<div class=\"elementor-widget-container\">\n\t\t\t\t\t<h1 class=\"elementor-heading-title elementor-size-default\">Historia del Core<\/h1>\t\t\t\t<\/div>\n\t\t\t\t<\/div>\n\t\t\t\t\t<\/div>\n\t\t<\/div>\n\t\t\t\t\t<\/div>\n\t\t<\/section>\n\t\t\t\t\t<\/div>\n\t\t<\/div>\n\t\t\t\t\t<\/div>\n\t\t<\/section>\n\t\t\t\t<section data-particle_enable=\"false\" data-particle-mobile-disabled=\"false\" class=\"elementor-section elementor-top-section elementor-element elementor-element-c04d82f elementor-section-boxed elementor-section-height-default elementor-section-height-default\" data-id=\"c04d82f\" data-element_type=\"section\" data-e-type=\"section\">\n\t\t\t\t\t\t<div class=\"elementor-container elementor-column-gap-default\">\n\t\t\t\t\t<div class=\"elementor-column elementor-col-100 elementor-top-column elementor-element elementor-element-815f9cf\" data-id=\"815f9cf\" data-element_type=\"column\" data-e-type=\"column\">\n\t\t\t<div class=\"elementor-widget-wrap elementor-element-populated\">\n\t\t\t\t\t\t<section data-particle_enable=\"false\" data-particle-mobile-disabled=\"false\" class=\"elementor-section elementor-inner-section elementor-element elementor-element-e792556 elementor-section-boxed elementor-section-height-default elementor-section-height-default\" data-id=\"e792556\" data-element_type=\"section\" data-e-type=\"section\">\n\t\t\t\t\t\t<div class=\"elementor-container elementor-column-gap-default\">\n\t\t\t\t\t<div class=\"elementor-column elementor-col-100 elementor-inner-column elementor-element elementor-element-181bfa2\" data-id=\"181bfa2\" data-element_type=\"column\" data-e-type=\"column\">\n\t\t\t<div class=\"elementor-widget-wrap elementor-element-populated\">\n\t\t\t\t\t\t<div class=\"elementor-element elementor-element-8d10646 elementor-widget__width-auto elementor-widget elementor-widget-shortcode\" data-id=\"8d10646\" data-element_type=\"widget\" data-e-type=\"widget\" data-widget_type=\"shortcode.default\">\n\t\t\t\t<div class=\"elementor-widget-container\">\n\t\t\t\t\t\t\t<div class=\"elementor-shortcode\"><nav aria-label=\"breadcrumbs\">\n            <div class=\"breadcrumb-container theme1\">\n                <ol>\n                                    <\/ol>\n            <\/div>\n        <\/nav>    <script type=\"application\/ld+json\">\n        {\n            \"@context\": \"http:\/\/schema.org\",\n            \"@type\": \"BreadcrumbList\",\n            \"itemListElement\": [\n                            ]\n        }\n    <\/script>\n   \n    <script>\n            <\/script>\n<\/div>\n\t\t\t\t\t\t<\/div>\n\t\t\t\t<\/div>\n\t\t\t\t\t<\/div>\n\t\t<\/div>\n\t\t\t\t\t<\/div>\n\t\t<\/section>\n\t\t\t\t\t<\/div>\n\t\t<\/div>\n\t\t\t\t\t<\/div>\n\t\t<\/section>\n\t\t\t\t<section data-particle_enable=\"false\" data-particle-mobile-disabled=\"false\" class=\"elementor-section elementor-top-section elementor-element elementor-element-37d7b7c elementor-section-boxed elementor-section-height-default elementor-section-height-default\" data-id=\"37d7b7c\" data-element_type=\"section\" data-e-type=\"section\">\n\t\t\t\t\t\t<div class=\"elementor-container elementor-column-gap-default\">\n\t\t\t\t\t<div class=\"elementor-column elementor-col-100 elementor-top-column elementor-element elementor-element-cd82152\" data-id=\"cd82152\" data-element_type=\"column\" data-e-type=\"column\">\n\t\t\t<div class=\"elementor-widget-wrap elementor-element-populated\">\n\t\t\t\t\t\t<div class=\"elementor-element elementor-element-510f8f9 elementor-widget elementor-widget-text-editor\" data-id=\"510f8f9\" data-element_type=\"widget\" data-e-type=\"widget\" data-widget_type=\"text-editor.default\">\n\t\t\t\t<div class=\"elementor-widget-container\">\n\t\t\t\t\t\t\t\t\t<h2>La segunda especialidad de todo estudiante de ºÚÁÏ³Ô¹ÏÍø<\/h2>\n<p>ºÚÁÏ³Ô¹ÏÍø inici\u00f3 su \u00abplan de estudios b\u00e1sico\u00bb en el curso acad\u00e9mico 1944-45, convirti\u00e9ndolo en uno de los primeros programas b\u00e1sicos de Estados Unidos. En su folleto explicativo sobre el programa, el presidente de ºÚÁÏ³Ô¹ÏÍø, Philip Weltner, present\u00f3 un nuevo plan de estudios de artes liberales con el doble objetivo de equipar a los estudiantes para \u00abhacer una vida y ganarse la vida\u00bb. Cada estudiante dedicar\u00eda la mitad de sus cursos universitarios a la experiencia intelectual com\u00fan del core , mientras que dedicar\u00eda la otra mitad a su \u00e1rea principal de estudio. Al esbozar su nuevo plan y su filosof\u00eda de la educaci\u00f3n, el presidente Weltner anticip\u00f3 algunas de las ideas recogidas en La educaci\u00f3n general en una sociedad libre, la declaraci\u00f3n de 1945 de la Universidad de Harvard que hac\u00eda hincapi\u00e9 en las artes liberales y en un plan de estudios b\u00e1sico.<\/p>\n<p>La idea de un plan de estudios b\u00e1sico era entonces tan revolucionaria en la ense\u00f1anza superior que la noticia del Plan ºÚÁÏ³Ô¹ÏÍø apareci\u00f3 en The New York Times en la primavera de 1945.<br>El Dr. Weltner declar\u00f3 al Times \u00abIntentamos desarrollar una aguda&#8230; apreciaci\u00f3n y comprensi\u00f3n. En lugar de dividir nuestros cursos en escuelas separadas, estamos dando a los estudiantes una buena educaci\u00f3n liberal y general que puede convertirse en la base de cientos de vocaciones.\u00bb<\/p>\n<p>El plan de estudios b\u00e1sico del Dr. Weltner para los estudiantes de ºÚÁÏ³Ô¹ÏÍø de la d\u00e9cada de 1940 reflejaba las preocupaciones de la \u00e9poca de la guerra: el core consist\u00eda en una serie de cursos bajo los t\u00edtulos \u00abCiudadan\u00eda\u00bb y \u00abComprensi\u00f3n humana\u00bb. A medida que las preocupaciones de la \u00e9poca de la guerra se desvanec\u00edan y se produc\u00eda la explosi\u00f3n de informaci\u00f3n de la posguerra, el core de ºÚÁÏ³Ô¹ÏÍø se someti\u00f3 a una amplia revisi\u00f3n en la d\u00e9cada de 1960, y sus cursos obligatorios pasaron a parecerse mucho m\u00e1s a los cursos tradicionales de las disciplinas. Gradualmente, este core pas\u00f3 a centrarse en los cursos que representaban las competencias que un generalista bien formado deber\u00eda tener al graduarse en la universidad.<\/p>\n<p>Con el apoyo de una importante subvenci\u00f3n de la Fundaci\u00f3n Nacional para las Humanidades, el plan de estudios b\u00e1sico de ºÚÁÏ³Ô¹ÏÍø se someti\u00f3 a una revisi\u00f3n sustancial a principios de la d\u00e9cada de 1990 para reflejar una nueva idea sobre el plan de estudios b\u00e1sico y su finalidad. M\u00e1s que un intento de definir lo que cada estudiante debe saber o una lista de competencias b\u00e1sicas que cada estudiante debe tener, el nuevo core de ºÚÁÏ³Ô¹ÏÍø pretend\u00eda proporcionar una experiencia de aprendizaje com\u00fan para todos los estudiantes. Desde principios de la d\u00e9cada de 1990, el plan de estudios b\u00e1sico se ha sometido a un mayor escrutinio y perfeccionamiento. A partir de 1998, ºÚÁÏ³Ô¹ÏÍø implant\u00f3 una secuencia de nuevos cursos interdisciplinarios de un a\u00f1o de duraci\u00f3n. Estas secuencias, que se extienden a lo largo de los cuatro a\u00f1os de la carrera universitaria de un estudiante, incluyen la lectura de una serie de textos primarios comunes a todas las secciones de los cursos y frecuentes tareas de redacci\u00f3n. Cada curso de la secuencia se basa en el conjunto de conocimientos estudiados en el curso anterior. Los cursos de bellas artes y matem\u00e1ticas complementan estas secuencias. El programa invita expl\u00edcitamente a los estudiantes a integrar su aprendizaje b\u00e1sico y a tener en cuenta los conocimientos adquiridos en el estudio b\u00e1sico al abordar el estudio de sus especialidades. Al desarrollar este plan de estudios, el profesorado ha renovado su compromiso con el esp\u00edritu del core original del Dr. Weltner: \u00abNo debemos olvidar ni por un instante que la educaci\u00f3n, para ser fiel a s\u00ed misma, debe ser una experiencia progresiva para el alumno, en la que el inter\u00e9s d\u00e9 lugar a la indagaci\u00f3n, la indagaci\u00f3n se persiga hasta el dominio, y el dominio aqu\u00ed ocasiona nuevos intereses all\u00ed.\u00bb<\/p>\n<p>Como segunda especialidad de cada estudiante, la asignatura troncal sigue instando a los estudiantes a buscar v\u00ednculos entre las diversas \u00e1reas de estudio y a apreciar el valor de la investigaci\u00f3n intelectual. Una subvenci\u00f3n del Fondo Nacional para las Humanidades, que ºÚÁÏ³Ô¹ÏÍø recibi\u00f3 en 1996, ayud\u00f3 a crear una dotaci\u00f3n para el plan de estudios b\u00e1sico, garantizando que el profesorado disponga de los recursos necesarios para mantenerlo vital y central para el aprendizaje en ºÚÁÏ³Ô¹ÏÍø. Mientras el profesorado colabora mediante conversaciones frecuentes sobre el contenido y los objetivos de sus cursos b\u00e1sicos para proporcionar un enfoque integrado del aprendizaje, uno recuerda la promesa que el Dr. Weltner hizo hace m\u00e1s de medio siglo al esbozar el core: \u00abLa Universidad de ºÚÁÏ³Ô¹ÏÍø insiste en que el objetivo no es aprobar una asignatura; el objetivo es tomarla y recordarla\u00bb.<\/p>\t\t\t\t\t\t\t\t<\/div>\n\t\t\t\t<\/div>\n\t\t\t\t\t<\/div>\n\t\t<\/div>\n\t\t\t\t\t<\/div>\n\t\t<\/section>\n\t\t\t\t<\/div>\n\t\t","protected":false},"excerpt":{"rendered":"<p>Historia del Core La segunda especialidad de todo estudiante de ºÚÁÏ³Ô¹ÏÍø ºÚÁÏ³Ô¹ÏÍø inici\u00f3 su \u00abplan de estudios b\u00e1sico\u00bb en el [&hellip;]<\/p>\n","protected":false},"author":5,"featured_media":0,"parent":79110,"menu_order":0,"comment_status":"closed","ping_status":"closed","template":"","meta":{"_acf_changed":false,"site-sidebar-layout":"no-sidebar","site-content-layout":"","ast-site-content-layout":"full-width-container","site-content-style":"default","site-sidebar-style":"default","ast-global-header-display":"","ast-banner-title-visibility":"","ast-main-header-display":"","ast-hfb-above-header-display":"","ast-hfb-below-header-display":"","ast-hfb-mobile-header-display":"","site-post-title":"disabled","ast-breadcrumbs-content":"","ast-featured-img":"disabled","footer-sml-layout":"","theme-transparent-header-meta":"","adv-header-id-meta":"","stick-header-meta":"","header-above-stick-meta":"","header-main-stick-meta":"","header-below-stick-meta":"","astra-migrate-meta-layouts":"default","ast-page-background-enabled":"default","ast-page-background-meta":{"desktop":{"background-color":"var(--ast-global-color-4)","background-image":"","background-repeat":"repeat","background-position":"center center","background-size":"auto","background-attachment":"scroll","background-type":"","background-media":"","overlay-type":"","overlay-color":"","overlay-opacity":"","overlay-gradient":""},"tablet":{"background-color":"","background-image":"","background-repeat":"repeat","background-position":"center center","background-size":"auto","background-attachment":"scroll","background-type":"","background-media":"","overlay-type":"","overlay-color":"","overlay-opacity":"","overlay-gradient":""},"mobile":{"background-color":"","background-image":"","background-repeat":"repeat","background-position":"center center","background-size":"auto","background-attachment":"scroll","background-type":"","background-media":"","overlay-type":"","overlay-color":"","overlay-opacity":"","overlay-gradient":""}},"ast-content-background-meta":{"desktop":{"background-color":"var(--ast-global-color-5)","background-image":"","background-repeat":"repeat","background-position":"center center","background-size":"auto","background-attachment":"scroll","background-type":"","background-media":"","overlay-type":"","overlay-color":"","overlay-opacity":"","overlay-gradient":""},"tablet":{"background-color":"var(--ast-global-color-5)","background-image":"","background-repeat":"repeat","background-position":"center center","background-size":"auto","background-attachment":"scroll","background-type":"","background-media":"","overlay-type":"","overlay-color":"","overlay-opacity":"","overlay-gradient":""},"mobile":{"background-color":"var(--ast-global-color-5)","background-image":"","background-repeat":"repeat","background-position":"center center","background-size":"auto","background-attachment":"scroll","background-type":"","background-media":"","overlay-type":"","overlay-color":"","overlay-opacity":"","overlay-gradient":""}},"footnotes":""},"page_page-category":[],"page_page-tag":[],"offered_as":[],"program_tags":[],"programtypes_page":[],"class_list":["post-79117","page","type-page","status-publish","hentry"],"acf":[],"yoast_head":"<!-- This site is optimized with the Yoast SEO Premium plugin v27.2 (Yoast SEO v27.2) - https:\/\/yoast.com\/product\/yoast-seo-premium-wordpress\/ -->\n<title>Historia del core - ºÚÁÏ³Ô¹ÏÍø<\/title>\n<meta name=\"description\" content=\"ºÚÁÏ³Ô¹ÏÍø inici\u00f3 su &quot;plan de estudios b\u00e1sico&quot; en el curso acad\u00e9mico 1944-45, convirti\u00e9ndolo en uno de los primeros programas b\u00e1sicos de Estados Unidos.\" \/>\n<meta name=\"robots\" content=\"index, follow, max-snippet:-1, max-image-preview:large, max-video-preview:-1\" \/>\n<link rel=\"canonical\" href=\"https:\/\/oglethorpe.edu\/es\/academicos\/el-core\/historia-del-core\/\" \/>\n<meta property=\"og:locale\" content=\"es_ES\" \/>\n<meta property=\"og:type\" content=\"article\" \/>\n<meta property=\"og:title\" content=\"Historia del core\" \/>\n<meta property=\"og:description\" content=\"ºÚÁÏ³Ô¹ÏÍø inici\u00f3 su &quot;plan de estudios b\u00e1sico&quot; en el curso acad\u00e9mico 1944-45, convirti\u00e9ndolo en uno de los primeros programas b\u00e1sicos de Estados Unidos.\" \/>\n<meta property=\"og:url\" content=\"https:\/\/oglethorpe.edu\/es\/academicos\/el-core\/historia-del-core\/\" \/>\n<meta property=\"og:site_name\" content=\"ºÚÁÏ³Ô¹ÏÍø\" \/>\n<meta property=\"article:publisher\" content=\"https:\/\/www.facebook.com\/oglethorpeuniversity\" \/>\n<meta property=\"article:modified_time\" content=\"2024-11-13T18:28:23+00:00\" \/>\n<meta name=\"twitter:card\" content=\"summary_large_image\" \/>\n<meta name=\"twitter:label1\" content=\"Tiempo de lectura\" \/>\n\t<meta name=\"twitter:data1\" content=\"4 minutos\" \/>\n<script type=\"application\/ld+json\" class=\"yoast-schema-graph\">{\"@context\":\"https:\/\/schema.org\",\"@graph\":[{\"@type\":\"WebPage\",\"@id\":\"https:\/\/oglethorpe.edu\/es\/academicos\/el-core\/historia-del-core\/\",\"url\":\"https:\/\/oglethorpe.edu\/es\/academicos\/el-core\/historia-del-core\/\",\"name\":\"Historia del core - ºÚÁÏ³Ô¹ÏÍø\",\"isPartOf\":{\"@id\":\"https:\/\/oglethorpe.edu\/es\/#website\"},\"datePublished\":\"2024-07-19T18:53:46+00:00\",\"dateModified\":\"2024-11-13T18:28:23+00:00\",\"description\":\"ºÚÁÏ³Ô¹ÏÍø inici\u00f3 su \\\"plan de estudios b\u00e1sico\\\" en el curso acad\u00e9mico 1944-45, convirti\u00e9ndolo en uno de los primeros programas b\u00e1sicos de Estados Unidos.\",\"breadcrumb\":{\"@id\":\"https:\/\/oglethorpe.edu\/es\/academicos\/el-core\/historia-del-core\/#breadcrumb\"},\"inLanguage\":\"es\",\"potentialAction\":[{\"@type\":\"ReadAction\",\"target\":[\"https:\/\/oglethorpe.edu\/es\/academicos\/el-core\/historia-del-core\/\"]}]},{\"@type\":\"BreadcrumbList\",\"@id\":\"https:\/\/oglethorpe.edu\/es\/academicos\/el-core\/historia-del-core\/#breadcrumb\",\"itemListElement\":[{\"@type\":\"ListItem\",\"position\":1,\"name\":\"Home\",\"item\":\"https:\/\/oglethorpe.edu\/es\/\"},{\"@type\":\"ListItem\",\"position\":2,\"name\":\"Acad\u00e9micos\",\"item\":\"https:\/\/oglethorpe.edu\/es\/academics\/\"},{\"@type\":\"ListItem\",\"position\":3,\"name\":\"El Core\",\"item\":\"https:\/\/oglethorpe.edu\/es\/academics\/the-core\/\"},{\"@type\":\"ListItem\",\"position\":4,\"name\":\"Historia del core\"}]},{\"@type\":\"WebSite\",\"@id\":\"https:\/\/oglethorpe.edu\/es\/#website\",\"url\":\"https:\/\/oglethorpe.edu\/es\/\",\"name\":\"ºÚÁÏ³Ô¹ÏÍø\",\"description\":\"\",\"publisher\":{\"@id\":\"https:\/\/oglethorpe.edu\/es\/#organization\"},\"potentialAction\":[{\"@type\":\"SearchAction\",\"target\":{\"@type\":\"EntryPoint\",\"urlTemplate\":\"https:\/\/oglethorpe.edu\/es\/?s={search_term_string}\"},\"query-input\":{\"@type\":\"PropertyValueSpecification\",\"valueRequired\":true,\"valueName\":\"search_term_string\"}}],\"inLanguage\":\"es\"},{\"@type\":\"Organization\",\"@id\":\"https:\/\/oglethorpe.edu\/es\/#organization\",\"name\":\"ºÚÁÏ³Ô¹ÏÍø\",\"url\":\"https:\/\/oglethorpe.edu\/es\/\",\"logo\":{\"@type\":\"ImageObject\",\"inLanguage\":\"es\",\"@id\":\"https:\/\/oglethorpe.edu\/es\/#\/schema\/logo\/image\/\",\"url\":\"https:\/\/oglethorpe.edu\/wp-content\/uploads\/2024\/02\/oglethorpe-full-logo-new-1-1.png\",\"contentUrl\":\"https:\/\/oglethorpe.edu\/wp-content\/uploads\/2024\/02\/oglethorpe-full-logo-new-1-1.png\",\"width\":1112,\"height\":492,\"caption\":\"ºÚÁÏ³Ô¹ÏÍø\"},\"image\":{\"@id\":\"https:\/\/oglethorpe.edu\/es\/#\/schema\/logo\/image\/\"},\"sameAs\":[\"https:\/\/www.facebook.com\/oglethorpeuniversity\",\"https:\/\/instagram.com\/oglethorpeuniv\/\",\"https:\/\/www.linkedin.com\/edu\/school?id=18180&trk=tyah&trkInfo=clickedVerticalschoolclickedEntityId18180idx3-1-12tarId1438180301152tasoglethorpe\"]}]}<\/script>\n<!-- \/ Yoast SEO Premium plugin. -->","yoast_head_json":{"title":"Historia del core - ºÚÁÏ³Ô¹ÏÍø","description":"ºÚÁÏ³Ô¹ÏÍø inici\u00f3 su \"plan de estudios b\u00e1sico\" en el curso acad\u00e9mico 1944-45, convirti\u00e9ndolo en uno de los primeros programas b\u00e1sicos de Estados Unidos.","robots":{"index":"index","follow":"follow","max-snippet":"max-snippet:-1","max-image-preview":"max-image-preview:large","max-video-preview":"max-video-preview:-1"},"canonical":"https:\/\/oglethorpe.edu\/es\/academicos\/el-core\/historia-del-core\/","og_locale":"es_ES","og_type":"article","og_title":"Historia del core","og_description":"ºÚÁÏ³Ô¹ÏÍø inici\u00f3 su \"plan de estudios b\u00e1sico\" en el curso acad\u00e9mico 1944-45, convirti\u00e9ndolo en uno de los primeros programas b\u00e1sicos de Estados Unidos.","og_url":"https:\/\/oglethorpe.edu\/es\/academicos\/el-core\/historia-del-core\/","og_site_name":"ºÚÁÏ³Ô¹ÏÍø","article_publisher":"https:\/\/www.facebook.com\/oglethorpeuniversity","article_modified_time":"2024-11-13T18:28:23+00:00","twitter_card":"summary_large_image","twitter_misc":{"Tiempo de lectura":"4 minutos"},"schema":{"@context":"https:\/\/schema.org","@graph":[{"@type":"WebPage","@id":"https:\/\/oglethorpe.edu\/es\/academicos\/el-core\/historia-del-core\/","url":"https:\/\/oglethorpe.edu\/es\/academicos\/el-core\/historia-del-core\/","name":"Historia del core - ºÚÁÏ³Ô¹ÏÍø","isPartOf":{"@id":"https:\/\/oglethorpe.edu\/es\/#website"},"datePublished":"2024-07-19T18:53:46+00:00","dateModified":"2024-11-13T18:28:23+00:00","description":"ºÚÁÏ³Ô¹ÏÍø inici\u00f3 su \"plan de estudios b\u00e1sico\" en el curso acad\u00e9mico 1944-45, convirti\u00e9ndolo en uno de los primeros programas b\u00e1sicos de Estados Unidos.","breadcrumb":{"@id":"https:\/\/oglethorpe.edu\/es\/academicos\/el-core\/historia-del-core\/#breadcrumb"},"inLanguage":"es","potentialAction":[{"@type":"ReadAction","target":["https:\/\/oglethorpe.edu\/es\/academicos\/el-core\/historia-del-core\/"]}]},{"@type":"BreadcrumbList","@id":"https:\/\/oglethorpe.edu\/es\/academicos\/el-core\/historia-del-core\/#breadcrumb","itemListElement":[{"@type":"ListItem","position":1,"name":"Home","item":"https:\/\/oglethorpe.edu\/es\/"},{"@type":"ListItem","position":2,"name":"Acad\u00e9micos","item":"https:\/\/oglethorpe.edu\/es\/academics\/"},{"@type":"ListItem","position":3,"name":"El Core","item":"https:\/\/oglethorpe.edu\/es\/academics\/the-core\/"},{"@type":"ListItem","position":4,"name":"Historia del core"}]},{"@type":"WebSite","@id":"https:\/\/oglethorpe.edu\/es\/#website","url":"https:\/\/oglethorpe.edu\/es\/","name":"ºÚÁÏ³Ô¹ÏÍø","description":"","publisher":{"@id":"https:\/\/oglethorpe.edu\/es\/#organization"},"potentialAction":[{"@type":"SearchAction","target":{"@type":"EntryPoint","urlTemplate":"https:\/\/oglethorpe.edu\/es\/?s={search_term_string}"},"query-input":{"@type":"PropertyValueSpecification","valueRequired":true,"valueName":"search_term_string"}}],"inLanguage":"es"},{"@type":"Organization","@id":"https:\/\/oglethorpe.edu\/es\/#organization","name":"ºÚÁÏ³Ô¹ÏÍø","url":"https:\/\/oglethorpe.edu\/es\/","logo":{"@type":"ImageObject","inLanguage":"es","@id":"https:\/\/oglethorpe.edu\/es\/#\/schema\/logo\/image\/","url":"https:\/\/oglethorpe.edu\/wp-content\/uploads\/2024\/02\/oglethorpe-full-logo-new-1-1.png","contentUrl":"https:\/\/oglethorpe.edu\/wp-content\/uploads\/2024\/02\/oglethorpe-full-logo-new-1-1.png","width":1112,"height":492,"caption":"ºÚÁÏ³Ô¹ÏÍø"},"image":{"@id":"https:\/\/oglethorpe.edu\/es\/#\/schema\/logo\/image\/"},"sameAs":["https:\/\/www.facebook.com\/oglethorpeuniversity","https:\/\/instagram.com\/oglethorpeuniv\/","https:\/\/www.linkedin.com\/edu\/school?id=18180&trk=tyah&trkInfo=clickedVerticalschoolclickedEntityId18180idx3-1-12tarId1438180301152tasoglethorpe"]}]}},"_links":{"self":[{"href":"https:\/\/oglethorpe.edu\/es\/wp-json\/wp\/v2\/pages\/79117","targetHints":{"allow":["GET"]}}],"collection":[{"href":"https:\/\/oglethorpe.edu\/es\/wp-json\/wp\/v2\/pages"}],"about":[{"href":"https:\/\/oglethorpe.edu\/es\/wp-json\/wp\/v2\/types\/page"}],"author":[{"embeddable":true,"href":"https:\/\/oglethorpe.edu\/es\/wp-json\/wp\/v2\/users\/5"}],"replies":[{"embeddable":true,"href":"https:\/\/oglethorpe.edu\/es\/wp-json\/wp\/v2\/comments?post=79117"}],"version-history":[{"count":0,"href":"https:\/\/oglethorpe.edu\/es\/wp-json\/wp\/v2\/pages\/79117\/revisions"}],"up":[{"embeddable":true,"href":"https:\/\/oglethorpe.edu\/es\/wp-json\/wp\/v2\/pages\/79110"}],"wp:attachment":[{"href":"https:\/\/oglethorpe.edu\/es\/wp-json\/wp\/v2\/media?parent=79117"}],"wp:term":[{"taxonomy":"page_page-category","embeddable":true,"href":"https:\/\/oglethorpe.edu\/es\/wp-json\/wp\/v2\/page_page-category?post=79117"},{"taxonomy":"page_page-tag","embeddable":true,"href":"https:\/\/oglethorpe.edu\/es\/wp-json\/wp\/v2\/page_page-tag?post=79117"},{"taxonomy":"offered_as","embeddable":true,"href":"https:\/\/oglethorpe.edu\/es\/wp-json\/wp\/v2\/offered_as?post=79117"},{"taxonomy":"program_tags","embeddable":true,"href":"https:\/\/oglethorpe.edu\/es\/wp-json\/wp\/v2\/program_tags?post=79117"},{"taxonomy":"programtypes_page","embeddable":true,"href":"https:\/\/oglethorpe.edu\/es\/wp-json\/wp\/v2\/programtypes_page?post=79117"}],"curies":[{"name":"wp","href":"https:\/\/api.w.org\/{rel}","templated":true}]}}