  {"id":79119,"date":"2024-07-19T19:19:57","date_gmt":"2024-07-19T19:19:57","guid":{"rendered":"https:\/\/oglethorpe.edu\/academicos\/el-nucleo\/equivalencias-de-cursos-basicos\/"},"modified":"2025-10-28T16:12:43","modified_gmt":"2025-10-28T16:12:43","slug":"equivalencias-de-cursos-basicos","status":"publish","type":"page","link":"https:\/\/oglethorpe.edu\/es\/academicos\/el-core\/equivalencias-de-cursos-basicos\/","title":{"rendered":"Equivalencias de cursos b\u00e1sicos"},"content":{"rendered":"\t\t<div data-elementor-type=\"wp-page\" data-elementor-id=\"79119\" class=\"elementor elementor-79119 elementor-43047\" data-elementor-post-type=\"page\">\n\t\t\t\t\t\t<section data-particle_enable=\"false\" data-particle-mobile-disabled=\"false\" class=\"elementor-section elementor-top-section elementor-element elementor-element-5f3655f8 elementor-section-full_width elementor-section-height-default elementor-section-height-default\" data-id=\"5f3655f8\" data-element_type=\"section\" data-e-type=\"section\" data-settings=\"{&quot;background_background&quot;:&quot;classic&quot;}\">\n\t\t\t\t\t\t\t<div class=\"elementor-background-overlay\"><\/div>\n\t\t\t\t\t\t\t<div class=\"elementor-container elementor-column-gap-default\">\n\t\t\t\t\t<div class=\"elementor-column elementor-col-100 elementor-top-column elementor-element elementor-element-4afd4967\" data-id=\"4afd4967\" data-element_type=\"column\" data-e-type=\"column\">\n\t\t\t<div class=\"elementor-widget-wrap elementor-element-populated\">\n\t\t\t\t\t\t<section data-particle_enable=\"false\" data-particle-mobile-disabled=\"false\" class=\"elementor-section elementor-inner-section elementor-element elementor-element-25f328dc elementor-section-boxed elementor-section-height-default elementor-section-height-default\" data-id=\"25f328dc\" data-element_type=\"section\" data-e-type=\"section\" data-settings=\"{&quot;background_background&quot;:&quot;classic&quot;}\">\n\t\t\t\t\t\t<div class=\"elementor-container elementor-column-gap-default\">\n\t\t\t\t\t<div class=\"elementor-column elementor-col-100 elementor-inner-column elementor-element elementor-element-31ef6c1c\" data-id=\"31ef6c1c\" data-element_type=\"column\" data-e-type=\"column\">\n\t\t\t<div class=\"elementor-widget-wrap elementor-element-populated\">\n\t\t\t\t\t\t<div class=\"elementor-element elementor-element-1b27fd67 banner_heading_new elementor-widget elementor-widget-heading\" data-id=\"1b27fd67\" data-element_type=\"widget\" data-e-type=\"widget\" data-widget_type=\"heading.default\">\n\t\t\t\t<div class=\"elementor-widget-container\">\n\t\t\t\t\t<h1 class=\"elementor-heading-title elementor-size-default\">Core Course Equivalencies<\/h1>\t\t\t\t<\/div>\n\t\t\t\t<\/div>\n\t\t\t\t\t<\/div>\n\t\t<\/div>\n\t\t\t\t\t<\/div>\n\t\t<\/section>\n\t\t\t\t\t<\/div>\n\t\t<\/div>\n\t\t\t\t\t<\/div>\n\t\t<\/section>\n\t\t\t\t<section data-particle_enable=\"false\" data-particle-mobile-disabled=\"false\" class=\"elementor-section elementor-top-section elementor-element elementor-element-c04d82f elementor-section-boxed elementor-section-height-default elementor-section-height-default\" data-id=\"c04d82f\" data-element_type=\"section\" data-e-type=\"section\">\n\t\t\t\t\t\t<div class=\"elementor-container elementor-column-gap-default\">\n\t\t\t\t\t<div class=\"elementor-column elementor-col-100 elementor-top-column elementor-element elementor-element-815f9cf\" data-id=\"815f9cf\" data-element_type=\"column\" data-e-type=\"column\">\n\t\t\t<div class=\"elementor-widget-wrap elementor-element-populated\">\n\t\t\t\t\t\t<section data-particle_enable=\"false\" data-particle-mobile-disabled=\"false\" class=\"elementor-section elementor-inner-section elementor-element elementor-element-e792556 elementor-section-boxed elementor-section-height-default elementor-section-height-default\" data-id=\"e792556\" data-element_type=\"section\" data-e-type=\"section\">\n\t\t\t\t\t\t<div class=\"elementor-container elementor-column-gap-default\">\n\t\t\t\t\t<div class=\"elementor-column elementor-col-100 elementor-inner-column elementor-element elementor-element-181bfa2\" data-id=\"181bfa2\" data-element_type=\"column\" data-e-type=\"column\">\n\t\t\t<div class=\"elementor-widget-wrap elementor-element-populated\">\n\t\t\t\t\t\t<div class=\"elementor-element elementor-element-8d10646 elementor-widget__width-auto elementor-widget elementor-widget-shortcode\" data-id=\"8d10646\" data-element_type=\"widget\" data-e-type=\"widget\" data-widget_type=\"shortcode.default\">\n\t\t\t\t<div class=\"elementor-widget-container\">\n\t\t\t\t\t\t\t<div class=\"elementor-shortcode\"><nav aria-label=\"breadcrumbs\">\n            <div class=\"breadcrumb-container theme1\">\n                <ol>\n                                    <\/ol>\n            <\/div>\n        <\/nav>    <script type=\"application\/ld+json\">\n        {\n            \"@context\": \"http:\/\/schema.org\",\n            \"@type\": \"BreadcrumbList\",\n            \"itemListElement\": [\n                            ]\n        }\n    <\/script>\n   \n    <script>\n            <\/script>\n<\/div>\n\t\t\t\t\t\t<\/div>\n\t\t\t\t<\/div>\n\t\t\t\t\t<\/div>\n\t\t<\/div>\n\t\t\t\t\t<\/div>\n\t\t<\/section>\n\t\t\t\t\t<\/div>\n\t\t<\/div>\n\t\t\t\t\t<\/div>\n\t\t<\/section>\n\t\t\t\t<section data-particle_enable=\"false\" data-particle-mobile-disabled=\"false\" class=\"elementor-section elementor-top-section elementor-element elementor-element-8e89ac1 elementor-section-boxed elementor-section-height-default elementor-section-height-default\" data-id=\"8e89ac1\" data-element_type=\"section\" data-e-type=\"section\">\n\t\t\t\t\t\t<div class=\"elementor-container elementor-column-gap-default\">\n\t\t\t\t\t<div class=\"elementor-column elementor-col-100 elementor-top-column elementor-element elementor-element-5483a56\" data-id=\"5483a56\" data-element_type=\"column\" data-e-type=\"column\">\n\t\t\t<div class=\"elementor-widget-wrap elementor-element-populated\">\n\t\t\t\t\t\t<div class=\"elementor-element elementor-element-afe95c5 elementor-widget elementor-widget-text-editor\" data-id=\"afe95c5\" data-element_type=\"widget\" data-e-type=\"widget\" data-widget_type=\"text-editor.default\">\n\t\t\t\t<div class=\"elementor-widget-container\">\n\t\t\t\t\t\t\t\t\t<h2>Equivalencias b\u00e1sicas para estudiantes transferidos<\/h2><p>El plan de estudios b\u00e1sico de ºÚÁÏ³Ô¹ÏÍø es obligatorio para todos los estudiantes universitarios tradicionales que deseen obtener un t\u00edtulo en la Universidad de ºÚÁÏ³Ô¹ÏÍø. Aunque no hay exenciones de los requisitos b\u00e1sicos, los estudiantes transferidos pueden satisfacer algunos requisitos b\u00e1sicos con cursos completados previamente. Las equivalencias de las asignaturas troncales se determinan en funci\u00f3n de las asignaturas espec\u00edficas que haya cursado un estudiante trasladado y del n\u00famero total de horas de cr\u00e9dito semestrales transferidas a ºÚÁÏ³Ô¹ÏÍø. En la medida de lo posible, nos esforzamos para que nuestros estudiantes transferidos entren en la secuencia de asignaturas troncales con su nueva cohorte, lo que significa que hacemos todo lo posible para que los estudiantes transferidos que han completado un a\u00f1o de cursos en otra instituci\u00f3n se matriculen en el mismo curso de la secuencia de asignaturas troncales que nuestros estudiantes de segundo a\u00f1o.<\/p><p>Ten en cuenta que no se conceden cr\u00e9ditos del Programa B\u00e1sico por cursos de Colocaci\u00f3n Avanzada (AP), del Programa de Ex\u00e1menes de Nivel Universitario (CLEP), de matr\u00edcula doble o del Bachillerato Internacional (BI).<br \/>Se pueden conceder otros cr\u00e9ditos por este tipo de cursos; consulta las secciones correspondientes en la p\u00e1gina principal de Admisi\u00f3n.<\/p><p>A continuaci\u00f3n encontrar\u00e1s una gu\u00eda que te ayudar\u00e1 a ilustrar c\u00f3mo evaluamos la equivalencia de los cr\u00e9ditos transferidos.<br \/>Recuerda que la situaci\u00f3n de cada estudiante es \u00fanica y, por tanto, puede haber algunas variaciones.<br \/>Cada estudiante transferido es elegible para cada nivel de equivalencias del N\u00facleo por debajo de su n\u00famero total de horas de cr\u00e9ditos semestrales transferidos:<\/p><p>\u00a0<\/p>\t\t\t\t\t\t\t\t<\/div>\n\t\t\t\t<\/div>\n\t\t\t\t<div class=\"elementor-element elementor-element-56cec37 elementor-widget elementor-widget-shortcode\" data-id=\"56cec37\" data-element_type=\"widget\" data-e-type=\"widget\" data-widget_type=\"shortcode.default\">\n\t\t\t\t<div class=\"elementor-widget-container\">\n\t\t\t\t\t\t\t<div class=\"elementor-shortcode\">\n<table id=\"tablepress-9\" class=\"tablepress tablepress-id-9\">\n<thead>\n<tr class=\"row-1\">\n\t<th class=\"column-1\">Transfer Hours<\/th><th class=\"column-2\">Course Credits from Previous Colleges<\/th><th class=\"column-3\">Core Equivalents<\/th>\n<\/tr>\n<\/thead>\n<tbody class=\"row-striping row-hover\">\n<tr class=\"row-2\">\n\t<td class=\"column-1\">1-14 hours<\/td><td class=\"column-2\">Music Appreciation or Music History-OR-Art Appreciation or Art History-OR-Introduction to Theatre<\/td><td class=\"column-3\">CORE 103-OR-COR 104-OR-COR 105<\/td>\n<\/tr>\n<tr class=\"row-3\">\n\t<td class=\"column-1\">1-14 hours<\/td><td class=\"column-2\">Writing Course, Literature, or Philosophy* course<\/td><td class=\"column-3\">COR 101<\/td>\n<\/tr>\n<tr class=\"row-4\">\n\t<td class=\"column-1\">Over 14 hours<\/td><td class=\"column-2\">Writing Course Literature or Philosophy* course<\/td><td class=\"column-3\">COR 101 and\/or COR 102<\/td>\n<\/tr>\n<tr class=\"row-5\">\n\t<td class=\"column-1\">Over 30 hours<\/td><td class=\"column-2\">Course in History, Politics, Sociology, Anthropology, Philosophy* or Economics<\/td><td class=\"column-3\">COR 201<\/td>\n<\/tr>\n<tr class=\"row-6\">\n\t<td class=\"column-1\">Over 45 hours<\/td><td class=\"column-2\">Two courses in History Politics, Sociology, Anthropology, Philosophy* or Economics<\/td><td class=\"column-3\">COR 201 and\/or COR 202<\/td>\n<\/tr>\n<\/tbody>\n<\/table>\n<!-- #tablepress-9 from cache --><\/div>\n\t\t\t\t\t\t<\/div>\n\t\t\t\t<\/div>\n\t\t\t\t\t<\/div>\n\t\t<\/div>\n\t\t\t\t\t<\/div>\n\t\t<\/section>\n\t\t\t\t<section data-particle_enable=\"false\" data-particle-mobile-disabled=\"false\" class=\"elementor-section elementor-top-section elementor-element elementor-element-d250eff elementor-section-boxed elementor-section-height-default elementor-section-height-default\" data-id=\"d250eff\" data-element_type=\"section\" data-e-type=\"section\">\n\t\t\t\t\t\t<div class=\"elementor-container elementor-column-gap-default\">\n\t\t\t\t\t<div class=\"elementor-column elementor-col-100 elementor-top-column elementor-element elementor-element-cb75513\" data-id=\"cb75513\" data-element_type=\"column\" data-e-type=\"column\">\n\t\t\t<div class=\"elementor-widget-wrap elementor-element-populated\">\n\t\t\t\t\t\t<div class=\"elementor-element elementor-element-bf820df elementor-widget elementor-widget-text-editor\" data-id=\"bf820df\" data-element_type=\"widget\" data-e-type=\"widget\" data-widget_type=\"text-editor.default\">\n\t\t\t\t<div class=\"elementor-widget-container\">\n\t\t\t\t\t\t\t\t\t<h3>Requisitos adicionales y cosas a tener en cuenta:<\/h3><p>*Si un curso de filosof\u00eda se utiliza como equivalencia para COR 102, el mismo curso no puede utilizarse para conseguir una equivalencia para COR 201 o COR 202.<\/p><p>Como ya se ha indicado, no se permite la equivalencia de asignaturas troncales para los cursos de Advanced Placement (AP), College Level Examination Program (CLEP) o International Baccalaureate (IB).<\/p><p>Cuando se deniega la equivalencia de N\u00facleo, un curso transferido apropiadamente recibe cr\u00e9dito electivo general de ºÚÁÏ³Ô¹ÏÍø de acuerdo con las pr\u00e1cticas est\u00e1ndar en la pol\u00edtica de concesi\u00f3n de cr\u00e9ditos de transferencia (ver Sec . 6.8.2. a Sec. 6.8.4. en el <a href=\"https:\/\/oglethorpe.edu\/academics\/bulletin\/\">Bolet\u00edn<\/a>).<\/p><p>Los siguientes cursos no pueden realizarse con cr\u00e9ditos transferidos:<\/p><ul><li>COR 301 Perspectivas hist\u00f3ricas del orden social I<\/li><li>COR 302 Perspectivas Hist\u00f3ricas del Orden Social II<\/li><li>COR 314 Matem\u00e1ticas y Naturaleza Humana<\/li><li>COR 400 Ciencia y naturaleza humana<\/li><\/ul><h4>Estudiar en el extranjero<\/h4><p>Todo estudiante que asista a un semestre o a\u00f1o en el extranjero aprobado por ºÚÁÏ³Ô¹ÏÍø durante su pen\u00faltimo a\u00f1o (de agosto a mayo) en ºÚÁÏ³Ô¹ÏÍø puede solicitar al director de asignaturas troncales que su trabajo de curso en el extranjero cuente como equivalencia para un semestre de las asignaturas troncales del pen\u00faltimo a\u00f1o, ya sea COR 301 Perspectivas Hist\u00f3ricas sobre el Orden Social I o COR 302 Perspectivas Hist\u00f3ricas sobre el Orden Social II, a discreci\u00f3n del estudiante.<br \/>Para recibir la exenci\u00f3n, el estudiante debe solicitarla al Director del Programa B\u00e1sico una vez finalizada con \u00e9xito la experiencia de estudios en el extranjero.<\/p><h4>Estudiante transe\u00fante<\/h4><p>Una vez que un estudiante se matricula por primera vez en ºÚÁÏ³Ô¹ÏÍø, no puede obtener cr\u00e9ditos principales ni equivalencias mediante estudios como estudiante transitorio en ninguna otra instituci\u00f3n.<\/p>\t\t\t\t\t\t\t\t<\/div>\n\t\t\t\t<\/div>\n\t\t\t\t\t<\/div>\n\t\t<\/div>\n\t\t\t\t\t<\/div>\n\t\t<\/section>\n\t\t\t\t<\/div>\n\t\t","protected":false},"excerpt":{"rendered":"<p>Core Course Equivalencies Equivalencias b\u00e1sicas para estudiantes transferidos El plan de estudios b\u00e1sico de ºÚÁÏ³Ô¹ÏÍø es obligatorio para todos los [&hellip;]<\/p>\n","protected":false},"author":5,"featured_media":0,"parent":79110,"menu_order":0,"comment_status":"closed","ping_status":"closed","template":"","meta":{"_acf_changed":false,"site-sidebar-layout":"no-sidebar","site-content-layout":"","ast-site-content-layout":"full-width-container","site-content-style":"default","site-sidebar-style":"default","ast-global-header-display":"","ast-banner-title-visibility":"","ast-main-header-display":"","ast-hfb-above-header-display":"","ast-hfb-below-header-display":"","ast-hfb-mobile-header-display":"","site-post-title":"disabled","ast-breadcrumbs-content":"","ast-featured-img":"disabled","footer-sml-layout":"","theme-transparent-header-meta":"","adv-header-id-meta":"","stick-header-meta":"","header-above-stick-meta":"","header-main-stick-meta":"","header-below-stick-meta":"","astra-migrate-meta-layouts":"default","ast-page-background-enabled":"default","ast-page-background-meta":{"desktop":{"background-color":"var(--ast-global-color-4)","background-image":"","background-repeat":"repeat","background-position":"center center","background-size":"auto","background-attachment":"scroll","background-type":"","background-media":"","overlay-type":"","overlay-color":"","overlay-opacity":"","overlay-gradient":""},"tablet":{"background-color":"","background-image":"","background-repeat":"repeat","background-position":"center center","background-size":"auto","background-attachment":"scroll","background-type":"","background-media":"","overlay-type":"","overlay-color":"","overlay-opacity":"","overlay-gradient":""},"mobile":{"background-color":"","background-image":"","background-repeat":"repeat","background-position":"center center","background-size":"auto","background-attachment":"scroll","background-type":"","background-media":"","overlay-type":"","overlay-color":"","overlay-opacity":"","overlay-gradient":""}},"ast-content-background-meta":{"desktop":{"background-color":"var(--ast-global-color-5)","background-image":"","background-repeat":"repeat","background-position":"center center","background-size":"auto","background-attachment":"scroll","background-type":"","background-media":"","overlay-type":"","overlay-color":"","overlay-opacity":"","overlay-gradient":""},"tablet":{"background-color":"var(--ast-global-color-5)","background-image":"","background-repeat":"repeat","background-position":"center center","background-size":"auto","background-attachment":"scroll","background-type":"","background-media":"","overlay-type":"","overlay-color":"","overlay-opacity":"","overlay-gradient":""},"mobile":{"background-color":"var(--ast-global-color-5)","background-image":"","background-repeat":"repeat","background-position":"center center","background-size":"auto","background-attachment":"scroll","background-type":"","background-media":"","overlay-type":"","overlay-color":"","overlay-opacity":"","overlay-gradient":""}},"footnotes":""},"page_page-category":[],"page_page-tag":[],"offered_as":[],"program_tags":[],"programtypes_page":[],"class_list":["post-79119","page","type-page","status-publish","hentry"],"acf":[],"yoast_head":"<!-- This site is optimized with the Yoast SEO Premium plugin v27.2 (Yoast SEO v27.2) - https:\/\/yoast.com\/product\/yoast-seo-premium-wordpress\/ -->\n<title>Equivalencias de cursos b\u00e1sicos - ºÚÁÏ³Ô¹ÏÍø<\/title>\n<meta name=\"description\" content=\"Aunque no hay exenciones de los requisitos b\u00e1sicos, los estudiantes transferidos pueden satisfacer algunos requisitos con cursos anteriores.\" \/>\n<meta name=\"robots\" content=\"index, follow, max-snippet:-1, max-image-preview:large, max-video-preview:-1\" \/>\n<link rel=\"canonical\" href=\"https:\/\/oglethorpe.edu\/es\/academicos\/el-core\/equivalencias-de-cursos-basicos\/\" \/>\n<meta property=\"og:locale\" content=\"es_ES\" \/>\n<meta property=\"og:type\" content=\"article\" \/>\n<meta property=\"og:title\" content=\"Equivalencias de cursos b\u00e1sicos\" \/>\n<meta property=\"og:description\" content=\"Aunque no hay exenciones de los requisitos b\u00e1sicos, los estudiantes transferidos pueden satisfacer algunos requisitos con cursos anteriores.\" \/>\n<meta property=\"og:url\" content=\"https:\/\/oglethorpe.edu\/es\/academicos\/el-core\/equivalencias-de-cursos-basicos\/\" \/>\n<meta property=\"og:site_name\" content=\"ºÚÁÏ³Ô¹ÏÍø\" \/>\n<meta property=\"article:publisher\" content=\"https:\/\/www.facebook.com\/oglethorpeuniversity\" \/>\n<meta property=\"article:modified_time\" content=\"2025-10-28T16:12:43+00:00\" \/>\n<meta name=\"twitter:card\" content=\"summary_large_image\" \/>\n<meta name=\"twitter:label1\" content=\"Tiempo de lectura\" \/>\n\t<meta name=\"twitter:data1\" content=\"3 minutos\" \/>\n<script type=\"application\/ld+json\" class=\"yoast-schema-graph\">{\"@context\":\"https:\/\/schema.org\",\"@graph\":[{\"@type\":\"WebPage\",\"@id\":\"https:\/\/oglethorpe.edu\/es\/academicos\/el-core\/equivalencias-de-cursos-basicos\/\",\"url\":\"https:\/\/oglethorpe.edu\/es\/academicos\/el-core\/equivalencias-de-cursos-basicos\/\",\"name\":\"Equivalencias de cursos b\u00e1sicos - ºÚÁÏ³Ô¹ÏÍø\",\"isPartOf\":{\"@id\":\"https:\/\/oglethorpe.edu\/es\/#website\"},\"datePublished\":\"2024-07-19T19:19:57+00:00\",\"dateModified\":\"2025-10-28T16:12:43+00:00\",\"description\":\"Aunque no hay exenciones de los requisitos b\u00e1sicos, los estudiantes transferidos pueden satisfacer algunos requisitos con cursos anteriores.\",\"breadcrumb\":{\"@id\":\"https:\/\/oglethorpe.edu\/es\/academicos\/el-core\/equivalencias-de-cursos-basicos\/#breadcrumb\"},\"inLanguage\":\"es\",\"potentialAction\":[{\"@type\":\"ReadAction\",\"target\":[\"https:\/\/oglethorpe.edu\/es\/academicos\/el-core\/equivalencias-de-cursos-basicos\/\"]}]},{\"@type\":\"BreadcrumbList\",\"@id\":\"https:\/\/oglethorpe.edu\/es\/academicos\/el-core\/equivalencias-de-cursos-basicos\/#breadcrumb\",\"itemListElement\":[{\"@type\":\"ListItem\",\"position\":1,\"name\":\"Home\",\"item\":\"https:\/\/oglethorpe.edu\/es\/\"},{\"@type\":\"ListItem\",\"position\":2,\"name\":\"Acad\u00e9micos\",\"item\":\"https:\/\/oglethorpe.edu\/es\/academics\/\"},{\"@type\":\"ListItem\",\"position\":3,\"name\":\"El Core\",\"item\":\"https:\/\/oglethorpe.edu\/es\/academics\/the-core\/\"},{\"@type\":\"ListItem\",\"position\":4,\"name\":\"Equivalencias de cursos b\u00e1sicos\"}]},{\"@type\":\"WebSite\",\"@id\":\"https:\/\/oglethorpe.edu\/es\/#website\",\"url\":\"https:\/\/oglethorpe.edu\/es\/\",\"name\":\"ºÚÁÏ³Ô¹ÏÍø\",\"description\":\"\",\"publisher\":{\"@id\":\"https:\/\/oglethorpe.edu\/es\/#organization\"},\"potentialAction\":[{\"@type\":\"SearchAction\",\"target\":{\"@type\":\"EntryPoint\",\"urlTemplate\":\"https:\/\/oglethorpe.edu\/es\/?s={search_term_string}\"},\"query-input\":{\"@type\":\"PropertyValueSpecification\",\"valueRequired\":true,\"valueName\":\"search_term_string\"}}],\"inLanguage\":\"es\"},{\"@type\":\"Organization\",\"@id\":\"https:\/\/oglethorpe.edu\/es\/#organization\",\"name\":\"ºÚÁÏ³Ô¹ÏÍø\",\"url\":\"https:\/\/oglethorpe.edu\/es\/\",\"logo\":{\"@type\":\"ImageObject\",\"inLanguage\":\"es\",\"@id\":\"https:\/\/oglethorpe.edu\/es\/#\/schema\/logo\/image\/\",\"url\":\"https:\/\/oglethorpe.edu\/wp-content\/uploads\/2024\/02\/oglethorpe-full-logo-new-1-1.png\",\"contentUrl\":\"https:\/\/oglethorpe.edu\/wp-content\/uploads\/2024\/02\/oglethorpe-full-logo-new-1-1.png\",\"width\":1112,\"height\":492,\"caption\":\"ºÚÁÏ³Ô¹ÏÍø\"},\"image\":{\"@id\":\"https:\/\/oglethorpe.edu\/es\/#\/schema\/logo\/image\/\"},\"sameAs\":[\"https:\/\/www.facebook.com\/oglethorpeuniversity\",\"https:\/\/instagram.com\/oglethorpeuniv\/\",\"https:\/\/www.linkedin.com\/edu\/school?id=18180&trk=tyah&trkInfo=clickedVerticalschoolclickedEntityId18180idx3-1-12tarId1438180301152tasoglethorpe\"]}]}<\/script>\n<!-- \/ Yoast SEO Premium plugin. -->","yoast_head_json":{"title":"Equivalencias de cursos b\u00e1sicos - ºÚÁÏ³Ô¹ÏÍø","description":"Aunque no hay exenciones de los requisitos b\u00e1sicos, los estudiantes transferidos pueden satisfacer algunos requisitos con cursos anteriores.","robots":{"index":"index","follow":"follow","max-snippet":"max-snippet:-1","max-image-preview":"max-image-preview:large","max-video-preview":"max-video-preview:-1"},"canonical":"https:\/\/oglethorpe.edu\/es\/academicos\/el-core\/equivalencias-de-cursos-basicos\/","og_locale":"es_ES","og_type":"article","og_title":"Equivalencias de cursos b\u00e1sicos","og_description":"Aunque no hay exenciones de los requisitos b\u00e1sicos, los estudiantes transferidos pueden satisfacer algunos requisitos con cursos anteriores.","og_url":"https:\/\/oglethorpe.edu\/es\/academicos\/el-core\/equivalencias-de-cursos-basicos\/","og_site_name":"ºÚÁÏ³Ô¹ÏÍø","article_publisher":"https:\/\/www.facebook.com\/oglethorpeuniversity","article_modified_time":"2025-10-28T16:12:43+00:00","twitter_card":"summary_large_image","twitter_misc":{"Tiempo de lectura":"3 minutos"},"schema":{"@context":"https:\/\/schema.org","@graph":[{"@type":"WebPage","@id":"https:\/\/oglethorpe.edu\/es\/academicos\/el-core\/equivalencias-de-cursos-basicos\/","url":"https:\/\/oglethorpe.edu\/es\/academicos\/el-core\/equivalencias-de-cursos-basicos\/","name":"Equivalencias de cursos b\u00e1sicos - ºÚÁÏ³Ô¹ÏÍø","isPartOf":{"@id":"https:\/\/oglethorpe.edu\/es\/#website"},"datePublished":"2024-07-19T19:19:57+00:00","dateModified":"2025-10-28T16:12:43+00:00","description":"Aunque no hay exenciones de los requisitos b\u00e1sicos, los estudiantes transferidos pueden satisfacer algunos requisitos con cursos anteriores.","breadcrumb":{"@id":"https:\/\/oglethorpe.edu\/es\/academicos\/el-core\/equivalencias-de-cursos-basicos\/#breadcrumb"},"inLanguage":"es","potentialAction":[{"@type":"ReadAction","target":["https:\/\/oglethorpe.edu\/es\/academicos\/el-core\/equivalencias-de-cursos-basicos\/"]}]},{"@type":"BreadcrumbList","@id":"https:\/\/oglethorpe.edu\/es\/academicos\/el-core\/equivalencias-de-cursos-basicos\/#breadcrumb","itemListElement":[{"@type":"ListItem","position":1,"name":"Home","item":"https:\/\/oglethorpe.edu\/es\/"},{"@type":"ListItem","position":2,"name":"Acad\u00e9micos","item":"https:\/\/oglethorpe.edu\/es\/academics\/"},{"@type":"ListItem","position":3,"name":"El Core","item":"https:\/\/oglethorpe.edu\/es\/academics\/the-core\/"},{"@type":"ListItem","position":4,"name":"Equivalencias de cursos b\u00e1sicos"}]},{"@type":"WebSite","@id":"https:\/\/oglethorpe.edu\/es\/#website","url":"https:\/\/oglethorpe.edu\/es\/","name":"ºÚÁÏ³Ô¹ÏÍø","description":"","publisher":{"@id":"https:\/\/oglethorpe.edu\/es\/#organization"},"potentialAction":[{"@type":"SearchAction","target":{"@type":"EntryPoint","urlTemplate":"https:\/\/oglethorpe.edu\/es\/?s={search_term_string}"},"query-input":{"@type":"PropertyValueSpecification","valueRequired":true,"valueName":"search_term_string"}}],"inLanguage":"es"},{"@type":"Organization","@id":"https:\/\/oglethorpe.edu\/es\/#organization","name":"ºÚÁÏ³Ô¹ÏÍø","url":"https:\/\/oglethorpe.edu\/es\/","logo":{"@type":"ImageObject","inLanguage":"es","@id":"https:\/\/oglethorpe.edu\/es\/#\/schema\/logo\/image\/","url":"https:\/\/oglethorpe.edu\/wp-content\/uploads\/2024\/02\/oglethorpe-full-logo-new-1-1.png","contentUrl":"https:\/\/oglethorpe.edu\/wp-content\/uploads\/2024\/02\/oglethorpe-full-logo-new-1-1.png","width":1112,"height":492,"caption":"ºÚÁÏ³Ô¹ÏÍø"},"image":{"@id":"https:\/\/oglethorpe.edu\/es\/#\/schema\/logo\/image\/"},"sameAs":["https:\/\/www.facebook.com\/oglethorpeuniversity","https:\/\/instagram.com\/oglethorpeuniv\/","https:\/\/www.linkedin.com\/edu\/school?id=18180&trk=tyah&trkInfo=clickedVerticalschoolclickedEntityId18180idx3-1-12tarId1438180301152tasoglethorpe"]}]}},"_links":{"self":[{"href":"https:\/\/oglethorpe.edu\/es\/wp-json\/wp\/v2\/pages\/79119","targetHints":{"allow":["GET"]}}],"collection":[{"href":"https:\/\/oglethorpe.edu\/es\/wp-json\/wp\/v2\/pages"}],"about":[{"href":"https:\/\/oglethorpe.edu\/es\/wp-json\/wp\/v2\/types\/page"}],"author":[{"embeddable":true,"href":"https:\/\/oglethorpe.edu\/es\/wp-json\/wp\/v2\/users\/5"}],"replies":[{"embeddable":true,"href":"https:\/\/oglethorpe.edu\/es\/wp-json\/wp\/v2\/comments?post=79119"}],"version-history":[{"count":0,"href":"https:\/\/oglethorpe.edu\/es\/wp-json\/wp\/v2\/pages\/79119\/revisions"}],"up":[{"embeddable":true,"href":"https:\/\/oglethorpe.edu\/es\/wp-json\/wp\/v2\/pages\/79110"}],"wp:attachment":[{"href":"https:\/\/oglethorpe.edu\/es\/wp-json\/wp\/v2\/media?parent=79119"}],"wp:term":[{"taxonomy":"page_page-category","embeddable":true,"href":"https:\/\/oglethorpe.edu\/es\/wp-json\/wp\/v2\/page_page-category?post=79119"},{"taxonomy":"page_page-tag","embeddable":true,"href":"https:\/\/oglethorpe.edu\/es\/wp-json\/wp\/v2\/page_page-tag?post=79119"},{"taxonomy":"offered_as","embeddable":true,"href":"https:\/\/oglethorpe.edu\/es\/wp-json\/wp\/v2\/offered_as?post=79119"},{"taxonomy":"program_tags","embeddable":true,"href":"https:\/\/oglethorpe.edu\/es\/wp-json\/wp\/v2\/program_tags?post=79119"},{"taxonomy":"programtypes_page","embeddable":true,"href":"https:\/\/oglethorpe.edu\/es\/wp-json\/wp\/v2\/programtypes_page?post=79119"}],"curies":[{"name":"wp","href":"https:\/\/api.w.org\/{rel}","templated":true}]}}