  {"id":79125,"date":"2024-08-05T15:13:04","date_gmt":"2024-08-05T15:13:04","guid":{"rendered":"https:\/\/oglethorpe.edu\/vida-estudiantil\/cosas-que-hacer\/cosas-que-hacer-en-los-alrededores-de-atlanta\/"},"modified":"2025-10-21T15:22:56","modified_gmt":"2025-10-21T15:22:56","slug":"cosas-que-hacer-en-los-alrededores-de-atlanta","status":"publish","type":"page","link":"https:\/\/oglethorpe.edu\/es\/vida-estudiantil\/cosas-que-hacer\/cosas-que-hacer-en-los-alrededores-de-atlanta\/","title":{"rendered":"Cosas que hacer en los alrededores de Atlanta"},"content":{"rendered":"\t\t<div data-elementor-type=\"wp-page\" data-elementor-id=\"79125\" class=\"elementor elementor-79125 elementor-56513\" data-elementor-post-type=\"page\">\n\t\t\t\t\t\t<section data-particle_enable=\"false\" data-particle-mobile-disabled=\"false\" class=\"elementor-section elementor-top-section elementor-element elementor-element-211b87b elementor-section-boxed elementor-section-height-default elementor-section-height-default\" data-id=\"211b87b\" data-element_type=\"section\" data-e-type=\"section\" data-settings=\"{&quot;background_background&quot;:&quot;classic&quot;}\">\n\t\t\t\t\t\t\t<div class=\"elementor-background-overlay\"><\/div>\n\t\t\t\t\t\t\t<div class=\"elementor-container elementor-column-gap-default\">\n\t\t\t\t\t<div class=\"elementor-column elementor-col-100 elementor-top-column elementor-element elementor-element-9381f17\" data-id=\"9381f17\" data-element_type=\"column\" data-e-type=\"column\">\n\t\t\t<div class=\"elementor-widget-wrap elementor-element-populated\">\n\t\t\t\t\t\t<section data-particle_enable=\"false\" data-particle-mobile-disabled=\"false\" class=\"elementor-section elementor-inner-section elementor-element elementor-element-133d6f4 elementor-section-boxed elementor-section-height-default elementor-section-height-default\" data-id=\"133d6f4\" data-element_type=\"section\" data-e-type=\"section\">\n\t\t\t\t\t\t<div class=\"elementor-container elementor-column-gap-default\">\n\t\t\t\t\t<div class=\"elementor-column elementor-col-100 elementor-inner-column elementor-element elementor-element-9bc9f23\" data-id=\"9bc9f23\" data-element_type=\"column\" data-e-type=\"column\">\n\t\t\t<div class=\"elementor-widget-wrap elementor-element-populated\">\n\t\t\t\t\t\t<div class=\"elementor-element elementor-element-477d819 elementor-widget elementor-widget-heading\" data-id=\"477d819\" data-element_type=\"widget\" data-e-type=\"widget\" data-widget_type=\"heading.default\">\n\t\t\t\t<div class=\"elementor-widget-container\">\n\t\t\t\t\t<h1 class=\"elementor-heading-title elementor-size-default\">Cosas que hacer en los alrededores de Atlanta<\/h1>\t\t\t\t<\/div>\n\t\t\t\t<\/div>\n\t\t\t\t\t<\/div>\n\t\t<\/div>\n\t\t\t\t\t<\/div>\n\t\t<\/section>\n\t\t\t\t\t<\/div>\n\t\t<\/div>\n\t\t\t\t\t<\/div>\n\t\t<\/section>\n\t\t\t\t<section data-particle_enable=\"false\" data-particle-mobile-disabled=\"false\" class=\"elementor-section elementor-top-section elementor-element elementor-element-d0610a9 elementor-section-boxed elementor-section-height-default elementor-section-height-default\" data-id=\"d0610a9\" data-element_type=\"section\" data-e-type=\"section\">\n\t\t\t\t\t\t<div class=\"elementor-container elementor-column-gap-default\">\n\t\t\t\t\t<div class=\"elementor-column elementor-col-100 elementor-top-column elementor-element elementor-element-485efee\" data-id=\"485efee\" data-element_type=\"column\" data-e-type=\"column\">\n\t\t\t<div class=\"elementor-widget-wrap elementor-element-populated\">\n\t\t\t\t\t\t<div class=\"elementor-element elementor-element-6371dca elementor-widget elementor-widget-shortcode\" data-id=\"6371dca\" data-element_type=\"widget\" data-e-type=\"widget\" data-widget_type=\"shortcode.default\">\n\t\t\t\t<div class=\"elementor-widget-container\">\n\t\t\t\t\t\t\t<div class=\"elementor-shortcode\"><nav aria-label=\"breadcrumbs\">\n            <div class=\"breadcrumb-container theme1\">\n                <ol>\n                                    <\/ol>\n            <\/div>\n        <\/nav>    <script type=\"application\/ld+json\">\n        {\n            \"@context\": \"http:\/\/schema.org\",\n            \"@type\": \"BreadcrumbList\",\n            \"itemListElement\": [\n                            ]\n        }\n    <\/script>\n   \n    <script>\n            <\/script>\n<\/div>\n\t\t\t\t\t\t<\/div>\n\t\t\t\t<\/div>\n\t\t\t\t\t<\/div>\n\t\t<\/div>\n\t\t\t\t\t<\/div>\n\t\t<\/section>\n\t\t\t\t<section data-particle_enable=\"false\" data-particle-mobile-disabled=\"false\" class=\"elementor-section elementor-top-section elementor-element elementor-element-ddadbd7 elementor-section-boxed elementor-section-height-default elementor-section-height-default\" data-id=\"ddadbd7\" data-element_type=\"section\" data-e-type=\"section\">\n\t\t\t\t\t\t<div class=\"elementor-container elementor-column-gap-default\">\n\t\t\t\t\t<div class=\"elementor-column elementor-col-100 elementor-top-column elementor-element elementor-element-a54d1fb\" data-id=\"a54d1fb\" data-element_type=\"column\" data-e-type=\"column\">\n\t\t\t<div class=\"elementor-widget-wrap elementor-element-populated\">\n\t\t\t\t\t\t<div class=\"elementor-element elementor-element-98389be elementor-widget elementor-widget-text-editor\" data-id=\"98389be\" data-element_type=\"widget\" data-e-type=\"widget\" data-widget_type=\"text-editor.default\">\n\t\t\t\t<div class=\"elementor-widget-container\">\n\t\t\t\t\t\t\t\t\t<h2>Tienes toda la ciudad al alcance de tus manos<\/h2><p>Aunque hay montones de oportunidades para divertirse y participar en el campus, los estudiantes de ºÚÁÏ³Ô¹ÏÍø tienen Atlanta justo en su patio trasero.<\/p><h3>Algo para todos<\/h3><p>Para los amantes <b>del aire libre<\/b>, hay picnics, paseos en bici y partidos en el Parque Piedmont; excursiones a Stone Mountain; tardes en el Jard\u00edn Bot\u00e1nico de Atlanta, donde los h\u00e1bitats interiores climatizados te permiten visitar el tr\u00f3pico o el desierto durante todo el a\u00f1o; o paseos en bici por el BeltLine, un antiguo corredor ferroviario convertido en sendero peatonal y v\u00eda verde.<\/p><p>Para <b>los aficionados al deporte<\/b>, tenemos a los Falcons (NFL) en el Georgia Dome, a los Braves (MLB) en el Turner Field, y a los Hawks (NBA) en el Philips Arena. Atlanta tambi\u00e9n alberga varios campos de golf excepcionales.<\/p><p><b>Los amantes del arte<\/b> pueden alegrarse: est\u00e1n el High Museum of Art, el Museum of Design Atlanta (MODA), el Atlanta Contemporary Art Center y el Michael C. Carlos Museum, adem\u00e1s del King Plow Arts Center y el Goat Farm Arts Center. Hay \u00f3pera, ballet, orquesta sinf\u00f3nica, artes de la marioneta e improvisaci\u00f3n.<\/p><p>Si te gusta <b>la m\u00fasica en directo<\/b>, puedes ver espect\u00e1culos y conciertos de todo tipo en Fox Theatre, Tabernacle, Variety Playhouse, Masquerade, Cobb Centre y muchos m\u00e1s.<\/p><p>Para <b>los aficionados a la historia y la arquitectura<\/b>, Atlanta alberga cientos de casas y edificios hist\u00f3ricos e lugares arquitect\u00f3nicos\u00a0<span style=\"font-style: inherit;font-weight: inherit;background-color: var(--ast-global-color-5)\">importantes.\u00a0<\/span><span style=\"font-style: inherit;font-weight: inherit;background-color: var(--ast-global-color-5)\">Y no nos hagas hablar de <\/span><b style=\"font-style: inherit;background-color: var(--ast-global-color-5)\">la escena gastron\u00f3mica de Atlanta<\/b><span style=\"font-style: inherit;font-weight: inherit;background-color: var(--ast-global-color-5)\">, una de las mejores del pa\u00eds.\u00a0<\/span><span style=\"font-style: inherit;font-weight: inherit;background-color: var(--ast-global-color-5)\">La cocina sure\u00f1a de lujo se une a la fusi\u00f3n de todo el mundo, para ofrecer deliciosas versiones de todo, desde el taco coreano hasta el tomate verde frito.<\/span><\/p><h3>Justo al lado<\/h3><p><a href=\"https:\/\/townbrookhaven.net\/\" target=\"_blank\" rel=\"noopener\">Town Brookhaven<\/a> est\u00e1 convenientemente situado justo al lado del campus de ºÚÁÏ³Ô¹ÏÍø, a una caminata r\u00e1pida de 5 a 10 minutos. All\u00ed encontrar\u00e1s Publix (supermercado), un cine, salones de peluquer\u00eda y manicura, tintorer\u00edas, boutiques de ropa y restaurantes para todos los paladares. Con m\u00e1s de sesenta opciones para ir de compras, comer y divertirte, Town Brookhaven tiene todo lo que necesitas en la mejor ubicaci\u00f3n: aqu\u00ed mismo.<\/p><p>Muchas tiendas de Town Brookhaven son Socios Petrel, lo que significa descuentos y ofertas especiales para los estudiantes de ºÚÁÏ³Ô¹ÏÍø.<\/p><p>En un radio de diez millas del campus, encontrar\u00e1s:<\/p><ul><li>M\u00e1s de 100 restaurantes<\/li><li>16 museos (\u00a1incluido uno <a href=\"https:\/\/museum.oglethorpe.edu\/\">aqu\u00ed mismo, en el campus<\/a>!)<\/li><li>11 salas de cine<\/li><li>9 centros comerciales<\/li><li>Un estadio con 118,000 asientos<\/li><\/ul><p><strong>Visita la ciudad<\/strong><br \/>Siempre es divertido jugar a turista, tanto si eres nuevo en la ciudad como si naciste y creciste en ella. Debido a la excelente ubicaci\u00f3n de la ciudad, hay muchas <a href=\"https:\/\/oglethorpe.edu\/life\/things-to-do\/things-to-do-around-atlanta\/transportation\/\">opciones de transporte<\/a> convenientes.<\/p>\t\t\t\t\t\t\t\t<\/div>\n\t\t\t\t<\/div>\n\t\t\t\t\t<\/div>\n\t\t<\/div>\n\t\t\t\t\t<\/div>\n\t\t<\/section>\n\t\t\t\t<\/div>\n\t\t","protected":false},"excerpt":{"rendered":"<p>Cosas que hacer en los alrededores de Atlanta Tienes toda la ciudad al alcance de tus manos Aunque hay montones [&hellip;]<\/p>\n","protected":false},"author":4,"featured_media":0,"parent":79066,"menu_order":0,"comment_status":"closed","ping_status":"closed","template":"","meta":{"_acf_changed":false,"site-sidebar-layout":"no-sidebar","site-content-layout":"","ast-site-content-layout":"full-width-container","site-content-style":"default","site-sidebar-style":"default","ast-global-header-display":"","ast-banner-title-visibility":"","ast-main-header-display":"","ast-hfb-above-header-display":"","ast-hfb-below-header-display":"","ast-hfb-mobile-header-display":"","site-post-title":"disabled","ast-breadcrumbs-content":"","ast-featured-img":"disabled","footer-sml-layout":"","theme-transparent-header-meta":"","adv-header-id-meta":"","stick-header-meta":"","header-above-stick-meta":"","header-main-stick-meta":"","header-below-stick-meta":"","astra-migrate-meta-layouts":"default","ast-page-background-enabled":"default","ast-page-background-meta":{"desktop":{"background-color":"var(--ast-global-color-4)","background-image":"","background-repeat":"repeat","background-position":"center center","background-size":"auto","background-attachment":"scroll","background-type":"","background-media":"","overlay-type":"","overlay-color":"","overlay-opacity":"","overlay-gradient":""},"tablet":{"background-color":"","background-image":"","background-repeat":"repeat","background-position":"center center","background-size":"auto","background-attachment":"scroll","background-type":"","background-media":"","overlay-type":"","overlay-color":"","overlay-opacity":"","overlay-gradient":""},"mobile":{"background-color":"","background-image":"","background-repeat":"repeat","background-position":"center center","background-size":"auto","background-attachment":"scroll","background-type":"","background-media":"","overlay-type":"","overlay-color":"","overlay-opacity":"","overlay-gradient":""}},"ast-content-background-meta":{"desktop":{"background-color":"var(--ast-global-color-5)","background-image":"","background-repeat":"repeat","background-position":"center center","background-size":"auto","background-attachment":"scroll","background-type":"","background-media":"","overlay-type":"","overlay-color":"","overlay-opacity":"","overlay-gradient":""},"tablet":{"background-color":"var(--ast-global-color-5)","background-image":"","background-repeat":"repeat","background-position":"center center","background-size":"auto","background-attachment":"scroll","background-type":"","background-media":"","overlay-type":"","overlay-color":"","overlay-opacity":"","overlay-gradient":""},"mobile":{"background-color":"var(--ast-global-color-5)","background-image":"","background-repeat":"repeat","background-position":"center center","background-size":"auto","background-attachment":"scroll","background-type":"","background-media":"","overlay-type":"","overlay-color":"","overlay-opacity":"","overlay-gradient":""}},"footnotes":""},"page_page-category":[],"page_page-tag":[],"offered_as":[],"program_tags":[],"programtypes_page":[],"class_list":["post-79125","page","type-page","status-publish","hentry"],"acf":[],"yoast_head":"<!-- This site is optimized with the Yoast SEO Premium plugin v27.2 (Yoast SEO v27.2) - https:\/\/yoast.com\/product\/yoast-seo-premium-wordpress\/ -->\n<title>Cosas que hacer en los alrededores de Atlanta - ºÚÁÏ³Ô¹ÏÍø<\/title>\n<meta name=\"description\" content=\"Aunque hay montones de oportunidades para divertirse y participar en el campus, los estudiantes de ºÚÁÏ³Ô¹ÏÍø tienen Atlanta justo en su patio trasero.\" \/>\n<meta name=\"robots\" content=\"index, follow, max-snippet:-1, max-image-preview:large, max-video-preview:-1\" \/>\n<link rel=\"canonical\" href=\"https:\/\/oglethorpe.edu\/es\/vida-estudiantil\/cosas-que-hacer\/cosas-que-hacer-en-los-alrededores-de-atlanta\/\" \/>\n<meta property=\"og:locale\" content=\"es_ES\" \/>\n<meta property=\"og:type\" content=\"article\" \/>\n<meta property=\"og:title\" content=\"Cosas que hacer en los alrededores de Atlanta\" \/>\n<meta property=\"og:description\" content=\"Aunque hay montones de oportunidades para divertirse y participar en el campus, los estudiantes de ºÚÁÏ³Ô¹ÏÍø tienen Atlanta justo en su patio trasero.\" \/>\n<meta property=\"og:url\" content=\"https:\/\/oglethorpe.edu\/es\/vida-estudiantil\/cosas-que-hacer\/cosas-que-hacer-en-los-alrededores-de-atlanta\/\" \/>\n<meta property=\"og:site_name\" content=\"ºÚÁÏ³Ô¹ÏÍø\" \/>\n<meta property=\"article:publisher\" content=\"https:\/\/www.facebook.com\/oglethorpeuniversity\" \/>\n<meta property=\"article:modified_time\" content=\"2025-10-21T15:22:56+00:00\" \/>\n<meta name=\"twitter:card\" content=\"summary_large_image\" \/>\n<meta name=\"twitter:label1\" content=\"Tiempo de lectura\" \/>\n\t<meta name=\"twitter:data1\" content=\"3 minutos\" \/>\n<script type=\"application\/ld+json\" class=\"yoast-schema-graph\">{\"@context\":\"https:\/\/schema.org\",\"@graph\":[{\"@type\":\"WebPage\",\"@id\":\"https:\/\/oglethorpe.edu\/es\/vida-estudiantil\/cosas-que-hacer\/cosas-que-hacer-en-los-alrededores-de-atlanta\/\",\"url\":\"https:\/\/oglethorpe.edu\/es\/vida-estudiantil\/cosas-que-hacer\/cosas-que-hacer-en-los-alrededores-de-atlanta\/\",\"name\":\"Cosas que hacer en los alrededores de Atlanta - ºÚÁÏ³Ô¹ÏÍø\",\"isPartOf\":{\"@id\":\"https:\/\/oglethorpe.edu\/es\/#website\"},\"datePublished\":\"2024-08-05T15:13:04+00:00\",\"dateModified\":\"2025-10-21T15:22:56+00:00\",\"description\":\"Aunque hay montones de oportunidades para divertirse y participar en el campus, los estudiantes de ºÚÁÏ³Ô¹ÏÍø tienen Atlanta justo en su patio trasero.\",\"breadcrumb\":{\"@id\":\"https:\/\/oglethorpe.edu\/es\/vida-estudiantil\/cosas-que-hacer\/cosas-que-hacer-en-los-alrededores-de-atlanta\/#breadcrumb\"},\"inLanguage\":\"es\",\"potentialAction\":[{\"@type\":\"ReadAction\",\"target\":[\"https:\/\/oglethorpe.edu\/es\/vida-estudiantil\/cosas-que-hacer\/cosas-que-hacer-en-los-alrededores-de-atlanta\/\"]}]},{\"@type\":\"BreadcrumbList\",\"@id\":\"https:\/\/oglethorpe.edu\/es\/vida-estudiantil\/cosas-que-hacer\/cosas-que-hacer-en-los-alrededores-de-atlanta\/#breadcrumb\",\"itemListElement\":[{\"@type\":\"ListItem\",\"position\":1,\"name\":\"Home\",\"item\":\"https:\/\/oglethorpe.edu\/es\/\"},{\"@type\":\"ListItem\",\"position\":2,\"name\":\"Vida estudiantil\",\"item\":\"https:\/\/oglethorpe.edu\/es\/life\/\"},{\"@type\":\"ListItem\",\"position\":3,\"name\":\"Cosas que hacer\",\"item\":\"https:\/\/oglethorpe.edu\/es\/life\/things-to-do\/\"},{\"@type\":\"ListItem\",\"position\":4,\"name\":\"Cosas que hacer en los alrededores de Atlanta\"}]},{\"@type\":\"WebSite\",\"@id\":\"https:\/\/oglethorpe.edu\/es\/#website\",\"url\":\"https:\/\/oglethorpe.edu\/es\/\",\"name\":\"ºÚÁÏ³Ô¹ÏÍø\",\"description\":\"\",\"publisher\":{\"@id\":\"https:\/\/oglethorpe.edu\/es\/#organization\"},\"potentialAction\":[{\"@type\":\"SearchAction\",\"target\":{\"@type\":\"EntryPoint\",\"urlTemplate\":\"https:\/\/oglethorpe.edu\/es\/?s={search_term_string}\"},\"query-input\":{\"@type\":\"PropertyValueSpecification\",\"valueRequired\":true,\"valueName\":\"search_term_string\"}}],\"inLanguage\":\"es\"},{\"@type\":\"Organization\",\"@id\":\"https:\/\/oglethorpe.edu\/es\/#organization\",\"name\":\"ºÚÁÏ³Ô¹ÏÍø\",\"url\":\"https:\/\/oglethorpe.edu\/es\/\",\"logo\":{\"@type\":\"ImageObject\",\"inLanguage\":\"es\",\"@id\":\"https:\/\/oglethorpe.edu\/es\/#\/schema\/logo\/image\/\",\"url\":\"https:\/\/oglethorpe.edu\/wp-content\/uploads\/2024\/02\/oglethorpe-full-logo-new-1-1.png\",\"contentUrl\":\"https:\/\/oglethorpe.edu\/wp-content\/uploads\/2024\/02\/oglethorpe-full-logo-new-1-1.png\",\"width\":1112,\"height\":492,\"caption\":\"ºÚÁÏ³Ô¹ÏÍø\"},\"image\":{\"@id\":\"https:\/\/oglethorpe.edu\/es\/#\/schema\/logo\/image\/\"},\"sameAs\":[\"https:\/\/www.facebook.com\/oglethorpeuniversity\",\"https:\/\/instagram.com\/oglethorpeuniv\/\",\"https:\/\/www.linkedin.com\/edu\/school?id=18180&trk=tyah&trkInfo=clickedVerticalschoolclickedEntityId18180idx3-1-12tarId1438180301152tasoglethorpe\"]}]}<\/script>\n<!-- \/ Yoast SEO Premium plugin. -->","yoast_head_json":{"title":"Cosas que hacer en los alrededores de Atlanta - ºÚÁÏ³Ô¹ÏÍø","description":"Aunque hay montones de oportunidades para divertirse y participar en el campus, los estudiantes de ºÚÁÏ³Ô¹ÏÍø tienen Atlanta justo en su patio trasero.","robots":{"index":"index","follow":"follow","max-snippet":"max-snippet:-1","max-image-preview":"max-image-preview:large","max-video-preview":"max-video-preview:-1"},"canonical":"https:\/\/oglethorpe.edu\/es\/vida-estudiantil\/cosas-que-hacer\/cosas-que-hacer-en-los-alrededores-de-atlanta\/","og_locale":"es_ES","og_type":"article","og_title":"Cosas que hacer en los alrededores de Atlanta","og_description":"Aunque hay montones de oportunidades para divertirse y participar en el campus, los estudiantes de ºÚÁÏ³Ô¹ÏÍø tienen Atlanta justo en su patio trasero.","og_url":"https:\/\/oglethorpe.edu\/es\/vida-estudiantil\/cosas-que-hacer\/cosas-que-hacer-en-los-alrededores-de-atlanta\/","og_site_name":"ºÚÁÏ³Ô¹ÏÍø","article_publisher":"https:\/\/www.facebook.com\/oglethorpeuniversity","article_modified_time":"2025-10-21T15:22:56+00:00","twitter_card":"summary_large_image","twitter_misc":{"Tiempo de lectura":"3 minutos"},"schema":{"@context":"https:\/\/schema.org","@graph":[{"@type":"WebPage","@id":"https:\/\/oglethorpe.edu\/es\/vida-estudiantil\/cosas-que-hacer\/cosas-que-hacer-en-los-alrededores-de-atlanta\/","url":"https:\/\/oglethorpe.edu\/es\/vida-estudiantil\/cosas-que-hacer\/cosas-que-hacer-en-los-alrededores-de-atlanta\/","name":"Cosas que hacer en los alrededores de Atlanta - ºÚÁÏ³Ô¹ÏÍø","isPartOf":{"@id":"https:\/\/oglethorpe.edu\/es\/#website"},"datePublished":"2024-08-05T15:13:04+00:00","dateModified":"2025-10-21T15:22:56+00:00","description":"Aunque hay montones de oportunidades para divertirse y participar en el campus, los estudiantes de ºÚÁÏ³Ô¹ÏÍø tienen Atlanta justo en su patio trasero.","breadcrumb":{"@id":"https:\/\/oglethorpe.edu\/es\/vida-estudiantil\/cosas-que-hacer\/cosas-que-hacer-en-los-alrededores-de-atlanta\/#breadcrumb"},"inLanguage":"es","potentialAction":[{"@type":"ReadAction","target":["https:\/\/oglethorpe.edu\/es\/vida-estudiantil\/cosas-que-hacer\/cosas-que-hacer-en-los-alrededores-de-atlanta\/"]}]},{"@type":"BreadcrumbList","@id":"https:\/\/oglethorpe.edu\/es\/vida-estudiantil\/cosas-que-hacer\/cosas-que-hacer-en-los-alrededores-de-atlanta\/#breadcrumb","itemListElement":[{"@type":"ListItem","position":1,"name":"Home","item":"https:\/\/oglethorpe.edu\/es\/"},{"@type":"ListItem","position":2,"name":"Vida estudiantil","item":"https:\/\/oglethorpe.edu\/es\/life\/"},{"@type":"ListItem","position":3,"name":"Cosas que hacer","item":"https:\/\/oglethorpe.edu\/es\/life\/things-to-do\/"},{"@type":"ListItem","position":4,"name":"Cosas que hacer en los alrededores de Atlanta"}]},{"@type":"WebSite","@id":"https:\/\/oglethorpe.edu\/es\/#website","url":"https:\/\/oglethorpe.edu\/es\/","name":"ºÚÁÏ³Ô¹ÏÍø","description":"","publisher":{"@id":"https:\/\/oglethorpe.edu\/es\/#organization"},"potentialAction":[{"@type":"SearchAction","target":{"@type":"EntryPoint","urlTemplate":"https:\/\/oglethorpe.edu\/es\/?s={search_term_string}"},"query-input":{"@type":"PropertyValueSpecification","valueRequired":true,"valueName":"search_term_string"}}],"inLanguage":"es"},{"@type":"Organization","@id":"https:\/\/oglethorpe.edu\/es\/#organization","name":"ºÚÁÏ³Ô¹ÏÍø","url":"https:\/\/oglethorpe.edu\/es\/","logo":{"@type":"ImageObject","inLanguage":"es","@id":"https:\/\/oglethorpe.edu\/es\/#\/schema\/logo\/image\/","url":"https:\/\/oglethorpe.edu\/wp-content\/uploads\/2024\/02\/oglethorpe-full-logo-new-1-1.png","contentUrl":"https:\/\/oglethorpe.edu\/wp-content\/uploads\/2024\/02\/oglethorpe-full-logo-new-1-1.png","width":1112,"height":492,"caption":"ºÚÁÏ³Ô¹ÏÍø"},"image":{"@id":"https:\/\/oglethorpe.edu\/es\/#\/schema\/logo\/image\/"},"sameAs":["https:\/\/www.facebook.com\/oglethorpeuniversity","https:\/\/instagram.com\/oglethorpeuniv\/","https:\/\/www.linkedin.com\/edu\/school?id=18180&trk=tyah&trkInfo=clickedVerticalschoolclickedEntityId18180idx3-1-12tarId1438180301152tasoglethorpe"]}]}},"_links":{"self":[{"href":"https:\/\/oglethorpe.edu\/es\/wp-json\/wp\/v2\/pages\/79125","targetHints":{"allow":["GET"]}}],"collection":[{"href":"https:\/\/oglethorpe.edu\/es\/wp-json\/wp\/v2\/pages"}],"about":[{"href":"https:\/\/oglethorpe.edu\/es\/wp-json\/wp\/v2\/types\/page"}],"author":[{"embeddable":true,"href":"https:\/\/oglethorpe.edu\/es\/wp-json\/wp\/v2\/users\/4"}],"replies":[{"embeddable":true,"href":"https:\/\/oglethorpe.edu\/es\/wp-json\/wp\/v2\/comments?post=79125"}],"version-history":[{"count":0,"href":"https:\/\/oglethorpe.edu\/es\/wp-json\/wp\/v2\/pages\/79125\/revisions"}],"up":[{"embeddable":true,"href":"https:\/\/oglethorpe.edu\/es\/wp-json\/wp\/v2\/pages\/79066"}],"wp:attachment":[{"href":"https:\/\/oglethorpe.edu\/es\/wp-json\/wp\/v2\/media?parent=79125"}],"wp:term":[{"taxonomy":"page_page-category","embeddable":true,"href":"https:\/\/oglethorpe.edu\/es\/wp-json\/wp\/v2\/page_page-category?post=79125"},{"taxonomy":"page_page-tag","embeddable":true,"href":"https:\/\/oglethorpe.edu\/es\/wp-json\/wp\/v2\/page_page-tag?post=79125"},{"taxonomy":"offered_as","embeddable":true,"href":"https:\/\/oglethorpe.edu\/es\/wp-json\/wp\/v2\/offered_as?post=79125"},{"taxonomy":"program_tags","embeddable":true,"href":"https:\/\/oglethorpe.edu\/es\/wp-json\/wp\/v2\/program_tags?post=79125"},{"taxonomy":"programtypes_page","embeddable":true,"href":"https:\/\/oglethorpe.edu\/es\/wp-json\/wp\/v2\/programtypes_page?post=79125"}],"curies":[{"name":"wp","href":"https:\/\/api.w.org\/{rel}","templated":true}]}}