  {"id":79127,"date":"2024-08-05T15:28:41","date_gmt":"2024-08-05T15:28:41","guid":{"rendered":"https:\/\/oglethorpe.edu\/vida-estudiantil\/cosas-que-hacer\/cosas-que-hacer-en-los-alrededores-de-atlanta\/transporte\/"},"modified":"2025-10-21T15:18:57","modified_gmt":"2025-10-21T15:18:57","slug":"transporte","status":"publish","type":"page","link":"https:\/\/oglethorpe.edu\/es\/vida-estudiantil\/cosas-que-hacer\/cosas-que-hacer-en-los-alrededores-de-atlanta\/transporte\/","title":{"rendered":"Transporte"},"content":{"rendered":"\t\t<div data-elementor-type=\"wp-page\" data-elementor-id=\"79127\" class=\"elementor elementor-79127 elementor-56515\" data-elementor-post-type=\"page\">\n\t\t\t\t\t\t<section data-particle_enable=\"false\" data-particle-mobile-disabled=\"false\" class=\"elementor-section elementor-top-section elementor-element elementor-element-3870879b elementor-section-full_width elementor-section-height-default elementor-section-height-default\" data-id=\"3870879b\" data-element_type=\"section\" data-e-type=\"section\" data-settings=\"{&quot;background_background&quot;:&quot;classic&quot;}\">\n\t\t\t\t\t\t\t<div class=\"elementor-background-overlay\"><\/div>\n\t\t\t\t\t\t\t<div class=\"elementor-container elementor-column-gap-default\">\n\t\t\t\t\t<div class=\"elementor-column elementor-col-100 elementor-top-column elementor-element elementor-element-59587f74\" data-id=\"59587f74\" data-element_type=\"column\" data-e-type=\"column\">\n\t\t\t<div class=\"elementor-widget-wrap elementor-element-populated\">\n\t\t\t\t\t\t<section data-particle_enable=\"false\" data-particle-mobile-disabled=\"false\" class=\"elementor-section elementor-inner-section elementor-element elementor-element-3e434949 elementor-section-boxed elementor-section-height-default elementor-section-height-default\" data-id=\"3e434949\" data-element_type=\"section\" data-e-type=\"section\" data-settings=\"{&quot;background_background&quot;:&quot;classic&quot;}\">\n\t\t\t\t\t\t<div class=\"elementor-container elementor-column-gap-default\">\n\t\t\t\t\t<div class=\"elementor-column elementor-col-100 elementor-inner-column elementor-element elementor-element-54d4d862\" data-id=\"54d4d862\" data-element_type=\"column\" data-e-type=\"column\">\n\t\t\t<div class=\"elementor-widget-wrap elementor-element-populated\">\n\t\t\t\t\t\t<div class=\"elementor-element elementor-element-35044ee1 banner_heading_new elementor-widget elementor-widget-heading\" data-id=\"35044ee1\" data-element_type=\"widget\" data-e-type=\"widget\" data-widget_type=\"heading.default\">\n\t\t\t\t<div class=\"elementor-widget-container\">\n\t\t\t\t\t<h1 class=\"elementor-heading-title elementor-size-default\">Transporte<\/h1>\t\t\t\t<\/div>\n\t\t\t\t<\/div>\n\t\t\t\t\t<\/div>\n\t\t<\/div>\n\t\t\t\t\t<\/div>\n\t\t<\/section>\n\t\t\t\t\t<\/div>\n\t\t<\/div>\n\t\t\t\t\t<\/div>\n\t\t<\/section>\n\t\t\t\t<section data-particle_enable=\"false\" data-particle-mobile-disabled=\"false\" class=\"elementor-section elementor-top-section elementor-element elementor-element-d0610a9 elementor-section-boxed elementor-section-height-default elementor-section-height-default\" data-id=\"d0610a9\" data-element_type=\"section\" data-e-type=\"section\">\n\t\t\t\t\t\t<div class=\"elementor-container elementor-column-gap-default\">\n\t\t\t\t\t<div class=\"elementor-column elementor-col-100 elementor-top-column elementor-element elementor-element-485efee\" data-id=\"485efee\" data-element_type=\"column\" data-e-type=\"column\">\n\t\t\t<div class=\"elementor-widget-wrap elementor-element-populated\">\n\t\t\t\t\t\t<div class=\"elementor-element elementor-element-6371dca elementor-widget elementor-widget-shortcode\" data-id=\"6371dca\" data-element_type=\"widget\" data-e-type=\"widget\" data-widget_type=\"shortcode.default\">\n\t\t\t\t<div class=\"elementor-widget-container\">\n\t\t\t\t\t\t\t<div class=\"elementor-shortcode\"><nav aria-label=\"breadcrumbs\">\n            <div class=\"breadcrumb-container theme1\">\n                <ol>\n                                    <\/ol>\n            <\/div>\n        <\/nav>    <script type=\"application\/ld+json\">\n        {\n            \"@context\": \"http:\/\/schema.org\",\n            \"@type\": \"BreadcrumbList\",\n            \"itemListElement\": [\n                            ]\n        }\n    <\/script>\n   \n    <script>\n            <\/script>\n<\/div>\n\t\t\t\t\t\t<\/div>\n\t\t\t\t<\/div>\n\t\t\t\t\t<\/div>\n\t\t<\/div>\n\t\t\t\t\t<\/div>\n\t\t<\/section>\n\t\t\t\t<section data-particle_enable=\"false\" data-particle-mobile-disabled=\"false\" class=\"elementor-section elementor-top-section elementor-element elementor-element-ddadbd7 elementor-section-boxed elementor-section-height-default elementor-section-height-default\" data-id=\"ddadbd7\" data-element_type=\"section\" data-e-type=\"section\">\n\t\t\t\t\t\t<div class=\"elementor-container elementor-column-gap-default\">\n\t\t\t\t\t<div class=\"elementor-column elementor-col-100 elementor-top-column elementor-element elementor-element-a54d1fb\" data-id=\"a54d1fb\" data-element_type=\"column\" data-e-type=\"column\">\n\t\t\t<div class=\"elementor-widget-wrap elementor-element-populated\">\n\t\t\t\t\t\t<div class=\"elementor-element elementor-element-98389be elementor-widget elementor-widget-text-editor\" data-id=\"98389be\" data-element_type=\"widget\" data-e-type=\"widget\" data-widget_type=\"text-editor.default\">\n\t\t\t\t<div class=\"elementor-widget-container\">\n\t\t\t\t\t\t\t\t\t<h2>\u00a1Expl\u00f3ralo todo!<br \/>No necesitas auto.<\/h2><p>Aunque no traigas veh\u00edculo al campus, puedes salir y disfrutar de la ciudad. Atlanta es un lugar cada vez m\u00e1s favorable a los peatones, con muchas opciones asequibles y ecol\u00f3gicas para desplazarse.<\/p><h3>Camina<\/h3><p>Disfruta de un barrio apto para peatones. <a href=\"https:\/\/townbrookhaven.net\/\" target=\"_blank\" rel=\"noopener\">Town Brookhaven<\/a> est\u00e1 justo al lado del campus, a una caminata f\u00e1cil de 5-10 minutos. Re\u00fane a una pandilla de amigos y ac\u00e9rcate a restaurantes, tiendas, cines y mucho m\u00e1s.\u00a0<\/p><h3>MARTA<\/h3><p>S\u00fabete a un autob\u00fas o viaja en tren: <a href=\"https:\/\/www.itsmarta.com\/uploadedFiles\/More\/Transit_Oriented_Development\/Station%20Profile%20Rev%202017-11-03%20Brookhaven%20ºÚÁÏ³Ô¹ÏÍø.pdf\" target=\"_blank\" rel=\"noopener\">MARTA<\/a> es una forma sin complicaciones de viajar por Atlanta. Puedes visitar f\u00e1cilmente las atracciones y lugares hist\u00f3ricos principales de Atlanta, como el Jard\u00edn Bot\u00e1nico de Atlanta,\u00a0<a href=\"https:\/\/beltline.org\/visit\/\" target=\"_blank\" rel=\"noopener\">BeltLine<\/a>, CNN Center, Fox Theatre, Acuario de Georgia, Parque Piedmont y el Cementerio de Oakland.<\/p><p>Es especialmente c\u00f3modo para los estudiantes de ºÚÁÏ³Ô¹ÏÍø, ya que el autob\u00fas para justo enfrente del campus y la estaci\u00f3n de tren est\u00e1 a s\u00f3lo una milla y media, un paseo f\u00e1cil a pie o en bici. Adem\u00e1s, nuestros agentes <a href=\"https:\/\/oglethorpe.edu\/es\/?page_id=79065\" target=\"_blank\" rel=\"noopener\">de Seguridad del Campus<\/a> te recoger\u00e1n en la estaci\u00f3n en cualquier momento entre las 10 de la noche y las 6 de la ma\u00f1ana.<\/p><p>P\u00e1sa por la librer\u00eda y recoge una tarjeta MARTA prepago con descuento para ahorrar m\u00e1s.<\/p>\t\t\t\t\t\t\t\t<\/div>\n\t\t\t\t<\/div>\n\t\t\t\t\t<\/div>\n\t\t<\/div>\n\t\t\t\t\t<\/div>\n\t\t<\/section>\n\t\t\t\t<\/div>\n\t\t","protected":false},"excerpt":{"rendered":"<p>Transporte \u00a1Expl\u00f3ralo todo!No necesitas auto. Aunque no traigas veh\u00edculo al campus, puedes salir y disfrutar de la ciudad. Atlanta es [&hellip;]<\/p>\n","protected":false},"author":4,"featured_media":0,"parent":79125,"menu_order":0,"comment_status":"closed","ping_status":"closed","template":"","meta":{"_acf_changed":false,"site-sidebar-layout":"no-sidebar","site-content-layout":"","ast-site-content-layout":"full-width-container","site-content-style":"default","site-sidebar-style":"default","ast-global-header-display":"","ast-banner-title-visibility":"","ast-main-header-display":"","ast-hfb-above-header-display":"","ast-hfb-below-header-display":"","ast-hfb-mobile-header-display":"","site-post-title":"disabled","ast-breadcrumbs-content":"","ast-featured-img":"disabled","footer-sml-layout":"","theme-transparent-header-meta":"","adv-header-id-meta":"","stick-header-meta":"","header-above-stick-meta":"","header-main-stick-meta":"","header-below-stick-meta":"","astra-migrate-meta-layouts":"default","ast-page-background-enabled":"default","ast-page-background-meta":{"desktop":{"background-color":"var(--ast-global-color-4)","background-image":"","background-repeat":"repeat","background-position":"center center","background-size":"auto","background-attachment":"scroll","background-type":"","background-media":"","overlay-type":"","overlay-color":"","overlay-opacity":"","overlay-gradient":""},"tablet":{"background-color":"","background-image":"","background-repeat":"repeat","background-position":"center center","background-size":"auto","background-attachment":"scroll","background-type":"","background-media":"","overlay-type":"","overlay-color":"","overlay-opacity":"","overlay-gradient":""},"mobile":{"background-color":"","background-image":"","background-repeat":"repeat","background-position":"center center","background-size":"auto","background-attachment":"scroll","background-type":"","background-media":"","overlay-type":"","overlay-color":"","overlay-opacity":"","overlay-gradient":""}},"ast-content-background-meta":{"desktop":{"background-color":"var(--ast-global-color-5)","background-image":"","background-repeat":"repeat","background-position":"center center","background-size":"auto","background-attachment":"scroll","background-type":"","background-media":"","overlay-type":"","overlay-color":"","overlay-opacity":"","overlay-gradient":""},"tablet":{"background-color":"var(--ast-global-color-5)","background-image":"","background-repeat":"repeat","background-position":"center center","background-size":"auto","background-attachment":"scroll","background-type":"","background-media":"","overlay-type":"","overlay-color":"","overlay-opacity":"","overlay-gradient":""},"mobile":{"background-color":"var(--ast-global-color-5)","background-image":"","background-repeat":"repeat","background-position":"center center","background-size":"auto","background-attachment":"scroll","background-type":"","background-media":"","overlay-type":"","overlay-color":"","overlay-opacity":"","overlay-gradient":""}},"footnotes":""},"page_page-category":[],"page_page-tag":[],"offered_as":[],"program_tags":[],"programtypes_page":[],"class_list":["post-79127","page","type-page","status-publish","hentry"],"acf":[],"yoast_head":"<!-- This site is optimized with the Yoast SEO Premium plugin v27.2 (Yoast SEO v27.2) - https:\/\/yoast.com\/product\/yoast-seo-premium-wordpress\/ -->\n<title>Transporte - ºÚÁÏ³Ô¹ÏÍø<\/title>\n<meta name=\"description\" content=\"Aunque no traigas veh\u00edculo al campus, puedes salir y disfrutar de la ciudad a pie o en autob\u00fas o tren MARTA.\" \/>\n<meta name=\"robots\" content=\"index, follow, max-snippet:-1, max-image-preview:large, max-video-preview:-1\" \/>\n<link rel=\"canonical\" href=\"https:\/\/oglethorpe.edu\/es\/vida-estudiantil\/cosas-que-hacer\/cosas-que-hacer-en-los-alrededores-de-atlanta\/transporte\/\" \/>\n<meta property=\"og:locale\" content=\"es_ES\" \/>\n<meta property=\"og:type\" content=\"article\" \/>\n<meta property=\"og:title\" content=\"Transporte\" \/>\n<meta property=\"og:description\" content=\"Aunque no traigas veh\u00edculo al campus, puedes salir y disfrutar de la ciudad a pie o en autob\u00fas o tren MARTA.\" \/>\n<meta property=\"og:url\" content=\"https:\/\/oglethorpe.edu\/es\/vida-estudiantil\/cosas-que-hacer\/cosas-que-hacer-en-los-alrededores-de-atlanta\/transporte\/\" \/>\n<meta property=\"og:site_name\" content=\"ºÚÁÏ³Ô¹ÏÍø\" \/>\n<meta property=\"article:publisher\" content=\"https:\/\/www.facebook.com\/oglethorpeuniversity\" \/>\n<meta property=\"article:modified_time\" content=\"2025-10-21T15:18:57+00:00\" \/>\n<meta name=\"twitter:card\" content=\"summary_large_image\" \/>\n<meta name=\"twitter:label1\" content=\"Tiempo de lectura\" \/>\n\t<meta name=\"twitter:data1\" content=\"1 minuto\" \/>\n<script type=\"application\/ld+json\" class=\"yoast-schema-graph\">{\"@context\":\"https:\/\/schema.org\",\"@graph\":[{\"@type\":\"WebPage\",\"@id\":\"https:\/\/oglethorpe.edu\/es\/vida-estudiantil\/cosas-que-hacer\/cosas-que-hacer-en-los-alrededores-de-atlanta\/transporte\/\",\"url\":\"https:\/\/oglethorpe.edu\/es\/vida-estudiantil\/cosas-que-hacer\/cosas-que-hacer-en-los-alrededores-de-atlanta\/transporte\/\",\"name\":\"Transporte - ºÚÁÏ³Ô¹ÏÍø\",\"isPartOf\":{\"@id\":\"https:\/\/oglethorpe.edu\/es\/#website\"},\"datePublished\":\"2024-08-05T15:28:41+00:00\",\"dateModified\":\"2025-10-21T15:18:57+00:00\",\"description\":\"Aunque no traigas veh\u00edculo al campus, puedes salir y disfrutar de la ciudad a pie o en autob\u00fas o tren MARTA.\",\"breadcrumb\":{\"@id\":\"https:\/\/oglethorpe.edu\/es\/vida-estudiantil\/cosas-que-hacer\/cosas-que-hacer-en-los-alrededores-de-atlanta\/transporte\/#breadcrumb\"},\"inLanguage\":\"es\",\"potentialAction\":[{\"@type\":\"ReadAction\",\"target\":[\"https:\/\/oglethorpe.edu\/es\/vida-estudiantil\/cosas-que-hacer\/cosas-que-hacer-en-los-alrededores-de-atlanta\/transporte\/\"]}]},{\"@type\":\"BreadcrumbList\",\"@id\":\"https:\/\/oglethorpe.edu\/es\/vida-estudiantil\/cosas-que-hacer\/cosas-que-hacer-en-los-alrededores-de-atlanta\/transporte\/#breadcrumb\",\"itemListElement\":[{\"@type\":\"ListItem\",\"position\":1,\"name\":\"Home\",\"item\":\"https:\/\/oglethorpe.edu\/es\/\"},{\"@type\":\"ListItem\",\"position\":2,\"name\":\"Vida estudiantil\",\"item\":\"https:\/\/oglethorpe.edu\/es\/life\/\"},{\"@type\":\"ListItem\",\"position\":3,\"name\":\"Cosas que hacer\",\"item\":\"https:\/\/oglethorpe.edu\/es\/life\/things-to-do\/\"},{\"@type\":\"ListItem\",\"position\":4,\"name\":\"Cosas que hacer en los alrededores de Atlanta\",\"item\":\"https:\/\/oglethorpe.edu\/es\/life\/things-to-do\/things-to-do-around-atlanta\/\"},{\"@type\":\"ListItem\",\"position\":5,\"name\":\"Transporte\"}]},{\"@type\":\"WebSite\",\"@id\":\"https:\/\/oglethorpe.edu\/es\/#website\",\"url\":\"https:\/\/oglethorpe.edu\/es\/\",\"name\":\"ºÚÁÏ³Ô¹ÏÍø\",\"description\":\"\",\"publisher\":{\"@id\":\"https:\/\/oglethorpe.edu\/es\/#organization\"},\"potentialAction\":[{\"@type\":\"SearchAction\",\"target\":{\"@type\":\"EntryPoint\",\"urlTemplate\":\"https:\/\/oglethorpe.edu\/es\/?s={search_term_string}\"},\"query-input\":{\"@type\":\"PropertyValueSpecification\",\"valueRequired\":true,\"valueName\":\"search_term_string\"}}],\"inLanguage\":\"es\"},{\"@type\":\"Organization\",\"@id\":\"https:\/\/oglethorpe.edu\/es\/#organization\",\"name\":\"ºÚÁÏ³Ô¹ÏÍø\",\"url\":\"https:\/\/oglethorpe.edu\/es\/\",\"logo\":{\"@type\":\"ImageObject\",\"inLanguage\":\"es\",\"@id\":\"https:\/\/oglethorpe.edu\/es\/#\/schema\/logo\/image\/\",\"url\":\"https:\/\/oglethorpe.edu\/wp-content\/uploads\/2024\/02\/oglethorpe-full-logo-new-1-1.png\",\"contentUrl\":\"https:\/\/oglethorpe.edu\/wp-content\/uploads\/2024\/02\/oglethorpe-full-logo-new-1-1.png\",\"width\":1112,\"height\":492,\"caption\":\"ºÚÁÏ³Ô¹ÏÍø\"},\"image\":{\"@id\":\"https:\/\/oglethorpe.edu\/es\/#\/schema\/logo\/image\/\"},\"sameAs\":[\"https:\/\/www.facebook.com\/oglethorpeuniversity\",\"https:\/\/instagram.com\/oglethorpeuniv\/\",\"https:\/\/www.linkedin.com\/edu\/school?id=18180&trk=tyah&trkInfo=clickedVerticalschoolclickedEntityId18180idx3-1-12tarId1438180301152tasoglethorpe\"]}]}<\/script>\n<!-- \/ Yoast SEO Premium plugin. -->","yoast_head_json":{"title":"Transporte - ºÚÁÏ³Ô¹ÏÍø","description":"Aunque no traigas veh\u00edculo al campus, puedes salir y disfrutar de la ciudad a pie o en autob\u00fas o tren MARTA.","robots":{"index":"index","follow":"follow","max-snippet":"max-snippet:-1","max-image-preview":"max-image-preview:large","max-video-preview":"max-video-preview:-1"},"canonical":"https:\/\/oglethorpe.edu\/es\/vida-estudiantil\/cosas-que-hacer\/cosas-que-hacer-en-los-alrededores-de-atlanta\/transporte\/","og_locale":"es_ES","og_type":"article","og_title":"Transporte","og_description":"Aunque no traigas veh\u00edculo al campus, puedes salir y disfrutar de la ciudad a pie o en autob\u00fas o tren MARTA.","og_url":"https:\/\/oglethorpe.edu\/es\/vida-estudiantil\/cosas-que-hacer\/cosas-que-hacer-en-los-alrededores-de-atlanta\/transporte\/","og_site_name":"ºÚÁÏ³Ô¹ÏÍø","article_publisher":"https:\/\/www.facebook.com\/oglethorpeuniversity","article_modified_time":"2025-10-21T15:18:57+00:00","twitter_card":"summary_large_image","twitter_misc":{"Tiempo de lectura":"1 minuto"},"schema":{"@context":"https:\/\/schema.org","@graph":[{"@type":"WebPage","@id":"https:\/\/oglethorpe.edu\/es\/vida-estudiantil\/cosas-que-hacer\/cosas-que-hacer-en-los-alrededores-de-atlanta\/transporte\/","url":"https:\/\/oglethorpe.edu\/es\/vida-estudiantil\/cosas-que-hacer\/cosas-que-hacer-en-los-alrededores-de-atlanta\/transporte\/","name":"Transporte - ºÚÁÏ³Ô¹ÏÍø","isPartOf":{"@id":"https:\/\/oglethorpe.edu\/es\/#website"},"datePublished":"2024-08-05T15:28:41+00:00","dateModified":"2025-10-21T15:18:57+00:00","description":"Aunque no traigas veh\u00edculo al campus, puedes salir y disfrutar de la ciudad a pie o en autob\u00fas o tren MARTA.","breadcrumb":{"@id":"https:\/\/oglethorpe.edu\/es\/vida-estudiantil\/cosas-que-hacer\/cosas-que-hacer-en-los-alrededores-de-atlanta\/transporte\/#breadcrumb"},"inLanguage":"es","potentialAction":[{"@type":"ReadAction","target":["https:\/\/oglethorpe.edu\/es\/vida-estudiantil\/cosas-que-hacer\/cosas-que-hacer-en-los-alrededores-de-atlanta\/transporte\/"]}]},{"@type":"BreadcrumbList","@id":"https:\/\/oglethorpe.edu\/es\/vida-estudiantil\/cosas-que-hacer\/cosas-que-hacer-en-los-alrededores-de-atlanta\/transporte\/#breadcrumb","itemListElement":[{"@type":"ListItem","position":1,"name":"Home","item":"https:\/\/oglethorpe.edu\/es\/"},{"@type":"ListItem","position":2,"name":"Vida estudiantil","item":"https:\/\/oglethorpe.edu\/es\/life\/"},{"@type":"ListItem","position":3,"name":"Cosas que hacer","item":"https:\/\/oglethorpe.edu\/es\/life\/things-to-do\/"},{"@type":"ListItem","position":4,"name":"Cosas que hacer en los alrededores de Atlanta","item":"https:\/\/oglethorpe.edu\/es\/life\/things-to-do\/things-to-do-around-atlanta\/"},{"@type":"ListItem","position":5,"name":"Transporte"}]},{"@type":"WebSite","@id":"https:\/\/oglethorpe.edu\/es\/#website","url":"https:\/\/oglethorpe.edu\/es\/","name":"ºÚÁÏ³Ô¹ÏÍø","description":"","publisher":{"@id":"https:\/\/oglethorpe.edu\/es\/#organization"},"potentialAction":[{"@type":"SearchAction","target":{"@type":"EntryPoint","urlTemplate":"https:\/\/oglethorpe.edu\/es\/?s={search_term_string}"},"query-input":{"@type":"PropertyValueSpecification","valueRequired":true,"valueName":"search_term_string"}}],"inLanguage":"es"},{"@type":"Organization","@id":"https:\/\/oglethorpe.edu\/es\/#organization","name":"ºÚÁÏ³Ô¹ÏÍø","url":"https:\/\/oglethorpe.edu\/es\/","logo":{"@type":"ImageObject","inLanguage":"es","@id":"https:\/\/oglethorpe.edu\/es\/#\/schema\/logo\/image\/","url":"https:\/\/oglethorpe.edu\/wp-content\/uploads\/2024\/02\/oglethorpe-full-logo-new-1-1.png","contentUrl":"https:\/\/oglethorpe.edu\/wp-content\/uploads\/2024\/02\/oglethorpe-full-logo-new-1-1.png","width":1112,"height":492,"caption":"ºÚÁÏ³Ô¹ÏÍø"},"image":{"@id":"https:\/\/oglethorpe.edu\/es\/#\/schema\/logo\/image\/"},"sameAs":["https:\/\/www.facebook.com\/oglethorpeuniversity","https:\/\/instagram.com\/oglethorpeuniv\/","https:\/\/www.linkedin.com\/edu\/school?id=18180&trk=tyah&trkInfo=clickedVerticalschoolclickedEntityId18180idx3-1-12tarId1438180301152tasoglethorpe"]}]}},"_links":{"self":[{"href":"https:\/\/oglethorpe.edu\/es\/wp-json\/wp\/v2\/pages\/79127","targetHints":{"allow":["GET"]}}],"collection":[{"href":"https:\/\/oglethorpe.edu\/es\/wp-json\/wp\/v2\/pages"}],"about":[{"href":"https:\/\/oglethorpe.edu\/es\/wp-json\/wp\/v2\/types\/page"}],"author":[{"embeddable":true,"href":"https:\/\/oglethorpe.edu\/es\/wp-json\/wp\/v2\/users\/4"}],"replies":[{"embeddable":true,"href":"https:\/\/oglethorpe.edu\/es\/wp-json\/wp\/v2\/comments?post=79127"}],"version-history":[{"count":0,"href":"https:\/\/oglethorpe.edu\/es\/wp-json\/wp\/v2\/pages\/79127\/revisions"}],"up":[{"embeddable":true,"href":"https:\/\/oglethorpe.edu\/es\/wp-json\/wp\/v2\/pages\/79125"}],"wp:attachment":[{"href":"https:\/\/oglethorpe.edu\/es\/wp-json\/wp\/v2\/media?parent=79127"}],"wp:term":[{"taxonomy":"page_page-category","embeddable":true,"href":"https:\/\/oglethorpe.edu\/es\/wp-json\/wp\/v2\/page_page-category?post=79127"},{"taxonomy":"page_page-tag","embeddable":true,"href":"https:\/\/oglethorpe.edu\/es\/wp-json\/wp\/v2\/page_page-tag?post=79127"},{"taxonomy":"offered_as","embeddable":true,"href":"https:\/\/oglethorpe.edu\/es\/wp-json\/wp\/v2\/offered_as?post=79127"},{"taxonomy":"program_tags","embeddable":true,"href":"https:\/\/oglethorpe.edu\/es\/wp-json\/wp\/v2\/program_tags?post=79127"},{"taxonomy":"programtypes_page","embeddable":true,"href":"https:\/\/oglethorpe.edu\/es\/wp-json\/wp\/v2\/programtypes_page?post=79127"}],"curies":[{"name":"wp","href":"https:\/\/api.w.org\/{rel}","templated":true}]}}