  {"id":81042,"date":"2025-01-13T18:01:46","date_gmt":"2025-01-13T18:01:46","guid":{"rendered":"https:\/\/oglethorpe.edu\/acerca-de-la-universidad-de-oglethorpe\/oficinas-y-departamentos\/investigacion-y-eficacia-institucional\/valora-tus-cursos\/"},"modified":"2025-01-15T20:44:31","modified_gmt":"2025-01-15T20:44:31","slug":"valora-tus-cursos","status":"publish","type":"page","link":"https:\/\/oglethorpe.edu\/es\/acerca-de-la-universidad-de-oglethorpe\/oficinas-y-departamentos\/investigacion-y-eficacia-institucional\/valora-tus-cursos\/","title":{"rendered":"Valora tus cursos"},"content":{"rendered":"\t\t<div data-elementor-type=\"wp-page\" data-elementor-id=\"81042\" class=\"elementor elementor-81042 elementor-80967\" data-elementor-post-type=\"page\">\n\t\t\t\t\t\t<section data-particle_enable=\"false\" data-particle-mobile-disabled=\"false\" class=\"elementor-section elementor-top-section elementor-element elementor-element-412023fc elementor-section-full_width elementor-section-height-default elementor-section-height-default\" data-id=\"412023fc\" data-element_type=\"section\" data-e-type=\"section\" data-settings=\"{&quot;background_background&quot;:&quot;classic&quot;}\">\n\t\t\t\t\t\t\t<div class=\"elementor-background-overlay\"><\/div>\n\t\t\t\t\t\t\t<div class=\"elementor-container elementor-column-gap-default\">\n\t\t\t\t\t<div class=\"elementor-column elementor-col-100 elementor-top-column elementor-element elementor-element-659157d\" data-id=\"659157d\" data-element_type=\"column\" data-e-type=\"column\">\n\t\t\t<div class=\"elementor-widget-wrap elementor-element-populated\">\n\t\t\t\t\t\t<section data-particle_enable=\"false\" data-particle-mobile-disabled=\"false\" class=\"elementor-section elementor-inner-section elementor-element elementor-element-31ed4b03 elementor-section-boxed elementor-section-height-default elementor-section-height-default\" data-id=\"31ed4b03\" data-element_type=\"section\" data-e-type=\"section\" data-settings=\"{&quot;background_background&quot;:&quot;classic&quot;}\">\n\t\t\t\t\t\t<div class=\"elementor-container elementor-column-gap-default\">\n\t\t\t\t\t<div class=\"elementor-column elementor-col-100 elementor-inner-column elementor-element elementor-element-761110a2\" data-id=\"761110a2\" data-element_type=\"column\" data-e-type=\"column\">\n\t\t\t<div class=\"elementor-widget-wrap elementor-element-populated\">\n\t\t\t\t\t\t<div class=\"elementor-element elementor-element-1c35dd3c banner_heading_new elementor-widget elementor-widget-heading\" data-id=\"1c35dd3c\" data-element_type=\"widget\" data-e-type=\"widget\" data-widget_type=\"heading.default\">\n\t\t\t\t<div class=\"elementor-widget-container\">\n\t\t\t\t\t<h1 class=\"elementor-heading-title elementor-size-default\">Valora tus cursos<\/h1>\t\t\t\t<\/div>\n\t\t\t\t<\/div>\n\t\t\t\t\t<\/div>\n\t\t<\/div>\n\t\t\t\t\t<\/div>\n\t\t<\/section>\n\t\t\t\t\t<\/div>\n\t\t<\/div>\n\t\t\t\t\t<\/div>\n\t\t<\/section>\n\t\t\t\t<section data-particle_enable=\"false\" data-particle-mobile-disabled=\"false\" class=\"elementor-section elementor-top-section elementor-element elementor-element-a5ed1f3 elementor-section-boxed elementor-section-height-default elementor-section-height-default\" data-id=\"a5ed1f3\" data-element_type=\"section\" data-e-type=\"section\">\n\t\t\t\t\t\t<div class=\"elementor-container elementor-column-gap-default\">\n\t\t\t\t\t<div class=\"elementor-column elementor-col-100 elementor-top-column elementor-element elementor-element-d4e4a38\" data-id=\"d4e4a38\" data-element_type=\"column\" data-e-type=\"column\">\n\t\t\t<div class=\"elementor-widget-wrap elementor-element-populated\">\n\t\t\t\t\t\t<div class=\"elementor-element elementor-element-10f8780 elementor-widget elementor-widget-shortcode\" data-id=\"10f8780\" data-element_type=\"widget\" data-e-type=\"widget\" data-widget_type=\"shortcode.default\">\n\t\t\t\t<div class=\"elementor-widget-container\">\n\t\t\t\t\t\t\t<div class=\"elementor-shortcode\"><nav aria-label=\"breadcrumbs\">\n            <div class=\"breadcrumb-container theme1\">\n                <ol>\n                                    <\/ol>\n            <\/div>\n        <\/nav>    <script type=\"application\/ld+json\">\n        {\n            \"@context\": \"http:\/\/schema.org\",\n            \"@type\": \"BreadcrumbList\",\n            \"itemListElement\": [\n                            ]\n        }\n    <\/script>\n   \n    <script>\n            <\/script>\n<\/div>\n\t\t\t\t\t\t<\/div>\n\t\t\t\t<\/div>\n\t\t\t\t\t<\/div>\n\t\t<\/div>\n\t\t\t\t\t<\/div>\n\t\t<\/section>\n\t\t\t\t<section data-particle_enable=\"false\" data-particle-mobile-disabled=\"false\" class=\"elementor-section elementor-top-section elementor-element elementor-element-8e9a4a9 elementor-section-boxed elementor-section-height-default elementor-section-height-default\" data-id=\"8e9a4a9\" data-element_type=\"section\" data-e-type=\"section\">\n\t\t\t\t\t\t<div class=\"elementor-container elementor-column-gap-default\">\n\t\t\t\t\t<div class=\"elementor-column elementor-col-100 elementor-top-column elementor-element elementor-element-9d58570\" data-id=\"9d58570\" data-element_type=\"column\" data-e-type=\"column\">\n\t\t\t<div class=\"elementor-widget-wrap elementor-element-populated\">\n\t\t\t\t\t\t<div class=\"elementor-element elementor-element-080e013 elementor-widget elementor-widget-text-editor\" data-id=\"080e013\" data-element_type=\"widget\" data-e-type=\"widget\" data-widget_type=\"text-editor.default\">\n\t\t\t\t<div class=\"elementor-widget-container\">\n\t\t\t\t\t\t\t\t\t<h2>Fechas de evaluaci\u00f3n del curso<\/h2><ul><li><strong>Oto\u00f1o 2024 ADP1:<\/strong> 30 de septiembre &#8211; 9 de octubre<\/li><li><strong>Oto\u00f1o 2024 ADP2 y TU:<\/strong> 18 de noviembre &#8211; 8 de diciembre<\/li><li><strong>Primavera 2025 ADP1:<\/strong> 19 febrero &#8211; 3 marzo<\/li><li><strong>Primavera 2025 ADP2 y TU:<\/strong> 14 &#8211; 30 de abril<\/li><li><strong>Verano 2025 Sesi\u00f3n1:<\/strong> Jun 16 &#8211; Jun 25<\/li><li><strong>Verano 2025 Sesi\u00f3n2:<\/strong> 21 de julio &#8211; 31 de julio<\/li><\/ul><h3>Para estudiantes<\/h3><p>Las evaluaciones online de los cursos est\u00e1n disponibles las \u00faltimas semanas de cada trimestre. Los profesores no reciben los resultados hasta despu\u00e9s de que se hayan enviado las notas. Todos tus cursos se evaluar\u00e1n mediante el sistema en l\u00ednea EvaluationKIT. Se puede acceder desde un ordenador, port\u00e1til, tableta o dispositivo m\u00f3vil. Este sistema proporciona una evaluaci\u00f3n an\u00f3nima sobre tu experiencia en todos tus cursos. Recibir\u00e1s un correo electr\u00f3nico inicial cada semestre cuando se abra el sistema y luego varios recordatorios por correo electr\u00f3nico a lo largo del proceso, ya que buscamos aumentar la participaci\u00f3n. Puedes acceder a tus evaluaciones a trav\u00e9s del enlace del correo electr\u00f3nico que recibas o en Canvas.<\/p><p>Nota: Si no ves uno de tus cursos en la lista, o no puedes acceder al sistema, env\u00eda un correo electr\u00f3nico a <a href=\"mailto:institutionalresearch@oglethorpe.edu\">institutionalresearch@oglethorpe.edu.<\/a> Por favor, incluye tu nombre completo y sobre qu\u00e9 curso est\u00e1s preguntando. El administrador del sitio trabajar\u00e1 directamente contigo para asegurarse de que los cursos que puedes evaluar son correctos.<\/p><h3>Para la Facultad<\/h3><ul><li>Discute la importancia de las evaluaciones online del curso antes de que comience el periodo de evaluaci\u00f3n y recuerda a los alumnos que deben completar sus evaluaciones online a lo largo del periodo de evaluaci\u00f3n.<\/li><li>Con\u00e9ctate a CoursEval para acceder a tus \u00edndices de participaci\u00f3n en cada clase a lo largo del periodo de evaluaci\u00f3n, para hacer un seguimiento de la participaci\u00f3n en clase. Considera la posibilidad de ofrecer un incentivo si un determinado porcentaje de la clase completa la encuesta, o asigna cr\u00e9ditos por completarla.<\/li><li>Avisa a los alumnos de que recibir\u00e1n correos electr\u00f3nicos en los que se les indicar\u00e1 que rellenen las encuestas y haz hincapi\u00e9 en que sus respuestas son totalmente an\u00f3nimas y que los instructores no tendr\u00e1n acceso a los resultados hasta despu\u00e9s de que se publiquen las notas.<\/li><li>Dedica al menos 15 minutos de la clase a hablar con los alumnos sobre la importancia del proceso de evaluaci\u00f3n y dales tiempo para que completen la evaluaci\u00f3n online en clase. Asegura a los alumnos que el proceso es an\u00f3nimo y sal del aula para garantizar la privacidad.<\/li><\/ul><p>Por favor, ay\u00fadanos animando a tus alumnos a completar las evaluaciones de sus cursos. La evaluaci\u00f3n por parte de los estudiantes de su experiencia en el aula es esencial para el continuo desarrollo y mantenimiento de una experiencia educativa excelente y relevante en la Universidad de ºÚÁÏ³Ô¹ÏÍø.<\/p><p>El profesorado puede acceder al panel de control del Kit de Evaluaci\u00f3n a trav\u00e9s de Canvas yendo a tu Perfil de Canvas, haciendo clic en Configuraci\u00f3n y, a continuaci\u00f3n, en el enlace Panel de control del Kit de Evaluaci\u00f3n. Cuando las evaluaciones del curso est\u00e9n activas para una clase, el enlace aparecer\u00e1 tambi\u00e9n en el men\u00fa de navegaci\u00f3n del curso.<\/p><ul><li><a href=\"https:\/\/oglethorpe.edu\/wp-content\/uploads\/2024\/12\/EvaluationKit-access-in-Canvas-for-Instructors.pdf\" target=\"_blank\" rel=\"noopener\">Gu\u00eda del usuario docente de EvaluationKit<\/a><\/li><\/ul><p>Nota: Si tus alumnos te informan de alg\u00fan problema para ver tu curso en la lista, env\u00eda un correo electr\u00f3nico a <a href=\"mailto:institutionalresearch@oglethorpe.edu\">institutionalresearch@oglethorpe.edu.<\/a> Incluye tu nombre completo y el curso que impartes. El administrador del sitio trabajar\u00e1 directamente contigo o con tus alumnos para asegurarse de que los cursos que los alumnos pueden evaluar son correctos. Adem\u00e1s, si tienes alg\u00fan problema para acceder al sitio y revisar tus evaluaciones, solicita ayuda utilizando la misma direcci\u00f3n de correo electr\u00f3nico.<\/p>\t\t\t\t\t\t\t\t<\/div>\n\t\t\t\t<\/div>\n\t\t\t\t\t<\/div>\n\t\t<\/div>\n\t\t\t\t\t<\/div>\n\t\t<\/section>\n\t\t\t\t<\/div>\n\t\t","protected":false},"excerpt":{"rendered":"<p>Valora tus cursos Fechas de evaluaci\u00f3n del curso Oto\u00f1o 2024 ADP1: 30 de septiembre &#8211; 9 de octubre Oto\u00f1o 2024 [&hellip;]<\/p>\n","protected":false},"author":4,"featured_media":0,"parent":81041,"menu_order":0,"comment_status":"closed","ping_status":"closed","template":"","meta":{"_acf_changed":false,"site-sidebar-layout":"no-sidebar","site-content-layout":"","ast-site-content-layout":"full-width-container","site-content-style":"default","site-sidebar-style":"default","ast-global-header-display":"","ast-banner-title-visibility":"","ast-main-header-display":"","ast-hfb-above-header-display":"","ast-hfb-below-header-display":"","ast-hfb-mobile-header-display":"","site-post-title":"disabled","ast-breadcrumbs-content":"","ast-featured-img":"disabled","footer-sml-layout":"","theme-transparent-header-meta":"","adv-header-id-meta":"","stick-header-meta":"","header-above-stick-meta":"","header-main-stick-meta":"","header-below-stick-meta":"","astra-migrate-meta-layouts":"default","ast-page-background-enabled":"default","ast-page-background-meta":{"desktop":{"background-color":"var(--ast-global-color-4)","background-image":"","background-repeat":"repeat","background-position":"center center","background-size":"auto","background-attachment":"scroll","background-type":"","background-media":"","overlay-type":"","overlay-color":"","overlay-opacity":"","overlay-gradient":""},"tablet":{"background-color":"","background-image":"","background-repeat":"repeat","background-position":"center center","background-size":"auto","background-attachment":"scroll","background-type":"","background-media":"","overlay-type":"","overlay-color":"","overlay-opacity":"","overlay-gradient":""},"mobile":{"background-color":"","background-image":"","background-repeat":"repeat","background-position":"center center","background-size":"auto","background-attachment":"scroll","background-type":"","background-media":"","overlay-type":"","overlay-color":"","overlay-opacity":"","overlay-gradient":""}},"ast-content-background-meta":{"desktop":{"background-color":"var(--ast-global-color-5)","background-image":"","background-repeat":"repeat","background-position":"center center","background-size":"auto","background-attachment":"scroll","background-type":"","background-media":"","overlay-type":"","overlay-color":"","overlay-opacity":"","overlay-gradient":""},"tablet":{"background-color":"var(--ast-global-color-5)","background-image":"","background-repeat":"repeat","background-position":"center center","background-size":"auto","background-attachment":"scroll","background-type":"","background-media":"","overlay-type":"","overlay-color":"","overlay-opacity":"","overlay-gradient":""},"mobile":{"background-color":"var(--ast-global-color-5)","background-image":"","background-repeat":"repeat","background-position":"center center","background-size":"auto","background-attachment":"scroll","background-type":"","background-media":"","overlay-type":"","overlay-color":"","overlay-opacity":"","overlay-gradient":""}},"footnotes":""},"page_page-category":[],"page_page-tag":[],"offered_as":[],"program_tags":[],"programtypes_page":[],"class_list":["post-81042","page","type-page","status-publish","hentry"],"acf":[],"yoast_head":"<!-- This site is optimized with the Yoast SEO Premium plugin v27.2 (Yoast SEO v27.2) - https:\/\/yoast.com\/product\/yoast-seo-premium-wordpress\/ -->\n<title>Valora tus cursos - ºÚÁÏ³Ô¹ÏÍø<\/title>\n<meta name=\"description\" content=\"Las Evaluaciones Online de los Cursos est\u00e1n disponibles al final de cada trimestre. El profesorado no recibe los resultados hasta despu\u00e9s de que se env\u00eden las notas.\" \/>\n<meta name=\"robots\" content=\"index, follow, max-snippet:-1, max-image-preview:large, max-video-preview:-1\" \/>\n<link rel=\"canonical\" href=\"https:\/\/oglethorpe.edu\/es\/acerca-de-la-universidad-de-oglethorpe\/oficinas-y-departamentos\/investigacion-y-eficacia-institucional\/valora-tus-cursos\/\" \/>\n<meta property=\"og:locale\" content=\"es_ES\" \/>\n<meta property=\"og:type\" content=\"article\" \/>\n<meta property=\"og:title\" content=\"Valora tus cursos\" \/>\n<meta property=\"og:description\" content=\"Las Evaluaciones Online de los Cursos est\u00e1n disponibles al final de cada trimestre. El profesorado no recibe los resultados hasta despu\u00e9s de que se env\u00eden las notas.\" \/>\n<meta property=\"og:url\" content=\"https:\/\/oglethorpe.edu\/es\/acerca-de-la-universidad-de-oglethorpe\/oficinas-y-departamentos\/investigacion-y-eficacia-institucional\/valora-tus-cursos\/\" \/>\n<meta property=\"og:site_name\" content=\"ºÚÁÏ³Ô¹ÏÍø\" \/>\n<meta property=\"article:publisher\" content=\"https:\/\/www.facebook.com\/oglethorpeuniversity\" \/>\n<meta property=\"article:modified_time\" content=\"2025-01-15T20:44:31+00:00\" \/>\n<meta name=\"twitter:card\" content=\"summary_large_image\" \/>\n<meta name=\"twitter:label1\" content=\"Tiempo de lectura\" \/>\n\t<meta name=\"twitter:data1\" content=\"3 minutos\" \/>\n<script type=\"application\/ld+json\" class=\"yoast-schema-graph\">{\"@context\":\"https:\/\/schema.org\",\"@graph\":[{\"@type\":\"WebPage\",\"@id\":\"https:\/\/oglethorpe.edu\/es\/acerca-de-la-universidad-de-oglethorpe\/oficinas-y-departamentos\/investigacion-y-eficacia-institucional\/valora-tus-cursos\/\",\"url\":\"https:\/\/oglethorpe.edu\/es\/acerca-de-la-universidad-de-oglethorpe\/oficinas-y-departamentos\/investigacion-y-eficacia-institucional\/valora-tus-cursos\/\",\"name\":\"Valora tus cursos - ºÚÁÏ³Ô¹ÏÍø\",\"isPartOf\":{\"@id\":\"https:\/\/oglethorpe.edu\/es\/#website\"},\"datePublished\":\"2025-01-13T18:01:46+00:00\",\"dateModified\":\"2025-01-15T20:44:31+00:00\",\"description\":\"Las Evaluaciones Online de los Cursos est\u00e1n disponibles al final de cada trimestre. El profesorado no recibe los resultados hasta despu\u00e9s de que se env\u00eden las notas.\",\"breadcrumb\":{\"@id\":\"https:\/\/oglethorpe.edu\/es\/acerca-de-la-universidad-de-oglethorpe\/oficinas-y-departamentos\/investigacion-y-eficacia-institucional\/valora-tus-cursos\/#breadcrumb\"},\"inLanguage\":\"es\",\"potentialAction\":[{\"@type\":\"ReadAction\",\"target\":[\"https:\/\/oglethorpe.edu\/es\/acerca-de-la-universidad-de-oglethorpe\/oficinas-y-departamentos\/investigacion-y-eficacia-institucional\/valora-tus-cursos\/\"]}]},{\"@type\":\"BreadcrumbList\",\"@id\":\"https:\/\/oglethorpe.edu\/es\/acerca-de-la-universidad-de-oglethorpe\/oficinas-y-departamentos\/investigacion-y-eficacia-institucional\/valora-tus-cursos\/#breadcrumb\",\"itemListElement\":[{\"@type\":\"ListItem\",\"position\":1,\"name\":\"Home\",\"item\":\"https:\/\/oglethorpe.edu\/es\/\"},{\"@type\":\"ListItem\",\"position\":2,\"name\":\"Acerca de la Universidad de ºÚÁÏ³Ô¹ÏÍø\",\"item\":\"https:\/\/oglethorpe.edu\/es\/about\/\"},{\"@type\":\"ListItem\",\"position\":3,\"name\":\"Oficinas y Departamentos\",\"item\":\"https:\/\/oglethorpe.edu\/es\/about\/offices-departments\/\"},{\"@type\":\"ListItem\",\"position\":4,\"name\":\"Investigaci\u00f3n y eficacia institucional\",\"item\":\"https:\/\/oglethorpe.edu\/es\/about\/offices-departments\/institutional-research-effectiveness\/\"},{\"@type\":\"ListItem\",\"position\":5,\"name\":\"Valora tus cursos\"}]},{\"@type\":\"WebSite\",\"@id\":\"https:\/\/oglethorpe.edu\/es\/#website\",\"url\":\"https:\/\/oglethorpe.edu\/es\/\",\"name\":\"ºÚÁÏ³Ô¹ÏÍø\",\"description\":\"\",\"publisher\":{\"@id\":\"https:\/\/oglethorpe.edu\/es\/#organization\"},\"potentialAction\":[{\"@type\":\"SearchAction\",\"target\":{\"@type\":\"EntryPoint\",\"urlTemplate\":\"https:\/\/oglethorpe.edu\/es\/?s={search_term_string}\"},\"query-input\":{\"@type\":\"PropertyValueSpecification\",\"valueRequired\":true,\"valueName\":\"search_term_string\"}}],\"inLanguage\":\"es\"},{\"@type\":\"Organization\",\"@id\":\"https:\/\/oglethorpe.edu\/es\/#organization\",\"name\":\"ºÚÁÏ³Ô¹ÏÍø\",\"url\":\"https:\/\/oglethorpe.edu\/es\/\",\"logo\":{\"@type\":\"ImageObject\",\"inLanguage\":\"es\",\"@id\":\"https:\/\/oglethorpe.edu\/es\/#\/schema\/logo\/image\/\",\"url\":\"https:\/\/oglethorpe.edu\/wp-content\/uploads\/2024\/02\/oglethorpe-full-logo-new-1-1.png\",\"contentUrl\":\"https:\/\/oglethorpe.edu\/wp-content\/uploads\/2024\/02\/oglethorpe-full-logo-new-1-1.png\",\"width\":1112,\"height\":492,\"caption\":\"ºÚÁÏ³Ô¹ÏÍø\"},\"image\":{\"@id\":\"https:\/\/oglethorpe.edu\/es\/#\/schema\/logo\/image\/\"},\"sameAs\":[\"https:\/\/www.facebook.com\/oglethorpeuniversity\",\"https:\/\/instagram.com\/oglethorpeuniv\/\",\"https:\/\/www.linkedin.com\/edu\/school?id=18180&trk=tyah&trkInfo=clickedVerticalschoolclickedEntityId18180idx3-1-12tarId1438180301152tasoglethorpe\"]}]}<\/script>\n<!-- \/ Yoast SEO Premium plugin. -->","yoast_head_json":{"title":"Valora tus cursos - ºÚÁÏ³Ô¹ÏÍø","description":"Las Evaluaciones Online de los Cursos est\u00e1n disponibles al final de cada trimestre. El profesorado no recibe los resultados hasta despu\u00e9s de que se env\u00eden las notas.","robots":{"index":"index","follow":"follow","max-snippet":"max-snippet:-1","max-image-preview":"max-image-preview:large","max-video-preview":"max-video-preview:-1"},"canonical":"https:\/\/oglethorpe.edu\/es\/acerca-de-la-universidad-de-oglethorpe\/oficinas-y-departamentos\/investigacion-y-eficacia-institucional\/valora-tus-cursos\/","og_locale":"es_ES","og_type":"article","og_title":"Valora tus cursos","og_description":"Las Evaluaciones Online de los Cursos est\u00e1n disponibles al final de cada trimestre. El profesorado no recibe los resultados hasta despu\u00e9s de que se env\u00eden las notas.","og_url":"https:\/\/oglethorpe.edu\/es\/acerca-de-la-universidad-de-oglethorpe\/oficinas-y-departamentos\/investigacion-y-eficacia-institucional\/valora-tus-cursos\/","og_site_name":"ºÚÁÏ³Ô¹ÏÍø","article_publisher":"https:\/\/www.facebook.com\/oglethorpeuniversity","article_modified_time":"2025-01-15T20:44:31+00:00","twitter_card":"summary_large_image","twitter_misc":{"Tiempo de lectura":"3 minutos"},"schema":{"@context":"https:\/\/schema.org","@graph":[{"@type":"WebPage","@id":"https:\/\/oglethorpe.edu\/es\/acerca-de-la-universidad-de-oglethorpe\/oficinas-y-departamentos\/investigacion-y-eficacia-institucional\/valora-tus-cursos\/","url":"https:\/\/oglethorpe.edu\/es\/acerca-de-la-universidad-de-oglethorpe\/oficinas-y-departamentos\/investigacion-y-eficacia-institucional\/valora-tus-cursos\/","name":"Valora tus cursos - ºÚÁÏ³Ô¹ÏÍø","isPartOf":{"@id":"https:\/\/oglethorpe.edu\/es\/#website"},"datePublished":"2025-01-13T18:01:46+00:00","dateModified":"2025-01-15T20:44:31+00:00","description":"Las Evaluaciones Online de los Cursos est\u00e1n disponibles al final de cada trimestre. El profesorado no recibe los resultados hasta despu\u00e9s de que se env\u00eden las notas.","breadcrumb":{"@id":"https:\/\/oglethorpe.edu\/es\/acerca-de-la-universidad-de-oglethorpe\/oficinas-y-departamentos\/investigacion-y-eficacia-institucional\/valora-tus-cursos\/#breadcrumb"},"inLanguage":"es","potentialAction":[{"@type":"ReadAction","target":["https:\/\/oglethorpe.edu\/es\/acerca-de-la-universidad-de-oglethorpe\/oficinas-y-departamentos\/investigacion-y-eficacia-institucional\/valora-tus-cursos\/"]}]},{"@type":"BreadcrumbList","@id":"https:\/\/oglethorpe.edu\/es\/acerca-de-la-universidad-de-oglethorpe\/oficinas-y-departamentos\/investigacion-y-eficacia-institucional\/valora-tus-cursos\/#breadcrumb","itemListElement":[{"@type":"ListItem","position":1,"name":"Home","item":"https:\/\/oglethorpe.edu\/es\/"},{"@type":"ListItem","position":2,"name":"Acerca de la Universidad de ºÚÁÏ³Ô¹ÏÍø","item":"https:\/\/oglethorpe.edu\/es\/about\/"},{"@type":"ListItem","position":3,"name":"Oficinas y Departamentos","item":"https:\/\/oglethorpe.edu\/es\/about\/offices-departments\/"},{"@type":"ListItem","position":4,"name":"Investigaci\u00f3n y eficacia institucional","item":"https:\/\/oglethorpe.edu\/es\/about\/offices-departments\/institutional-research-effectiveness\/"},{"@type":"ListItem","position":5,"name":"Valora tus cursos"}]},{"@type":"WebSite","@id":"https:\/\/oglethorpe.edu\/es\/#website","url":"https:\/\/oglethorpe.edu\/es\/","name":"ºÚÁÏ³Ô¹ÏÍø","description":"","publisher":{"@id":"https:\/\/oglethorpe.edu\/es\/#organization"},"potentialAction":[{"@type":"SearchAction","target":{"@type":"EntryPoint","urlTemplate":"https:\/\/oglethorpe.edu\/es\/?s={search_term_string}"},"query-input":{"@type":"PropertyValueSpecification","valueRequired":true,"valueName":"search_term_string"}}],"inLanguage":"es"},{"@type":"Organization","@id":"https:\/\/oglethorpe.edu\/es\/#organization","name":"ºÚÁÏ³Ô¹ÏÍø","url":"https:\/\/oglethorpe.edu\/es\/","logo":{"@type":"ImageObject","inLanguage":"es","@id":"https:\/\/oglethorpe.edu\/es\/#\/schema\/logo\/image\/","url":"https:\/\/oglethorpe.edu\/wp-content\/uploads\/2024\/02\/oglethorpe-full-logo-new-1-1.png","contentUrl":"https:\/\/oglethorpe.edu\/wp-content\/uploads\/2024\/02\/oglethorpe-full-logo-new-1-1.png","width":1112,"height":492,"caption":"ºÚÁÏ³Ô¹ÏÍø"},"image":{"@id":"https:\/\/oglethorpe.edu\/es\/#\/schema\/logo\/image\/"},"sameAs":["https:\/\/www.facebook.com\/oglethorpeuniversity","https:\/\/instagram.com\/oglethorpeuniv\/","https:\/\/www.linkedin.com\/edu\/school?id=18180&trk=tyah&trkInfo=clickedVerticalschoolclickedEntityId18180idx3-1-12tarId1438180301152tasoglethorpe"]}]}},"_links":{"self":[{"href":"https:\/\/oglethorpe.edu\/es\/wp-json\/wp\/v2\/pages\/81042","targetHints":{"allow":["GET"]}}],"collection":[{"href":"https:\/\/oglethorpe.edu\/es\/wp-json\/wp\/v2\/pages"}],"about":[{"href":"https:\/\/oglethorpe.edu\/es\/wp-json\/wp\/v2\/types\/page"}],"author":[{"embeddable":true,"href":"https:\/\/oglethorpe.edu\/es\/wp-json\/wp\/v2\/users\/4"}],"replies":[{"embeddable":true,"href":"https:\/\/oglethorpe.edu\/es\/wp-json\/wp\/v2\/comments?post=81042"}],"version-history":[{"count":0,"href":"https:\/\/oglethorpe.edu\/es\/wp-json\/wp\/v2\/pages\/81042\/revisions"}],"up":[{"embeddable":true,"href":"https:\/\/oglethorpe.edu\/es\/wp-json\/wp\/v2\/pages\/81041"}],"wp:attachment":[{"href":"https:\/\/oglethorpe.edu\/es\/wp-json\/wp\/v2\/media?parent=81042"}],"wp:term":[{"taxonomy":"page_page-category","embeddable":true,"href":"https:\/\/oglethorpe.edu\/es\/wp-json\/wp\/v2\/page_page-category?post=81042"},{"taxonomy":"page_page-tag","embeddable":true,"href":"https:\/\/oglethorpe.edu\/es\/wp-json\/wp\/v2\/page_page-tag?post=81042"},{"taxonomy":"offered_as","embeddable":true,"href":"https:\/\/oglethorpe.edu\/es\/wp-json\/wp\/v2\/offered_as?post=81042"},{"taxonomy":"program_tags","embeddable":true,"href":"https:\/\/oglethorpe.edu\/es\/wp-json\/wp\/v2\/program_tags?post=81042"},{"taxonomy":"programtypes_page","embeddable":true,"href":"https:\/\/oglethorpe.edu\/es\/wp-json\/wp\/v2\/programtypes_page?post=81042"}],"curies":[{"name":"wp","href":"https:\/\/api.w.org\/{rel}","templated":true}]}}