  {"id":81658,"date":"2025-02-20T14:00:39","date_gmt":"2025-02-20T14:00:39","guid":{"rendered":"https:\/\/oglethorpe.edu\/vida-estudiantil\/alojamiento-y-comedor\/vivienda\/alojamiento-de-verano\/"},"modified":"2025-02-27T20:53:41","modified_gmt":"2025-02-27T20:53:41","slug":"alojamiento-de-verano","status":"publish","type":"page","link":"https:\/\/oglethorpe.edu\/es\/vida-estudiantil\/alojamiento-y-comedor\/vivienda\/alojamiento-de-verano\/","title":{"rendered":"Alojamiento de verano"},"content":{"rendered":"\t\t<div data-elementor-type=\"wp-page\" data-elementor-id=\"81658\" class=\"elementor elementor-81658 elementor-81414\" data-elementor-post-type=\"page\">\n\t\t\t\t\t\t<section data-particle_enable=\"false\" data-particle-mobile-disabled=\"false\" class=\"elementor-section elementor-top-section elementor-element elementor-element-475298a elementor-section-full_width elementor-section-height-default elementor-section-height-default\" data-id=\"475298a\" data-element_type=\"section\" data-e-type=\"section\" data-settings=\"{&quot;background_background&quot;:&quot;classic&quot;}\">\n\t\t\t\t\t\t\t<div class=\"elementor-background-overlay\"><\/div>\n\t\t\t\t\t\t\t<div class=\"elementor-container elementor-column-gap-default\">\n\t\t\t\t\t<div class=\"elementor-column elementor-col-100 elementor-top-column elementor-element elementor-element-377937d6\" data-id=\"377937d6\" data-element_type=\"column\" data-e-type=\"column\">\n\t\t\t<div class=\"elementor-widget-wrap elementor-element-populated\">\n\t\t\t\t\t\t<section data-particle_enable=\"false\" data-particle-mobile-disabled=\"false\" class=\"elementor-section elementor-inner-section elementor-element elementor-element-325fc94a elementor-section-boxed elementor-section-height-default elementor-section-height-default\" data-id=\"325fc94a\" data-element_type=\"section\" data-e-type=\"section\" data-settings=\"{&quot;background_background&quot;:&quot;classic&quot;}\">\n\t\t\t\t\t\t<div class=\"elementor-container elementor-column-gap-default\">\n\t\t\t\t\t<div class=\"elementor-column elementor-col-100 elementor-inner-column elementor-element elementor-element-68c388fa\" data-id=\"68c388fa\" data-element_type=\"column\" data-e-type=\"column\">\n\t\t\t<div class=\"elementor-widget-wrap elementor-element-populated\">\n\t\t\t\t\t\t<div class=\"elementor-element elementor-element-7c8ee069 banner_heading_new elementor-widget elementor-widget-heading\" data-id=\"7c8ee069\" data-element_type=\"widget\" data-e-type=\"widget\" data-widget_type=\"heading.default\">\n\t\t\t\t<div class=\"elementor-widget-container\">\n\t\t\t\t\t<h1 class=\"elementor-heading-title elementor-size-default\">Alojamiento de verano<\/h1>\t\t\t\t<\/div>\n\t\t\t\t<\/div>\n\t\t\t\t\t<\/div>\n\t\t<\/div>\n\t\t\t\t\t<\/div>\n\t\t<\/section>\n\t\t\t\t\t<\/div>\n\t\t<\/div>\n\t\t\t\t\t<\/div>\n\t\t<\/section>\n\t\t\t\t<section data-particle_enable=\"false\" data-particle-mobile-disabled=\"false\" class=\"elementor-section elementor-top-section elementor-element elementor-element-e036e93 elementor-section-boxed elementor-section-height-default elementor-section-height-default\" data-id=\"e036e93\" data-element_type=\"section\" data-e-type=\"section\">\n\t\t\t\t\t\t<div class=\"elementor-container elementor-column-gap-default\">\n\t\t\t\t\t<div class=\"elementor-column elementor-col-100 elementor-top-column elementor-element elementor-element-79f1bbe\" data-id=\"79f1bbe\" data-element_type=\"column\" data-e-type=\"column\">\n\t\t\t<div class=\"elementor-widget-wrap elementor-element-populated\">\n\t\t\t\t\t\t<section data-particle_enable=\"false\" data-particle-mobile-disabled=\"false\" class=\"elementor-section elementor-inner-section elementor-element elementor-element-7c18063 elementor-section-boxed elementor-section-height-default elementor-section-height-default\" data-id=\"7c18063\" data-element_type=\"section\" data-e-type=\"section\">\n\t\t\t\t\t\t<div class=\"elementor-container elementor-column-gap-default\">\n\t\t\t\t\t<div class=\"elementor-column elementor-col-100 elementor-inner-column elementor-element elementor-element-e3811ac\" data-id=\"e3811ac\" data-element_type=\"column\" data-e-type=\"column\">\n\t\t\t<div class=\"elementor-widget-wrap elementor-element-populated\">\n\t\t\t\t\t\t<div class=\"elementor-element elementor-element-0863452 elementor-widget__width-auto elementor-widget elementor-widget-shortcode\" data-id=\"0863452\" data-element_type=\"widget\" data-e-type=\"widget\" data-widget_type=\"shortcode.default\">\n\t\t\t\t<div class=\"elementor-widget-container\">\n\t\t\t\t\t\t\t<div class=\"elementor-shortcode\"><nav aria-label=\"breadcrumbs\">\n            <div class=\"breadcrumb-container theme1\">\n                <ol>\n                                    <\/ol>\n            <\/div>\n        <\/nav>    <script type=\"application\/ld+json\">\n        {\n            \"@context\": \"http:\/\/schema.org\",\n            \"@type\": \"BreadcrumbList\",\n            \"itemListElement\": [\n                            ]\n        }\n    <\/script>\n   \n    <script>\n            <\/script>\n<\/div>\n\t\t\t\t\t\t<\/div>\n\t\t\t\t<\/div>\n\t\t\t\t\t<\/div>\n\t\t<\/div>\n\t\t\t\t\t<\/div>\n\t\t<\/section>\n\t\t\t\t\t<\/div>\n\t\t<\/div>\n\t\t\t\t\t<\/div>\n\t\t<\/section>\n\t\t\t\t<section data-particle_enable=\"false\" data-particle-mobile-disabled=\"false\" class=\"elementor-section elementor-top-section elementor-element elementor-element-6e51dad elementor-section-boxed elementor-section-height-default elementor-section-height-default\" data-id=\"6e51dad\" data-element_type=\"section\" data-e-type=\"section\">\n\t\t\t\t\t\t<div class=\"elementor-container elementor-column-gap-default\">\n\t\t\t\t\t<div class=\"elementor-column elementor-col-100 elementor-top-column elementor-element elementor-element-18d7295\" data-id=\"18d7295\" data-element_type=\"column\" data-e-type=\"column\">\n\t\t\t<div class=\"elementor-widget-wrap elementor-element-populated\">\n\t\t\t\t\t\t<div class=\"elementor-element elementor-element-0b0766d elementor-widget elementor-widget-text-editor\" data-id=\"0b0766d\" data-element_type=\"widget\" data-e-type=\"widget\" data-widget_type=\"text-editor.default\">\n\t\t\t\t<div class=\"elementor-widget-container\">\n\t\t\t\t\t\t\t\t\t<p>El alojamiento de verano estar\u00e1 disponible para los estudiantes que est\u00e9n tomando clases en el campus, est\u00e9n matriculados en pr\u00e1cticas con cr\u00e9ditos o est\u00e9n trabajando en el campus a tiempo completo.<\/p><h2>Verano 2025<\/h2><p>El alojamiento para la escuela de verano est\u00e1 disponible desde el 27 de mayo hasta el 1 de agosto de 2025 mientras haya clases. Todos los estudiantes actuales de ºÚÁÏ³Ô¹ÏÍø tienen derecho a vivir en el campus durante el verano. Los estudiantes pueden inscribirse en una o en ambas sesiones. Las plazas son limitadas, as\u00ed que inscr\u00edbete pronto. Se dar\u00e1 prioridad a los estudiantes que se inscriban antes del 2 de mayo de 2025.<\/p><h3>Tarifas de vivienda*.<\/h3><p><strong>Sesi\u00f3n<\/strong> <strong>1:<\/strong> 27 de mayo &#8211; 26 de junio: 1000 $<br \/><strong>Pausa de la Sesi\u00f3n:<\/strong> 27 de junio &#8211; 5 de julio: $350<br \/><strong>Sesi\u00f3n 2:<\/strong> 6 de julio &#8211; 1 de agosto: $1000<\/p><p>*Las comidas no est\u00e1n incluidas en las tarifas de alojamiento, ya que el comedor no est\u00e1 abierto durante los meses de verano.<\/p><h3>Opci\u00f3n de reducci\u00f3n de precios<\/h3><p>Los estudiantes matriculados en al menos una (1) clase (4 \u00f3 5 horas), o que est\u00e9n participando en una actividad relacionada con ºÚÁÏ³Ô¹ÏÍø (es decir, pasant\u00edas con cr\u00e9ditos, atletismo, investigaci\u00f3n a tiempo completo con un miembro de la facultad de ºÚÁÏ³Ô¹ÏÍø, o empleo en el campus que supere las 25 horas semanales) tendr\u00e1n derecho a una reducci\u00f3n del 50% en el alojamiento por cada sesi\u00f3n en la que est\u00e9n participando.<\/p><p>Todos los estudiantes de ºÚÁÏ³Ô¹ÏÍø pueden vivir en el campus, pero s\u00f3lo los que participen en una actividad de ºÚÁÏ³Ô¹ÏÍø obtendr\u00e1n el descuento.<\/p><h4>Fechas de solicitud de alojamiento:<\/h4><ul><li>Apertura de solicitudes &#8211; 1 de abril de 2025<\/li><li>Plazo de prioridad &#8211; 2 de mayo de 2025<\/li><li>Cierre de solicitudes &#8211; 23 de mayo de 2025<\/li><\/ul><h4>Fechas de alojamiento en verano:<\/h4><ul><li>Sesi\u00f3n 1 Traslado: Martes, 27 de mayo de 2025<\/li><li>Sesi\u00f3n 1 Salida: Jueves 26 de junio de 2025<\/li><li>Sesi\u00f3n 2 Mudanza: Domingo 6 de julio de 2025<\/li><li>Salida de la Sesi\u00f3n 2: Viernes, 1 de agosto de 2025<\/li><\/ul>\t\t\t\t\t\t\t\t<\/div>\n\t\t\t\t<\/div>\n\t\t\t\t\t<\/div>\n\t\t<\/div>\n\t\t\t\t\t<\/div>\n\t\t<\/section>\n\t\t\t\t<\/div>\n\t\t","protected":false},"excerpt":{"rendered":"<p>Alojamiento de verano El alojamiento de verano estar\u00e1 disponible para los estudiantes que est\u00e9n tomando clases en el campus, est\u00e9n [&hellip;]<\/p>\n","protected":false},"author":90,"featured_media":0,"parent":81548,"menu_order":0,"comment_status":"closed","ping_status":"closed","template":"","meta":{"_acf_changed":false,"site-sidebar-layout":"no-sidebar","site-content-layout":"","ast-site-content-layout":"full-width-container","site-content-style":"default","site-sidebar-style":"default","ast-global-header-display":"","ast-banner-title-visibility":"","ast-main-header-display":"","ast-hfb-above-header-display":"","ast-hfb-below-header-display":"","ast-hfb-mobile-header-display":"","site-post-title":"disabled","ast-breadcrumbs-content":"","ast-featured-img":"disabled","footer-sml-layout":"","theme-transparent-header-meta":"","adv-header-id-meta":"","stick-header-meta":"","header-above-stick-meta":"","header-main-stick-meta":"","header-below-stick-meta":"","astra-migrate-meta-layouts":"default","ast-page-background-enabled":"default","ast-page-background-meta":{"desktop":{"background-color":"var(--ast-global-color-4)","background-image":"","background-repeat":"repeat","background-position":"center center","background-size":"auto","background-attachment":"scroll","background-type":"","background-media":"","overlay-type":"","overlay-color":"","overlay-opacity":"","overlay-gradient":""},"tablet":{"background-color":"","background-image":"","background-repeat":"repeat","background-position":"center center","background-size":"auto","background-attachment":"scroll","background-type":"","background-media":"","overlay-type":"","overlay-color":"","overlay-opacity":"","overlay-gradient":""},"mobile":{"background-color":"","background-image":"","background-repeat":"repeat","background-position":"center center","background-size":"auto","background-attachment":"scroll","background-type":"","background-media":"","overlay-type":"","overlay-color":"","overlay-opacity":"","overlay-gradient":""}},"ast-content-background-meta":{"desktop":{"background-color":"var(--ast-global-color-5)","background-image":"","background-repeat":"repeat","background-position":"center center","background-size":"auto","background-attachment":"scroll","background-type":"","background-media":"","overlay-type":"","overlay-color":"","overlay-opacity":"","overlay-gradient":""},"tablet":{"background-color":"var(--ast-global-color-5)","background-image":"","background-repeat":"repeat","background-position":"center center","background-size":"auto","background-attachment":"scroll","background-type":"","background-media":"","overlay-type":"","overlay-color":"","overlay-opacity":"","overlay-gradient":""},"mobile":{"background-color":"var(--ast-global-color-5)","background-image":"","background-repeat":"repeat","background-position":"center center","background-size":"auto","background-attachment":"scroll","background-type":"","background-media":"","overlay-type":"","overlay-color":"","overlay-opacity":"","overlay-gradient":""}},"footnotes":""},"page_page-category":[],"page_page-tag":[],"offered_as":[],"program_tags":[],"programtypes_page":[],"class_list":["post-81658","page","type-page","status-publish","hentry"],"acf":[],"yoast_head":"<!-- This site is optimized with the Yoast SEO Premium plugin v27.2 (Yoast SEO v27.2) - https:\/\/yoast.com\/product\/yoast-seo-premium-wordpress\/ -->\n<title>Alojamiento de verano - ºÚÁÏ³Ô¹ÏÍø<\/title>\n<meta name=\"description\" content=\"El alojamiento de verano est\u00e1 disponible para los estudiantes que toman clases en el campus, est\u00e1n matriculados en pr\u00e1cticas con cr\u00e9ditos o trabajan en el campus a tiempo completo.\" \/>\n<meta name=\"robots\" content=\"index, follow, max-snippet:-1, max-image-preview:large, max-video-preview:-1\" \/>\n<link rel=\"canonical\" href=\"https:\/\/oglethorpe.edu\/es\/vida-estudiantil\/alojamiento-y-comedor\/vivienda\/alojamiento-de-verano\/\" \/>\n<meta property=\"og:locale\" content=\"es_ES\" \/>\n<meta property=\"og:type\" content=\"article\" \/>\n<meta property=\"og:title\" content=\"Alojamiento de verano\" \/>\n<meta property=\"og:description\" content=\"El alojamiento de verano est\u00e1 disponible para los estudiantes que toman clases en el campus, est\u00e1n matriculados en pr\u00e1cticas con cr\u00e9ditos o trabajan en el campus a tiempo completo.\" \/>\n<meta property=\"og:url\" content=\"https:\/\/oglethorpe.edu\/es\/vida-estudiantil\/alojamiento-y-comedor\/vivienda\/alojamiento-de-verano\/\" \/>\n<meta property=\"og:site_name\" content=\"ºÚÁÏ³Ô¹ÏÍø\" \/>\n<meta property=\"article:publisher\" content=\"https:\/\/www.facebook.com\/oglethorpeuniversity\" \/>\n<meta property=\"article:modified_time\" content=\"2025-02-27T20:53:41+00:00\" \/>\n<meta name=\"twitter:card\" content=\"summary_large_image\" \/>\n<meta name=\"twitter:label1\" content=\"Tiempo de lectura\" \/>\n\t<meta name=\"twitter:data1\" content=\"2 minutos\" \/>\n<script type=\"application\/ld+json\" class=\"yoast-schema-graph\">{\"@context\":\"https:\/\/schema.org\",\"@graph\":[{\"@type\":\"WebPage\",\"@id\":\"https:\/\/oglethorpe.edu\/es\/vida-estudiantil\/alojamiento-y-comedor\/vivienda\/alojamiento-de-verano\/\",\"url\":\"https:\/\/oglethorpe.edu\/es\/vida-estudiantil\/alojamiento-y-comedor\/vivienda\/alojamiento-de-verano\/\",\"name\":\"Alojamiento de verano - ºÚÁÏ³Ô¹ÏÍø\",\"isPartOf\":{\"@id\":\"https:\/\/oglethorpe.edu\/es\/#website\"},\"datePublished\":\"2025-02-20T14:00:39+00:00\",\"dateModified\":\"2025-02-27T20:53:41+00:00\",\"description\":\"El alojamiento de verano est\u00e1 disponible para los estudiantes que toman clases en el campus, est\u00e1n matriculados en pr\u00e1cticas con cr\u00e9ditos o trabajan en el campus a tiempo completo.\",\"breadcrumb\":{\"@id\":\"https:\/\/oglethorpe.edu\/es\/vida-estudiantil\/alojamiento-y-comedor\/vivienda\/alojamiento-de-verano\/#breadcrumb\"},\"inLanguage\":\"es\",\"potentialAction\":[{\"@type\":\"ReadAction\",\"target\":[\"https:\/\/oglethorpe.edu\/es\/vida-estudiantil\/alojamiento-y-comedor\/vivienda\/alojamiento-de-verano\/\"]}]},{\"@type\":\"BreadcrumbList\",\"@id\":\"https:\/\/oglethorpe.edu\/es\/vida-estudiantil\/alojamiento-y-comedor\/vivienda\/alojamiento-de-verano\/#breadcrumb\",\"itemListElement\":[{\"@type\":\"ListItem\",\"position\":1,\"name\":\"Home\",\"item\":\"https:\/\/oglethorpe.edu\/es\/\"},{\"@type\":\"ListItem\",\"position\":2,\"name\":\"Vida estudiantil\",\"item\":\"https:\/\/oglethorpe.edu\/es\/life\/\"},{\"@type\":\"ListItem\",\"position\":3,\"name\":\"Alojamiento y Comedor\",\"item\":\"https:\/\/oglethorpe.edu\/es\/life\/housing-and-dining\/\"},{\"@type\":\"ListItem\",\"position\":4,\"name\":\"Vivienda\",\"item\":\"https:\/\/oglethorpe.edu\/es\/life\/housing-and-dining\/housing\/\"},{\"@type\":\"ListItem\",\"position\":5,\"name\":\"Alojamiento de verano\"}]},{\"@type\":\"WebSite\",\"@id\":\"https:\/\/oglethorpe.edu\/es\/#website\",\"url\":\"https:\/\/oglethorpe.edu\/es\/\",\"name\":\"ºÚÁÏ³Ô¹ÏÍø\",\"description\":\"\",\"publisher\":{\"@id\":\"https:\/\/oglethorpe.edu\/es\/#organization\"},\"potentialAction\":[{\"@type\":\"SearchAction\",\"target\":{\"@type\":\"EntryPoint\",\"urlTemplate\":\"https:\/\/oglethorpe.edu\/es\/?s={search_term_string}\"},\"query-input\":{\"@type\":\"PropertyValueSpecification\",\"valueRequired\":true,\"valueName\":\"search_term_string\"}}],\"inLanguage\":\"es\"},{\"@type\":\"Organization\",\"@id\":\"https:\/\/oglethorpe.edu\/es\/#organization\",\"name\":\"ºÚÁÏ³Ô¹ÏÍø\",\"url\":\"https:\/\/oglethorpe.edu\/es\/\",\"logo\":{\"@type\":\"ImageObject\",\"inLanguage\":\"es\",\"@id\":\"https:\/\/oglethorpe.edu\/es\/#\/schema\/logo\/image\/\",\"url\":\"https:\/\/oglethorpe.edu\/wp-content\/uploads\/2024\/02\/oglethorpe-full-logo-new-1-1.png\",\"contentUrl\":\"https:\/\/oglethorpe.edu\/wp-content\/uploads\/2024\/02\/oglethorpe-full-logo-new-1-1.png\",\"width\":1112,\"height\":492,\"caption\":\"ºÚÁÏ³Ô¹ÏÍø\"},\"image\":{\"@id\":\"https:\/\/oglethorpe.edu\/es\/#\/schema\/logo\/image\/\"},\"sameAs\":[\"https:\/\/www.facebook.com\/oglethorpeuniversity\",\"https:\/\/instagram.com\/oglethorpeuniv\/\",\"https:\/\/www.linkedin.com\/edu\/school?id=18180&trk=tyah&trkInfo=clickedVerticalschoolclickedEntityId18180idx3-1-12tarId1438180301152tasoglethorpe\"]}]}<\/script>\n<!-- \/ Yoast SEO Premium plugin. -->","yoast_head_json":{"title":"Alojamiento de verano - ºÚÁÏ³Ô¹ÏÍø","description":"El alojamiento de verano est\u00e1 disponible para los estudiantes que toman clases en el campus, est\u00e1n matriculados en pr\u00e1cticas con cr\u00e9ditos o trabajan en el campus a tiempo completo.","robots":{"index":"index","follow":"follow","max-snippet":"max-snippet:-1","max-image-preview":"max-image-preview:large","max-video-preview":"max-video-preview:-1"},"canonical":"https:\/\/oglethorpe.edu\/es\/vida-estudiantil\/alojamiento-y-comedor\/vivienda\/alojamiento-de-verano\/","og_locale":"es_ES","og_type":"article","og_title":"Alojamiento de verano","og_description":"El alojamiento de verano est\u00e1 disponible para los estudiantes que toman clases en el campus, est\u00e1n matriculados en pr\u00e1cticas con cr\u00e9ditos o trabajan en el campus a tiempo completo.","og_url":"https:\/\/oglethorpe.edu\/es\/vida-estudiantil\/alojamiento-y-comedor\/vivienda\/alojamiento-de-verano\/","og_site_name":"ºÚÁÏ³Ô¹ÏÍø","article_publisher":"https:\/\/www.facebook.com\/oglethorpeuniversity","article_modified_time":"2025-02-27T20:53:41+00:00","twitter_card":"summary_large_image","twitter_misc":{"Tiempo de lectura":"2 minutos"},"schema":{"@context":"https:\/\/schema.org","@graph":[{"@type":"WebPage","@id":"https:\/\/oglethorpe.edu\/es\/vida-estudiantil\/alojamiento-y-comedor\/vivienda\/alojamiento-de-verano\/","url":"https:\/\/oglethorpe.edu\/es\/vida-estudiantil\/alojamiento-y-comedor\/vivienda\/alojamiento-de-verano\/","name":"Alojamiento de verano - ºÚÁÏ³Ô¹ÏÍø","isPartOf":{"@id":"https:\/\/oglethorpe.edu\/es\/#website"},"datePublished":"2025-02-20T14:00:39+00:00","dateModified":"2025-02-27T20:53:41+00:00","description":"El alojamiento de verano est\u00e1 disponible para los estudiantes que toman clases en el campus, est\u00e1n matriculados en pr\u00e1cticas con cr\u00e9ditos o trabajan en el campus a tiempo completo.","breadcrumb":{"@id":"https:\/\/oglethorpe.edu\/es\/vida-estudiantil\/alojamiento-y-comedor\/vivienda\/alojamiento-de-verano\/#breadcrumb"},"inLanguage":"es","potentialAction":[{"@type":"ReadAction","target":["https:\/\/oglethorpe.edu\/es\/vida-estudiantil\/alojamiento-y-comedor\/vivienda\/alojamiento-de-verano\/"]}]},{"@type":"BreadcrumbList","@id":"https:\/\/oglethorpe.edu\/es\/vida-estudiantil\/alojamiento-y-comedor\/vivienda\/alojamiento-de-verano\/#breadcrumb","itemListElement":[{"@type":"ListItem","position":1,"name":"Home","item":"https:\/\/oglethorpe.edu\/es\/"},{"@type":"ListItem","position":2,"name":"Vida estudiantil","item":"https:\/\/oglethorpe.edu\/es\/life\/"},{"@type":"ListItem","position":3,"name":"Alojamiento y Comedor","item":"https:\/\/oglethorpe.edu\/es\/life\/housing-and-dining\/"},{"@type":"ListItem","position":4,"name":"Vivienda","item":"https:\/\/oglethorpe.edu\/es\/life\/housing-and-dining\/housing\/"},{"@type":"ListItem","position":5,"name":"Alojamiento de verano"}]},{"@type":"WebSite","@id":"https:\/\/oglethorpe.edu\/es\/#website","url":"https:\/\/oglethorpe.edu\/es\/","name":"ºÚÁÏ³Ô¹ÏÍø","description":"","publisher":{"@id":"https:\/\/oglethorpe.edu\/es\/#organization"},"potentialAction":[{"@type":"SearchAction","target":{"@type":"EntryPoint","urlTemplate":"https:\/\/oglethorpe.edu\/es\/?s={search_term_string}"},"query-input":{"@type":"PropertyValueSpecification","valueRequired":true,"valueName":"search_term_string"}}],"inLanguage":"es"},{"@type":"Organization","@id":"https:\/\/oglethorpe.edu\/es\/#organization","name":"ºÚÁÏ³Ô¹ÏÍø","url":"https:\/\/oglethorpe.edu\/es\/","logo":{"@type":"ImageObject","inLanguage":"es","@id":"https:\/\/oglethorpe.edu\/es\/#\/schema\/logo\/image\/","url":"https:\/\/oglethorpe.edu\/wp-content\/uploads\/2024\/02\/oglethorpe-full-logo-new-1-1.png","contentUrl":"https:\/\/oglethorpe.edu\/wp-content\/uploads\/2024\/02\/oglethorpe-full-logo-new-1-1.png","width":1112,"height":492,"caption":"ºÚÁÏ³Ô¹ÏÍø"},"image":{"@id":"https:\/\/oglethorpe.edu\/es\/#\/schema\/logo\/image\/"},"sameAs":["https:\/\/www.facebook.com\/oglethorpeuniversity","https:\/\/instagram.com\/oglethorpeuniv\/","https:\/\/www.linkedin.com\/edu\/school?id=18180&trk=tyah&trkInfo=clickedVerticalschoolclickedEntityId18180idx3-1-12tarId1438180301152tasoglethorpe"]}]}},"_links":{"self":[{"href":"https:\/\/oglethorpe.edu\/es\/wp-json\/wp\/v2\/pages\/81658","targetHints":{"allow":["GET"]}}],"collection":[{"href":"https:\/\/oglethorpe.edu\/es\/wp-json\/wp\/v2\/pages"}],"about":[{"href":"https:\/\/oglethorpe.edu\/es\/wp-json\/wp\/v2\/types\/page"}],"author":[{"embeddable":true,"href":"https:\/\/oglethorpe.edu\/es\/wp-json\/wp\/v2\/users\/90"}],"replies":[{"embeddable":true,"href":"https:\/\/oglethorpe.edu\/es\/wp-json\/wp\/v2\/comments?post=81658"}],"version-history":[{"count":0,"href":"https:\/\/oglethorpe.edu\/es\/wp-json\/wp\/v2\/pages\/81658\/revisions"}],"up":[{"embeddable":true,"href":"https:\/\/oglethorpe.edu\/es\/wp-json\/wp\/v2\/pages\/81548"}],"wp:attachment":[{"href":"https:\/\/oglethorpe.edu\/es\/wp-json\/wp\/v2\/media?parent=81658"}],"wp:term":[{"taxonomy":"page_page-category","embeddable":true,"href":"https:\/\/oglethorpe.edu\/es\/wp-json\/wp\/v2\/page_page-category?post=81658"},{"taxonomy":"page_page-tag","embeddable":true,"href":"https:\/\/oglethorpe.edu\/es\/wp-json\/wp\/v2\/page_page-tag?post=81658"},{"taxonomy":"offered_as","embeddable":true,"href":"https:\/\/oglethorpe.edu\/es\/wp-json\/wp\/v2\/offered_as?post=81658"},{"taxonomy":"program_tags","embeddable":true,"href":"https:\/\/oglethorpe.edu\/es\/wp-json\/wp\/v2\/program_tags?post=81658"},{"taxonomy":"programtypes_page","embeddable":true,"href":"https:\/\/oglethorpe.edu\/es\/wp-json\/wp\/v2\/programtypes_page?post=81658"}],"curies":[{"name":"wp","href":"https:\/\/api.w.org\/{rel}","templated":true}]}}