  {"id":81948,"date":"2021-11-16T15:03:00","date_gmt":"2021-11-16T15:03:00","guid":{"rendered":"https:\/\/oglethorpe.edu\/admision\/visitas-y-eventos\/fin-de-semana-de-becas\/vuelos-y-hoteles\/"},"modified":"2025-03-17T18:38:50","modified_gmt":"2025-03-17T18:38:50","slug":"vuelos-y-hoteles","status":"publish","type":"page","link":"https:\/\/oglethorpe.edu\/es\/admision\/visitas-y-eventos\/fin-de-semana-de-becas\/vuelos-y-hoteles\/","title":{"rendered":"Vuelos y Hoteles"},"content":{"rendered":"\t\t<div data-elementor-type=\"wp-page\" data-elementor-id=\"81948\" class=\"elementor elementor-81948 elementor-81681\" data-elementor-post-type=\"page\">\n\t\t\t\t\t\t<section data-particle_enable=\"false\" data-particle-mobile-disabled=\"false\" class=\"elementor-section elementor-top-section elementor-element elementor-element-607ff6d7 elementor-section-full_width elementor-section-height-default elementor-section-height-default\" data-id=\"607ff6d7\" data-element_type=\"section\" data-e-type=\"section\" data-settings=\"{&quot;background_background&quot;:&quot;classic&quot;}\">\n\t\t\t\t\t\t\t<div class=\"elementor-background-overlay\"><\/div>\n\t\t\t\t\t\t\t<div class=\"elementor-container elementor-column-gap-default\">\n\t\t\t\t\t<div class=\"elementor-column elementor-col-100 elementor-top-column elementor-element elementor-element-7184b729\" data-id=\"7184b729\" data-element_type=\"column\" data-e-type=\"column\">\n\t\t\t<div class=\"elementor-widget-wrap elementor-element-populated\">\n\t\t\t\t\t\t<section data-particle_enable=\"false\" data-particle-mobile-disabled=\"false\" class=\"elementor-section elementor-inner-section elementor-element elementor-element-25f86c27 elementor-section-boxed elementor-section-height-default elementor-section-height-default\" data-id=\"25f86c27\" data-element_type=\"section\" data-e-type=\"section\" data-settings=\"{&quot;background_background&quot;:&quot;classic&quot;}\">\n\t\t\t\t\t\t<div class=\"elementor-container elementor-column-gap-default\">\n\t\t\t\t\t<div class=\"elementor-column elementor-col-100 elementor-inner-column elementor-element elementor-element-36561745\" data-id=\"36561745\" data-element_type=\"column\" data-e-type=\"column\">\n\t\t\t<div class=\"elementor-widget-wrap elementor-element-populated\">\n\t\t\t\t\t\t<div class=\"elementor-element elementor-element-6f690da banner_heading_new elementor-widget elementor-widget-heading\" data-id=\"6f690da\" data-element_type=\"widget\" data-e-type=\"widget\" data-widget_type=\"heading.default\">\n\t\t\t\t<div class=\"elementor-widget-container\">\n\t\t\t\t\t<h1 class=\"elementor-heading-title elementor-size-default\">Vuelos y Hoteles<\/h1>\t\t\t\t<\/div>\n\t\t\t\t<\/div>\n\t\t\t\t\t<\/div>\n\t\t<\/div>\n\t\t\t\t\t<\/div>\n\t\t<\/section>\n\t\t\t\t\t<\/div>\n\t\t<\/div>\n\t\t\t\t\t<\/div>\n\t\t<\/section>\n\t\t\t\t<section data-particle_enable=\"false\" data-particle-mobile-disabled=\"false\" class=\"elementor-section elementor-top-section elementor-element elementor-element-9f6f6df elementor-section-boxed elementor-section-height-default elementor-section-height-default\" data-id=\"9f6f6df\" data-element_type=\"section\" data-e-type=\"section\">\n\t\t\t\t\t\t<div class=\"elementor-container elementor-column-gap-default\">\n\t\t\t\t\t<div class=\"elementor-column elementor-col-100 elementor-top-column elementor-element elementor-element-eb77479\" data-id=\"eb77479\" data-element_type=\"column\" data-e-type=\"column\">\n\t\t\t<div class=\"elementor-widget-wrap elementor-element-populated\">\n\t\t\t\t\t\t<div class=\"elementor-element elementor-element-d566ec9 elementor-widget elementor-widget-shortcode\" data-id=\"d566ec9\" data-element_type=\"widget\" data-e-type=\"widget\" data-widget_type=\"shortcode.default\">\n\t\t\t\t<div class=\"elementor-widget-container\">\n\t\t\t\t\t\t\t<div class=\"elementor-shortcode\"><nav aria-label=\"breadcrumbs\">\n            <div class=\"breadcrumb-container theme1\">\n                <ol>\n                                    <\/ol>\n            <\/div>\n        <\/nav>    <script type=\"application\/ld+json\">\n        {\n            \"@context\": \"http:\/\/schema.org\",\n            \"@type\": \"BreadcrumbList\",\n            \"itemListElement\": [\n                            ]\n        }\n    <\/script>\n   \n    <script>\n            <\/script>\n<\/div>\n\t\t\t\t\t\t<\/div>\n\t\t\t\t<\/div>\n\t\t\t\t\t<\/div>\n\t\t<\/div>\n\t\t\t\t\t<\/div>\n\t\t<\/section>\n\t\t\t\t<section data-particle_enable=\"false\" data-particle-mobile-disabled=\"false\" class=\"elementor-section elementor-top-section elementor-element elementor-element-dbe78b2 elementor-section-boxed elementor-section-height-default elementor-section-height-default\" data-id=\"dbe78b2\" data-element_type=\"section\" data-e-type=\"section\">\n\t\t\t\t\t\t<div class=\"elementor-container elementor-column-gap-default\">\n\t\t\t\t\t<div class=\"elementor-column elementor-col-100 elementor-top-column elementor-element elementor-element-028b166\" data-id=\"028b166\" data-element_type=\"column\" data-e-type=\"column\">\n\t\t\t<div class=\"elementor-widget-wrap elementor-element-populated\">\n\t\t\t\t\t\t<div class=\"elementor-element elementor-element-cd9490c elementor-widget elementor-widget-text-editor\" data-id=\"cd9490c\" data-element_type=\"widget\" data-e-type=\"widget\" data-widget_type=\"text-editor.default\">\n\t\t\t\t<div class=\"elementor-widget-container\">\n\t\t\t\t\t\t\t\t\t<h2>Solicitudes de vuelo<\/h2><p>Para los invitados que vivan a m\u00e1s de 250 millas del campus, ºÚÁÏ³Ô¹ÏÍø se complace en proporcionar el reembolso de los costos de los vuelos de avi\u00f3n nacionales para el estudiante y uno de sus padres o tutor hasta 250 d\u00f3lares por persona. ºÚÁÏ³Ô¹ÏÍø proporcionar\u00e1 el viaje de cortes\u00eda al campus s\u00f3lo una vez, y no cubrimos el alojamiento ni los gastos adicionales como equipaje facturado, mejora de asiento o transporte al aeropuerto.<\/p><p>Todos los recibos cargados est\u00e1n sujetos a verificaci\u00f3n y revisi\u00f3n. Se requiere un documento de identidad v\u00e1lido para recoger los cheques de reembolso, que s\u00f3lo se distribuir\u00e1n durante el Fin de Semana de Becas. Lamentablemente, no podemos reembolsar a los invitados que no asistan al Fin de Semana de Becas.<\/p><p>Para el reembolso de vuelos, aseg\u00farate de que todas las partes del <a href=\"https:\/\/apply.oglethorpe.edu\/register\/flights2025\" target=\"_blank\" rel=\"noreferrer noopener\">Formulario de Solicitud de Reembolso de Vuelos<\/a> est\u00e1n llenadas apropiadamente y enviadas antes del lunes 8 de enero de 2025 a las 5:00 p.m. EST.<\/p>\t\t\t\t\t\t\t\t<\/div>\n\t\t\t\t<\/div>\n\t\t\t\t<div class=\"elementor-element elementor-element-a6d04dc elementor-widget-divider--view-line elementor-widget elementor-widget-divider\" data-id=\"a6d04dc\" data-element_type=\"widget\" data-e-type=\"widget\" data-widget_type=\"divider.default\">\n\t\t\t\t<div class=\"elementor-widget-container\">\n\t\t\t\t\t\t\t<div class=\"elementor-divider\">\n\t\t\t<span class=\"elementor-divider-separator\">\n\t\t\t\t\t\t<\/span>\n\t\t<\/div>\n\t\t\t\t\t\t<\/div>\n\t\t\t\t<\/div>\n\t\t\t\t\t<\/div>\n\t\t<\/div>\n\t\t\t\t\t<\/div>\n\t\t<\/section>\n\t\t\t\t<section data-particle_enable=\"false\" data-particle-mobile-disabled=\"false\" class=\"elementor-section elementor-top-section elementor-element elementor-element-6272ca5 elementor-section-boxed elementor-section-height-default elementor-section-height-default\" data-id=\"6272ca5\" data-element_type=\"section\" data-e-type=\"section\">\n\t\t\t\t\t\t<div class=\"elementor-container elementor-column-gap-default\">\n\t\t\t\t\t<div class=\"elementor-column elementor-col-100 elementor-top-column elementor-element elementor-element-3460634\" data-id=\"3460634\" data-element_type=\"column\" data-e-type=\"column\">\n\t\t\t<div class=\"elementor-widget-wrap elementor-element-populated\">\n\t\t\t\t\t\t<div class=\"elementor-element elementor-element-306892c elementor-widget elementor-widget-text-editor\" data-id=\"306892c\" data-element_type=\"widget\" data-e-type=\"widget\" data-widget_type=\"text-editor.default\">\n\t\t\t\t<div class=\"elementor-widget-container\">\n\t\t\t\t\t\t\t\t\t<h2>Reservaciones de hotel<\/h2><p>Ya que viajas a Atlanta, deja que ºÚÁÏ³Ô¹ÏÍø te ayude a organizar tu estancia en el <a href=\"https:\/\/www.marriott.com\/event-reservations\/reservation-link.mi?id=1699288803216&amp;key=GRP&amp;app=resvlink\" target=\"_blank\" rel=\"noreferrer noopener\">AC Hotel Buckhead at Phipps Plaza<\/a>. Situado a pocos minutos de ºÚÁÏ³Ô¹ÏÍø, el AC Hotel ofrece una tarifa especial de $169 m\u00e1s impuestos para enero y $169 m\u00e1s impuestos para febrero, exclusivamente para los hu\u00e9spedes del Fin de Semana de Becas. Para tu comodidad, ºÚÁÏ³Ô¹ÏÍø proporciona transporte de ida y vuelta al campus al principio y al final de las competiciones diarias. Las habitaciones son limitadas, por lo que <a href=\"https:\/\/www.marriott.com\/event-reservations\/reservation-link.mi?id=1725397176211&amp;key=GRP&amp;guestreslink2=true\" target=\"_blank\" rel=\"noreferrer noopener\">te pedimos que completes tu solicitud de alojamiento<\/a> para enero antes del <strong>22 de diciembre<\/strong> y <a href=\"https:\/\/www.marriott.com\/event-reservations\/reservation-link.mi?id=1725471371706&amp;key=GRP&amp;guestreslink2=true\" target=\"_blank\" rel=\"noreferrer noopener\">la de febrero<\/a> antes del <strong>19 de enero<\/strong>. Aseg\u00farate de consultar tus correos electr\u00f3nicos antes y durante el Fin de Semana de Becas para obtener informaci\u00f3n sobre los horarios del transporte.<\/p><p>Despu\u00e9s de enviar tu formulario de solicitud de hotel, el AC Hotel Buckhead at Phipps Plaza realizar\u00e1 directamente cualquier cambio en tu solicitud. Si en ese momento tienes preguntas sobre el tipo de habitaci\u00f3n, aparcamiento, servicios, etc., ponte en contacto directamente con el AC Hotel.<\/p>\t\t\t\t\t\t\t\t<\/div>\n\t\t\t\t<\/div>\n\t\t\t\t\t<\/div>\n\t\t<\/div>\n\t\t\t\t\t<\/div>\n\t\t<\/section>\n\t\t\t\t<\/div>\n\t\t","protected":false},"excerpt":{"rendered":"<p>Vuelos y Hoteles Solicitudes de vuelo Para los invitados que vivan a m\u00e1s de 250 millas del campus, ºÚÁÏ³Ô¹ÏÍø se [&hellip;]<\/p>\n","protected":false},"author":90,"featured_media":0,"parent":79106,"menu_order":0,"comment_status":"closed","ping_status":"closed","template":"","meta":{"_acf_changed":false,"site-sidebar-layout":"no-sidebar","site-content-layout":"","ast-site-content-layout":"full-width-container","site-content-style":"default","site-sidebar-style":"default","ast-global-header-display":"","ast-banner-title-visibility":"","ast-main-header-display":"","ast-hfb-above-header-display":"","ast-hfb-below-header-display":"","ast-hfb-mobile-header-display":"","site-post-title":"disabled","ast-breadcrumbs-content":"","ast-featured-img":"disabled","footer-sml-layout":"","theme-transparent-header-meta":"","adv-header-id-meta":"","stick-header-meta":"","header-above-stick-meta":"","header-main-stick-meta":"","header-below-stick-meta":"","astra-migrate-meta-layouts":"default","ast-page-background-enabled":"default","ast-page-background-meta":{"desktop":{"background-color":"var(--ast-global-color-4)","background-image":"","background-repeat":"repeat","background-position":"center center","background-size":"auto","background-attachment":"scroll","background-type":"","background-media":"","overlay-type":"","overlay-color":"","overlay-opacity":"","overlay-gradient":""},"tablet":{"background-color":"","background-image":"","background-repeat":"repeat","background-position":"center center","background-size":"auto","background-attachment":"scroll","background-type":"","background-media":"","overlay-type":"","overlay-color":"","overlay-opacity":"","overlay-gradient":""},"mobile":{"background-color":"","background-image":"","background-repeat":"repeat","background-position":"center center","background-size":"auto","background-attachment":"scroll","background-type":"","background-media":"","overlay-type":"","overlay-color":"","overlay-opacity":"","overlay-gradient":""}},"ast-content-background-meta":{"desktop":{"background-color":"var(--ast-global-color-5)","background-image":"","background-repeat":"repeat","background-position":"center center","background-size":"auto","background-attachment":"scroll","background-type":"","background-media":"","overlay-type":"","overlay-color":"","overlay-opacity":"","overlay-gradient":""},"tablet":{"background-color":"var(--ast-global-color-5)","background-image":"","background-repeat":"repeat","background-position":"center center","background-size":"auto","background-attachment":"scroll","background-type":"","background-media":"","overlay-type":"","overlay-color":"","overlay-opacity":"","overlay-gradient":""},"mobile":{"background-color":"var(--ast-global-color-5)","background-image":"","background-repeat":"repeat","background-position":"center center","background-size":"auto","background-attachment":"scroll","background-type":"","background-media":"","overlay-type":"","overlay-color":"","overlay-opacity":"","overlay-gradient":""}},"footnotes":""},"page_page-category":[],"page_page-tag":[],"offered_as":[],"program_tags":[],"programtypes_page":[],"class_list":["post-81948","page","type-page","status-publish","hentry"],"acf":[],"yoast_head":"<!-- This site is optimized with the Yoast SEO Premium plugin v27.2 (Yoast SEO v27.2) - https:\/\/yoast.com\/product\/yoast-seo-premium-wordpress\/ -->\n<title>Vuelos y Hoteles - ºÚÁÏ³Ô¹ÏÍø<\/title>\n<meta name=\"description\" content=\"Encuentra informaci\u00f3n \u00fatil para reservar vuelos y hoteles y obtener reembolsos para el Fin de Semana de Becas en la Universidad de ºÚÁÏ³Ô¹ÏÍø.\" \/>\n<meta name=\"robots\" content=\"index, follow, max-snippet:-1, max-image-preview:large, max-video-preview:-1\" \/>\n<link rel=\"canonical\" href=\"https:\/\/oglethorpe.edu\/es\/admision\/visitas-y-eventos\/fin-de-semana-de-becas\/vuelos-y-hoteles\/\" \/>\n<meta property=\"og:locale\" content=\"es_ES\" \/>\n<meta property=\"og:type\" content=\"article\" \/>\n<meta property=\"og:title\" content=\"Vuelos y Hoteles\" \/>\n<meta property=\"og:description\" content=\"Encuentra informaci\u00f3n \u00fatil para reservar vuelos y hoteles y obtener reembolsos para el Fin de Semana de Becas en la Universidad de ºÚÁÏ³Ô¹ÏÍø.\" \/>\n<meta property=\"og:url\" content=\"https:\/\/oglethorpe.edu\/es\/admision\/visitas-y-eventos\/fin-de-semana-de-becas\/vuelos-y-hoteles\/\" \/>\n<meta property=\"og:site_name\" content=\"ºÚÁÏ³Ô¹ÏÍø\" \/>\n<meta property=\"article:publisher\" content=\"https:\/\/www.facebook.com\/oglethorpeuniversity\" \/>\n<meta property=\"article:modified_time\" content=\"2025-03-17T18:38:50+00:00\" \/>\n<meta name=\"twitter:card\" content=\"summary_large_image\" \/>\n<meta name=\"twitter:label1\" content=\"Tiempo de lectura\" \/>\n\t<meta name=\"twitter:data1\" content=\"2 minutos\" \/>\n<script type=\"application\/ld+json\" class=\"yoast-schema-graph\">{\"@context\":\"https:\/\/schema.org\",\"@graph\":[{\"@type\":\"WebPage\",\"@id\":\"https:\/\/oglethorpe.edu\/es\/admision\/visitas-y-eventos\/fin-de-semana-de-becas\/vuelos-y-hoteles\/\",\"url\":\"https:\/\/oglethorpe.edu\/es\/admision\/visitas-y-eventos\/fin-de-semana-de-becas\/vuelos-y-hoteles\/\",\"name\":\"Vuelos y Hoteles - ºÚÁÏ³Ô¹ÏÍø\",\"isPartOf\":{\"@id\":\"https:\/\/oglethorpe.edu\/es\/#website\"},\"datePublished\":\"2021-11-16T15:03:00+00:00\",\"dateModified\":\"2025-03-17T18:38:50+00:00\",\"description\":\"Encuentra informaci\u00f3n \u00fatil para reservar vuelos y hoteles y obtener reembolsos para el Fin de Semana de Becas en la Universidad de ºÚÁÏ³Ô¹ÏÍø.\",\"breadcrumb\":{\"@id\":\"https:\/\/oglethorpe.edu\/es\/admision\/visitas-y-eventos\/fin-de-semana-de-becas\/vuelos-y-hoteles\/#breadcrumb\"},\"inLanguage\":\"es\",\"potentialAction\":[{\"@type\":\"ReadAction\",\"target\":[\"https:\/\/oglethorpe.edu\/es\/admision\/visitas-y-eventos\/fin-de-semana-de-becas\/vuelos-y-hoteles\/\"]}]},{\"@type\":\"BreadcrumbList\",\"@id\":\"https:\/\/oglethorpe.edu\/es\/admision\/visitas-y-eventos\/fin-de-semana-de-becas\/vuelos-y-hoteles\/#breadcrumb\",\"itemListElement\":[{\"@type\":\"ListItem\",\"position\":1,\"name\":\"Home\",\"item\":\"https:\/\/oglethorpe.edu\/es\/\"},{\"@type\":\"ListItem\",\"position\":2,\"name\":\"Admisi\u00f3n\",\"item\":\"https:\/\/oglethorpe.edu\/es\/admission\/\"},{\"@type\":\"ListItem\",\"position\":3,\"name\":\"Visitas y Eventos\",\"item\":\"https:\/\/oglethorpe.edu\/es\/admission\/visits-events\/\"},{\"@type\":\"ListItem\",\"position\":4,\"name\":\"Fin de semana de becas\",\"item\":\"https:\/\/oglethorpe.edu\/es\/admission\/visits-events\/scholarship-weekend\/\"},{\"@type\":\"ListItem\",\"position\":5,\"name\":\"Vuelos y Hoteles\"}]},{\"@type\":\"WebSite\",\"@id\":\"https:\/\/oglethorpe.edu\/es\/#website\",\"url\":\"https:\/\/oglethorpe.edu\/es\/\",\"name\":\"ºÚÁÏ³Ô¹ÏÍø\",\"description\":\"\",\"publisher\":{\"@id\":\"https:\/\/oglethorpe.edu\/es\/#organization\"},\"potentialAction\":[{\"@type\":\"SearchAction\",\"target\":{\"@type\":\"EntryPoint\",\"urlTemplate\":\"https:\/\/oglethorpe.edu\/es\/?s={search_term_string}\"},\"query-input\":{\"@type\":\"PropertyValueSpecification\",\"valueRequired\":true,\"valueName\":\"search_term_string\"}}],\"inLanguage\":\"es\"},{\"@type\":\"Organization\",\"@id\":\"https:\/\/oglethorpe.edu\/es\/#organization\",\"name\":\"ºÚÁÏ³Ô¹ÏÍø\",\"url\":\"https:\/\/oglethorpe.edu\/es\/\",\"logo\":{\"@type\":\"ImageObject\",\"inLanguage\":\"es\",\"@id\":\"https:\/\/oglethorpe.edu\/es\/#\/schema\/logo\/image\/\",\"url\":\"https:\/\/oglethorpe.edu\/wp-content\/uploads\/2024\/02\/oglethorpe-full-logo-new-1-1.png\",\"contentUrl\":\"https:\/\/oglethorpe.edu\/wp-content\/uploads\/2024\/02\/oglethorpe-full-logo-new-1-1.png\",\"width\":1112,\"height\":492,\"caption\":\"ºÚÁÏ³Ô¹ÏÍø\"},\"image\":{\"@id\":\"https:\/\/oglethorpe.edu\/es\/#\/schema\/logo\/image\/\"},\"sameAs\":[\"https:\/\/www.facebook.com\/oglethorpeuniversity\",\"https:\/\/instagram.com\/oglethorpeuniv\/\",\"https:\/\/www.linkedin.com\/edu\/school?id=18180&trk=tyah&trkInfo=clickedVerticalschoolclickedEntityId18180idx3-1-12tarId1438180301152tasoglethorpe\"]}]}<\/script>\n<!-- \/ Yoast SEO Premium plugin. -->","yoast_head_json":{"title":"Vuelos y Hoteles - ºÚÁÏ³Ô¹ÏÍø","description":"Encuentra informaci\u00f3n \u00fatil para reservar vuelos y hoteles y obtener reembolsos para el Fin de Semana de Becas en la Universidad de ºÚÁÏ³Ô¹ÏÍø.","robots":{"index":"index","follow":"follow","max-snippet":"max-snippet:-1","max-image-preview":"max-image-preview:large","max-video-preview":"max-video-preview:-1"},"canonical":"https:\/\/oglethorpe.edu\/es\/admision\/visitas-y-eventos\/fin-de-semana-de-becas\/vuelos-y-hoteles\/","og_locale":"es_ES","og_type":"article","og_title":"Vuelos y Hoteles","og_description":"Encuentra informaci\u00f3n \u00fatil para reservar vuelos y hoteles y obtener reembolsos para el Fin de Semana de Becas en la Universidad de ºÚÁÏ³Ô¹ÏÍø.","og_url":"https:\/\/oglethorpe.edu\/es\/admision\/visitas-y-eventos\/fin-de-semana-de-becas\/vuelos-y-hoteles\/","og_site_name":"ºÚÁÏ³Ô¹ÏÍø","article_publisher":"https:\/\/www.facebook.com\/oglethorpeuniversity","article_modified_time":"2025-03-17T18:38:50+00:00","twitter_card":"summary_large_image","twitter_misc":{"Tiempo de lectura":"2 minutos"},"schema":{"@context":"https:\/\/schema.org","@graph":[{"@type":"WebPage","@id":"https:\/\/oglethorpe.edu\/es\/admision\/visitas-y-eventos\/fin-de-semana-de-becas\/vuelos-y-hoteles\/","url":"https:\/\/oglethorpe.edu\/es\/admision\/visitas-y-eventos\/fin-de-semana-de-becas\/vuelos-y-hoteles\/","name":"Vuelos y Hoteles - ºÚÁÏ³Ô¹ÏÍø","isPartOf":{"@id":"https:\/\/oglethorpe.edu\/es\/#website"},"datePublished":"2021-11-16T15:03:00+00:00","dateModified":"2025-03-17T18:38:50+00:00","description":"Encuentra informaci\u00f3n \u00fatil para reservar vuelos y hoteles y obtener reembolsos para el Fin de Semana de Becas en la Universidad de ºÚÁÏ³Ô¹ÏÍø.","breadcrumb":{"@id":"https:\/\/oglethorpe.edu\/es\/admision\/visitas-y-eventos\/fin-de-semana-de-becas\/vuelos-y-hoteles\/#breadcrumb"},"inLanguage":"es","potentialAction":[{"@type":"ReadAction","target":["https:\/\/oglethorpe.edu\/es\/admision\/visitas-y-eventos\/fin-de-semana-de-becas\/vuelos-y-hoteles\/"]}]},{"@type":"BreadcrumbList","@id":"https:\/\/oglethorpe.edu\/es\/admision\/visitas-y-eventos\/fin-de-semana-de-becas\/vuelos-y-hoteles\/#breadcrumb","itemListElement":[{"@type":"ListItem","position":1,"name":"Home","item":"https:\/\/oglethorpe.edu\/es\/"},{"@type":"ListItem","position":2,"name":"Admisi\u00f3n","item":"https:\/\/oglethorpe.edu\/es\/admission\/"},{"@type":"ListItem","position":3,"name":"Visitas y Eventos","item":"https:\/\/oglethorpe.edu\/es\/admission\/visits-events\/"},{"@type":"ListItem","position":4,"name":"Fin de semana de becas","item":"https:\/\/oglethorpe.edu\/es\/admission\/visits-events\/scholarship-weekend\/"},{"@type":"ListItem","position":5,"name":"Vuelos y Hoteles"}]},{"@type":"WebSite","@id":"https:\/\/oglethorpe.edu\/es\/#website","url":"https:\/\/oglethorpe.edu\/es\/","name":"ºÚÁÏ³Ô¹ÏÍø","description":"","publisher":{"@id":"https:\/\/oglethorpe.edu\/es\/#organization"},"potentialAction":[{"@type":"SearchAction","target":{"@type":"EntryPoint","urlTemplate":"https:\/\/oglethorpe.edu\/es\/?s={search_term_string}"},"query-input":{"@type":"PropertyValueSpecification","valueRequired":true,"valueName":"search_term_string"}}],"inLanguage":"es"},{"@type":"Organization","@id":"https:\/\/oglethorpe.edu\/es\/#organization","name":"ºÚÁÏ³Ô¹ÏÍø","url":"https:\/\/oglethorpe.edu\/es\/","logo":{"@type":"ImageObject","inLanguage":"es","@id":"https:\/\/oglethorpe.edu\/es\/#\/schema\/logo\/image\/","url":"https:\/\/oglethorpe.edu\/wp-content\/uploads\/2024\/02\/oglethorpe-full-logo-new-1-1.png","contentUrl":"https:\/\/oglethorpe.edu\/wp-content\/uploads\/2024\/02\/oglethorpe-full-logo-new-1-1.png","width":1112,"height":492,"caption":"ºÚÁÏ³Ô¹ÏÍø"},"image":{"@id":"https:\/\/oglethorpe.edu\/es\/#\/schema\/logo\/image\/"},"sameAs":["https:\/\/www.facebook.com\/oglethorpeuniversity","https:\/\/instagram.com\/oglethorpeuniv\/","https:\/\/www.linkedin.com\/edu\/school?id=18180&trk=tyah&trkInfo=clickedVerticalschoolclickedEntityId18180idx3-1-12tarId1438180301152tasoglethorpe"]}]}},"_links":{"self":[{"href":"https:\/\/oglethorpe.edu\/es\/wp-json\/wp\/v2\/pages\/81948","targetHints":{"allow":["GET"]}}],"collection":[{"href":"https:\/\/oglethorpe.edu\/es\/wp-json\/wp\/v2\/pages"}],"about":[{"href":"https:\/\/oglethorpe.edu\/es\/wp-json\/wp\/v2\/types\/page"}],"author":[{"embeddable":true,"href":"https:\/\/oglethorpe.edu\/es\/wp-json\/wp\/v2\/users\/90"}],"replies":[{"embeddable":true,"href":"https:\/\/oglethorpe.edu\/es\/wp-json\/wp\/v2\/comments?post=81948"}],"version-history":[{"count":0,"href":"https:\/\/oglethorpe.edu\/es\/wp-json\/wp\/v2\/pages\/81948\/revisions"}],"up":[{"embeddable":true,"href":"https:\/\/oglethorpe.edu\/es\/wp-json\/wp\/v2\/pages\/79106"}],"wp:attachment":[{"href":"https:\/\/oglethorpe.edu\/es\/wp-json\/wp\/v2\/media?parent=81948"}],"wp:term":[{"taxonomy":"page_page-category","embeddable":true,"href":"https:\/\/oglethorpe.edu\/es\/wp-json\/wp\/v2\/page_page-category?post=81948"},{"taxonomy":"page_page-tag","embeddable":true,"href":"https:\/\/oglethorpe.edu\/es\/wp-json\/wp\/v2\/page_page-tag?post=81948"},{"taxonomy":"offered_as","embeddable":true,"href":"https:\/\/oglethorpe.edu\/es\/wp-json\/wp\/v2\/offered_as?post=81948"},{"taxonomy":"program_tags","embeddable":true,"href":"https:\/\/oglethorpe.edu\/es\/wp-json\/wp\/v2\/program_tags?post=81948"},{"taxonomy":"programtypes_page","embeddable":true,"href":"https:\/\/oglethorpe.edu\/es\/wp-json\/wp\/v2\/programtypes_page?post=81948"}],"curies":[{"name":"wp","href":"https:\/\/api.w.org\/{rel}","templated":true}]}}