  {"id":83216,"date":"2025-06-09T17:25:26","date_gmt":"2025-06-09T17:25:26","guid":{"rendered":"https:\/\/oglethorpe.edu\/solicitudes-de-accesibilidad-para-el-comienzo\/"},"modified":"2025-06-16T14:53:50","modified_gmt":"2025-06-16T14:53:50","slug":"solicitudes-de-accesibilidad-para-el-comienzo","status":"publish","type":"page","link":"https:\/\/oglethorpe.edu\/es\/academicos\/comienzo\/solicitudes-de-accesibilidad-para-el-comienzo\/","title":{"rendered":"Solicitudes de accesibilidad para el comienzo"},"content":{"rendered":"\t\t<div data-elementor-type=\"wp-page\" data-elementor-id=\"83216\" class=\"elementor elementor-83216 elementor-83070\" data-elementor-post-type=\"page\">\n\t\t\t\t\t\t<section data-particle_enable=\"false\" data-particle-mobile-disabled=\"false\" class=\"elementor-section elementor-top-section elementor-element elementor-element-738cf10f elementor-section-full_width elementor-section-height-default elementor-section-height-default\" data-id=\"738cf10f\" data-element_type=\"section\" data-e-type=\"section\" data-settings=\"{&quot;background_background&quot;:&quot;classic&quot;}\">\n\t\t\t\t\t\t\t<div class=\"elementor-background-overlay\"><\/div>\n\t\t\t\t\t\t\t<div class=\"elementor-container elementor-column-gap-default\">\n\t\t\t\t\t<div class=\"elementor-column elementor-col-100 elementor-top-column elementor-element elementor-element-48744b23\" data-id=\"48744b23\" data-element_type=\"column\" data-e-type=\"column\">\n\t\t\t<div class=\"elementor-widget-wrap elementor-element-populated\">\n\t\t\t\t\t\t<section data-particle_enable=\"false\" data-particle-mobile-disabled=\"false\" class=\"elementor-section elementor-inner-section elementor-element elementor-element-75df2786 elementor-section-boxed elementor-section-height-default elementor-section-height-default\" data-id=\"75df2786\" data-element_type=\"section\" data-e-type=\"section\" data-settings=\"{&quot;background_background&quot;:&quot;classic&quot;}\">\n\t\t\t\t\t\t<div class=\"elementor-container elementor-column-gap-default\">\n\t\t\t\t\t<div class=\"elementor-column elementor-col-100 elementor-inner-column elementor-element elementor-element-ae18f9b\" data-id=\"ae18f9b\" data-element_type=\"column\" data-e-type=\"column\">\n\t\t\t<div class=\"elementor-widget-wrap elementor-element-populated\">\n\t\t\t\t\t\t<div class=\"elementor-element elementor-element-6c4aae4 banner_heading_new elementor-widget elementor-widget-heading\" data-id=\"6c4aae4\" data-element_type=\"widget\" data-e-type=\"widget\" data-widget_type=\"heading.default\">\n\t\t\t\t<div class=\"elementor-widget-container\">\n\t\t\t\t\t<h1 class=\"elementor-heading-title elementor-size-default\">Solicitudes de accesibilidad para el comienzo<\/h1>\t\t\t\t<\/div>\n\t\t\t\t<\/div>\n\t\t\t\t\t<\/div>\n\t\t<\/div>\n\t\t\t\t\t<\/div>\n\t\t<\/section>\n\t\t\t\t\t<\/div>\n\t\t<\/div>\n\t\t\t\t\t<\/div>\n\t\t<\/section>\n\t\t\t\t<section data-particle_enable=\"false\" data-particle-mobile-disabled=\"false\" class=\"elementor-section elementor-top-section elementor-element elementor-element-513629a elementor-section-boxed elementor-section-height-default elementor-section-height-default\" data-id=\"513629a\" data-element_type=\"section\" data-e-type=\"section\">\n\t\t\t\t\t\t<div class=\"elementor-container elementor-column-gap-default\">\n\t\t\t\t\t<div class=\"elementor-column elementor-col-100 elementor-top-column elementor-element elementor-element-0c5ca49\" data-id=\"0c5ca49\" data-element_type=\"column\" data-e-type=\"column\">\n\t\t\t<div class=\"elementor-widget-wrap elementor-element-populated\">\n\t\t\t\t\t\t<section data-particle_enable=\"false\" data-particle-mobile-disabled=\"false\" class=\"elementor-section elementor-inner-section elementor-element elementor-element-5063e77 elementor-section-boxed elementor-section-height-default elementor-section-height-default\" data-id=\"5063e77\" data-element_type=\"section\" data-e-type=\"section\">\n\t\t\t\t\t\t<div class=\"elementor-container elementor-column-gap-default\">\n\t\t\t\t\t<div class=\"elementor-column elementor-col-100 elementor-inner-column elementor-element elementor-element-e79ef4a\" data-id=\"e79ef4a\" data-element_type=\"column\" data-e-type=\"column\">\n\t\t\t<div class=\"elementor-widget-wrap elementor-element-populated\">\n\t\t\t\t\t\t<div class=\"elementor-element elementor-element-b6f2b20 elementor-widget__width-auto elementor-widget elementor-widget-shortcode\" data-id=\"b6f2b20\" data-element_type=\"widget\" data-e-type=\"widget\" data-widget_type=\"shortcode.default\">\n\t\t\t\t<div class=\"elementor-widget-container\">\n\t\t\t\t\t\t\t<div class=\"elementor-shortcode\"><nav aria-label=\"breadcrumbs\">\n            <div class=\"breadcrumb-container theme1\">\n                <ol>\n                                    <\/ol>\n            <\/div>\n        <\/nav>    <script type=\"application\/ld+json\">\n        {\n            \"@context\": \"http:\/\/schema.org\",\n            \"@type\": \"BreadcrumbList\",\n            \"itemListElement\": [\n                            ]\n        }\n    <\/script>\n   \n    <script>\n            <\/script>\n<\/div>\n\t\t\t\t\t\t<\/div>\n\t\t\t\t<\/div>\n\t\t\t\t\t<\/div>\n\t\t<\/div>\n\t\t\t\t\t<\/div>\n\t\t<\/section>\n\t\t\t\t\t<\/div>\n\t\t<\/div>\n\t\t\t\t\t<\/div>\n\t\t<\/section>\n\t\t\t\t<section data-particle_enable=\"false\" data-particle-mobile-disabled=\"false\" class=\"elementor-section elementor-top-section elementor-element elementor-element-69b1878 elementor-section-boxed elementor-section-height-default elementor-section-height-default\" data-id=\"69b1878\" data-element_type=\"section\" data-e-type=\"section\">\n\t\t\t\t\t\t<div class=\"elementor-container elementor-column-gap-default\">\n\t\t\t\t\t<div class=\"elementor-column elementor-col-100 elementor-top-column elementor-element elementor-element-2590026\" data-id=\"2590026\" data-element_type=\"column\" data-e-type=\"column\">\n\t\t\t<div class=\"elementor-widget-wrap elementor-element-populated\">\n\t\t\t\t\t\t<div class=\"elementor-element elementor-element-1c05f08 elementor-widget elementor-widget-text-editor\" data-id=\"1c05f08\" data-element_type=\"widget\" data-e-type=\"widget\" data-widget_type=\"text-editor.default\">\n\t\t\t\t<div class=\"elementor-widget-container\">\n\t\t\t\t\t\t\t\t\t<p>Consulta a continuaci\u00f3n la informaci\u00f3n relativa a la accesibilidad durante la ceremonia de graduaci\u00f3n.<\/p><p><a href=\"https:\/\/forms.office.com\/Pages\/ResponsePage.aspx?id=2wsOXoKBV0Sc3hi4HmQoEdZikoOzD7RDh0UCME5ygN9UMjlCSEFHSUFIVDlGQ1oxT09PQ1RKQkE1OS4u\">Rellena este formulario para solicitar una adaptaci\u00f3n.<\/a><\/p><h2>Aparcamiento<\/h2><p>Los invitados que utilicen silla de ruedas, andador o cualquier otro dispositivo de ayuda a la movilidad, deben aparcar en el aparcamiento de la facultad, junto a Hearst Hall. El personal de seguridad del campus puede indicarte d\u00f3nde est\u00e1 este aparcamiento. Para facilitar el aparcamiento y la colocaci\u00f3n de los asientos, se recomienda encarecidamente que los invitados que necesiten ayuda para moverse lleguen al campus al menos 45 minutos antes del comienzo de la ceremonia.<\/p><h2>Sillas de ruedas<\/h2><p>Ten en cuenta que ºÚÁÏ³Ô¹ÏÍø no proporciona sillas de ruedas en el sitio. Sin embargo, si est\u00e1s interesado en alquilar una silla de ruedas, puedes hacerlo a trav\u00e9s de ADA Medical Supply. Aseg\u00farate de reservar tu silla de ruedas al menos con una semana de antelaci\u00f3n.<\/p><h2>Pol\u00edtica de animales<\/h2><p>De acuerdo con la pol\u00edtica de la universidad y las directrices de la ADA, en las ceremonias de graduaci\u00f3n s\u00f3lo se permiten animales de servicio adiestrados individualmente para realizar tareas para una persona con discapacidad. Los animales de apoyo emocional y las mascotas no est\u00e1n permitidos en el acto.<\/p><h3>\u00bfTienes preguntas?<\/h3><p>Si tienes alguna pregunta espec\u00edfica sobre una adaptaci\u00f3n por discapacidad, env\u00eda un correo electr\u00f3nico <a href=\"mailto:accessibility@oglethorpe.edu\">a accessibility@oglethorpe.edu.<\/a><\/p>\t\t\t\t\t\t\t\t<\/div>\n\t\t\t\t<\/div>\n\t\t\t\t\t<\/div>\n\t\t<\/div>\n\t\t\t\t\t<\/div>\n\t\t<\/section>\n\t\t\t\t<\/div>\n\t\t","protected":false},"excerpt":{"rendered":"<p>Solicitudes de accesibilidad para el comienzo Consulta a continuaci\u00f3n la informaci\u00f3n relativa a la accesibilidad durante la ceremonia de graduaci\u00f3n. [&hellip;]<\/p>\n","protected":false},"author":4,"featured_media":0,"parent":83221,"menu_order":0,"comment_status":"closed","ping_status":"closed","template":"","meta":{"_acf_changed":false,"site-sidebar-layout":"no-sidebar","site-content-layout":"","ast-site-content-layout":"full-width-container","site-content-style":"default","site-sidebar-style":"default","ast-global-header-display":"","ast-banner-title-visibility":"","ast-main-header-display":"","ast-hfb-above-header-display":"","ast-hfb-below-header-display":"","ast-hfb-mobile-header-display":"","site-post-title":"disabled","ast-breadcrumbs-content":"","ast-featured-img":"disabled","footer-sml-layout":"","theme-transparent-header-meta":"","adv-header-id-meta":"","stick-header-meta":"","header-above-stick-meta":"","header-main-stick-meta":"","header-below-stick-meta":"","astra-migrate-meta-layouts":"default","ast-page-background-enabled":"default","ast-page-background-meta":{"desktop":{"background-color":"var(--ast-global-color-4)","background-image":"","background-repeat":"repeat","background-position":"center center","background-size":"auto","background-attachment":"scroll","background-type":"","background-media":"","overlay-type":"","overlay-color":"","overlay-opacity":"","overlay-gradient":""},"tablet":{"background-color":"","background-image":"","background-repeat":"repeat","background-position":"center center","background-size":"auto","background-attachment":"scroll","background-type":"","background-media":"","overlay-type":"","overlay-color":"","overlay-opacity":"","overlay-gradient":""},"mobile":{"background-color":"","background-image":"","background-repeat":"repeat","background-position":"center center","background-size":"auto","background-attachment":"scroll","background-type":"","background-media":"","overlay-type":"","overlay-color":"","overlay-opacity":"","overlay-gradient":""}},"ast-content-background-meta":{"desktop":{"background-color":"var(--ast-global-color-5)","background-image":"","background-repeat":"repeat","background-position":"center center","background-size":"auto","background-attachment":"scroll","background-type":"","background-media":"","overlay-type":"","overlay-color":"","overlay-opacity":"","overlay-gradient":""},"tablet":{"background-color":"var(--ast-global-color-5)","background-image":"","background-repeat":"repeat","background-position":"center center","background-size":"auto","background-attachment":"scroll","background-type":"","background-media":"","overlay-type":"","overlay-color":"","overlay-opacity":"","overlay-gradient":""},"mobile":{"background-color":"var(--ast-global-color-5)","background-image":"","background-repeat":"repeat","background-position":"center center","background-size":"auto","background-attachment":"scroll","background-type":"","background-media":"","overlay-type":"","overlay-color":"","overlay-opacity":"","overlay-gradient":""}},"footnotes":""},"page_page-category":[],"page_page-tag":[],"offered_as":[],"program_tags":[],"programtypes_page":[],"class_list":["post-83216","page","type-page","status-publish","hentry"],"acf":[],"yoast_head":"<!-- This site is optimized with the Yoast SEO Premium plugin v27.2 (Yoast SEO v27.2) - https:\/\/yoast.com\/product\/yoast-seo-premium-wordpress\/ -->\n<title>Solicitudes de accesibilidad para el comienzo - ºÚÁÏ³Ô¹ÏÍø<\/title>\n<meta name=\"description\" content=\"Las solicitudes de servicios de accesibilidad pueden enviarse utilizando un formulario aqu\u00ed; tambi\u00e9n encontrar\u00e1s informaci\u00f3n sobre aparcamiento y mucho m\u00e1s.\" \/>\n<meta name=\"robots\" content=\"index, follow, max-snippet:-1, max-image-preview:large, max-video-preview:-1\" \/>\n<link rel=\"canonical\" href=\"https:\/\/oglethorpe.edu\/es\/academicos\/comienzo\/solicitudes-de-accesibilidad-para-el-comienzo\/\" \/>\n<meta property=\"og:locale\" content=\"es_ES\" \/>\n<meta property=\"og:type\" content=\"article\" \/>\n<meta property=\"og:title\" content=\"Solicitudes de accesibilidad para el comienzo\" \/>\n<meta property=\"og:description\" content=\"Las solicitudes de servicios de accesibilidad pueden enviarse utilizando un formulario aqu\u00ed; tambi\u00e9n encontrar\u00e1s informaci\u00f3n sobre aparcamiento y mucho m\u00e1s.\" \/>\n<meta property=\"og:url\" content=\"https:\/\/oglethorpe.edu\/es\/academicos\/comienzo\/solicitudes-de-accesibilidad-para-el-comienzo\/\" \/>\n<meta property=\"og:site_name\" content=\"ºÚÁÏ³Ô¹ÏÍø\" \/>\n<meta property=\"article:publisher\" content=\"https:\/\/www.facebook.com\/oglethorpeuniversity\" \/>\n<meta property=\"article:modified_time\" content=\"2025-06-16T14:53:50+00:00\" \/>\n<meta name=\"twitter:card\" content=\"summary_large_image\" \/>\n<meta name=\"twitter:label1\" content=\"Tiempo de lectura\" \/>\n\t<meta name=\"twitter:data1\" content=\"2 minutos\" \/>\n<script type=\"application\/ld+json\" class=\"yoast-schema-graph\">{\"@context\":\"https:\/\/schema.org\",\"@graph\":[{\"@type\":\"WebPage\",\"@id\":\"https:\/\/oglethorpe.edu\/es\/academicos\/comienzo\/solicitudes-de-accesibilidad-para-el-comienzo\/\",\"url\":\"https:\/\/oglethorpe.edu\/es\/academicos\/comienzo\/solicitudes-de-accesibilidad-para-el-comienzo\/\",\"name\":\"Solicitudes de accesibilidad para el comienzo - ºÚÁÏ³Ô¹ÏÍø\",\"isPartOf\":{\"@id\":\"https:\/\/oglethorpe.edu\/es\/#website\"},\"datePublished\":\"2025-06-09T17:25:26+00:00\",\"dateModified\":\"2025-06-16T14:53:50+00:00\",\"description\":\"Las solicitudes de servicios de accesibilidad pueden enviarse utilizando un formulario aqu\u00ed; tambi\u00e9n encontrar\u00e1s informaci\u00f3n sobre aparcamiento y mucho m\u00e1s.\",\"breadcrumb\":{\"@id\":\"https:\/\/oglethorpe.edu\/es\/academicos\/comienzo\/solicitudes-de-accesibilidad-para-el-comienzo\/#breadcrumb\"},\"inLanguage\":\"es\",\"potentialAction\":[{\"@type\":\"ReadAction\",\"target\":[\"https:\/\/oglethorpe.edu\/es\/academicos\/comienzo\/solicitudes-de-accesibilidad-para-el-comienzo\/\"]}]},{\"@type\":\"BreadcrumbList\",\"@id\":\"https:\/\/oglethorpe.edu\/es\/academicos\/comienzo\/solicitudes-de-accesibilidad-para-el-comienzo\/#breadcrumb\",\"itemListElement\":[{\"@type\":\"ListItem\",\"position\":1,\"name\":\"Home\",\"item\":\"https:\/\/oglethorpe.edu\/es\/\"},{\"@type\":\"ListItem\",\"position\":2,\"name\":\"Acad\u00e9micos\",\"item\":\"https:\/\/oglethorpe.edu\/es\/academics\/\"},{\"@type\":\"ListItem\",\"position\":3,\"name\":\"Comienzo\",\"item\":\"https:\/\/oglethorpe.edu\/es\/academics\/commencement\/\"},{\"@type\":\"ListItem\",\"position\":4,\"name\":\"Solicitudes de accesibilidad para el comienzo\"}]},{\"@type\":\"WebSite\",\"@id\":\"https:\/\/oglethorpe.edu\/es\/#website\",\"url\":\"https:\/\/oglethorpe.edu\/es\/\",\"name\":\"ºÚÁÏ³Ô¹ÏÍø\",\"description\":\"\",\"publisher\":{\"@id\":\"https:\/\/oglethorpe.edu\/es\/#organization\"},\"potentialAction\":[{\"@type\":\"SearchAction\",\"target\":{\"@type\":\"EntryPoint\",\"urlTemplate\":\"https:\/\/oglethorpe.edu\/es\/?s={search_term_string}\"},\"query-input\":{\"@type\":\"PropertyValueSpecification\",\"valueRequired\":true,\"valueName\":\"search_term_string\"}}],\"inLanguage\":\"es\"},{\"@type\":\"Organization\",\"@id\":\"https:\/\/oglethorpe.edu\/es\/#organization\",\"name\":\"ºÚÁÏ³Ô¹ÏÍø\",\"url\":\"https:\/\/oglethorpe.edu\/es\/\",\"logo\":{\"@type\":\"ImageObject\",\"inLanguage\":\"es\",\"@id\":\"https:\/\/oglethorpe.edu\/es\/#\/schema\/logo\/image\/\",\"url\":\"https:\/\/oglethorpe.edu\/wp-content\/uploads\/2024\/02\/oglethorpe-full-logo-new-1-1.png\",\"contentUrl\":\"https:\/\/oglethorpe.edu\/wp-content\/uploads\/2024\/02\/oglethorpe-full-logo-new-1-1.png\",\"width\":1112,\"height\":492,\"caption\":\"ºÚÁÏ³Ô¹ÏÍø\"},\"image\":{\"@id\":\"https:\/\/oglethorpe.edu\/es\/#\/schema\/logo\/image\/\"},\"sameAs\":[\"https:\/\/www.facebook.com\/oglethorpeuniversity\",\"https:\/\/instagram.com\/oglethorpeuniv\/\",\"https:\/\/www.linkedin.com\/edu\/school?id=18180&trk=tyah&trkInfo=clickedVerticalschoolclickedEntityId18180idx3-1-12tarId1438180301152tasoglethorpe\"]}]}<\/script>\n<!-- \/ Yoast SEO Premium plugin. -->","yoast_head_json":{"title":"Solicitudes de accesibilidad para el comienzo - ºÚÁÏ³Ô¹ÏÍø","description":"Las solicitudes de servicios de accesibilidad pueden enviarse utilizando un formulario aqu\u00ed; tambi\u00e9n encontrar\u00e1s informaci\u00f3n sobre aparcamiento y mucho m\u00e1s.","robots":{"index":"index","follow":"follow","max-snippet":"max-snippet:-1","max-image-preview":"max-image-preview:large","max-video-preview":"max-video-preview:-1"},"canonical":"https:\/\/oglethorpe.edu\/es\/academicos\/comienzo\/solicitudes-de-accesibilidad-para-el-comienzo\/","og_locale":"es_ES","og_type":"article","og_title":"Solicitudes de accesibilidad para el comienzo","og_description":"Las solicitudes de servicios de accesibilidad pueden enviarse utilizando un formulario aqu\u00ed; tambi\u00e9n encontrar\u00e1s informaci\u00f3n sobre aparcamiento y mucho m\u00e1s.","og_url":"https:\/\/oglethorpe.edu\/es\/academicos\/comienzo\/solicitudes-de-accesibilidad-para-el-comienzo\/","og_site_name":"ºÚÁÏ³Ô¹ÏÍø","article_publisher":"https:\/\/www.facebook.com\/oglethorpeuniversity","article_modified_time":"2025-06-16T14:53:50+00:00","twitter_card":"summary_large_image","twitter_misc":{"Tiempo de lectura":"2 minutos"},"schema":{"@context":"https:\/\/schema.org","@graph":[{"@type":"WebPage","@id":"https:\/\/oglethorpe.edu\/es\/academicos\/comienzo\/solicitudes-de-accesibilidad-para-el-comienzo\/","url":"https:\/\/oglethorpe.edu\/es\/academicos\/comienzo\/solicitudes-de-accesibilidad-para-el-comienzo\/","name":"Solicitudes de accesibilidad para el comienzo - ºÚÁÏ³Ô¹ÏÍø","isPartOf":{"@id":"https:\/\/oglethorpe.edu\/es\/#website"},"datePublished":"2025-06-09T17:25:26+00:00","dateModified":"2025-06-16T14:53:50+00:00","description":"Las solicitudes de servicios de accesibilidad pueden enviarse utilizando un formulario aqu\u00ed; tambi\u00e9n encontrar\u00e1s informaci\u00f3n sobre aparcamiento y mucho m\u00e1s.","breadcrumb":{"@id":"https:\/\/oglethorpe.edu\/es\/academicos\/comienzo\/solicitudes-de-accesibilidad-para-el-comienzo\/#breadcrumb"},"inLanguage":"es","potentialAction":[{"@type":"ReadAction","target":["https:\/\/oglethorpe.edu\/es\/academicos\/comienzo\/solicitudes-de-accesibilidad-para-el-comienzo\/"]}]},{"@type":"BreadcrumbList","@id":"https:\/\/oglethorpe.edu\/es\/academicos\/comienzo\/solicitudes-de-accesibilidad-para-el-comienzo\/#breadcrumb","itemListElement":[{"@type":"ListItem","position":1,"name":"Home","item":"https:\/\/oglethorpe.edu\/es\/"},{"@type":"ListItem","position":2,"name":"Acad\u00e9micos","item":"https:\/\/oglethorpe.edu\/es\/academics\/"},{"@type":"ListItem","position":3,"name":"Comienzo","item":"https:\/\/oglethorpe.edu\/es\/academics\/commencement\/"},{"@type":"ListItem","position":4,"name":"Solicitudes de accesibilidad para el comienzo"}]},{"@type":"WebSite","@id":"https:\/\/oglethorpe.edu\/es\/#website","url":"https:\/\/oglethorpe.edu\/es\/","name":"ºÚÁÏ³Ô¹ÏÍø","description":"","publisher":{"@id":"https:\/\/oglethorpe.edu\/es\/#organization"},"potentialAction":[{"@type":"SearchAction","target":{"@type":"EntryPoint","urlTemplate":"https:\/\/oglethorpe.edu\/es\/?s={search_term_string}"},"query-input":{"@type":"PropertyValueSpecification","valueRequired":true,"valueName":"search_term_string"}}],"inLanguage":"es"},{"@type":"Organization","@id":"https:\/\/oglethorpe.edu\/es\/#organization","name":"ºÚÁÏ³Ô¹ÏÍø","url":"https:\/\/oglethorpe.edu\/es\/","logo":{"@type":"ImageObject","inLanguage":"es","@id":"https:\/\/oglethorpe.edu\/es\/#\/schema\/logo\/image\/","url":"https:\/\/oglethorpe.edu\/wp-content\/uploads\/2024\/02\/oglethorpe-full-logo-new-1-1.png","contentUrl":"https:\/\/oglethorpe.edu\/wp-content\/uploads\/2024\/02\/oglethorpe-full-logo-new-1-1.png","width":1112,"height":492,"caption":"ºÚÁÏ³Ô¹ÏÍø"},"image":{"@id":"https:\/\/oglethorpe.edu\/es\/#\/schema\/logo\/image\/"},"sameAs":["https:\/\/www.facebook.com\/oglethorpeuniversity","https:\/\/instagram.com\/oglethorpeuniv\/","https:\/\/www.linkedin.com\/edu\/school?id=18180&trk=tyah&trkInfo=clickedVerticalschoolclickedEntityId18180idx3-1-12tarId1438180301152tasoglethorpe"]}]}},"_links":{"self":[{"href":"https:\/\/oglethorpe.edu\/es\/wp-json\/wp\/v2\/pages\/83216","targetHints":{"allow":["GET"]}}],"collection":[{"href":"https:\/\/oglethorpe.edu\/es\/wp-json\/wp\/v2\/pages"}],"about":[{"href":"https:\/\/oglethorpe.edu\/es\/wp-json\/wp\/v2\/types\/page"}],"author":[{"embeddable":true,"href":"https:\/\/oglethorpe.edu\/es\/wp-json\/wp\/v2\/users\/4"}],"replies":[{"embeddable":true,"href":"https:\/\/oglethorpe.edu\/es\/wp-json\/wp\/v2\/comments?post=83216"}],"version-history":[{"count":0,"href":"https:\/\/oglethorpe.edu\/es\/wp-json\/wp\/v2\/pages\/83216\/revisions"}],"up":[{"embeddable":true,"href":"https:\/\/oglethorpe.edu\/es\/wp-json\/wp\/v2\/pages\/83221"}],"wp:attachment":[{"href":"https:\/\/oglethorpe.edu\/es\/wp-json\/wp\/v2\/media?parent=83216"}],"wp:term":[{"taxonomy":"page_page-category","embeddable":true,"href":"https:\/\/oglethorpe.edu\/es\/wp-json\/wp\/v2\/page_page-category?post=83216"},{"taxonomy":"page_page-tag","embeddable":true,"href":"https:\/\/oglethorpe.edu\/es\/wp-json\/wp\/v2\/page_page-tag?post=83216"},{"taxonomy":"offered_as","embeddable":true,"href":"https:\/\/oglethorpe.edu\/es\/wp-json\/wp\/v2\/offered_as?post=83216"},{"taxonomy":"program_tags","embeddable":true,"href":"https:\/\/oglethorpe.edu\/es\/wp-json\/wp\/v2\/program_tags?post=83216"},{"taxonomy":"programtypes_page","embeddable":true,"href":"https:\/\/oglethorpe.edu\/es\/wp-json\/wp\/v2\/programtypes_page?post=83216"}],"curies":[{"name":"wp","href":"https:\/\/api.w.org\/{rel}","templated":true}]}}