  {"id":83219,"date":"2025-06-09T17:27:18","date_gmt":"2025-06-09T17:27:18","guid":{"rendered":"https:\/\/oglethorpe.edu\/dia-de-la-ceremonia\/"},"modified":"2025-06-16T14:25:54","modified_gmt":"2025-06-16T14:25:54","slug":"dia-de-la-ceremonia","status":"publish","type":"page","link":"https:\/\/oglethorpe.edu\/es\/academicos\/comienzo\/dia-de-la-ceremonia\/","title":{"rendered":"D\u00eda de la ceremonia"},"content":{"rendered":"\t\t<div data-elementor-type=\"wp-page\" data-elementor-id=\"83219\" class=\"elementor elementor-83219 elementor-83071\" data-elementor-post-type=\"page\">\n\t\t\t\t\t\t<section data-particle_enable=\"false\" data-particle-mobile-disabled=\"false\" class=\"elementor-section elementor-top-section elementor-element elementor-element-738cf10f elementor-section-full_width elementor-section-height-default elementor-section-height-default\" data-id=\"738cf10f\" data-element_type=\"section\" data-e-type=\"section\" data-settings=\"{&quot;background_background&quot;:&quot;classic&quot;}\">\n\t\t\t\t\t\t\t<div class=\"elementor-background-overlay\"><\/div>\n\t\t\t\t\t\t\t<div class=\"elementor-container elementor-column-gap-default\">\n\t\t\t\t\t<div class=\"elementor-column elementor-col-100 elementor-top-column elementor-element elementor-element-48744b23\" data-id=\"48744b23\" data-element_type=\"column\" data-e-type=\"column\">\n\t\t\t<div class=\"elementor-widget-wrap elementor-element-populated\">\n\t\t\t\t\t\t<section data-particle_enable=\"false\" data-particle-mobile-disabled=\"false\" class=\"elementor-section elementor-inner-section elementor-element elementor-element-75df2786 elementor-section-boxed elementor-section-height-default elementor-section-height-default\" data-id=\"75df2786\" data-element_type=\"section\" data-e-type=\"section\" data-settings=\"{&quot;background_background&quot;:&quot;classic&quot;}\">\n\t\t\t\t\t\t<div class=\"elementor-container elementor-column-gap-default\">\n\t\t\t\t\t<div class=\"elementor-column elementor-col-100 elementor-inner-column elementor-element elementor-element-ae18f9b\" data-id=\"ae18f9b\" data-element_type=\"column\" data-e-type=\"column\">\n\t\t\t<div class=\"elementor-widget-wrap elementor-element-populated\">\n\t\t\t\t\t\t<div class=\"elementor-element elementor-element-6c4aae4 banner_heading_new elementor-widget elementor-widget-heading\" data-id=\"6c4aae4\" data-element_type=\"widget\" data-e-type=\"widget\" data-widget_type=\"heading.default\">\n\t\t\t\t<div class=\"elementor-widget-container\">\n\t\t\t\t\t<h1 class=\"elementor-heading-title elementor-size-default\">D\u00eda de la ceremonia<\/h1>\t\t\t\t<\/div>\n\t\t\t\t<\/div>\n\t\t\t\t\t<\/div>\n\t\t<\/div>\n\t\t\t\t\t<\/div>\n\t\t<\/section>\n\t\t\t\t\t<\/div>\n\t\t<\/div>\n\t\t\t\t\t<\/div>\n\t\t<\/section>\n\t\t\t\t<section data-particle_enable=\"false\" data-particle-mobile-disabled=\"false\" class=\"elementor-section elementor-top-section elementor-element elementor-element-513629a elementor-section-boxed elementor-section-height-default elementor-section-height-default\" data-id=\"513629a\" data-element_type=\"section\" data-e-type=\"section\">\n\t\t\t\t\t\t<div class=\"elementor-container elementor-column-gap-default\">\n\t\t\t\t\t<div class=\"elementor-column elementor-col-100 elementor-top-column elementor-element elementor-element-0c5ca49\" data-id=\"0c5ca49\" data-element_type=\"column\" data-e-type=\"column\">\n\t\t\t<div class=\"elementor-widget-wrap elementor-element-populated\">\n\t\t\t\t\t\t<section data-particle_enable=\"false\" data-particle-mobile-disabled=\"false\" class=\"elementor-section elementor-inner-section elementor-element elementor-element-5063e77 elementor-section-boxed elementor-section-height-default elementor-section-height-default\" data-id=\"5063e77\" data-element_type=\"section\" data-e-type=\"section\">\n\t\t\t\t\t\t<div class=\"elementor-container elementor-column-gap-default\">\n\t\t\t\t\t<div class=\"elementor-column elementor-col-100 elementor-inner-column elementor-element elementor-element-e79ef4a\" data-id=\"e79ef4a\" data-element_type=\"column\" data-e-type=\"column\">\n\t\t\t<div class=\"elementor-widget-wrap elementor-element-populated\">\n\t\t\t\t\t\t<div class=\"elementor-element elementor-element-b6f2b20 elementor-widget__width-auto elementor-widget elementor-widget-shortcode\" data-id=\"b6f2b20\" data-element_type=\"widget\" data-e-type=\"widget\" data-widget_type=\"shortcode.default\">\n\t\t\t\t<div class=\"elementor-widget-container\">\n\t\t\t\t\t\t\t<div class=\"elementor-shortcode\"><nav aria-label=\"breadcrumbs\">\n            <div class=\"breadcrumb-container theme1\">\n                <ol>\n                                    <\/ol>\n            <\/div>\n        <\/nav>    <script type=\"application\/ld+json\">\n        {\n            \"@context\": \"http:\/\/schema.org\",\n            \"@type\": \"BreadcrumbList\",\n            \"itemListElement\": [\n                            ]\n        }\n    <\/script>\n   \n    <script>\n            <\/script>\n<\/div>\n\t\t\t\t\t\t<\/div>\n\t\t\t\t<\/div>\n\t\t\t\t\t<\/div>\n\t\t<\/div>\n\t\t\t\t\t<\/div>\n\t\t<\/section>\n\t\t\t\t\t<\/div>\n\t\t<\/div>\n\t\t\t\t\t<\/div>\n\t\t<\/section>\n\t\t\t\t<section data-particle_enable=\"false\" data-particle-mobile-disabled=\"false\" class=\"elementor-section elementor-top-section elementor-element elementor-element-69b1878 elementor-section-boxed elementor-section-height-default elementor-section-height-default\" data-id=\"69b1878\" data-element_type=\"section\" data-e-type=\"section\">\n\t\t\t\t\t\t<div class=\"elementor-container elementor-column-gap-default\">\n\t\t\t\t\t<div class=\"elementor-column elementor-col-100 elementor-top-column elementor-element elementor-element-2590026\" data-id=\"2590026\" data-element_type=\"column\" data-e-type=\"column\">\n\t\t\t<div class=\"elementor-widget-wrap elementor-element-populated\">\n\t\t\t\t\t\t<div class=\"elementor-element elementor-element-1c05f08 elementor-widget elementor-widget-text-editor\" data-id=\"1c05f08\" data-element_type=\"widget\" data-e-type=\"widget\" data-widget_type=\"text-editor.default\">\n\t\t\t\t<div class=\"elementor-widget-container\">\n\t\t\t\t\t\t\t\t\t<h2>Hora de llegada<\/h2><ul class=\"wp-block-list\"><li>Los graduados deben llegar a las 8 a.m. de la ma\u00f1ana y presentarse en el Atrio de la Biblioteca.<\/li><li>Los invitados deben llegar y estar sentados a las 8:45 a.m.\u00a0<\/li><li>No se necesitan entradas. Las plazas se asignan por orden de llegada.<\/li><li>La ceremonia comenzar\u00e1 a las 9 de la ma\u00f1ana y durar\u00e1 aproximadamente dos horas.<\/li><li>La ceremonia se celebrar\u00e1 llueva o haga sol. M\u00e1s informaci\u00f3n sobre la pol\u00edtica meteorol\u00f3gica.<\/li><\/ul><h2>Pol\u00edtica meteorol\u00f3gica<\/h2><ul class=\"wp-block-list\"><li>La ceremonia de graduaci\u00f3n de ºÚÁÏ³Ô¹ÏÍø continuar\u00e1 llueva o haga sol.<\/li><li>En caso de truenos y rel\u00e1mpagos, la ceremonia puede retrasarse.<\/li><li>Prep\u00e1rate para condiciones h\u00famedas o lluviosas.<\/li><li>Los graduados no pueden llevar paraguas en la ceremonia.<\/li><li>Se proporcionar\u00e1n ponchos si es necesario.<\/li><\/ul><p>El personal de seguridad del campus y los voluntarios de la ceremonia estar\u00e1n disponibles para dirigir a los invitados y candidatos al lugar adecuado en caso de inclemencias meteorol\u00f3gicas.<\/p><h2>Aparcamiento<\/h2><p>Se indicar\u00e1 a los graduados e invitados que aparquen en uno de los muchos aparcamientos del campus. <a href=\"https:\/\/oglethorpe.edu\/es\/acerca-de-la-universidad-de-oglethorpe\/mapas-del-campus\/\">Ver mapa para ubicaciones de aparcamiento en el campus<\/a>. El Departamento de Polic\u00eda de Brookhaven ayudar\u00e1 con el control del tr\u00e1fico en la entrada principal del campus.<\/p><p><strong>Por favor planifique compartir el veh\u00edculo ya que el estacionamiento es limitado.<\/strong><\/p><h3>Aparcamiento de desbordamiento<\/h3><p>Los invitados a la ceremonia de graduaci\u00f3n de la Universidad de ºÚÁÏ³Ô¹ÏÍø pueden aparcar en el aparcamiento situado detr\u00e1s del edificio del Ayuntamiento de <a href=\"https:\/\/maps.app.goo.gl\/CpqpSCcPQLdYRdGC8\" target=\"_blank\" rel=\"noreferrer noopener\">Brookhaven, en 4362 Peachtree Rd NE, Brookhaven, GA 30319<\/a>. Tambi\u00e9n hay aparcamiento adicional al lado, en el garaje del 4370 Peachtree Rd NE. <strong>Ten en cuenta que las puertas del garaje se cerrar\u00e1n a las 2:00 p.m.<\/strong>, por lo que todos los coches que est\u00e9n en el garaje deber\u00e1n haberse trasladado para entonces. Se proporcionar\u00e1 un servicio de transporte desde las 7 a. m. hasta las 2 p. m. y recoger\u00e1 y saldr\u00e1 del estacionamiento en 4362 Peachtree Rd.<\/p><p>Hay aparcamiento adicional en ºÚÁÏ³Ô¹ÏÍø Presbyterian Church, <a href=\"https:\/\/maps.app.goo.gl\/72ZVumZgUMvfTSSXA\" target=\"_blank\" rel=\"noreferrer noopener\">3016 Lanier Dr NE, Brookhaven, GA 30319<\/a>. Puedes entrar por la puerta trasera del campus si eliges esta opci\u00f3n de aparcamiento.<\/p><p>Ba\u00f1os<\/p><p>Habr\u00e1 ba\u00f1os disponibles para los invitados en Lupton Hall, Hearst Hall y el Cousins Center. <a href=\"https:\/\/oglethorpe.edu\/es\/acerca-de-la-universidad-de-oglethorpe\/mapas-del-campus\/\">Ver mapa para ubicaciones.<\/a><\/p><h2>Tienda de Servicios para Hu\u00e9spedes y Primeros Auxilios\/M\u00e9dicos<\/h2><p>Habr\u00e1 un puesto m\u00e9dico de primeros auxilios fuera del Centro Cousins. Habr\u00e1 una mesa de servicios para invitados en el centro del patio.<\/p><h2>Etiqueta<\/h2><p>Para garantizar un entorno seguro y para que todos los invitados puedan ver a su graduado durante la ceremonia, ten en cuenta estas peticiones:<\/p><ul><li>Mant\u00e9n los caminos abiertos.<\/li><li>No lleves pirotecnia, incluidos ca\u00f1ones de confeti, bombas de humo, bengalas, etc.<\/li><li>Las zonas designadas para tomar fotos son para *fot\u00f3grafos profesionales. Por favor, espera hasta despu\u00e9s de la ceremonia para acercarte a estas zonas. Esto incluye ponerse delante del escenario para tomar fotos.<\/li><li>Si llevas carteles o pancartas, no deben impedir en ning\u00fan momento la visi\u00f3n de la ceremonia a los dem\u00e1s invitados.<\/li><\/ul><h3 id=\"photography\" class=\"wp-block-heading\">*Fotograf\u00eda<\/h3><p>La Universidad de ºÚÁÏ³Ô¹ÏÍø ha contratado a un fot\u00f3grafo profesional para capturar a cada graduado en el escenario recibiendo su diploma de manos del Presidente de la Universidad y del Presidente del Consejo, y de nuevo inmediatamente despu\u00e9s de salir del escenario. A menos que se especifique lo contrario mediante el enlace que aparece a continuaci\u00f3n, los estudiantes recibir\u00e1n las pruebas a trav\u00e9s de su correo electr\u00f3nico de ºÚÁÏ³Ô¹ÏÍø.<\/p><p><a href=\"https:\/\/orders.tssphotography.com\/qpplus\/register\/direct\/event\/91156\/27282264\" target=\"_blank\" rel=\"noreferrer noopener\">Actualiza aqu\u00ed tus preferencias de env\u00edo de fotos.<\/a><\/p><h3>Salir de<\/h3><p>Los graduados y otros participantes en la ceremonia ser\u00e1n despedidos en primero. Por favor, espere a que concluya la ceremonia de clausura antes de abandonar sus asientos y salir.<\/p>\t\t\t\t\t\t\t\t<\/div>\n\t\t\t\t<\/div>\n\t\t\t\t\t<\/div>\n\t\t<\/div>\n\t\t\t\t\t<\/div>\n\t\t<\/section>\n\t\t\t\t<\/div>\n\t\t","protected":false},"excerpt":{"rendered":"<p>D\u00eda de la ceremonia Hora de llegada Los graduados deben llegar a las 8 a.m. de la ma\u00f1ana y presentarse [&hellip;]<\/p>\n","protected":false},"author":4,"featured_media":0,"parent":83221,"menu_order":0,"comment_status":"closed","ping_status":"closed","template":"","meta":{"_acf_changed":false,"site-sidebar-layout":"no-sidebar","site-content-layout":"","ast-site-content-layout":"full-width-container","site-content-style":"default","site-sidebar-style":"default","ast-global-header-display":"","ast-banner-title-visibility":"","ast-main-header-display":"","ast-hfb-above-header-display":"","ast-hfb-below-header-display":"","ast-hfb-mobile-header-display":"","site-post-title":"disabled","ast-breadcrumbs-content":"","ast-featured-img":"disabled","footer-sml-layout":"","theme-transparent-header-meta":"","adv-header-id-meta":"","stick-header-meta":"","header-above-stick-meta":"","header-main-stick-meta":"","header-below-stick-meta":"","astra-migrate-meta-layouts":"default","ast-page-background-enabled":"default","ast-page-background-meta":{"desktop":{"background-color":"var(--ast-global-color-4)","background-image":"","background-repeat":"repeat","background-position":"center center","background-size":"auto","background-attachment":"scroll","background-type":"","background-media":"","overlay-type":"","overlay-color":"","overlay-opacity":"","overlay-gradient":""},"tablet":{"background-color":"","background-image":"","background-repeat":"repeat","background-position":"center center","background-size":"auto","background-attachment":"scroll","background-type":"","background-media":"","overlay-type":"","overlay-color":"","overlay-opacity":"","overlay-gradient":""},"mobile":{"background-color":"","background-image":"","background-repeat":"repeat","background-position":"center center","background-size":"auto","background-attachment":"scroll","background-type":"","background-media":"","overlay-type":"","overlay-color":"","overlay-opacity":"","overlay-gradient":""}},"ast-content-background-meta":{"desktop":{"background-color":"var(--ast-global-color-5)","background-image":"","background-repeat":"repeat","background-position":"center center","background-size":"auto","background-attachment":"scroll","background-type":"","background-media":"","overlay-type":"","overlay-color":"","overlay-opacity":"","overlay-gradient":""},"tablet":{"background-color":"var(--ast-global-color-5)","background-image":"","background-repeat":"repeat","background-position":"center center","background-size":"auto","background-attachment":"scroll","background-type":"","background-media":"","overlay-type":"","overlay-color":"","overlay-opacity":"","overlay-gradient":""},"mobile":{"background-color":"var(--ast-global-color-5)","background-image":"","background-repeat":"repeat","background-position":"center center","background-size":"auto","background-attachment":"scroll","background-type":"","background-media":"","overlay-type":"","overlay-color":"","overlay-opacity":"","overlay-gradient":""}},"footnotes":""},"page_page-category":[],"page_page-tag":[],"offered_as":[],"program_tags":[],"programtypes_page":[],"class_list":["post-83219","page","type-page","status-publish","hentry"],"acf":[],"yoast_head":"<!-- This site is optimized with the Yoast SEO Premium plugin v27.2 (Yoast SEO v27.2) - https:\/\/yoast.com\/product\/yoast-seo-premium-wordpress\/ -->\n<title>D\u00eda de la ceremonia - ºÚÁÏ³Ô¹ÏÍø<\/title>\n<meta name=\"description\" content=\"Se indicar\u00e1 a los graduados e invitados que aparquen en uno de los muchos aparcamientos que hay en el campus o cerca de \u00e9l. Consulta el mapa para ver los aparcamientos del campus.\" \/>\n<meta name=\"robots\" content=\"index, follow, max-snippet:-1, max-image-preview:large, max-video-preview:-1\" \/>\n<link rel=\"canonical\" href=\"https:\/\/oglethorpe.edu\/es\/academicos\/comienzo\/dia-de-la-ceremonia\/\" \/>\n<meta property=\"og:locale\" content=\"es_ES\" \/>\n<meta property=\"og:type\" content=\"article\" \/>\n<meta property=\"og:title\" content=\"D\u00eda de la ceremonia\" \/>\n<meta property=\"og:description\" content=\"Se indicar\u00e1 a los graduados e invitados que aparquen en uno de los muchos aparcamientos que hay en el campus o cerca de \u00e9l. Consulta el mapa para ver los aparcamientos del campus.\" \/>\n<meta property=\"og:url\" content=\"https:\/\/oglethorpe.edu\/es\/academicos\/comienzo\/dia-de-la-ceremonia\/\" \/>\n<meta property=\"og:site_name\" content=\"ºÚÁÏ³Ô¹ÏÍø\" \/>\n<meta property=\"article:publisher\" content=\"https:\/\/www.facebook.com\/oglethorpeuniversity\" \/>\n<meta property=\"article:modified_time\" content=\"2025-06-16T14:25:54+00:00\" \/>\n<meta name=\"twitter:card\" content=\"summary_large_image\" \/>\n<meta name=\"twitter:label1\" content=\"Tiempo de lectura\" \/>\n\t<meta name=\"twitter:data1\" content=\"3 minutos\" \/>\n<script type=\"application\/ld+json\" class=\"yoast-schema-graph\">{\"@context\":\"https:\/\/schema.org\",\"@graph\":[{\"@type\":\"WebPage\",\"@id\":\"https:\/\/oglethorpe.edu\/es\/academicos\/comienzo\/dia-de-la-ceremonia\/\",\"url\":\"https:\/\/oglethorpe.edu\/es\/academicos\/comienzo\/dia-de-la-ceremonia\/\",\"name\":\"D\u00eda de la ceremonia - ºÚÁÏ³Ô¹ÏÍø\",\"isPartOf\":{\"@id\":\"https:\/\/oglethorpe.edu\/es\/#website\"},\"datePublished\":\"2025-06-09T17:27:18+00:00\",\"dateModified\":\"2025-06-16T14:25:54+00:00\",\"description\":\"Se indicar\u00e1 a los graduados e invitados que aparquen en uno de los muchos aparcamientos que hay en el campus o cerca de \u00e9l. Consulta el mapa para ver los aparcamientos del campus.\",\"breadcrumb\":{\"@id\":\"https:\/\/oglethorpe.edu\/es\/academicos\/comienzo\/dia-de-la-ceremonia\/#breadcrumb\"},\"inLanguage\":\"es\",\"potentialAction\":[{\"@type\":\"ReadAction\",\"target\":[\"https:\/\/oglethorpe.edu\/es\/academicos\/comienzo\/dia-de-la-ceremonia\/\"]}]},{\"@type\":\"BreadcrumbList\",\"@id\":\"https:\/\/oglethorpe.edu\/es\/academicos\/comienzo\/dia-de-la-ceremonia\/#breadcrumb\",\"itemListElement\":[{\"@type\":\"ListItem\",\"position\":1,\"name\":\"Home\",\"item\":\"https:\/\/oglethorpe.edu\/es\/\"},{\"@type\":\"ListItem\",\"position\":2,\"name\":\"Acad\u00e9micos\",\"item\":\"https:\/\/oglethorpe.edu\/es\/academics\/\"},{\"@type\":\"ListItem\",\"position\":3,\"name\":\"Comienzo\",\"item\":\"https:\/\/oglethorpe.edu\/es\/academics\/commencement\/\"},{\"@type\":\"ListItem\",\"position\":4,\"name\":\"D\u00eda de la ceremonia\"}]},{\"@type\":\"WebSite\",\"@id\":\"https:\/\/oglethorpe.edu\/es\/#website\",\"url\":\"https:\/\/oglethorpe.edu\/es\/\",\"name\":\"ºÚÁÏ³Ô¹ÏÍø\",\"description\":\"\",\"publisher\":{\"@id\":\"https:\/\/oglethorpe.edu\/es\/#organization\"},\"potentialAction\":[{\"@type\":\"SearchAction\",\"target\":{\"@type\":\"EntryPoint\",\"urlTemplate\":\"https:\/\/oglethorpe.edu\/es\/?s={search_term_string}\"},\"query-input\":{\"@type\":\"PropertyValueSpecification\",\"valueRequired\":true,\"valueName\":\"search_term_string\"}}],\"inLanguage\":\"es\"},{\"@type\":\"Organization\",\"@id\":\"https:\/\/oglethorpe.edu\/es\/#organization\",\"name\":\"ºÚÁÏ³Ô¹ÏÍø\",\"url\":\"https:\/\/oglethorpe.edu\/es\/\",\"logo\":{\"@type\":\"ImageObject\",\"inLanguage\":\"es\",\"@id\":\"https:\/\/oglethorpe.edu\/es\/#\/schema\/logo\/image\/\",\"url\":\"https:\/\/oglethorpe.edu\/wp-content\/uploads\/2024\/02\/oglethorpe-full-logo-new-1-1.png\",\"contentUrl\":\"https:\/\/oglethorpe.edu\/wp-content\/uploads\/2024\/02\/oglethorpe-full-logo-new-1-1.png\",\"width\":1112,\"height\":492,\"caption\":\"ºÚÁÏ³Ô¹ÏÍø\"},\"image\":{\"@id\":\"https:\/\/oglethorpe.edu\/es\/#\/schema\/logo\/image\/\"},\"sameAs\":[\"https:\/\/www.facebook.com\/oglethorpeuniversity\",\"https:\/\/instagram.com\/oglethorpeuniv\/\",\"https:\/\/www.linkedin.com\/edu\/school?id=18180&trk=tyah&trkInfo=clickedVerticalschoolclickedEntityId18180idx3-1-12tarId1438180301152tasoglethorpe\"]}]}<\/script>\n<!-- \/ Yoast SEO Premium plugin. -->","yoast_head_json":{"title":"D\u00eda de la ceremonia - ºÚÁÏ³Ô¹ÏÍø","description":"Se indicar\u00e1 a los graduados e invitados que aparquen en uno de los muchos aparcamientos que hay en el campus o cerca de \u00e9l. Consulta el mapa para ver los aparcamientos del campus.","robots":{"index":"index","follow":"follow","max-snippet":"max-snippet:-1","max-image-preview":"max-image-preview:large","max-video-preview":"max-video-preview:-1"},"canonical":"https:\/\/oglethorpe.edu\/es\/academicos\/comienzo\/dia-de-la-ceremonia\/","og_locale":"es_ES","og_type":"article","og_title":"D\u00eda de la ceremonia","og_description":"Se indicar\u00e1 a los graduados e invitados que aparquen en uno de los muchos aparcamientos que hay en el campus o cerca de \u00e9l. Consulta el mapa para ver los aparcamientos del campus.","og_url":"https:\/\/oglethorpe.edu\/es\/academicos\/comienzo\/dia-de-la-ceremonia\/","og_site_name":"ºÚÁÏ³Ô¹ÏÍø","article_publisher":"https:\/\/www.facebook.com\/oglethorpeuniversity","article_modified_time":"2025-06-16T14:25:54+00:00","twitter_card":"summary_large_image","twitter_misc":{"Tiempo de lectura":"3 minutos"},"schema":{"@context":"https:\/\/schema.org","@graph":[{"@type":"WebPage","@id":"https:\/\/oglethorpe.edu\/es\/academicos\/comienzo\/dia-de-la-ceremonia\/","url":"https:\/\/oglethorpe.edu\/es\/academicos\/comienzo\/dia-de-la-ceremonia\/","name":"D\u00eda de la ceremonia - ºÚÁÏ³Ô¹ÏÍø","isPartOf":{"@id":"https:\/\/oglethorpe.edu\/es\/#website"},"datePublished":"2025-06-09T17:27:18+00:00","dateModified":"2025-06-16T14:25:54+00:00","description":"Se indicar\u00e1 a los graduados e invitados que aparquen en uno de los muchos aparcamientos que hay en el campus o cerca de \u00e9l. Consulta el mapa para ver los aparcamientos del campus.","breadcrumb":{"@id":"https:\/\/oglethorpe.edu\/es\/academicos\/comienzo\/dia-de-la-ceremonia\/#breadcrumb"},"inLanguage":"es","potentialAction":[{"@type":"ReadAction","target":["https:\/\/oglethorpe.edu\/es\/academicos\/comienzo\/dia-de-la-ceremonia\/"]}]},{"@type":"BreadcrumbList","@id":"https:\/\/oglethorpe.edu\/es\/academicos\/comienzo\/dia-de-la-ceremonia\/#breadcrumb","itemListElement":[{"@type":"ListItem","position":1,"name":"Home","item":"https:\/\/oglethorpe.edu\/es\/"},{"@type":"ListItem","position":2,"name":"Acad\u00e9micos","item":"https:\/\/oglethorpe.edu\/es\/academics\/"},{"@type":"ListItem","position":3,"name":"Comienzo","item":"https:\/\/oglethorpe.edu\/es\/academics\/commencement\/"},{"@type":"ListItem","position":4,"name":"D\u00eda de la ceremonia"}]},{"@type":"WebSite","@id":"https:\/\/oglethorpe.edu\/es\/#website","url":"https:\/\/oglethorpe.edu\/es\/","name":"ºÚÁÏ³Ô¹ÏÍø","description":"","publisher":{"@id":"https:\/\/oglethorpe.edu\/es\/#organization"},"potentialAction":[{"@type":"SearchAction","target":{"@type":"EntryPoint","urlTemplate":"https:\/\/oglethorpe.edu\/es\/?s={search_term_string}"},"query-input":{"@type":"PropertyValueSpecification","valueRequired":true,"valueName":"search_term_string"}}],"inLanguage":"es"},{"@type":"Organization","@id":"https:\/\/oglethorpe.edu\/es\/#organization","name":"ºÚÁÏ³Ô¹ÏÍø","url":"https:\/\/oglethorpe.edu\/es\/","logo":{"@type":"ImageObject","inLanguage":"es","@id":"https:\/\/oglethorpe.edu\/es\/#\/schema\/logo\/image\/","url":"https:\/\/oglethorpe.edu\/wp-content\/uploads\/2024\/02\/oglethorpe-full-logo-new-1-1.png","contentUrl":"https:\/\/oglethorpe.edu\/wp-content\/uploads\/2024\/02\/oglethorpe-full-logo-new-1-1.png","width":1112,"height":492,"caption":"ºÚÁÏ³Ô¹ÏÍø"},"image":{"@id":"https:\/\/oglethorpe.edu\/es\/#\/schema\/logo\/image\/"},"sameAs":["https:\/\/www.facebook.com\/oglethorpeuniversity","https:\/\/instagram.com\/oglethorpeuniv\/","https:\/\/www.linkedin.com\/edu\/school?id=18180&trk=tyah&trkInfo=clickedVerticalschoolclickedEntityId18180idx3-1-12tarId1438180301152tasoglethorpe"]}]}},"_links":{"self":[{"href":"https:\/\/oglethorpe.edu\/es\/wp-json\/wp\/v2\/pages\/83219","targetHints":{"allow":["GET"]}}],"collection":[{"href":"https:\/\/oglethorpe.edu\/es\/wp-json\/wp\/v2\/pages"}],"about":[{"href":"https:\/\/oglethorpe.edu\/es\/wp-json\/wp\/v2\/types\/page"}],"author":[{"embeddable":true,"href":"https:\/\/oglethorpe.edu\/es\/wp-json\/wp\/v2\/users\/4"}],"replies":[{"embeddable":true,"href":"https:\/\/oglethorpe.edu\/es\/wp-json\/wp\/v2\/comments?post=83219"}],"version-history":[{"count":0,"href":"https:\/\/oglethorpe.edu\/es\/wp-json\/wp\/v2\/pages\/83219\/revisions"}],"up":[{"embeddable":true,"href":"https:\/\/oglethorpe.edu\/es\/wp-json\/wp\/v2\/pages\/83221"}],"wp:attachment":[{"href":"https:\/\/oglethorpe.edu\/es\/wp-json\/wp\/v2\/media?parent=83219"}],"wp:term":[{"taxonomy":"page_page-category","embeddable":true,"href":"https:\/\/oglethorpe.edu\/es\/wp-json\/wp\/v2\/page_page-category?post=83219"},{"taxonomy":"page_page-tag","embeddable":true,"href":"https:\/\/oglethorpe.edu\/es\/wp-json\/wp\/v2\/page_page-tag?post=83219"},{"taxonomy":"offered_as","embeddable":true,"href":"https:\/\/oglethorpe.edu\/es\/wp-json\/wp\/v2\/offered_as?post=83219"},{"taxonomy":"program_tags","embeddable":true,"href":"https:\/\/oglethorpe.edu\/es\/wp-json\/wp\/v2\/program_tags?post=83219"},{"taxonomy":"programtypes_page","embeddable":true,"href":"https:\/\/oglethorpe.edu\/es\/wp-json\/wp\/v2\/programtypes_page?post=83219"}],"curies":[{"name":"wp","href":"https:\/\/api.w.org\/{rel}","templated":true}]}}